{"id":39,"date":"2017-06-04T23:15:12","date_gmt":"2017-06-05T02:15:12","guid":{"rendered":"https:\/\/wp.ufpel.edu.br\/ceihe\/?page_id=39"},"modified":"2023-07-12T18:23:23","modified_gmt":"2023-07-12T21:23:23","slug":"inicio","status":"publish","type":"page","link":"https:\/\/wp.ufpel.edu.br\/ceihe\/","title":{"rendered":"In\u00edcio"},"content":{"rendered":"<p><br \/>\nO Centro de Estudos e Investiga\u00e7\u00f5es em Hist\u00f3ria da Educa\u00e7\u00e3o \u00a0(CEIHE), tem como objetivos: a promo\u00e7\u00e3o e o desenvolvimento da pesquisa educacional de car\u00e1ter hist\u00f3rico; a valoriza\u00e7\u00e3o da hist\u00f3ria da educa\u00e7\u00e3o regional; o fomento das investiga\u00e7\u00f5es sobre institui\u00e7\u00f5es e experi\u00eancias educativas de diferentes \u00e9pocas; a preserva\u00e7\u00e3o e a constitui\u00e7\u00e3o de acervos documentais para pesquisa historiogr\u00e1fica; o desenvolvimento de estudos comparados e o fomento da produ\u00e7\u00e3o e da publica\u00e7\u00e3o no campo da Hist\u00f3ria da Educa\u00e7\u00e3o.<\/p>\n<p>O grupo de pesquisa \u00e9 organizado pelos professores Elomar Tambara, Eduardo Arriada, Giana Lange do Amaral, Patr\u00edcia Weiduschadt, Fernando Ripe e Hardalla do Valle.<\/p>\n","protected":false},"excerpt":{"rendered":"<p>O Centro de Estudos e Investiga\u00e7\u00f5es em Hist\u00f3ria da Educa\u00e7\u00e3o \u00a0(CEIHE), tem como objetivos: a promo\u00e7\u00e3o e o desenvolvimento da pesquisa educacional de car\u00e1ter hist\u00f3rico; a valoriza\u00e7\u00e3o da hist\u00f3ria da educa\u00e7\u00e3o regional; o fomento das investiga\u00e7\u00f5es sobre institui\u00e7\u00f5es e experi\u00eancias educativas de diferentes \u00e9pocas; a preserva\u00e7\u00e3o e a constitui\u00e7\u00e3o de acervos documentais para pesquisa historiogr\u00e1fica; [&hellip;]<\/p>\n","protected":false},"author":293,"featured_media":0,"parent":0,"menu_order":0,"comment_status":"closed","ping_status":"closed","template":"","meta":{"footnotes":""},"class_list":["post-39","page","type-page","status-publish","hentry"],"_links":{"self":[{"href":"https:\/\/wp.ufpel.edu.br\/ceihe\/wp-json\/wp\/v2\/pages\/39","targetHints":{"allow":["GET"]}}],"collection":[{"href":"https:\/\/wp.ufpel.edu.br\/ceihe\/wp-json\/wp\/v2\/pages"}],"about":[{"href":"https:\/\/wp.ufpel.edu.br\/ceihe\/wp-json\/wp\/v2\/types\/page"}],"author":[{"embeddable":true,"href":"https:\/\/wp.ufpel.edu.br\/ceihe\/wp-json\/wp\/v2\/users\/293"}],"replies":[{"embeddable":true,"href":"https:\/\/wp.ufpel.edu.br\/ceihe\/wp-json\/wp\/v2\/comments?post=39"}],"version-history":[{"count":6,"href":"https:\/\/wp.ufpel.edu.br\/ceihe\/wp-json\/wp\/v2\/pages\/39\/revisions"}],"predecessor-version":[{"id":1643,"href":"https:\/\/wp.ufpel.edu.br\/ceihe\/wp-json\/wp\/v2\/pages\/39\/revisions\/1643"}],"wp:attachment":[{"href":"https:\/\/wp.ufpel.edu.br\/ceihe\/wp-json\/wp\/v2\/media?parent=39"}],"curies":[{"name":"wp","href":"https:\/\/api.w.org\/{rel}","templated":true}]}}