{"id":346,"date":"2017-09-02T21:34:35","date_gmt":"2017-09-03T00:34:35","guid":{"rendered":"https:\/\/wp.ufpel.edu.br\/ceihe\/?page_id=346"},"modified":"2017-12-03T18:17:51","modified_gmt":"2017-12-03T20:17:51","slug":"sao-leopoldo","status":"publish","type":"page","link":"https:\/\/wp.ufpel.edu.br\/ceihe\/sao-leopoldo\/","title":{"rendered":"S\u00e3o Leopoldo"},"content":{"rendered":"<table border=\"0\" width=\"513\">\n<tbody>\n<tr>\n<td style=\"width: 200px\"><a href=\"https:\/\/wp.ufpel.edu.br\/ceihe\/files\/2017\/09\/1-34-2.jpg\"><img class=\"alignleft size-thumbnail wp-image-804\" src=\"https:\/\/wp.ufpel.edu.br\/ceihe\/files\/2017\/09\/1-34-2-200x200.jpg\" alt=\"\" width=\"200\" height=\"200\" \/><\/a><\/td>\n<td style=\"vertical-align: top\">&nbsp;<\/p>\n<p style=\"text-align: justify\"><span style=\"font-family: tahoma,arial,helvetica,sans-serif\">MUNIC\u00cdPIO DE S\u00c3O LEOPOLDO. Relat\u00f3rio de 1939 apresentado ao Exmo. Sr. Cel. Oswaldo Cordeiro de Farias Dd. Interventor Federal pelo prefeito Theodomiro Porto da Fonseca. Oficinas gr\u00e1ficas Rotermund &amp; Co., S\u00e3o Leopoldo.<\/span><\/p>\n<\/td>\n<\/tr>\n<\/tbody>\n<\/table>\n<p><\/p>\n","protected":false},"excerpt":{"rendered":"<p>&nbsp; MUNIC\u00cdPIO DE S\u00c3O LEOPOLDO. Relat\u00f3rio de 1939 apresentado ao Exmo. Sr. Cel. Oswaldo Cordeiro de Farias Dd. Interventor Federal pelo prefeito Theodomiro Porto da Fonseca. Oficinas gr\u00e1ficas Rotermund &amp; Co., S\u00e3o Leopoldo.<\/p>\n","protected":false},"author":777,"featured_media":0,"parent":0,"menu_order":0,"comment_status":"closed","ping_status":"closed","template":"","meta":{"footnotes":""},"class_list":["post-346","page","type-page","status-publish","hentry"],"_links":{"self":[{"href":"https:\/\/wp.ufpel.edu.br\/ceihe\/wp-json\/wp\/v2\/pages\/346","targetHints":{"allow":["GET"]}}],"collection":[{"href":"https:\/\/wp.ufpel.edu.br\/ceihe\/wp-json\/wp\/v2\/pages"}],"about":[{"href":"https:\/\/wp.ufpel.edu.br\/ceihe\/wp-json\/wp\/v2\/types\/page"}],"author":[{"embeddable":true,"href":"https:\/\/wp.ufpel.edu.br\/ceihe\/wp-json\/wp\/v2\/users\/777"}],"replies":[{"embeddable":true,"href":"https:\/\/wp.ufpel.edu.br\/ceihe\/wp-json\/wp\/v2\/comments?post=346"}],"version-history":[{"count":5,"href":"https:\/\/wp.ufpel.edu.br\/ceihe\/wp-json\/wp\/v2\/pages\/346\/revisions"}],"predecessor-version":[{"id":1150,"href":"https:\/\/wp.ufpel.edu.br\/ceihe\/wp-json\/wp\/v2\/pages\/346\/revisions\/1150"}],"wp:attachment":[{"href":"https:\/\/wp.ufpel.edu.br\/ceihe\/wp-json\/wp\/v2\/media?parent=346"}],"curies":[{"name":"wp","href":"https:\/\/api.w.org\/{rel}","templated":true}]}}