{"id":335,"date":"2017-09-02T21:28:51","date_gmt":"2017-09-03T00:28:51","guid":{"rendered":"https:\/\/wp.ufpel.edu.br\/ceihe\/?page_id=335"},"modified":"2017-12-03T13:38:56","modified_gmt":"2017-12-03T15:38:56","slug":"nova-trento","status":"publish","type":"page","link":"https:\/\/wp.ufpel.edu.br\/ceihe\/nova-trento\/","title":{"rendered":"Nova Trento"},"content":{"rendered":"<table border=\"0\" width=\"513\">\n<tbody>\n<tr>\n<td style=\"width: 200px\"><a href=\"https:\/\/wp.ufpel.edu.br\/ceihe\/files\/2017\/09\/1-42.jpg\"><img class=\"alignleft size-thumbnail wp-image-765\" src=\"https:\/\/wp.ufpel.edu.br\/ceihe\/files\/2017\/09\/1-42-200x200.jpg\" alt=\"\" width=\"200\" height=\"200\" \/><\/a><\/td>\n<td style=\"vertical-align: top\">&nbsp;<\/p>\n<p style=\"text-align: justify\"><span style=\"font-family: tahoma,arial,helvetica,sans-serif\">NOVA TRENTO. Relat\u00f3rio e mensagens dirigidas ao conselho municipal pelo intendente Major Marcilio Almada de Sant\u2019Anna em reuni\u00e3o extraordin\u00e1ria de 24 de setembro de 1929 e em sess\u00f5es ordin\u00e1rias de 16 de Novembro e 31 de Dezembro de 1929.<\/span><\/p>\n<\/td>\n<\/tr>\n<\/tbody>\n<\/table>\n<p>&nbsp;<\/p>\n<table border=\"0\" width=\"513\">\n<tbody>\n<tr>\n<td style=\"width: 200px\"><a href=\"https:\/\/wp.ufpel.edu.br\/ceihe\/files\/2017\/09\/2-3.jpg\"><img class=\"alignleft size-thumbnail wp-image-766\" src=\"https:\/\/wp.ufpel.edu.br\/ceihe\/files\/2017\/09\/2-3-200x200.jpg\" alt=\"\" width=\"200\" height=\"200\" \/><\/a><\/td>\n<td style=\"vertical-align: top\">&nbsp;<\/p>\n<p style=\"text-align: justify\"><span style=\"font-family: tahoma,arial,helvetica,sans-serif\">NOVA TRENTO. Relat\u00f3rio apresentado pelo cidad\u00e3o Heitor Curra \u2013 Prefeito Municipal de Nova Trento \u2013 ao D. D. Diretor do Departamento Adms. Municipal Dr. Herc\u00edlio Domingues em 31 de janeiro de 1934 correspondente ao exerc\u00edcio de 1933. Livraria Mendes, Caxias, 1934.<\/span><\/p>\n<\/td>\n<\/tr>\n<\/tbody>\n<\/table>\n<p>&nbsp;<\/p>\n<p>&nbsp;<\/p>\n","protected":false},"excerpt":{"rendered":"<p>&nbsp; NOVA TRENTO. Relat\u00f3rio e mensagens dirigidas ao conselho municipal pelo intendente Major Marcilio Almada de Sant\u2019Anna em reuni\u00e3o extraordin\u00e1ria de 24 de setembro de 1929 e em sess\u00f5es ordin\u00e1rias de 16 de Novembro e 31 de Dezembro de 1929. &nbsp; &nbsp; NOVA TRENTO. Relat\u00f3rio apresentado pelo cidad\u00e3o Heitor Curra \u2013 Prefeito Municipal de Nova [&hellip;]<\/p>\n","protected":false},"author":777,"featured_media":0,"parent":0,"menu_order":0,"comment_status":"closed","ping_status":"closed","template":"","meta":{"footnotes":""},"class_list":["post-335","page","type-page","status-publish","hentry"],"_links":{"self":[{"href":"https:\/\/wp.ufpel.edu.br\/ceihe\/wp-json\/wp\/v2\/pages\/335","targetHints":{"allow":["GET"]}}],"collection":[{"href":"https:\/\/wp.ufpel.edu.br\/ceihe\/wp-json\/wp\/v2\/pages"}],"about":[{"href":"https:\/\/wp.ufpel.edu.br\/ceihe\/wp-json\/wp\/v2\/types\/page"}],"author":[{"embeddable":true,"href":"https:\/\/wp.ufpel.edu.br\/ceihe\/wp-json\/wp\/v2\/users\/777"}],"replies":[{"embeddable":true,"href":"https:\/\/wp.ufpel.edu.br\/ceihe\/wp-json\/wp\/v2\/comments?post=335"}],"version-history":[{"count":7,"href":"https:\/\/wp.ufpel.edu.br\/ceihe\/wp-json\/wp\/v2\/pages\/335\/revisions"}],"predecessor-version":[{"id":1147,"href":"https:\/\/wp.ufpel.edu.br\/ceihe\/wp-json\/wp\/v2\/pages\/335\/revisions\/1147"}],"wp:attachment":[{"href":"https:\/\/wp.ufpel.edu.br\/ceihe\/wp-json\/wp\/v2\/media?parent=335"}],"curies":[{"name":"wp","href":"https:\/\/api.w.org\/{rel}","templated":true}]}}