{"id":299,"date":"2017-09-02T20:51:09","date_gmt":"2017-09-02T23:51:09","guid":{"rendered":"https:\/\/wp.ufpel.edu.br\/ceihe\/?page_id=299"},"modified":"2017-12-03T13:29:25","modified_gmt":"2017-12-03T15:29:25","slug":"guapore","status":"publish","type":"page","link":"https:\/\/wp.ufpel.edu.br\/ceihe\/guapore\/","title":{"rendered":"Guapor\u00e9"},"content":{"rendered":"<table border=\"0\" width=\"513\">\n<tbody>\n<tr>\n<td style=\"width: 200px\"><a href=\"https:\/\/wp.ufpel.edu.br\/ceihe\/files\/2017\/09\/1-1-13.jpg\"><img class=\"alignleft size-thumbnail wp-image-730\" src=\"https:\/\/wp.ufpel.edu.br\/ceihe\/files\/2017\/09\/1-1-13-200x200.jpg\" alt=\"\" width=\"200\" height=\"200\" \/><\/a><\/td>\n<td style=\"vertical-align: top\">&nbsp;<\/p>\n<p style=\"text-align: justify\"><span style=\"font-family: tahoma,arial,helvetica,sans-serif\">INTEND\u00caNCIA DE GUAPOR\u00c9. Relat\u00f3rio de 1906. Apresentado ao Conselho Municipal em 15 de novembro de 1906 pelo intendente Engenheiro Uespasiano Rodrigues Corr\u00eaa, Officina typographica d\u2019A Federa\u00e7\u00e3o, Porto Alegre, 1907.<\/span><\/p>\n<\/td>\n<\/tr>\n<\/tbody>\n<\/table>\n<p>&nbsp;<\/p>\n<table border=\"0\" width=\"513\">\n<tbody>\n<tr>\n<td style=\"width: 200px\"><a href=\"https:\/\/wp.ufpel.edu.br\/ceihe\/files\/2017\/09\/1-2-9.jpg\"><img class=\"alignleft size-thumbnail wp-image-732\" src=\"https:\/\/wp.ufpel.edu.br\/ceihe\/files\/2017\/09\/1-2-9-200x200.jpg\" alt=\"\" width=\"200\" height=\"200\" \/><\/a><\/td>\n<td style=\"vertical-align: top\">&nbsp;<\/p>\n<p style=\"text-align: justify\"><span style=\"font-family: tahoma,arial,helvetica,sans-serif\">INTEND\u00caNCIA DE GUAPOR\u00c9. Relat\u00f3rio apresentado ao Conselho Municipal a 15 de novembro de 1908 pelo vice-intendente Engenheiro Lucano Conedera \u2013 Lei do or\u00e7amento para o exerc\u00edcio de 1909, Livraria do Globo de L. P. Barcellos e CIA, Porto Alegre, 1908.<\/span><\/p>\n<\/td>\n<\/tr>\n<\/tbody>\n<\/table>\n<p>&nbsp;<\/p>\n<table border=\"0\" width=\"513\">\n<tbody>\n<tr>\n<td style=\"width: 200px\"><a href=\"https:\/\/wp.ufpel.edu.br\/ceihe\/files\/2017\/09\/1-3-9.jpg\"><img class=\"alignleft size-thumbnail wp-image-733\" src=\"https:\/\/wp.ufpel.edu.br\/ceihe\/files\/2017\/09\/1-3-9-200x200.jpg\" alt=\"\" width=\"200\" height=\"200\" \/><\/a><\/td>\n<td style=\"vertical-align: top\">\n<p style=\"text-align: justify\"><span style=\"font-family: tahoma,arial,helvetica,sans-serif\">INTEND\u00caNCIA DE GUAPOR\u00c9. Relat\u00f3rio apresentado ao Conselho Municipal a 15 de novembro de 1910 pelo vice-intendente Engenheiro Lucano Conedera \u2013 Lei do or\u00e7amento para o exerc\u00edcio de 1911, Officina typographica d\u2019A Federa\u00e7\u00e3o, Porto Alegre, 1911.<\/span><\/p>\n<\/td>\n<\/tr>\n<\/tbody>\n<\/table>\n<p>&nbsp;<\/p>\n<table border=\"0\" width=\"513\">\n<tbody>\n<tr>\n<td style=\"width: 200px\"><a href=\"https:\/\/wp.ufpel.edu.br\/ceihe\/files\/2017\/09\/1-4-13.jpg\"><img class=\"alignleft size-thumbnail wp-image-734\" src=\"https:\/\/wp.ufpel.edu.br\/ceihe\/files\/2017\/09\/1-4-13-200x200.jpg\" alt=\"\" width=\"200\" height=\"200\" \/><\/a><\/td>\n<td style=\"vertical-align: top\">&nbsp;<\/p>\n<p style=\"text-align: justify\"><span style=\"font-family: tahoma,arial,helvetica,sans-serif\">INTEND\u00caNCIA DE GUAPOR\u00c9. Relat\u00f3rio apresentado ao Conselho Municipal a 15 de novembro de 1911 pelo vice-intendente Engenheiro Lucano Conedera \u2013 Lei do or\u00e7amento para o exerc\u00edcio de 1912, Officina typographica d\u2019A Federa\u00e7\u00e3o, Porto Alegre, 1912.<\/span><\/p>\n<\/td>\n<\/tr>\n<\/tbody>\n<\/table>\n<p>&nbsp;<\/p>\n<table border=\"0\" width=\"513\">\n<tbody>\n<tr>\n<td style=\"width: 200px\"><a href=\"https:\/\/wp.ufpel.edu.br\/ceihe\/files\/2017\/09\/1-5-13.jpg\"><img class=\"alignleft size-thumbnail wp-image-735\" src=\"https:\/\/wp.ufpel.edu.br\/ceihe\/files\/2017\/09\/1-5-13-200x200.jpg\" alt=\"\" width=\"200\" height=\"200\" \/><\/a><\/td>\n<td style=\"vertical-align: top\">&nbsp;<\/p>\n<p style=\"text-align: justify\"><span style=\"font-family: tahoma,arial,helvetica,sans-serif\">INTEND\u00caNCIA DE GUAPOR\u00c9. Relat\u00f3rio apresentado ao Conselho Municipal a 15 de novembro de 1909 pelo vice-intendente Engenheiro Lucano Conedera \u2013 Lei do or\u00e7amento para o exerc\u00edcio de 1910, Officina typographica d\u2019A Federa\u00e7\u00e3o, Porto Alegre, 1909.<\/span><\/p>\n<\/td>\n<\/tr>\n<\/tbody>\n<\/table>\n<p>&nbsp;<\/p>\n<table border=\"0\" width=\"513\">\n<tbody>\n<tr>\n<td style=\"width: 200px\"><a href=\"https:\/\/wp.ufpel.edu.br\/ceihe\/files\/2017\/09\/1-6-10.jpg\"><img class=\"alignleft size-thumbnail wp-image-736\" src=\"https:\/\/wp.ufpel.edu.br\/ceihe\/files\/2017\/09\/1-6-10-200x200.jpg\" alt=\"\" width=\"200\" height=\"200\" \/><\/a><\/td>\n<td style=\"vertical-align: top\">&nbsp;<\/p>\n<p style=\"text-align: justify\"><span style=\"font-family: tahoma,arial,helvetica,sans-serif\">INTEND\u00caNCIA DE GUAPOR\u00c9. Relat\u00f3rio apresentado ao Conselho Municipal a 15 de novembro de 1912 pelo vice-intendente Engenheiro Lucano Conedera \u2013 Lei do or\u00e7amento para o exerc\u00edcio de 1913, Officinas typographicas do Independente, Porto Alegre.<\/span><\/p>\n<\/td>\n<\/tr>\n<\/tbody>\n<\/table>\n<p>&nbsp;<\/p>\n<table border=\"0\" width=\"513\">\n<tbody>\n<tr>\n<td style=\"width: 200px\"><a href=\"https:\/\/wp.ufpel.edu.br\/ceihe\/files\/2017\/09\/1-7-11.jpg\"><img class=\"alignleft size-thumbnail wp-image-737\" src=\"https:\/\/wp.ufpel.edu.br\/ceihe\/files\/2017\/09\/1-7-11-200x200.jpg\" alt=\"\" width=\"200\" height=\"200\" \/><\/a><\/td>\n<td style=\"vertical-align: top\">&nbsp;<\/p>\n<p style=\"text-align: justify\"><span style=\"font-family: tahoma,arial,helvetica,sans-serif\">INTEND\u00caNCIA DE GUAPOR\u00c9. Relat\u00f3rio apresentado ao Conselho Municipal a 15 de novembro de 1913 pelo intendente Agilberto A. Maia \u2013 Lei do or\u00e7amento da receita e despesa para o exerc\u00edcio de 1914, Officina typographica d\u2019A Federa\u00e7\u00e3o, Porto Alegre, 1914.<\/span><\/p>\n<\/td>\n<\/tr>\n<\/tbody>\n<\/table>\n<p>&nbsp;<\/p>\n<table border=\"0\" width=\"513\">\n<tbody>\n<tr>\n<td style=\"width: 200px\"><a href=\"https:\/\/wp.ufpel.edu.br\/ceihe\/files\/2017\/09\/1-8-12.jpg\"><img class=\"alignleft size-thumbnail wp-image-738\" src=\"https:\/\/wp.ufpel.edu.br\/ceihe\/files\/2017\/09\/1-8-12-200x200.jpg\" alt=\"\" width=\"200\" height=\"200\" \/><\/a><\/td>\n<td style=\"vertical-align: top\">\n<p style=\"text-align: justify\"><span style=\"font-family: tahoma,arial,helvetica,sans-serif\">\u00a0<\/span><\/p>\n<p style=\"text-align: justify\"><span style=\"font-family: tahoma,arial,helvetica,sans-serif\">INTEND\u00caNCIA DE GUAPOR\u00c9. Relat\u00f3rio apresentado ao Conselho Municipal a 15 de novembro de 1914 pelo intendente Coronel Agilberto A. Maia \u2013 Lei do or\u00e7amento da receita e despesa para o exerc\u00edcio de 1915, Officina typographica d\u2019A Federa\u00e7\u00e3o, Porto Alegre, 1914.<\/span><\/p>\n<\/td>\n<\/tr>\n<\/tbody>\n<\/table>\n<p>&nbsp;<\/p>\n<table border=\"0\" width=\"513\">\n<tbody>\n<tr>\n<td style=\"width: 200px\"><a href=\"https:\/\/wp.ufpel.edu.br\/ceihe\/files\/2017\/09\/1-9-9.jpg\"><img class=\"alignleft size-thumbnail wp-image-740\" src=\"https:\/\/wp.ufpel.edu.br\/ceihe\/files\/2017\/09\/1-9-9-200x200.jpg\" alt=\"\" width=\"200\" height=\"200\" \/><\/a><\/td>\n<td style=\"vertical-align: top\">\n<p>&nbsp;<\/p>\n<p><span style=\"font-family: tahoma,arial,helvetica,sans-serif\">INTEND\u00caNCIA DE GUAPOR\u00c9. Relat\u00f3rio apresentado ao Conselho Municipal a 15 de novembro de 1915 pelo intendente Agilberto A. Maia \u2013 Lei do or\u00e7amento n\u00ba 16 de 16 de novembro de 1915 para o exerc\u00edcio de 1916, Livraria do Globo de L. P. Barcellos e CIA, Porto Alegre e Santa Maria 1916.<\/span><\/td>\n<\/tr>\n<\/tbody>\n<\/table>\n<p>&nbsp;<\/p>\n<table border=\"0\" width=\"513\">\n<tbody>\n<tr>\n<td style=\"width: 200px\"><a href=\"https:\/\/wp.ufpel.edu.br\/ceihe\/files\/2017\/09\/1-10-10.jpg\"><img class=\"alignleft size-thumbnail wp-image-741\" src=\"https:\/\/wp.ufpel.edu.br\/ceihe\/files\/2017\/09\/1-10-10-200x200.jpg\" alt=\"\" width=\"200\" height=\"200\" \/><\/a><\/td>\n<td style=\"vertical-align: top\">\n<p style=\"text-align: justify\"><span style=\"font-family: tahoma,arial,helvetica,sans-serif\">PREFEITURA MUNICIPAL DE GUAPOR\u00c9. Relat\u00f3rio DE 1930-1931 apresentado Exm\u00ba Sr. General dr. Jos\u00e9 A. Fl\u00f4res da Cunha D. D. Interventor Federal no Estado pelo Prefeito Cel. Agilberto At\u00edlio Maia, oficinas gr\u00e1ficas da Livraria do Globo, Porto Alegre, 1934.<\/span><\/p>\n<\/td>\n<\/tr>\n<\/tbody>\n<\/table>\n<p>&nbsp;<\/p>\n<table border=\"0\" width=\"513\">\n<tbody>\n<tr>\n<td style=\"width: 200px\"><a href=\"https:\/\/wp.ufpel.edu.br\/ceihe\/files\/2017\/09\/1-11-9.jpg\"><img class=\"alignleft size-thumbnail wp-image-742\" src=\"https:\/\/wp.ufpel.edu.br\/ceihe\/files\/2017\/09\/1-11-9-200x200.jpg\" alt=\"\" width=\"200\" height=\"200\" \/><\/a><\/td>\n<td style=\"vertical-align: top\">\n<p style=\"text-align: justify\">PREFEITURA MUNICIPAL DE GUAPOR\u00c9. Relat\u00f3rio DE 1932-1933 apresentado Exm\u00ba Sr. General dr. Jos\u00e9 A. Fl\u00f4res da Cunha D. D. Interventor Federal no Estado pelo Prefeito Cel. Agilberto At\u00edlio Maia, oficinas gr\u00e1ficas da Livraria do Globo, Porto Alegre, 1934.<\/p>\n<\/td>\n<\/tr>\n<\/tbody>\n<\/table>\n<p><\/p>\n","protected":false},"excerpt":{"rendered":"<p>&nbsp; INTEND\u00caNCIA DE GUAPOR\u00c9. Relat\u00f3rio de 1906. Apresentado ao Conselho Municipal em 15 de novembro de 1906 pelo intendente Engenheiro Uespasiano Rodrigues Corr\u00eaa, Officina typographica d\u2019A Federa\u00e7\u00e3o, Porto Alegre, 1907. &nbsp; &nbsp; INTEND\u00caNCIA DE GUAPOR\u00c9. Relat\u00f3rio apresentado ao Conselho Municipal a 15 de novembro de 1908 pelo vice-intendente Engenheiro Lucano Conedera \u2013 Lei do or\u00e7amento [&hellip;]<\/p>\n","protected":false},"author":777,"featured_media":0,"parent":0,"menu_order":0,"comment_status":"closed","ping_status":"closed","template":"","meta":{"footnotes":""},"class_list":["post-299","page","type-page","status-publish","hentry"],"_links":{"self":[{"href":"https:\/\/wp.ufpel.edu.br\/ceihe\/wp-json\/wp\/v2\/pages\/299","targetHints":{"allow":["GET"]}}],"collection":[{"href":"https:\/\/wp.ufpel.edu.br\/ceihe\/wp-json\/wp\/v2\/pages"}],"about":[{"href":"https:\/\/wp.ufpel.edu.br\/ceihe\/wp-json\/wp\/v2\/types\/page"}],"author":[{"embeddable":true,"href":"https:\/\/wp.ufpel.edu.br\/ceihe\/wp-json\/wp\/v2\/users\/777"}],"replies":[{"embeddable":true,"href":"https:\/\/wp.ufpel.edu.br\/ceihe\/wp-json\/wp\/v2\/comments?post=299"}],"version-history":[{"count":9,"href":"https:\/\/wp.ufpel.edu.br\/ceihe\/wp-json\/wp\/v2\/pages\/299\/revisions"}],"predecessor-version":[{"id":1144,"href":"https:\/\/wp.ufpel.edu.br\/ceihe\/wp-json\/wp\/v2\/pages\/299\/revisions\/1144"}],"wp:attachment":[{"href":"https:\/\/wp.ufpel.edu.br\/ceihe\/wp-json\/wp\/v2\/media?parent=299"}],"curies":[{"name":"wp","href":"https:\/\/api.w.org\/{rel}","templated":true}]}}