{"id":16,"date":"2017-06-04T23:10:19","date_gmt":"2017-06-05T02:10:19","guid":{"rendered":"https:\/\/wp.ufpel.edu.br\/ceihe\/?page_id=16"},"modified":"2017-07-01T11:26:06","modified_gmt":"2017-07-01T14:26:06","slug":"eventos-e-congressos","status":"publish","type":"page","link":"https:\/\/wp.ufpel.edu.br\/ceihe\/eventos-e-congressos\/","title":{"rendered":"Eventos"},"content":{"rendered":"<p><a href=\"http:\/\/asphers.blogspot.com.br\/\"><img src=\"https:\/\/wp.ufpel.edu.br\/ceihe\/files\/2017\/06\/asphe2017-400x142.png\" alt=\"\" width=\"400\" height=\"142\" class=\"alignleft size-medium wp-image-162\" srcset=\"https:\/\/wp.ufpel.edu.br\/ceihe\/files\/2017\/06\/asphe2017-400x142.png 400w, https:\/\/wp.ufpel.edu.br\/ceihe\/files\/2017\/06\/asphe2017-768x272.png 768w, https:\/\/wp.ufpel.edu.br\/ceihe\/files\/2017\/06\/asphe2017-1024x362.png 1024w\" sizes=\"(max-width: 400px) 100vw, 400px\" \/><\/a><\/p>\n<p><a href=\"http:\/\/www.ixcbhe.com\/\" target=\"_blank\"><img src=\"http:\/\/www.ixcbhe.com\/img\/slide\/logo.png\" alt=\"IX Congresso Brasileiro de Hist\u00f3ria da Educa\u00e7\u00e3o\" \/><\/a><\/p>\n<p><a href=\"http:\/\/www.snh2017.anpuh.org\/\" target=\"_blank\"><img src=\"http:\/\/www.snh2017.anpuh.org\/resources\/css\/snh2017\/img\/subtitulo.png\" alt=\"ANPUH2017\" \/><\/a><\/p>\n","protected":false},"excerpt":{"rendered":"","protected":false},"author":293,"featured_media":0,"parent":0,"menu_order":0,"comment_status":"closed","ping_status":"closed","template":"","meta":{"footnotes":""},"class_list":["post-16","page","type-page","status-publish","hentry"],"_links":{"self":[{"href":"https:\/\/wp.ufpel.edu.br\/ceihe\/wp-json\/wp\/v2\/pages\/16","targetHints":{"allow":["GET"]}}],"collection":[{"href":"https:\/\/wp.ufpel.edu.br\/ceihe\/wp-json\/wp\/v2\/pages"}],"about":[{"href":"https:\/\/wp.ufpel.edu.br\/ceihe\/wp-json\/wp\/v2\/types\/page"}],"author":[{"embeddable":true,"href":"https:\/\/wp.ufpel.edu.br\/ceihe\/wp-json\/wp\/v2\/users\/293"}],"replies":[{"embeddable":true,"href":"https:\/\/wp.ufpel.edu.br\/ceihe\/wp-json\/wp\/v2\/comments?post=16"}],"version-history":[{"count":8,"href":"https:\/\/wp.ufpel.edu.br\/ceihe\/wp-json\/wp\/v2\/pages\/16\/revisions"}],"predecessor-version":[{"id":166,"href":"https:\/\/wp.ufpel.edu.br\/ceihe\/wp-json\/wp\/v2\/pages\/16\/revisions\/166"}],"wp:attachment":[{"href":"https:\/\/wp.ufpel.edu.br\/ceihe\/wp-json\/wp\/v2\/media?parent=16"}],"curies":[{"name":"wp","href":"https:\/\/api.w.org\/{rel}","templated":true}]}}