{"id":1548,"date":"2018-06-04T09:52:16","date_gmt":"2018-06-04T12:52:16","guid":{"rendered":"https:\/\/wp.ufpel.edu.br\/ceihe\/?page_id=1548"},"modified":"2018-08-27T15:31:02","modified_gmt":"2018-08-27T18:31:02","slug":"religiao","status":"publish","type":"page","link":"https:\/\/wp.ufpel.edu.br\/ceihe\/religiao\/","title":{"rendered":"Religi\u00e3o"},"content":{"rendered":"<p>A. HUBLET, S. J.; H. NIMAL, S.J.. <strong>Testemunhos de Cristo: <\/strong>Jesus Cristo &#8211; Nossa vida. 3\u00aa. S\u00e3o Paulo: Editora Anchieta S\/A, 1949. 221 p.<\/p>\n<p>BECKER, D. Jo\u00e3o. <strong>O communisno russo e a civiliza\u00e7\u00e3o christ\u00e3: <\/strong>Decima Nona Carta Pastoral. Porto Alegre: Centro da Boa Imprensa, 1930. 90 p.<\/p>\n<p>BECKER, D. Jo\u00e3o. <strong>Segundo s\u00ednodo da Arquidiocese de Porto Alegre. <\/strong>Porto Alegre, 1942. 115 p.<\/p>\n<p>BECKER, Dom Jo\u00e3o. <strong>A apostolicidade da Igreja Romana. <\/strong>Porto Alegre, 1942. 16 p. imagem.<\/p>\n<p>BECKER, Dom Jo\u00e3o. <strong>Carta Pastoral de D. Jo\u00e3o Becker: <\/strong>Ao clero e ao povo de sua Archidiocese. Porto Alegre: Officinas graphicas da federa\u00e7\u00e3o, 1917. 28 p. (Pela Patria).<\/p>\n<p>BECKER. D. Jo\u00e3o. <strong>Os cat\u00f3licos e a futura constitui\u00e7\u00e3o: <\/strong>vigesima segunda carta pastoral. Porto Alegre: Centro da boa Imprensa, 1932. 120 p.<\/p>\n<p>BOULARD, Fernand. <strong>Pr\u00f3logo Del Profesor Gabriel LE BRAS. <\/strong>Vitoria: Publicaciones Surge, 154 p. mapas, tabelas.<\/p>\n<p>Catecismo da doutrina crist\u00e3: Para uso das dioceses da Prov\u00edncia eclesi\u00e1stica de Porto Alegre. 3\u00aa. Porto Alegre: Edi\u00e7\u00f5es A Na\u00e7\u00e3o, 196 p.<\/p>\n<p>Catecismo resumo da doutrina Christian: Para uso das Dioceses. Porto Alegre: Officinas da Actualidade, 1912. 143 p.<\/p>\n<p>COMPAGNONI, Ivo Carlos. <strong>Hist\u00f3ria dos Irm\u00e3os Lassalistas no Brasil: <\/strong>no tricenten\u00e1rio de funda\u00e7\u00e3o do instituto dos irm\u00e3os das escolas crist\u00e3s (lassalistas) 1650-1980. Canoas: La Salle, 560 p.<\/p>\n<p>COMPAGNONI, Ivo Carlos. <strong>Hist\u00f3ria dos Irm\u00e3os Lassalistas no Brasil: <\/strong>no tricenten\u00e1rio de funda\u00e7\u00e3o do instituto dos irm\u00e3os das escolas crist\u00e3s (lassalistas) 1650-1980. Canoas: La Salle, 1988. 560 p.<\/p>\n<p>C\u00d4NEGO, Christ\u00f3faro. <strong>O conc\u00edlio ecum\u00eanico vaticano II : <\/strong>O que a respeito devem saber cat\u00f3licos, protestantes e ortodoxos. 2\u00aa. S\u00e3o Paulo: Editora Mestre Jou, 1962.<\/p>\n<p>COSTA, D. Ant\u00f4io de Macedo. . <strong>Hist\u00f3ria B\u00edblica: <\/strong>Narrativas do velho e novo testamento. 24\u00aa. Einsiedeln, Sui\u00e7a: Estabelecimentos Benziger, sem data. 295 p. Cont\u00e9m imagens.<\/p>\n<p>COSTA, D. Ant\u00f4nio de Macedo. <strong>Hist\u00f3ria B\u00edblica: <\/strong>Narrativas do velho e do novo testamento. Rio de Janeiro: Livraria Francisco Alves, 293 p. Figuras.<\/p>\n<p>COSTA, D. Ant\u00f4nio de Macedo. <strong>Resumo da hist\u00f3ria b\u00edblica: <\/strong>Narrativas do velho e novo testamento. 24\u00aa. Einsiedeln, Sui\u00e7a: Estabelecimentos Benziger , 292 p. figuras.<\/p>\n<p>Diretrizes gerais da a\u00e7\u00e3o pastoral da igreja no brasil 1983-1986: documentos da cnbb. 7\u00aa. S\u00e3o Paulo: Paulinas, 1984. 118 p. (Confer\u00eancia Nacional dos bispos do Brasil).<\/p>\n<p>Doutrina Cat\u00f3lica: Manual de instru\u00e7\u00e3o religiosa para o uso dos Gin\u00e1sios, Col\u00e9gios e Catequistas volunt\u00e1rios. . Rio de Janeiro, S\u00e3o Paulo e Belo Horizonte: Paulo de Azevedo &amp; cia, sem data. 271 p. (Cole\u00e7\u00e3o de Livros Did\u00e1ticos &#8211; F.T.D ).<\/p>\n<p>DUMONT, Irm\u00e3o Isidoro.. <strong>Hist\u00f3ria Sagrada.: <\/strong>Para uso das escolas e das fam\u00edlias. Rio de Janeiro, S\u00e3o Paulo, Belo Horizonte: Livraria Francisco Alves &amp; cia, 362 p. Desenhos, figuras, mapas. (FTD).<\/p>\n<p>ECKER, J.. <strong>B\u00edblia das escolas catholicas. <\/strong>276 p. mapas, figuras.<\/p>\n<p>ECKER, T.. <strong>B\u00edblia das escolas cat\u00f3licas. <\/strong>3\u00aa. Petr\u00f3polis: Vozes de Petr\u00f3polis, 1934. 298 p. figuras.<\/p>\n<p>ECKER, Thiago. <strong>B\u00edblia das Escolas Catholicas. <\/strong>276 p. Possui imagens, mapa.<\/p>\n<p>ECKER, Tiago. . <strong>B\u00edblia das Escolas Cat\u00f3licas. <\/strong>4\u00aa. Petr\u00f3polis: Vozes LTDA, 1940. 290 p. Cont\u00e9m figuras.<\/p>\n<p>ECKER, Tiago. <strong>B\u00edblia das escolas cat\u00f3licas. <\/strong>7\u00aa. Rio de Janeiro, S\u00e3o Paulo e Belo Horizonte: Vozes LTDA, 1958. 292 p. Cont\u00e9m figuras.<\/p>\n<p>Ep\u00edstola de S\u00e3o Paulo aos Romanos. : Typ. de S\u00e3o Francisco, 1905. 97 p.<\/p>\n<p>Evangelhos dos domingos e dias santos de guarda. Porto Alegre: Livraria Santo Ant\u00f4nio \u2013 P\u00e3o dos Pobres, 1941. 131 p. figuras. (Cole\u00e7\u00e3o de textos do S. Evangelho).<\/p>\n<p>FORTINI, Archimedes. <strong>O poder da F\u00e9 em Santo Ant\u00f4nio: <\/strong>conte\u00fados variados. 10\u00aa. Porto Alegre: Edt. Thurmann, 1967. 47 p.<\/p>\n<p>GASPARRI, Cardeal Pedro. <strong>Catecismo Catholico: <\/strong>segundo catecismo para os alumnos que j\u00e1 fizeram a primeira comunh\u00e3o.. Porto Alegre: Est. Graph. Sta. Therezinha, 15\/8\/35 (n\u00e3o diz o ano, apenas essa data, e o livro parece ser bem antigo). 96 p. (10\u00ba Milheiro).<\/p>\n<p>HEUSER, Bruno. <strong>Hist\u00f3ria Sagrada do Antigo Testamento e do Novo Testamento. <\/strong>22\u00aa. Petr\u00f3polis: Editora Vozes LTDA, 1954. 347 p. Possui imagens, mapa. (O.F.M.).<\/p>\n<p>HEUSER, F. B.. <strong>Hist\u00f3ria sagrada do antigo e do novo testamento. <\/strong>22\u00aa. Petr\u00f3polis, rio de Janeiro, S\u00e3o Paulo: Vozes LTDA, 1954. 347 p. gravuras, mapas.<\/p>\n<p>HEUSER, Frei Bruno. . <strong>Hist\u00f3ria Sagrada: <\/strong>Do antigo e do Novo Testamento. 14\u00aa. Rio de Janeiro e S\u00e3o Paulo: Vozes, 1946. 347 p. Cont\u00e9m figuras e mapas.<\/p>\n<p>Hist\u00f3ria b\u00edblica: do velho e do novo testamento. 5\u00aa. S\u00e3o Paulo: Salesiana, 1929. 131 p. Cont\u00e9m imagens. (Collec\u00e7\u00e3o P.S.S).<\/p>\n<p>Hist\u00f3ria sagrada do antigo e do novo testamento. 22\u00aa. Rio de Janeiro e S\u00e3o Paulo: Editora Vozes Ltda, 1954. 341 p. figuras, imagens.<\/p>\n<p>Hist\u00f3ria sagrada: curso elementar. Rio de Janeiro, S\u00e3o Paulo e Belo Horizonte: Livraria Francisco Alves, sem data. 174 p. Cont\u00e9m figuras. (Cole\u00e7\u00e3o F.T.D).<\/p>\n<p>Hist\u00f3ria Sagrada: Para uso das escolas. Rio de Janeiro, S\u00e3o Paulo, Belo Horizonte: Livraria Paulo de Azevedo &amp; cia, 350 p. figuras.<\/p>\n<p>LEHE, Serafim. <strong>Hist\u00f3ria da Campanha de jesus no Brasil: <\/strong>T\u00f4mo I ( s\u00e9culo XVI- O Estabelecimento. Porto: Tipografia Porto M\u00e9dico, Ltda, 610 p.<\/p>\n<p>M. Carmelitas de S. . <strong>Minha m\u00e3e, minha confian\u00e7a: <\/strong>Vida da Sant\u00edssima virgem. Porto Alegre: Edi\u00e7\u00f5es Paulinas, 1955. 179 p. Cont\u00e9m imagens.<\/p>\n<p>O teu Catecismo : Editora Salesiana Ltda, 132 p.<\/p>\n<p>PORTO ALEGRE, ARCEBISPO METROPOLITANO. <strong>Primeira hist\u00f3ria b\u00edblica: <\/strong>Para uso das escolas catholicas. 8\u00aa. Porto Alegre: Centro da Boa Imprensa do Rio Grande do Sul, 1931. 144 p.<\/p>\n<p>Primeira hist\u00f3ria b\u00edblica: Para uso das escolas catholicas. 8\u00aa. Porto Alegre: Livraria Selbach de J.R. da Fonseca &amp; Cia, 1931. 112 p. Cont\u00e9m imagens.<\/p>\n<p>Primeira Hist\u00f3ria B\u00edblica: Para uso das escolas cat\u00f3licas. 17ed. Porto Alegre: Livraria Selbach, 121 p.<\/p>\n<p>REUS, Jo\u00e3o Baptista. <strong>Orae: <\/strong>Manual completo de ora\u00e7\u00f5es e instru\u00e7\u00f5es religiosas. Friburgo, 1920. 456 p.<\/p>\n<p>S.I. LEITE, Serafim. <strong>Hist\u00f3ria da Companhia de Jesus no Brasil. <\/strong>Rio de Janeiro: Instituto Nacional do Livro, 1949. 489 p. fotos, assinaturas de provinciais e plantas arquitet\u00f4nicas. (TOMO VII S\u00c9CULO XVII &#8211; XVIII).<\/p>\n<p>S.I. LEITE, Serafim. <strong>Hist\u00f3ria da Companhia de Jesus no Brasil. <\/strong>Rio de Janeiro: Instituto Nacional do Livro, 1943. 440 p. fotos, assinaturas de provinciais. (TOMO IV S\u00c9CULO XVII &#8211; XVIII).<\/p>\n<p>S.I. LEITE, Serafim. <strong>Hist\u00f3ria da Companhia de Jesus no Brasil. <\/strong>Rio de Janeiro: Instituto Nacional do Livro, 1943. 487 p. fotos, assinaturas de provinciais. (TOMO III \u2013 S\u00e9culos XVII &#8211; XVIII).<\/p>\n<p>S.I. LEITE, Serafim. <strong>Hist\u00f3ria da Companhia de Jesus no Brasil. <\/strong>Rio de Janeiro: Instituto Nacional do Livro, 1949. 436 p. fotos. (TOMO VIII).<\/p>\n<p>S.I. LEITE, Serafim. <strong>Hist\u00f3ria da Companhia de Jesus no Brasil. <\/strong>Rio de Janeiro: Instituto Nacional do Livro, 1950. 316 p. (TOMO X).<\/p>\n<p>S.I. LEITE, Serafim. <strong>Hist\u00f3ria da Companhia de Jesus no Brasil. <\/strong>Rio de Janeiro: Instituto Nacional do Livro, 1945. 640 p. imagens. (TOMO VI \u2013 S\u00e9culos XVII-XVIII).<\/p>\n<p>S.I. LEITE, Serafim. <strong>Hist\u00f3ria da Companhia de Jesus no Brasil. <\/strong>Rio de Janeiro: Instituto Nacional do Livro, 1949. 457 p. imagens, documentos\/cartas e assinaturas. (TOMO IX).<\/p>\n<p>S.I. LEITE, Serafim. <strong>Hist\u00f3ria da Companhia de Jesus no Brasil. <\/strong>Rio de Janeiro: Instituto Nacional do Livro, 1945. 635 p. imagens, planta de igreja. (TOMO V).<\/p>\n<p>Segunda Hist\u00f3ria B\u00edblica. 14\u00aa. Porto Alegre: Edi\u00e7\u00f5es A Na\u00e7\u00e3o, 1947. 177 p. Ilustra\u00e7\u00f5es.<\/p>\n<p>Segunda hist\u00f3ria b\u00edblica: para o uso das escolas catholicas. \u00a04\u00aa. Porto Alegre: Livraria Selbach de J.R. da Fonseca &amp; Cia, 1923. 244 p. Cont\u00e9m imagens.<\/p>\n<p>Terceiro Cattecismo da Doutrina Christ\u00e3. 4\u00aa. Porto Alegre: Livraria Selbach de J.R. da Fonseca &amp; Cia, sem data. 308 p.<\/p>\n<p>Vida de S. Francisco de Paula extrahida das obras dos Bollandistas e dos processos da canoniza\u00e7\u00e3o: Homenagem \u00e1 mem\u00f3ria do quarto centen\u00e1rio do glorioso transito deste thaumaturgo.. Pelotas, 1937. 99 p. figuras.<\/p>\n<p>WHITE, E. G.. <strong>Vida de Jesus. <\/strong>3\u00aa. S\u00e3o Paulo, sem data. 176 p. Cont\u00e9m imagens.<\/p>\n","protected":false},"excerpt":{"rendered":"<p>A. HUBLET, S. J.; H. NIMAL, S.J.. Testemunhos de Cristo: Jesus Cristo &#8211; Nossa vida. 3\u00aa. S\u00e3o Paulo: Editora Anchieta S\/A, 1949. 221 p. BECKER, D. Jo\u00e3o. O communisno russo e a civiliza\u00e7\u00e3o christ\u00e3: Decima Nona Carta Pastoral. Porto Alegre: Centro da Boa Imprensa, 1930. 90 p. BECKER, D. Jo\u00e3o. Segundo s\u00ednodo da Arquidiocese de [&hellip;]<\/p>\n","protected":false},"author":838,"featured_media":0,"parent":0,"menu_order":0,"comment_status":"closed","ping_status":"closed","template":"","meta":{"footnotes":""},"class_list":["post-1548","page","type-page","status-publish","hentry"],"_links":{"self":[{"href":"https:\/\/wp.ufpel.edu.br\/ceihe\/wp-json\/wp\/v2\/pages\/1548","targetHints":{"allow":["GET"]}}],"collection":[{"href":"https:\/\/wp.ufpel.edu.br\/ceihe\/wp-json\/wp\/v2\/pages"}],"about":[{"href":"https:\/\/wp.ufpel.edu.br\/ceihe\/wp-json\/wp\/v2\/types\/page"}],"author":[{"embeddable":true,"href":"https:\/\/wp.ufpel.edu.br\/ceihe\/wp-json\/wp\/v2\/users\/838"}],"replies":[{"embeddable":true,"href":"https:\/\/wp.ufpel.edu.br\/ceihe\/wp-json\/wp\/v2\/comments?post=1548"}],"version-history":[{"count":3,"href":"https:\/\/wp.ufpel.edu.br\/ceihe\/wp-json\/wp\/v2\/pages\/1548\/revisions"}],"predecessor-version":[{"id":1568,"href":"https:\/\/wp.ufpel.edu.br\/ceihe\/wp-json\/wp\/v2\/pages\/1548\/revisions\/1568"}],"wp:attachment":[{"href":"https:\/\/wp.ufpel.edu.br\/ceihe\/wp-json\/wp\/v2\/media?parent=1548"}],"curies":[{"name":"wp","href":"https:\/\/api.w.org\/{rel}","templated":true}]}}