{"id":1483,"date":"2018-02-14T18:31:16","date_gmt":"2018-02-14T20:31:16","guid":{"rendered":"https:\/\/wp.ufpel.edu.br\/ceihe\/?page_id=1483"},"modified":"2018-02-14T18:31:21","modified_gmt":"2018-02-14T20:31:21","slug":"ijui","status":"publish","type":"page","link":"https:\/\/wp.ufpel.edu.br\/ceihe\/ijui\/","title":{"rendered":"Iju\u00ed"},"content":{"rendered":"<table border=\"0\" width=\"513\">\n<tbody>\n<tr>\n<td style=\"width: 200px\"><a href=\"https:\/\/wp.ufpel.edu.br\/ceihe\/files\/2018\/02\/1-7-2.jpg\"><img class=\"alignleft size-thumbnail wp-image-1484\" src=\"https:\/\/wp.ufpel.edu.br\/ceihe\/files\/2018\/02\/1-7-2-200x200.jpg\" alt=\"\" width=\"200\" height=\"200\" \/><\/a><\/td>\n<td style=\"vertical-align: top\">\n<p>&nbsp;<\/p>\n<p><span style=\"font-family: tahoma, arial, helvetica, sans-serif\">PREFEITURA MUNICIPAL DE IJU\u00cd. Relat\u00f3rio de 1936. Apresentando a C\u00e2mara Municipal pelo prefeito Cel. Antonio Soares de Barros.<\/span><\/td>\n<\/tr>\n<\/tbody>\n<\/table>\n<p>&nbsp;<\/p>\n","protected":false},"excerpt":{"rendered":"<p>&nbsp; PREFEITURA MUNICIPAL DE IJU\u00cd. Relat\u00f3rio de 1936. Apresentando a C\u00e2mara Municipal pelo prefeito Cel. Antonio Soares de Barros. &nbsp;<\/p>\n","protected":false},"author":777,"featured_media":0,"parent":0,"menu_order":0,"comment_status":"closed","ping_status":"closed","template":"","meta":{"footnotes":""},"class_list":["post-1483","page","type-page","status-publish","hentry"],"_links":{"self":[{"href":"https:\/\/wp.ufpel.edu.br\/ceihe\/wp-json\/wp\/v2\/pages\/1483","targetHints":{"allow":["GET"]}}],"collection":[{"href":"https:\/\/wp.ufpel.edu.br\/ceihe\/wp-json\/wp\/v2\/pages"}],"about":[{"href":"https:\/\/wp.ufpel.edu.br\/ceihe\/wp-json\/wp\/v2\/types\/page"}],"author":[{"embeddable":true,"href":"https:\/\/wp.ufpel.edu.br\/ceihe\/wp-json\/wp\/v2\/users\/777"}],"replies":[{"embeddable":true,"href":"https:\/\/wp.ufpel.edu.br\/ceihe\/wp-json\/wp\/v2\/comments?post=1483"}],"version-history":[{"count":2,"href":"https:\/\/wp.ufpel.edu.br\/ceihe\/wp-json\/wp\/v2\/pages\/1483\/revisions"}],"predecessor-version":[{"id":1486,"href":"https:\/\/wp.ufpel.edu.br\/ceihe\/wp-json\/wp\/v2\/pages\/1483\/revisions\/1486"}],"wp:attachment":[{"href":"https:\/\/wp.ufpel.edu.br\/ceihe\/wp-json\/wp\/v2\/media?parent=1483"}],"curies":[{"name":"wp","href":"https:\/\/api.w.org\/{rel}","templated":true}]}}