{"id":144,"date":"2017-07-01T10:20:53","date_gmt":"2017-07-01T13:20:53","guid":{"rendered":"https:\/\/wp.ufpel.edu.br\/ceihe\/?page_id=144"},"modified":"2018-03-20T21:03:59","modified_gmt":"2018-03-21T00:03:59","slug":"2018-2","status":"publish","type":"page","link":"https:\/\/wp.ufpel.edu.br\/ceihe\/2018-2\/","title":{"rendered":"2018"},"content":{"rendered":"<table width=\"954\">\n<tbody>\n<tr>\n<td width=\"321\"><strong>Evento:<\/strong><\/td>\n<td width=\"104\"><strong>Submiss\u00e3o<\/strong><\/td>\n<td width=\"104\"><strong>Data\/Local<\/strong><\/td>\n<td width=\"425\"><strong>Link:<\/strong><\/td>\n<\/tr>\n<tr>\n<td width=\"321\"><strong>\u00a0<\/strong><\/td>\n<td width=\"104\"><strong>\u00a0<\/strong><\/td>\n<td width=\"104\"><strong>\u00a0<\/strong><\/td>\n<td width=\"425\"><strong>\u00a0<\/strong><\/td>\n<\/tr>\n<tr>\n<td width=\"321\">XIX encontro nacional de HO<\/td>\n<td width=\"104\">At\u00e9 31\/01<\/td>\n<td width=\"104\">Campinas<\/td>\n<td width=\"425\"><a href=\"http:\/\/www.encontro2018.historiaoral.org.br\/\" target=\"_blank\" rel=\"noopener\">http:\/\/www.encontro2018.historiaoral.org.br\/<\/a><\/td>\n<\/tr>\n<tr>\n<td width=\"321\">\n<p>II Jornada de Estudos \u00c9tnicos e Migra\u00e7\u00f5es: pensando a produ\u00e7\u00e3o historiogr\u00e1fica recente<\/p>\n<p>&nbsp;<\/td>\n<td width=\"104\">15\/03<\/td>\n<td width=\"104\">\n<p>18 e 19\/04<\/p>\n<p>Porto Alegre<\/td>\n<td width=\"425\"><a href=\"https:\/\/gtestudosetnicosem.wixsite.com\/gtestudosetnicos\/eventos\" target=\"_blank\" rel=\"noopener\">https:\/\/gtestudosetnicosem.wixsite.com\/gtestudosetnicos\/eventos<\/a><\/td>\n<\/tr>\n<tr>\n<td width=\"321\">\n<p>III Semin\u00e1rio Internacional <em>Micro Hist\u00f3ria, Trajet\u00f3rias e Imigra\u00e7\u00e3o<\/em><\/p>\n<p>&nbsp;<\/td>\n<td width=\"104\">11\/05\/2018<\/td>\n<td width=\"104\">\n<p>6 a 8\/06<\/p>\n<p>Unisinos<\/td>\n<td width=\"425\"><a href=\"https:\/\/smh2016unisinos.wixsite.com\/smh2018\" target=\"_blank\" rel=\"noopener\">https:\/\/smh2016unisinos.wixsite.com\/smh2018<\/a><\/td>\n<\/tr>\n<tr>\n<td width=\"321\">III Col\u00f3quio Discente de Estudos Hist\u00f3ricos Latino-Americanos: \u201cPolaridades. Conex\u00f5es Brasil e Am\u00e9rica Latina\u201d<\/td>\n<td width=\"104\">12\/03 a 03\/06<\/td>\n<td width=\"104\">\n<p>26 a 28\/06<\/p>\n<p>Unisinos<\/td>\n<td width=\"425\"><a href=\"https:\/\/cehla-unisinos.weebly.com\/\" target=\"_blank\" rel=\"noopener\">https:\/\/cehla-unisinos.weebly.com\/<\/a><\/td>\n<\/tr>\n<tr>\n<td width=\"321\">ANPED SUL<\/td>\n<td width=\"104\">15\/04\/2018<\/td>\n<td width=\"104\">POA<\/td>\n<td width=\"425\"><a href=\"http:\/\/cursos.unipampa.edu.br\/cursos\/ppgedu\/files\/2017\/12\/1o-anuncio-xiianped-sul-dez2017.pdf\" target=\"_blank\" rel=\"noopener\">http:\/\/cursos.unipampa.edu.br\/cursos\/ppgedu\/files\/2017\/12\/1o-anuncio-xiianped-sul-dez2017.pdf<\/a><\/td>\n<\/tr>\n<tr>\n<td width=\"321\">ANPUH RS<\/td>\n<td width=\"104\">15\/05<\/td>\n<td width=\"104\">\n<p>24 a 27\/07 &#8211;\u00a0 POA<\/p>\n<p>&nbsp;<\/td>\n<td width=\"425\"><a href=\"http:\/\/www.eeh2018.anpuh-rs.org.br\/\" target=\"_blank\" rel=\"noopener\">http:\/\/www.eeh2018.anpuh-rs.org.br\/<\/a><\/td>\n<\/tr>\n<tr>\n<td width=\"321\">\n<p>Evento com a vinda de professores Italianos<\/p>\n<p>&nbsp;<\/p>\n<p>&nbsp;<\/p>\n<p>&nbsp;<\/td>\n<td width=\"104\"><\/td>\n<td width=\"104\">\n<p>12 e 13\/09<\/p>\n<p>&nbsp;<\/p>\n<p>&nbsp;<\/p>\n<p>UCS<\/td>\n<td width=\"425\"><\/td>\n<\/tr>\n<tr>\n<td width=\"321\">X Simp\u00f3sio Nacional de Educa\u00e7\u00e3o e IV Col\u00f3quio Internacional<\/td>\n<td width=\"104\">01 de maio a 20 de junho<\/td>\n<td width=\"104\">\n<p>26 a 28\/09<\/p>\n<p>Frederico westphalen<\/p>\n<p>&nbsp;<\/td>\n<td width=\"425\"><a href=\"http:\/\/sincol-ppgedu.com.br\/\" target=\"_blank\" rel=\"noopener\">http:\/\/sincol-ppgedu.com.br\/<\/a><\/td>\n<\/tr>\n<tr>\n<td width=\"321\">Semin\u00e1rio Internacional \u201cMigra\u00e7\u00f5es:<\/td>\n<td width=\"104\">At\u00e9 25\/08<\/td>\n<td width=\"104\">\n<p>S\u00e3o Leopoldo<\/p>\n<p>25 a 28\/09<\/td>\n<td width=\"425\">\n<p>Email CEIHE<\/p>\n<p>&nbsp;<\/td>\n<\/tr>\n<tr>\n<td width=\"321\">24\u00aa ASPHE<\/td>\n<td width=\"104\"><span style=\"text-decoration: line-through\">\u00a0<\/span><\/td>\n<td width=\"104\">UNISINOS<\/td>\n<td width=\"425\"><span style=\"text-decoration: line-through\">\u00a0<\/span><\/td>\n<\/tr>\n<tr>\n<td width=\"321\">III CEDU<\/td>\n<td width=\"104\"><\/td>\n<td width=\"104\">\n<p>Outubro<\/p>\n<p>UCS<\/td>\n<td width=\"425\"><\/td>\n<\/tr>\n<tr>\n<td width=\"321\">II Congresso internacional de Educa\u00e7\u00e3o: hist\u00f3ria, historiografia e pr\u00e1ticas pol\u00edticas<\/td>\n<td width=\"104\">30\/03\/2018<\/td>\n<td width=\"104\">\n<p>23 a 25\/11<\/p>\n<p>Sorocaba<\/td>\n<td width=\"425\"><a href=\"http:\/\/conference.uniso.br\/index.php\/cieh\/cieh\/schedConf\/timeline\" target=\"_blank\" rel=\"noopener\">http:\/\/conference.uniso.br\/index.php\/cieh\/cieh\/schedConf\/timeline<\/a><\/td>\n<\/tr>\n<tr>\n<td width=\"321\">VIII CIPA &#8211; Congresso Internacional de Pesquisa(Auto)biogr\u00e1fica \u201c(Auto)biografias, mobilidades e incertezas: novos arranjos sociais e configura\u00e7\u00f5es identit\u00e1rias\u201d<\/td>\n<td width=\"104\">30\/03<\/td>\n<td width=\"104\">\n<p>17 a 20 de setembro de<\/p>\n<p>2018<\/p>\n<p>S\u00e3o Paulo<\/td>\n<td width=\"425\"><a href=\"http:\/\/viiicipa.biograph.org.br\/homepage\/\" target=\"_blank\" rel=\"noopener\">http:\/\/viiicipa.biograph.org.br\/homepage\/<\/a><\/td>\n<\/tr>\n<tr>\n<td width=\"321\"><\/td>\n<td width=\"104\"><\/td>\n<td width=\"104\"><\/td>\n<td width=\"425\"><\/td>\n<\/tr>\n<\/tbody>\n<\/table>\n<p>&nbsp;<\/p>\n","protected":false},"excerpt":{"rendered":"<p>Evento: Submiss\u00e3o Data\/Local Link: \u00a0 \u00a0 \u00a0 \u00a0 XIX encontro nacional de HO At\u00e9 31\/01 Campinas http:\/\/www.encontro2018.historiaoral.org.br\/ II Jornada de Estudos \u00c9tnicos e Migra\u00e7\u00f5es: pensando a produ\u00e7\u00e3o historiogr\u00e1fica recente &nbsp; 15\/03 18 e 19\/04 Porto Alegre https:\/\/gtestudosetnicosem.wixsite.com\/gtestudosetnicos\/eventos III Semin\u00e1rio Internacional Micro Hist\u00f3ria, Trajet\u00f3rias e Imigra\u00e7\u00e3o &nbsp; 11\/05\/2018 6 a 8\/06 Unisinos https:\/\/smh2016unisinos.wixsite.com\/smh2018 III Col\u00f3quio Discente [&hellip;]<\/p>\n","protected":false},"author":777,"featured_media":0,"parent":0,"menu_order":0,"comment_status":"closed","ping_status":"closed","template":"","meta":{"footnotes":""},"class_list":["post-144","page","type-page","status-publish","hentry"],"_links":{"self":[{"href":"https:\/\/wp.ufpel.edu.br\/ceihe\/wp-json\/wp\/v2\/pages\/144","targetHints":{"allow":["GET"]}}],"collection":[{"href":"https:\/\/wp.ufpel.edu.br\/ceihe\/wp-json\/wp\/v2\/pages"}],"about":[{"href":"https:\/\/wp.ufpel.edu.br\/ceihe\/wp-json\/wp\/v2\/types\/page"}],"author":[{"embeddable":true,"href":"https:\/\/wp.ufpel.edu.br\/ceihe\/wp-json\/wp\/v2\/users\/777"}],"replies":[{"embeddable":true,"href":"https:\/\/wp.ufpel.edu.br\/ceihe\/wp-json\/wp\/v2\/comments?post=144"}],"version-history":[{"count":4,"href":"https:\/\/wp.ufpel.edu.br\/ceihe\/wp-json\/wp\/v2\/pages\/144\/revisions"}],"predecessor-version":[{"id":1532,"href":"https:\/\/wp.ufpel.edu.br\/ceihe\/wp-json\/wp\/v2\/pages\/144\/revisions\/1532"}],"wp:attachment":[{"href":"https:\/\/wp.ufpel.edu.br\/ceihe\/wp-json\/wp\/v2\/media?parent=144"}],"curies":[{"name":"wp","href":"https:\/\/api.w.org\/{rel}","templated":true}]}}