{"id":1411,"date":"2018-02-14T17:41:40","date_gmt":"2018-02-14T19:41:40","guid":{"rendered":"https:\/\/wp.ufpel.edu.br\/ceihe\/?page_id=1411"},"modified":"2018-02-14T17:44:24","modified_gmt":"2018-02-14T19:44:24","slug":"sao-domingos-das-torres-2","status":"publish","type":"page","link":"https:\/\/wp.ufpel.edu.br\/ceihe\/sao-domingos-das-torres-2\/","title":{"rendered":"S\u00e3o Domingos das Torres"},"content":{"rendered":"<table border=\"0\" width=\"513\">\n<tbody>\n<tr>\n<td style=\"width: 200px\"><a href=\"https:\/\/wp.ufpel.edu.br\/ceihe\/files\/2018\/02\/1-1-1.jpg\"><img class=\"alignleft size-thumbnail wp-image-1413\" src=\"https:\/\/wp.ufpel.edu.br\/ceihe\/files\/2018\/02\/1-1-1-200x200.jpg\" alt=\"\" width=\"200\" height=\"200\" \/><\/a><\/td>\n<td style=\"vertical-align: top\">\n<p>&nbsp;<\/p>\n<p><span style=\"font-family: tahoma, arial, helvetica, sans-serif\">LEI N\u00daMERO 2. Decreta e promulga reforma da Lei Org\u00e2nica do munic\u00edpio de S. Domingos das Torres, em 28 de julho de 1897, off. Do \u201cOficinas a vapor da Livraria Americana\u201d, Porto Alegre, 1897.<\/span><\/td>\n<\/tr>\n<\/tbody>\n<\/table>\n<p>&nbsp;<\/p>\n<table border=\"0\" width=\"513\">\n<tbody>\n<tr>\n<td style=\"width: 200px\"><a href=\"https:\/\/wp.ufpel.edu.br\/ceihe\/files\/2018\/02\/1-2-1.jpg\"><img class=\"alignleft size-thumbnail wp-image-1415\" src=\"https:\/\/wp.ufpel.edu.br\/ceihe\/files\/2018\/02\/1-2-1-200x200.jpg\" alt=\"\" width=\"200\" height=\"200\" \/><\/a><\/td>\n<td style=\"vertical-align: top\">\n<p>&nbsp;<\/p>\n<p><span style=\"font-family: tahoma, arial, helvetica, sans-serif\">LEI ORG\u00c2NICA DO MUNIC\u00cdPIO DE TORRES. Aprovada pelo concelho municipal e Promulgada pelo intendente Coronel Jo\u00e3o Pacheco de Freitas, off. Do \u201cOfficinas Typographicas d\u2019A Federa\u00e7\u00e3o\u201d, Porto Alegre, 1903.<\/span><\/td>\n<\/tr>\n<\/tbody>\n<\/table>\n<p>&nbsp;<\/p>\n<table border=\"0\" width=\"513\">\n<tbody>\n<tr>\n<td style=\"width: 200px\"><a href=\"https:\/\/wp.ufpel.edu.br\/ceihe\/files\/2018\/02\/1-3-1.jpg\"><img class=\"alignleft size-thumbnail wp-image-1416\" src=\"https:\/\/wp.ufpel.edu.br\/ceihe\/files\/2018\/02\/1-3-1-200x200.jpg\" alt=\"\" width=\"200\" height=\"200\" \/><\/a><\/td>\n<td style=\"vertical-align: top\"><span style=\"font-family: tahoma, arial, helvetica, sans-serif\">C\u00d3DIGO DE POSTURAS. Decretado e Promulgado em 25 de junho de 1921 pelo intendente municipal Coronel Jo\u00e3o Pacheco de Freitas, off. Do \u201cOfficinas graphicas d\u2019A Federa\u00e7\u00e3o\u201d, Porto Alegre, 1921.<\/span><\/td>\n<\/tr>\n<\/tbody>\n<\/table>\n<p><\/p>\n","protected":false},"excerpt":{"rendered":"<p>&nbsp; LEI N\u00daMERO 2. Decreta e promulga reforma da Lei Org\u00e2nica do munic\u00edpio de S. Domingos das Torres, em 28 de julho de 1897, off. Do \u201cOficinas a vapor da Livraria Americana\u201d, Porto Alegre, 1897. &nbsp; &nbsp; LEI ORG\u00c2NICA DO MUNIC\u00cdPIO DE TORRES. Aprovada pelo concelho municipal e Promulgada pelo intendente Coronel Jo\u00e3o Pacheco de [&hellip;]<\/p>\n","protected":false},"author":777,"featured_media":0,"parent":0,"menu_order":0,"comment_status":"closed","ping_status":"closed","template":"","meta":{"footnotes":""},"class_list":["post-1411","page","type-page","status-publish","hentry"],"_links":{"self":[{"href":"https:\/\/wp.ufpel.edu.br\/ceihe\/wp-json\/wp\/v2\/pages\/1411","targetHints":{"allow":["GET"]}}],"collection":[{"href":"https:\/\/wp.ufpel.edu.br\/ceihe\/wp-json\/wp\/v2\/pages"}],"about":[{"href":"https:\/\/wp.ufpel.edu.br\/ceihe\/wp-json\/wp\/v2\/types\/page"}],"author":[{"embeddable":true,"href":"https:\/\/wp.ufpel.edu.br\/ceihe\/wp-json\/wp\/v2\/users\/777"}],"replies":[{"embeddable":true,"href":"https:\/\/wp.ufpel.edu.br\/ceihe\/wp-json\/wp\/v2\/comments?post=1411"}],"version-history":[{"count":3,"href":"https:\/\/wp.ufpel.edu.br\/ceihe\/wp-json\/wp\/v2\/pages\/1411\/revisions"}],"predecessor-version":[{"id":1417,"href":"https:\/\/wp.ufpel.edu.br\/ceihe\/wp-json\/wp\/v2\/pages\/1411\/revisions\/1417"}],"wp:attachment":[{"href":"https:\/\/wp.ufpel.edu.br\/ceihe\/wp-json\/wp\/v2\/media?parent=1411"}],"curies":[{"name":"wp","href":"https:\/\/api.w.org\/{rel}","templated":true}]}}