{"id":1388,"date":"2018-02-14T17:20:21","date_gmt":"2018-02-14T19:20:21","guid":{"rendered":"https:\/\/wp.ufpel.edu.br\/ceihe\/?page_id=1388"},"modified":"2018-02-14T17:39:20","modified_gmt":"2018-02-14T19:39:20","slug":"santo-antonio-da-palmeira-2","status":"publish","type":"page","link":"https:\/\/wp.ufpel.edu.br\/ceihe\/santo-antonio-da-palmeira-2\/","title":{"rendered":"Santo Ant\u00f4nio da Palmeira"},"content":{"rendered":"<table border=\"0\" width=\"513\">\n<tbody>\n<tr>\n<td style=\"width: 200px\"><a href=\"https:\/\/wp.ufpel.edu.br\/ceihe\/files\/2018\/02\/1-1.jpg\"><img class=\"alignleft size-thumbnail wp-image-1391\" src=\"https:\/\/wp.ufpel.edu.br\/ceihe\/files\/2018\/02\/1-1-200x200.jpg\" alt=\"\" width=\"200\" height=\"200\" \/><\/a><\/td>\n<td style=\"vertical-align: top\">\n<p>&nbsp;<\/p>\n<p><span style=\"font-family: tahoma, arial, helvetica, sans-serif\">INTED\u00caNCIA MUNICIPAL DE SANTO ANT\u00d4NIO DA PALMEIRA. Relat\u00f3rio de 1887. Apresentado em Assembleia Legislativa Provincial pela C\u00e2mara Municipal, off. Do \u201cOfficinas Typograficas do Conversador\u201d, Porto Alegre, 1887<\/span>.<\/td>\n<\/tr>\n<\/tbody>\n<\/table>\n<p>&nbsp;<\/p>\n<table border=\"0\" width=\"513\">\n<tbody>\n<tr>\n<td style=\"width: 200px\"><a href=\"https:\/\/wp.ufpel.edu.br\/ceihe\/files\/2018\/02\/1-2.jpg\"><img class=\"alignleft size-thumbnail wp-image-1392\" src=\"https:\/\/wp.ufpel.edu.br\/ceihe\/files\/2018\/02\/1-2-200x200.jpg\" alt=\"\" width=\"200\" height=\"200\" \/><\/a><\/td>\n<td style=\"vertical-align: top\"><span style=\"font-family: tahoma, arial, helvetica, sans-serif\">INTED\u00caNCIA MUNICIPAL DE SANTO ANT\u00d4NIO DA PALMEIRA. Relat\u00f3rio de 1889. Relat\u00f3rio de 1889. Apresentado a Assembleia Legislativa Provincial, off. Do \u201cOfficinas Typograficas do Conversador\u201d, Porto Alegre, 1889<\/span>.<\/td>\n<\/tr>\n<\/tbody>\n<\/table>\n<p>&nbsp;<\/p>\n<table border=\"0\" width=\"513\">\n<tbody>\n<tr>\n<td style=\"width: 200px\"><a href=\"https:\/\/wp.ufpel.edu.br\/ceihe\/files\/2018\/02\/1-3.jpg\"><img class=\"alignleft size-thumbnail wp-image-1393\" src=\"https:\/\/wp.ufpel.edu.br\/ceihe\/files\/2018\/02\/1-3-200x200.jpg\" alt=\"\" width=\"200\" height=\"200\" \/><\/a><\/td>\n<td style=\"vertical-align: top\"><span style=\"font-family: tahoma, arial, helvetica, sans-serif\">INTED\u00caNCIA MUNICIPAL DE SANTO ANT\u00d4NIO DA PALMEIRA. Relat\u00f3rio de 1906. Apresentado ao Concelho Municipal da Palmeira em 20 de outubro de 1906 pelo Tenente-Coronel Julio Pereira dos Santos, off. \u201cTypographia do Cruz Alta\u201d, Cruz Alta, 1906.<\/span><\/td>\n<\/tr>\n<\/tbody>\n<\/table>\n<p>&nbsp;<\/p>\n<table border=\"0\" width=\"513\">\n<tbody>\n<tr>\n<td style=\"width: 200px\"><a href=\"https:\/\/wp.ufpel.edu.br\/ceihe\/files\/2018\/02\/1-4.jpg\"><img class=\"alignleft size-thumbnail wp-image-1394\" src=\"https:\/\/wp.ufpel.edu.br\/ceihe\/files\/2018\/02\/1-4-200x200.jpg\" alt=\"\" width=\"200\" height=\"200\" \/><\/a><\/td>\n<td style=\"vertical-align: top\"><span style=\"font-family: tahoma, arial, helvetica, sans-serif\">INTED\u00caNCIA MUNICIPAL DE SANTO ANT\u00d4NIO DA PALMEIRA. Relat\u00f3rio de 1907. Apresentando ao Concelho Municipal da Palmeira em 20 de outubro de 1907 pelo Tenente-Coronel Julio Pereira dos Santos, off. Typographia do Cruz Alta\u201d, Cruz Alta, 1907.<\/span><\/td>\n<\/tr>\n<\/tbody>\n<\/table>\n<p>&nbsp;<\/p>\n<table border=\"0\" width=\"513\">\n<tbody>\n<tr>\n<td style=\"width: 200px\"><a href=\"https:\/\/wp.ufpel.edu.br\/ceihe\/files\/2018\/02\/1-5.jpg\"><img class=\"alignleft size-thumbnail wp-image-1395\" src=\"https:\/\/wp.ufpel.edu.br\/ceihe\/files\/2018\/02\/1-5-200x200.jpg\" alt=\"\" width=\"200\" height=\"200\" \/><\/a><\/td>\n<td style=\"vertical-align: top\"><span style=\"font-family: tahoma, arial, helvetica, sans-serif\">INTED\u00caNCIA MUNICIPAL DE SANTO ANT\u00d4NIO DA PALMEIRA. Relat\u00f3rio de 1908. Apresentando ao Concelho Municipal da Palmeira em 20 de outubro de 1908 pelo Tenente-Coronel Julio Pereira dos Santos, off. Typographia da Livraria Universal de Carlos Echenique\u201d, Porto Alegre, 1908.<\/span><\/td>\n<\/tr>\n<\/tbody>\n<\/table>\n<p>&nbsp;<\/p>\n<table border=\"0\" width=\"513\">\n<tbody>\n<tr>\n<td style=\"width: 200px\"><a href=\"https:\/\/wp.ufpel.edu.br\/ceihe\/files\/2018\/02\/1-6.jpg\"><img class=\"alignleft size-thumbnail wp-image-1396\" src=\"https:\/\/wp.ufpel.edu.br\/ceihe\/files\/2018\/02\/1-6-200x200.jpg\" alt=\"\" width=\"200\" height=\"200\" \/><\/a><\/td>\n<td style=\"vertical-align: top\"><span style=\"font-family: tahoma, arial, helvetica, sans-serif\">INTED\u00caNCIA MUNICIPAL DE SANTO ANT\u00d4NIO DA PALMEIRA. Relat\u00f3rio de 1909. Apresentando ao Concelho Municipal da Palmeira em 20 de outubro de 1909 pelo Tenente-Coronel Julio Pereira dos Santos, off. Typographia do Cruz Alta\u201d, Cruz Alta, 1909.<\/span><\/td>\n<\/tr>\n<\/tbody>\n<\/table>\n<p>&nbsp;<\/p>\n<table border=\"0\" width=\"513\">\n<tbody>\n<tr>\n<td style=\"width: 200px\"><a href=\"https:\/\/wp.ufpel.edu.br\/ceihe\/files\/2018\/02\/1-7.jpg\"><img class=\"alignleft size-thumbnail wp-image-1397\" src=\"https:\/\/wp.ufpel.edu.br\/ceihe\/files\/2018\/02\/1-7-200x200.jpg\" alt=\"\" width=\"200\" height=\"200\" \/><\/a><\/td>\n<td><span style=\"font-family: tahoma, arial, helvetica, sans-serif\">INTED\u00caNCIA MUNICIPAL DE SANTO ANT\u00d4NIO DA PALMEIRA. Relat\u00f3rio de 1910. Apresentando ao Concelho Municipal da Palmeira em 20 de outubro de 1910 pelo Tenente-Coronel Julio Pereira dos Santos, off. Typographia da Livraria Universal de Carlos Echenique\u201d, Porto Alegre, 1910.<\/span><\/td>\n<\/tr>\n<\/tbody>\n<\/table>\n<p>&nbsp;<\/p>\n<table border=\"0\" width=\"513\">\n<tbody>\n<tr>\n<td style=\"width: 200px\"><a href=\"https:\/\/wp.ufpel.edu.br\/ceihe\/files\/2018\/02\/1-8.jpg\"><img class=\"alignleft size-thumbnail wp-image-1399\" src=\"https:\/\/wp.ufpel.edu.br\/ceihe\/files\/2018\/02\/1-8-200x200.jpg\" alt=\"\" width=\"200\" height=\"200\" \/><\/a><\/td>\n<td style=\"vertical-align: top\"><span style=\"font-family: tahoma, arial, helvetica, sans-serif\">INTED\u00caNCIA MUNICIPAL DE SANTO ANT\u00d4NIO DA PALMEIRA. Relat\u00f3rio de 1911. Apresentando ao Concelho Municipal da Palmeira em 20 de outubro de 1911 pelo vice intendente Tenente-Coronel Vicente da Silva Machado, off. Do \u201cPapelaria Uni\u00e3o\u201d, Santa Maria, 1911.<\/span><\/td>\n<\/tr>\n<\/tbody>\n<\/table>\n<p>&nbsp;<\/p>\n<table border=\"0\" width=\"513\">\n<tbody>\n<tr>\n<td style=\"width: 200px\"><a href=\"https:\/\/wp.ufpel.edu.br\/ceihe\/files\/2018\/02\/1-8.jpg\"><img class=\"alignleft size-thumbnail wp-image-1399\" src=\"https:\/\/wp.ufpel.edu.br\/ceihe\/files\/2018\/02\/1-8-200x200.jpg\" alt=\"\" width=\"200\" height=\"200\" \/><\/a><\/td>\n<td style=\"vertical-align: top\"><span style=\"font-family: tahoma, arial, helvetica, sans-serif\">INTED\u00caNCIA MUNICIPAL DE SANTO ANT\u00d4NIO DA PALMEIRA. Relat\u00f3rio de 1913. Apresentando ao Concelho Municipal da Palmeira em 20 de outubro de 1913 pelo vice intendente Tenente-Coronel Vicente da Silva Machado, off, 1913.<\/span><\/td>\n<\/tr>\n<\/tbody>\n<\/table>\n<p>&nbsp;<\/p>\n<table border=\"0\" width=\"513\">\n<tbody>\n<tr>\n<td style=\"width: 200px\"><a href=\"https:\/\/wp.ufpel.edu.br\/ceihe\/files\/2018\/02\/1-10.jpg\"><img class=\"alignleft size-thumbnail wp-image-1401\" src=\"https:\/\/wp.ufpel.edu.br\/ceihe\/files\/2018\/02\/1-10-200x200.jpg\" alt=\"\" width=\"200\" height=\"200\" \/><\/a><\/td>\n<td style=\"vertical-align: top\"><span style=\"font-family: tahoma, arial, helvetica, sans-serif\">INTED\u00caNCIA MUNICIPAL DE SANTO ANT\u00d4NIO DA PALMEIRA. Relat\u00f3rio de 1918. Apresentando ao Concelho Municipal da Palmeira em 15 de junho de 1918 pelo intendente Dr. Ant\u00f4nio de Azambuja Villanova Netto, off. Do \u201cOfficinas Typographicas d\u2019 \u201cA Palmeira\u201d, Santo Ant\u00f4nio da Palmeira, 1918.<\/span><\/td>\n<\/tr>\n<\/tbody>\n<\/table>\n<p>&nbsp;<\/p>\n<table border=\"0\" width=\"513\">\n<tbody>\n<tr>\n<td style=\"width: 200px\"><a href=\"https:\/\/wp.ufpel.edu.br\/ceihe\/files\/2018\/02\/1-11.jpg\"><img class=\"alignleft size-thumbnail wp-image-1402\" src=\"https:\/\/wp.ufpel.edu.br\/ceihe\/files\/2018\/02\/1-11-200x200.jpg\" alt=\"\" width=\"200\" height=\"200\" \/><\/a><\/td>\n<td style=\"vertical-align: top\"><span style=\"font-family: tahoma, arial, helvetica, sans-serif\">INTED\u00caNCIA MUNICIPAL DE SANTO ANT\u00d4NIO DA PALMEIRA. Relat\u00f3rio de 1919. Apresentando ao Concelho Municipal da Palmeira em 20 de outubro de 1919 pelo intendente Dr. Ant\u00f4nio de Azambuja Villanova Netto, off. Do \u201cOfficinas Typographicas d\u2019 \u201cA Palmeira\u201d, Santo Ant\u00f4nio da Palmeira, 1920.<\/span><\/td>\n<\/tr>\n<\/tbody>\n<\/table>\n<p>&nbsp;<\/p>\n<table border=\"0\" width=\"513\">\n<tbody>\n<tr>\n<td style=\"width: 200px\"><a href=\"https:\/\/wp.ufpel.edu.br\/ceihe\/files\/2018\/02\/1-12.jpg\"><img class=\"alignleft size-thumbnail wp-image-1403\" src=\"https:\/\/wp.ufpel.edu.br\/ceihe\/files\/2018\/02\/1-12-200x200.jpg\" alt=\"\" width=\"200\" height=\"200\" \/><\/a><\/td>\n<td style=\"vertical-align: top\">\u00a0<span style=\"font-family: tahoma, arial, helvetica, sans-serif\">INTED\u00caNCIA MUNICIPAL DE SANTO ANT\u00d4NIO DA PALMEIRA. Relat\u00f3rio de 1920. Apresentando ao Concelho Municipal da Palmeira em 20 e 23 de outubro de 1920 pelo vice intendente Tenente-Coronel Vicente da Silva Machado e Major Adolpho Teixeira do Amaral, off. Do \u201cD\u2019 A Impressora\u201d, Santo Ant\u00f4nio da Palmeira, 1921.<\/span><\/td>\n<\/tr>\n<\/tbody>\n<\/table>\n<p>&nbsp;<\/p>\n<table border=\"0\" width=\"513\">\n<tbody>\n<tr>\n<td style=\"width: 200px\"><a href=\"https:\/\/wp.ufpel.edu.br\/ceihe\/files\/2018\/02\/1-13.jpg\"><img class=\"alignleft size-thumbnail wp-image-1405\" src=\"https:\/\/wp.ufpel.edu.br\/ceihe\/files\/2018\/02\/1-13-200x200.jpg\" alt=\"\" width=\"200\" height=\"200\" \/><\/a><\/td>\n<td style=\"vertical-align: top\"><span style=\"font-family: tahoma, arial, helvetica, sans-serif\">INTED\u00caNCIA MUNICIPAL DE SANTO ANT\u00d4NIO DA PALMEIRA. Relat\u00f3rio de 1921. Apresentando ao Concelho Municipal da Palmeira em 20 de outubro de 1921 pelo intendente Major Adolpho Teixeira do Amaral, off. Do \u201cA Impressora\u201d, Santo Ant\u00f4nio da Palmeira, 1922.<\/span><\/td>\n<\/tr>\n<\/tbody>\n<\/table>\n<p>&nbsp;<\/p>\n<table border=\"0\" width=\"513\">\n<tbody>\n<tr>\n<td style=\"width: 200px\"><a href=\"https:\/\/wp.ufpel.edu.br\/ceihe\/files\/2018\/02\/1-14.jpg\"><img class=\"alignleft size-thumbnail wp-image-1406\" src=\"https:\/\/wp.ufpel.edu.br\/ceihe\/files\/2018\/02\/1-14-200x200.jpg\" alt=\"\" width=\"200\" height=\"200\" \/><\/a><\/td>\n<td style=\"vertical-align: top\"><span style=\"font-family: tahoma, arial, helvetica, sans-serif\">INTED\u00caNCIA MUNICIPAL DE SANTO ANT\u00d4NIO DA PALMEIRA. Relat\u00f3rio de 1922. Apresentando ao Concelho Municipal da Palmeira em 20 de outubro de 1922 pelo intendente Major Adolpho Teixeira do Amaral, off. Do \u201cA Impressora\u201d, Santo Ant\u00f4nio da Palmeira, 1923.<\/span><\/td>\n<\/tr>\n<\/tbody>\n<\/table>\n<p>&nbsp;<\/p>\n<table border=\"0\" width=\"513\">\n<tbody>\n<tr>\n<td style=\"width: 200px\"><a href=\"https:\/\/wp.ufpel.edu.br\/ceihe\/files\/2018\/02\/1-15.jpg\"><img class=\"alignleft size-thumbnail wp-image-1407\" src=\"https:\/\/wp.ufpel.edu.br\/ceihe\/files\/2018\/02\/1-15-200x200.jpg\" alt=\"\" width=\"200\" height=\"200\" \/><\/a><\/td>\n<td style=\"vertical-align: top\"><span style=\"font-family: tahoma, arial, helvetica, sans-serif\">INTED\u00caNCIA MUNICIPAL DE SANTO ANT\u00d4NIO DA PALMEIRA. Relat\u00f3rio de 1928. Apresentando ao Concelho Municipal da Palmeira em 20 de outubro de 1928 pelo intendente Engenheiro Civil Frederico Westphalen, off. Do \u201cLiv. Candal e Hostin\u201d.<\/span><\/td>\n<\/tr>\n<\/tbody>\n<\/table>\n<p><\/p>\n","protected":false},"excerpt":{"rendered":"<p>&nbsp; INTED\u00caNCIA MUNICIPAL DE SANTO ANT\u00d4NIO DA PALMEIRA. Relat\u00f3rio de 1887. Apresentado em Assembleia Legislativa Provincial pela C\u00e2mara Municipal, off. Do \u201cOfficinas Typograficas do Conversador\u201d, Porto Alegre, 1887. &nbsp; INTED\u00caNCIA MUNICIPAL DE SANTO ANT\u00d4NIO DA PALMEIRA. Relat\u00f3rio de 1889. Relat\u00f3rio de 1889. Apresentado a Assembleia Legislativa Provincial, off. Do \u201cOfficinas Typograficas do Conversador\u201d, Porto Alegre, [&hellip;]<\/p>\n","protected":false},"author":777,"featured_media":0,"parent":0,"menu_order":0,"comment_status":"closed","ping_status":"closed","template":"","meta":{"footnotes":""},"class_list":["post-1388","page","type-page","status-publish","hentry"],"_links":{"self":[{"href":"https:\/\/wp.ufpel.edu.br\/ceihe\/wp-json\/wp\/v2\/pages\/1388","targetHints":{"allow":["GET"]}}],"collection":[{"href":"https:\/\/wp.ufpel.edu.br\/ceihe\/wp-json\/wp\/v2\/pages"}],"about":[{"href":"https:\/\/wp.ufpel.edu.br\/ceihe\/wp-json\/wp\/v2\/types\/page"}],"author":[{"embeddable":true,"href":"https:\/\/wp.ufpel.edu.br\/ceihe\/wp-json\/wp\/v2\/users\/777"}],"replies":[{"embeddable":true,"href":"https:\/\/wp.ufpel.edu.br\/ceihe\/wp-json\/wp\/v2\/comments?post=1388"}],"version-history":[{"count":3,"href":"https:\/\/wp.ufpel.edu.br\/ceihe\/wp-json\/wp\/v2\/pages\/1388\/revisions"}],"predecessor-version":[{"id":1408,"href":"https:\/\/wp.ufpel.edu.br\/ceihe\/wp-json\/wp\/v2\/pages\/1388\/revisions\/1408"}],"wp:attachment":[{"href":"https:\/\/wp.ufpel.edu.br\/ceihe\/wp-json\/wp\/v2\/media?parent=1388"}],"curies":[{"name":"wp","href":"https:\/\/api.w.org\/{rel}","templated":true}]}}