{"id":1358,"date":"2017-12-17T10:00:43","date_gmt":"2017-12-17T12:00:43","guid":{"rendered":"https:\/\/wp.ufpel.edu.br\/ceihe\/?page_id=1358"},"modified":"2017-12-17T10:27:47","modified_gmt":"2017-12-17T12:27:47","slug":"santa-casa-de-misericordia","status":"publish","type":"page","link":"https:\/\/wp.ufpel.edu.br\/ceihe\/santa-casa-de-misericordia\/","title":{"rendered":"Santa Casa de Miseric\u00f3rdia"},"content":{"rendered":"<table border=\"0\" width=\"513\">\n<tbody>\n<tr>\n<td style=\"width: 200px\"><a href=\"https:\/\/wp.ufpel.edu.br\/ceihe\/files\/2017\/12\/1-1-FILEminimizer-1.jpg\"><img class=\"alignleft size-thumbnail wp-image-1361\" src=\"https:\/\/wp.ufpel.edu.br\/ceihe\/files\/2017\/12\/1-1-FILEminimizer-1-200x200.jpg\" alt=\"\" width=\"200\" height=\"200\" \/><\/a><\/td>\n<td style=\"vertical-align: top\">\n<p>&nbsp;<\/p>\n<p><span style=\"font-family: tahoma, arial, helvetica, sans-serif\">SANTA CASA DA MISERIC\u00d3RDIA do Rio de Janeiro . Relat\u00f3rio 1866.\u00a0 Apresentado pelo Provedor Conselheiro Antonio Rodrigues Fernandes Braga na posse do Provedor eleito Conselheiro Zacarias de G\u00f3es e Vasconcellos.\u00a0 Typographia De Jo\u00e3o Ign\u00e1cio Da Silva, Rio de Janeiro, 1866.<\/span><\/p>\n<p>&nbsp;<\/td>\n<\/tr>\n<\/tbody>\n<\/table>\n<p>&nbsp;<\/p>\n<table border=\"0\" width=\"513\">\n<tbody>\n<tr>\n<td style=\"width: 200px\"><a href=\"https:\/\/wp.ufpel.edu.br\/ceihe\/files\/2017\/12\/1-2-FILEminimizer-1.jpg\"><img class=\"alignleft size-thumbnail wp-image-1362\" src=\"https:\/\/wp.ufpel.edu.br\/ceihe\/files\/2017\/12\/1-2-FILEminimizer-1-200x200.jpg\" alt=\"\" width=\"200\" height=\"200\" \/><\/a><\/td>\n<td style=\"vertical-align: top\">\n<p>&nbsp;<\/p>\n<p><span style=\"font-family: tahoma, arial, helvetica, sans-serif\">SANTA CASA DA MISERIC\u00d3RDIA de Porto Alegre. Regimento Interno, 1867. Organizado pelo Provedor Marechal Luiz Manuel De Lima e Silva. Typ. Do Jornal do Commercio, Porto Alegre. 1867.<\/span><\/p>\n<p>&nbsp;<\/td>\n<\/tr>\n<\/tbody>\n<\/table>\n<p>&nbsp;<\/p>\n<table border=\"0\" width=\"513\">\n<tbody>\n<tr>\n<td style=\"width: 200px\"><a href=\"https:\/\/wp.ufpel.edu.br\/ceihe\/files\/2017\/12\/1-3-FILEminimizer.jpg\"><img class=\"alignleft size-thumbnail wp-image-1363\" src=\"https:\/\/wp.ufpel.edu.br\/ceihe\/files\/2017\/12\/1-3-FILEminimizer-200x200.jpg\" alt=\"\" width=\"200\" height=\"200\" \/><\/a><\/td>\n<td style=\"vertical-align: top\">\n<p>&nbsp;<\/p>\n<p><span style=\"font-family: tahoma, arial, helvetica, sans-serif\">SANTA CASA DA MISERIC\u00d3RDIA do Rio de Janeiro. Relat\u00f3rio 1867.\u00a0 Apresentado pelo Provedor Conselheiro Zacarias de G\u00f3es e Vasconcellos.\u00a0 Typographia De Jo\u00e3o Ign\u00e1cio Da Silva, Rio de Janeiro, 1867.<\/span><\/p>\n<p>&nbsp;<\/td>\n<\/tr>\n<\/tbody>\n<\/table>\n<p>&nbsp;<\/p>\n<table border=\"0\" width=\"513\">\n<tbody>\n<tr>\n<td style=\"width: 200px\"><a href=\"https:\/\/wp.ufpel.edu.br\/ceihe\/files\/2017\/12\/1-4-FILEminimizer.jpg\"><img class=\"alignleft size-thumbnail wp-image-1364\" src=\"https:\/\/wp.ufpel.edu.br\/ceihe\/files\/2017\/12\/1-4-FILEminimizer-200x200.jpg\" alt=\"\" width=\"200\" height=\"200\" \/><\/a><\/td>\n<td style=\"vertical-align: top\">\n<p>&nbsp;<\/p>\n<p><span style=\"font-family: tahoma, arial, helvetica, sans-serif\">SANTA CASA DA MISERIC\u00d3RDIA do Rio de Janeiro. Relat\u00f3rio 1869. \u00a0Apresentado pelo Provedor Conselheiro Zacarias de G\u00f3es e Vasconcellos.\u00a0 Typographia De Jo\u00e3o Ign\u00e1cio Da Silva, Rio de Janeiro, 1869.<\/span><\/p>\n<p>&nbsp;<\/td>\n<\/tr>\n<\/tbody>\n<\/table>\n<p>&nbsp;<\/p>\n<table border=\"0\" width=\"513\">\n<tbody>\n<tr>\n<td style=\"width: 200px\"><a href=\"https:\/\/wp.ufpel.edu.br\/ceihe\/files\/2017\/12\/1-5-FILEminimizer.jpg\"><img class=\"alignleft size-thumbnail wp-image-1365\" src=\"https:\/\/wp.ufpel.edu.br\/ceihe\/files\/2017\/12\/1-5-FILEminimizer-200x200.jpg\" alt=\"\" width=\"200\" height=\"200\" \/><\/a><\/td>\n<td style=\"vertical-align: top\">\n<p>&nbsp;<\/p>\n<p><span style=\"font-family: tahoma, arial, helvetica, sans-serif\">SANTA CASA DE MISERIC\u00d3RDIA da Capital da Prov\u00edncia do Rio Grande do Sul. Relat\u00f3rio 1873.\u00a0 Acompanhado pelo demonstrativo de receitas e despesas do estabelecimento e das reparti\u00e7\u00f5es dos expostos e cemit\u00e9rio.\u00a0 Apresentado pelo Provedor, Jose Antonio Coelho Junior. Typ. Do Rio-Grandense, Porto Alegre, 1873. \u00a0\u00a0\u00a0\u00a0\u00a0\u00a0\u00a0<\/span><\/p>\n<p>&nbsp;<\/td>\n<\/tr>\n<\/tbody>\n<\/table>\n<p>&nbsp;<\/p>\n<table border=\"0\" width=\"513\">\n<tbody>\n<tr>\n<td style=\"width: 200px\"><a href=\"https:\/\/wp.ufpel.edu.br\/ceihe\/files\/2017\/12\/1-6-FILEminimizer.jpg\"><img class=\"alignleft size-thumbnail wp-image-1366\" src=\"https:\/\/wp.ufpel.edu.br\/ceihe\/files\/2017\/12\/1-6-FILEminimizer-200x200.jpg\" alt=\"\" width=\"200\" height=\"200\" \/><\/a><\/td>\n<td style=\"vertical-align: top\">\n<p>&nbsp;<\/p>\n<p><span style=\"font-family: tahoma, arial, helvetica, sans-serif\">SANTA CASA DE MISERIC\u00d3RDIA da Capital da Prov\u00edncia do Rio Grande do Sul. Relat\u00f3rio 1874.\u00a0 Acompanhado pelo demonstrativo de receitas e despesas do estabelecimento e das reparti\u00e7\u00f5es dos expostos e cemit\u00e9rio.\u00a0 Apresentado pelo Provedor, Jose Antonio Coelho Junior. Typ. do Mercantil , Porto Alegre, 1874.<\/span><\/p>\n<p>&nbsp;<\/p>\n<p>&nbsp;<\/td>\n<\/tr>\n<\/tbody>\n<\/table>\n<p>&nbsp;<\/p>\n<table border=\"0\" width=\"513\">\n<tbody>\n<tr>\n<td style=\"width: 200px\"><a href=\"https:\/\/wp.ufpel.edu.br\/ceihe\/files\/2017\/12\/1-7-FILEminimizer.jpg\"><img class=\"alignleft size-thumbnail wp-image-1367\" src=\"https:\/\/wp.ufpel.edu.br\/ceihe\/files\/2017\/12\/1-7-FILEminimizer-200x200.jpg\" alt=\"\" width=\"200\" height=\"200\" \/><\/a><\/td>\n<td>\n<p>&nbsp;<\/p>\n<p>SANTA CASA DE MISERIC\u00d3RDIA da Capital da Prov\u00edncia do Rio Grande do Sul. Relat\u00f3rio 1874.\u00a0 Acompanhado pelo demonstrativo de receitas e despesas do estabelecimento e das reparti\u00e7\u00f5es dos expostos e cemit\u00e9rio.\u00a0 Apresentado pelo Provedor, Jose Antonio Coelho Junior. Typ. do Mercantil , Porto Alegre, 1874.<\/p>\n<p>&nbsp;<\/p>\n<p>&nbsp;<\/td>\n<\/tr>\n<\/tbody>\n<\/table>\n<p>&nbsp;<\/p>\n<table border=\"0\" width=\"513\">\n<tbody>\n<tr>\n<td style=\"width: 200px\"><a href=\"https:\/\/wp.ufpel.edu.br\/ceihe\/files\/2017\/12\/1-8-FILEminimizer.jpg\"><img class=\"alignleft size-thumbnail wp-image-1368\" src=\"https:\/\/wp.ufpel.edu.br\/ceihe\/files\/2017\/12\/1-8-FILEminimizer-200x200.jpg\" alt=\"\" width=\"200\" height=\"200\" \/><\/a><\/td>\n<td style=\"vertical-align: top\">\n<p>&nbsp;<\/p>\n<p><span style=\"font-family: tahoma, arial, helvetica, sans-serif\">SANTA CASA DE MISERIC\u00d3RDIA da Cidade de S\u00e3o Paulo. Primeiro Relat\u00f3rio, 1875. 2\u00aa edi\u00e7\u00e3o 1909, Typographia e Lithographia A. P. Andrade, S\u00e3o Paulo, 1909.<\/span><\/p>\n<p>&nbsp;<\/p>\n<p>&nbsp;<\/td>\n<\/tr>\n<\/tbody>\n<\/table>\n<p>&nbsp;<\/p>\n<table border=\"0\" width=\"513\">\n<tbody>\n<tr>\n<td style=\"width: 200px\"><a href=\"https:\/\/wp.ufpel.edu.br\/ceihe\/files\/2017\/12\/1-9-FILEminimizer.jpg\"><img class=\"alignleft size-thumbnail wp-image-1369\" src=\"https:\/\/wp.ufpel.edu.br\/ceihe\/files\/2017\/12\/1-9-FILEminimizer-200x200.jpg\" alt=\"\" width=\"200\" height=\"200\" \/><\/a><\/td>\n<td style=\"vertical-align: top\">\n<p>&nbsp;<\/p>\n<p><span style=\"font-family: tahoma, arial, helvetica, sans-serif\">SANTA CASA DA MISERIC\u00d3RDIA do Rio de Janeiro. Receitas e Despesas ano compromissal de 1874 a 1875, e Or\u00e7amento para o ano compromissal de 1875 a 1876. Typographia De Jo\u00e3o Ign\u00e1cio Da Silva, Rio de Janeiro, 1875.<\/span><\/p>\n<p>&nbsp;<\/p>\n<p>&nbsp;<\/td>\n<\/tr>\n<\/tbody>\n<\/table>\n<p>&nbsp;<\/p>\n<table border=\"0\" width=\"513\">\n<tbody>\n<tr>\n<td style=\"width: 200px\"><a href=\"https:\/\/wp.ufpel.edu.br\/ceihe\/files\/2017\/12\/1-10-FILEminimizer.jpg\"><img class=\"alignleft size-thumbnail wp-image-1370\" src=\"https:\/\/wp.ufpel.edu.br\/ceihe\/files\/2017\/12\/1-10-FILEminimizer-200x200.jpg\" alt=\"\" width=\"200\" height=\"200\" \/><\/a><\/td>\n<td style=\"vertical-align: top\">\n<p>&nbsp;<\/p>\n<p><span style=\"font-family: tahoma, arial, helvetica, sans-serif\">SANTA CASA DE MISERIC\u00d3RDIA da Capital da Prov\u00edncia do Rio Grande do Sul.\u00a0 Relat\u00f3rio 1875.\u00a0 Acompanhado pelo demonstrativo de receitas e despesas do estabelecimento e das reparti\u00e7\u00f5es dos expostos e cemit\u00e9rio.\u00a0 Apresentado pelo Provedor, Jose Antonio Coelho Junior. Typographia do Rio-Grandense, Porto Alegre, 1875.<\/span><\/p>\n<p>&nbsp;<\/p>\n<p>&nbsp;<\/td>\n<\/tr>\n<\/tbody>\n<\/table>\n<p>&nbsp;<\/p>\n<table border=\"0\" width=\"513\">\n<tbody>\n<tr>\n<td style=\"width: 200px\"><a href=\"https:\/\/wp.ufpel.edu.br\/ceihe\/files\/2017\/12\/1-11-FILEminimizer-1.jpg\"><img class=\"alignleft size-thumbnail wp-image-1371\" src=\"https:\/\/wp.ufpel.edu.br\/ceihe\/files\/2017\/12\/1-11-FILEminimizer-1-200x200.jpg\" alt=\"\" width=\"200\" height=\"200\" \/><\/a><\/td>\n<td style=\"vertical-align: top\">\n<p>&nbsp;<\/p>\n<p><span style=\"font-family: tahoma, arial, helvetica, sans-serif\">SANTA CASA DE MISERIC\u00d3RDIA da Capital da Prov\u00edncia do Rio Grande do Sul. Relat\u00f3rio 1876.\u00a0 Acompanhado pelo demonstrativo de receitas e despesas do estabelecimento e das reparti\u00e7\u00f5es dos expostos e cemit\u00e9rio.\u00a0 Apresentado pelo Provedor, Jose Antonio Coelho Junior. Typographia do Jornal do Com\u00e9rcio, Porto Alegre, 1876.<\/span><\/p>\n<p>&nbsp;<\/p>\n<p>&nbsp;<\/td>\n<\/tr>\n<\/tbody>\n<\/table>\n<p>&nbsp;<\/p>\n<table border=\"0\" width=\"513\">\n<tbody>\n<tr>\n<td style=\"width: 200px\"><a href=\"https:\/\/wp.ufpel.edu.br\/ceihe\/files\/2017\/12\/1-12-FILEminimizer.jpg\"><img class=\"alignleft size-thumbnail wp-image-1372\" src=\"https:\/\/wp.ufpel.edu.br\/ceihe\/files\/2017\/12\/1-12-FILEminimizer-200x200.jpg\" alt=\"\" width=\"200\" height=\"200\" \/><\/a><\/td>\n<td style=\"vertical-align: top\">\n<p>&nbsp;<\/p>\n<p><span style=\"font-family: tahoma, arial, helvetica, sans-serif\">SANTA CASA DA MISERIC\u00d3RDIA do Rio de Janeiro. Receitas e Despesas ano compromissal de 1876 a 1877, e Or\u00e7amento para o ano compromissal de 1877 a 1878. Typographia De Jo\u00e3o Ign\u00e1cio Da Silva, Rio de Janeiro, 1877.<\/span><\/p>\n<p>&nbsp;<\/p>\n<p>&nbsp;<\/td>\n<\/tr>\n<\/tbody>\n<\/table>\n<p>&nbsp;<\/p>\n<table border=\"0\" width=\"513\">\n<tbody>\n<tr>\n<td style=\"width: 200px\"><a href=\"https:\/\/wp.ufpel.edu.br\/ceihe\/files\/2017\/12\/1-13-FILEminimizer.jpg\"><img class=\"alignleft size-thumbnail wp-image-1373\" src=\"https:\/\/wp.ufpel.edu.br\/ceihe\/files\/2017\/12\/1-13-FILEminimizer-200x200.jpg\" alt=\"\" width=\"200\" height=\"200\" \/><\/a><\/td>\n<td style=\"vertical-align: top\">\n<p>&nbsp;<\/p>\n<p><span style=\"font-family: tahoma, arial, helvetica, sans-serif\">SANTA CASA DE MISERIC\u00d3RDIA da Capital da Prov\u00edncia do Rio Grande do Sul.\u00a0 Relat\u00f3rio 1877.\u00a0 Acompanhado pelo demonstrativo de receitas e despesas do estabelecimento e das reparti\u00e7\u00f5es dos expostos e cemit\u00e9rio.\u00a0 Apresentado pelo Provedor, Jose Antonio Coelho Junior. Typographia da Deutsche Zeitung, Porto Alegre, 1877.<\/span><\/p>\n<p>&nbsp;<\/p>\n<p>&nbsp;<\/td>\n<\/tr>\n<\/tbody>\n<\/table>\n<p>&nbsp;<\/p>\n<table border=\"0\" width=\"513\">\n<tbody>\n<tr>\n<td style=\"width: 200px\"><a href=\"https:\/\/wp.ufpel.edu.br\/ceihe\/files\/2017\/12\/1-14-FILEminimizer.jpg\"><img class=\"alignleft size-thumbnail wp-image-1374\" src=\"https:\/\/wp.ufpel.edu.br\/ceihe\/files\/2017\/12\/1-14-FILEminimizer-200x200.jpg\" alt=\"\" width=\"200\" height=\"200\" \/><\/a><\/td>\n<td style=\"vertical-align: top\">\n<p>&nbsp;<\/p>\n<p><span style=\"font-family: tahoma, arial, helvetica, sans-serif\">SANTA CASA DA MISERIC\u00d3RDIA do Rio de Janeiro. Relat\u00f3rio anos compromissares 1873-1874 a 1876-1877. Apresentado pelo Provedor Conselheiro Zacarias de G\u00f3es e Vasconcellos. Typographia Do Apostolado, Rio de Janeiro, 1877.<\/span><\/p>\n<p>&nbsp;<\/p>\n<p>&nbsp;<\/td>\n<\/tr>\n<\/tbody>\n<\/table>\n<p>&nbsp;<\/p>\n<table border=\"0\" width=\"513\">\n<tbody>\n<tr>\n<td style=\"width: 200px\"><a href=\"https:\/\/wp.ufpel.edu.br\/ceihe\/files\/2017\/12\/1-15-FILEminimizer.jpg\"><img class=\"alignleft size-thumbnail wp-image-1375\" src=\"https:\/\/wp.ufpel.edu.br\/ceihe\/files\/2017\/12\/1-15-FILEminimizer-200x200.jpg\" alt=\"\" width=\"200\" height=\"200\" \/><\/a><\/td>\n<td style=\"vertical-align: top\">\n<p>&nbsp;<\/p>\n<p><span style=\"font-family: tahoma, arial, helvetica, sans-serif\">SANTA CASA DE MISERIC\u00d3RDIA da Capital da Prov\u00edncia do Rio Grande do Sul. Relat\u00f3rio 1872.\u00a0 Acompanhado pelo demonstrativo de receitas e despesas do estabelecimento e das reparti\u00e7\u00f5es dos expostos e cemit\u00e9rio.\u00a0 Apresentado pelo Provedor, Jose Antonio Coelho Junior. Typographia da Deutsche Zeitung, Porto Alegre, 1878.<\/span><\/p>\n<p>&nbsp;<\/p>\n<p>&nbsp;<\/td>\n<\/tr>\n<\/tbody>\n<\/table>\n<p>&nbsp;<\/p>\n<table border=\"0\" width=\"513\">\n<tbody>\n<tr>\n<td style=\"width: 200px\"><a href=\"https:\/\/wp.ufpel.edu.br\/ceihe\/files\/2017\/12\/1-16-FILEminimizer.jpg\"><img class=\"alignleft size-thumbnail wp-image-1376\" src=\"https:\/\/wp.ufpel.edu.br\/ceihe\/files\/2017\/12\/1-16-FILEminimizer-200x200.jpg\" alt=\"\" width=\"200\" height=\"200\" \/><\/a><\/td>\n<td style=\"vertical-align: top\">\n<p>&nbsp;<\/p>\n<p><span style=\"font-family: tahoma, arial, helvetica, sans-serif\">SANTA CASA DE MISERIC\u00d3RDIA da Capital da Prov\u00edncia do Rio Grande do Sul. Relat\u00f3rio 1880.\u00a0 Acompanhado pelo demonstrativo de receitas e despesas do estabelecimento e das reparti\u00e7\u00f5es dos expostos e cemit\u00e9rio, Apresentado pelo Provedor, Jose Antonio Coelho Junior. Typographia\u00a0 da Deutsche Zeitung, Porto Alegre, 1880.<\/span><\/p>\n<p>&nbsp;<\/p>\n<p>&nbsp;<\/td>\n<\/tr>\n<\/tbody>\n<\/table>\n<p>&nbsp;<\/p>\n<table border=\"0\" width=\"513\">\n<tbody>\n<tr>\n<td style=\"width: 200px\"><a href=\"https:\/\/wp.ufpel.edu.br\/ceihe\/files\/2017\/12\/1-17-FILEminimizer.jpg\"><img class=\"alignleft size-thumbnail wp-image-1377\" src=\"https:\/\/wp.ufpel.edu.br\/ceihe\/files\/2017\/12\/1-17-FILEminimizer-200x200.jpg\" alt=\"\" width=\"200\" height=\"200\" \/><\/a><\/td>\n<td style=\"vertical-align: top\">\n<p>&nbsp;<\/p>\n<p><span style=\"font-family: tahoma, arial, helvetica, sans-serif\">SANTA CASA DE MISERIC\u00d3RDIA de Porto Alegre. Relat\u00f3rio 1882. Acompanhado pelo demonstrativo de receitas e despesas do estabelecimento e das reparti\u00e7\u00f5es dos expostos e cemit\u00e9rio.\u00a0 Apresentado pelo Provedor, Jose Ferreira Dos Santos da Silva e pelo Escriv\u00e3o Francisco Antonio Borges Lima. Typographia\u00a0 a Vapor\u00a0 de\u00a0 Gundlach e C&amp;A, Porto Alegre, 1882.<\/span><\/p>\n<p>&nbsp;<\/p>\n<p>&nbsp;<\/td>\n<\/tr>\n<\/tbody>\n<\/table>\n<p>&nbsp;<\/p>\n<table border=\"0\" width=\"513\">\n<tbody>\n<tr>\n<td style=\"width: 200px\"><a href=\"https:\/\/wp.ufpel.edu.br\/ceihe\/files\/2017\/12\/1-18-FILEminimizer.jpg\"><img class=\"alignleft size-thumbnail wp-image-1378\" src=\"https:\/\/wp.ufpel.edu.br\/ceihe\/files\/2017\/12\/1-18-FILEminimizer-200x200.jpg\" alt=\"\" width=\"200\" height=\"200\" \/><\/a><\/td>\n<td style=\"vertical-align: top\">\n<p>&nbsp;<\/p>\n<p><span style=\"font-family: tahoma, arial, helvetica, sans-serif\">SANTA CASA DE MISERIC\u00d3RDIA de Porto Alegre. Relat\u00f3rio 1890. Apresentado pelo Provedor Interino, Jos\u00e9 Pedro Alves. Officinas Typographia D\u2019A\u00a0 Federa\u00e7\u00e3o, Porto Alegre, 1891.<\/span><\/p>\n<p>&nbsp;<\/p>\n<p>&nbsp;<\/td>\n<\/tr>\n<\/tbody>\n<\/table>\n<p>&nbsp;<\/p>\n<table border=\"0\" width=\"513\">\n<tbody>\n<tr>\n<td style=\"width: 200px\"><a href=\"https:\/\/wp.ufpel.edu.br\/ceihe\/files\/2017\/12\/1-19-FILEminimizer.jpg\"><img class=\"alignleft size-thumbnail wp-image-1379\" src=\"https:\/\/wp.ufpel.edu.br\/ceihe\/files\/2017\/12\/1-19-FILEminimizer-200x200.jpg\" alt=\"\" width=\"200\" height=\"200\" \/><\/a><\/td>\n<td style=\"vertical-align: top\">\n<p>&nbsp;<\/p>\n<p><span style=\"font-family: tahoma, arial, helvetica, sans-serif\">SANTA CASA DE MISERIC\u00d3RDIA de Porto Alegre. Relat\u00f3rio 1898. Apresentado pelo Provedor Tenente Coronel. Antonio Soares Barcellos. Typographia a vapor da livraria do Globo, Porto Alegre, 1898.<\/span><\/p>\n<p>&nbsp;<\/p>\n<p>&nbsp;<\/td>\n<\/tr>\n<\/tbody>\n<\/table>\n<p>&nbsp;<\/p>\n<table border=\"0\" width=\"513\">\n<tbody>\n<tr>\n<td style=\"width: 200px\"><a href=\"https:\/\/wp.ufpel.edu.br\/ceihe\/files\/2017\/12\/1-20-FILEminimizer.jpg\"><img class=\"alignleft size-thumbnail wp-image-1380\" src=\"https:\/\/wp.ufpel.edu.br\/ceihe\/files\/2017\/12\/1-20-FILEminimizer-200x200.jpg\" alt=\"\" width=\"200\" height=\"200\" \/><\/a><\/td>\n<td style=\"vertical-align: top\">\n<p>&nbsp;<\/p>\n<p><span style=\"font-family: tahoma, arial, helvetica, sans-serif\">SANTA CASA DE MISERIC\u00d3RDIA de Porto Alegre. Relat\u00f3rio 1899. Apresentado pelo Provedor Tenente Coronel. Antonio Soares Barcellos. Typographia a vapor da livraria do Globo, Porto Alegre, 1899.<\/span><\/p>\n<p>&nbsp;<\/p>\n<p>&nbsp;<\/td>\n<\/tr>\n<\/tbody>\n<\/table>\n<p>&nbsp;<\/p>\n<table border=\"0\" width=\"513\">\n<tbody>\n<tr>\n<td style=\"width: 200px\"><a href=\"https:\/\/wp.ufpel.edu.br\/ceihe\/files\/2017\/12\/1-21-FILEminimizer.jpg\"><img class=\"alignleft size-thumbnail wp-image-1381\" src=\"https:\/\/wp.ufpel.edu.br\/ceihe\/files\/2017\/12\/1-21-FILEminimizer-200x200.jpg\" alt=\"\" width=\"200\" height=\"200\" \/><\/a><\/td>\n<td style=\"vertical-align: top\">\n<p>&nbsp;<\/p>\n<p><span style=\"font-family: tahoma, arial, helvetica, sans-serif\">SANTA CASA DE MISERIC\u00d3RDIA de Porto Alegre. Relat\u00f3rio 1906. Apresentado pelo Provedor Tenente Coronel. Antonio Soares Barcellos. Livraria do Globo, Porto Alegre, 1906.\u00a0<\/span><\/p>\n<p>&nbsp;<\/p>\n<p>&nbsp;<\/td>\n<\/tr>\n<\/tbody>\n<\/table>\n<p>&nbsp;<\/p>\n<table border=\"0\" width=\"513\">\n<tbody>\n<tr>\n<td style=\"width: 200px\"><a href=\"https:\/\/wp.ufpel.edu.br\/ceihe\/files\/2017\/12\/1-21-FILEminimizer.jpg\"><img class=\"alignleft size-thumbnail wp-image-1381\" src=\"https:\/\/wp.ufpel.edu.br\/ceihe\/files\/2017\/12\/1-21-FILEminimizer-200x200.jpg\" alt=\"\" width=\"200\" height=\"200\" \/><\/a><\/td>\n<td style=\"vertical-align: top\">\n<p>&nbsp;<\/p>\n<p><span style=\"font-family: tahoma, arial, helvetica, sans-serif\">SANTA CASA DE CARIDADE de Bag\u00e9. Relat\u00f3rio 1913. Apresentado pelo Provedor Dr. Jos\u00e9 Francisco de Freitas. Typographia e encaderna\u00e7\u00e3o do pavo, Bag\u00e9, 1914.\u00a0<\/span><\/p>\n<p>&nbsp;<\/p>\n<p>&nbsp;<\/td>\n<\/tr>\n<\/tbody>\n<\/table>\n<p>&nbsp;<\/p>\n<table border=\"0\" width=\"513\">\n<tbody>\n<tr>\n<td style=\"width: 200px\"><a href=\"https:\/\/wp.ufpel.edu.br\/ceihe\/files\/2017\/12\/1-23-FILEminimizer.jpg\"><img class=\"alignleft size-thumbnail wp-image-1382\" src=\"https:\/\/wp.ufpel.edu.br\/ceihe\/files\/2017\/12\/1-23-FILEminimizer-200x200.jpg\" alt=\"\" width=\"200\" height=\"200\" \/><\/a><\/td>\n<td style=\"vertical-align: top\">\n<p>&nbsp;<\/p>\n<p><span style=\"font-family: tahoma, arial, helvetica, sans-serif\">SANTA CASA DE CARIDADE de Bag\u00e9. Relat\u00f3rio 1911. Apresentado pelo provedor Dr. Jos\u00e9 Francisco de Freitas. Typographia do jornal do pato, Bag\u00e9,1911.<\/span><\/p>\n<p>&nbsp;<\/p>\n<p>&nbsp;<\/td>\n<\/tr>\n<\/tbody>\n<\/table>\n<p>&nbsp;<\/p>\n","protected":false},"excerpt":{"rendered":"<p>&nbsp; SANTA CASA DA MISERIC\u00d3RDIA do Rio de Janeiro . Relat\u00f3rio 1866.\u00a0 Apresentado pelo Provedor Conselheiro Antonio Rodrigues Fernandes Braga na posse do Provedor eleito Conselheiro Zacarias de G\u00f3es e Vasconcellos.\u00a0 Typographia De Jo\u00e3o Ign\u00e1cio Da Silva, Rio de Janeiro, 1866. &nbsp; &nbsp; &nbsp; SANTA CASA DA MISERIC\u00d3RDIA de Porto Alegre. Regimento Interno, 1867. Organizado [&hellip;]<\/p>\n","protected":false},"author":777,"featured_media":0,"parent":0,"menu_order":0,"comment_status":"closed","ping_status":"closed","template":"","meta":{"footnotes":""},"class_list":["post-1358","page","type-page","status-publish","hentry"],"_links":{"self":[{"href":"https:\/\/wp.ufpel.edu.br\/ceihe\/wp-json\/wp\/v2\/pages\/1358","targetHints":{"allow":["GET"]}}],"collection":[{"href":"https:\/\/wp.ufpel.edu.br\/ceihe\/wp-json\/wp\/v2\/pages"}],"about":[{"href":"https:\/\/wp.ufpel.edu.br\/ceihe\/wp-json\/wp\/v2\/types\/page"}],"author":[{"embeddable":true,"href":"https:\/\/wp.ufpel.edu.br\/ceihe\/wp-json\/wp\/v2\/users\/777"}],"replies":[{"embeddable":true,"href":"https:\/\/wp.ufpel.edu.br\/ceihe\/wp-json\/wp\/v2\/comments?post=1358"}],"version-history":[{"count":4,"href":"https:\/\/wp.ufpel.edu.br\/ceihe\/wp-json\/wp\/v2\/pages\/1358\/revisions"}],"predecessor-version":[{"id":1384,"href":"https:\/\/wp.ufpel.edu.br\/ceihe\/wp-json\/wp\/v2\/pages\/1358\/revisions\/1384"}],"wp:attachment":[{"href":"https:\/\/wp.ufpel.edu.br\/ceihe\/wp-json\/wp\/v2\/media?parent=1358"}],"curies":[{"name":"wp","href":"https:\/\/api.w.org\/{rel}","templated":true}]}}