{"id":1346,"date":"2017-12-17T09:52:22","date_gmt":"2017-12-17T11:52:22","guid":{"rendered":"https:\/\/wp.ufpel.edu.br\/ceihe\/?page_id=1346"},"modified":"2018-02-14T18:26:14","modified_gmt":"2018-02-14T20:26:14","slug":"lagoa-vermelha-2","status":"publish","type":"page","link":"https:\/\/wp.ufpel.edu.br\/ceihe\/lagoa-vermelha-2\/","title":{"rendered":"Lagoa Vermelha"},"content":{"rendered":"<table border=\"0\" width=\"513\">\n<tbody>\n<tr>\n<td style=\"width: 200px\"><a href=\"https:\/\/wp.ufpel.edu.br\/ceihe\/files\/2017\/12\/1-1-FILEminimizer.jpg\"><img class=\"alignleft size-thumbnail wp-image-1348\" src=\"https:\/\/wp.ufpel.edu.br\/ceihe\/files\/2017\/12\/1-1-FILEminimizer-200x200.jpg\" alt=\"\" width=\"200\" height=\"200\" \/><\/a><\/td>\n<td style=\"vertical-align: top\">\n<p>&nbsp;<\/p>\n<p><span style=\"font-family: tahoma, arial, helvetica, sans-serif\">MUNIC\u00cdPIO DE LAGOA VERMELHA. Relat\u00f3rio apresentado ao Conselho Municipal em 1\u00ba de novembro de 1918 pelo intendente Tenente Coronel Maximiliano de Almeida \u2013 Lei n\u00ba 39 de 1\u00ba de novembro de 1918 \u2013 Or\u00e7amento da receita e despesa do Munic\u00edpio de Lagoa Vermelha. Officinas gr\u00e1ficas d\u2019A Federa\u00e7\u00e3o, Porto Alegre, 1918.<\/span><\/p>\n<p>&nbsp;<\/td>\n<\/tr>\n<\/tbody>\n<\/table>\n<p>&nbsp;<\/p>\n<table border=\"0\" width=\"513\">\n<tbody>\n<tr>\n<td style=\"width: 200px\"><a href=\"https:\/\/wp.ufpel.edu.br\/ceihe\/files\/2017\/12\/1-2-FILEminimizer.jpg\"><img class=\"alignleft size-thumbnail wp-image-1350\" src=\"https:\/\/wp.ufpel.edu.br\/ceihe\/files\/2017\/12\/1-2-FILEminimizer-200x200.jpg\" alt=\"\" width=\"200\" height=\"200\" \/><\/a><\/td>\n<td style=\"vertical-align: top\">\n<p>&nbsp;<\/p>\n<p><span style=\"font-family: tahoma, arial, helvetica, sans-serif\">MUNIC\u00cdPIO DE LAGOA VERMELHA. Relat\u00f3rio apresentado ao Conselho Municipal em 1921 pelo engenheiro Sylvio Barbedo. Officinas gr\u00e1ficas d\u2019A Federa\u00e7\u00e3o, Porto Alegre, 1922.<\/span><\/p>\n<p>&nbsp;<\/td>\n<\/tr>\n<\/tbody>\n<\/table>\n<p>&nbsp;<\/p>\n<table border=\"0\" width=\"513\">\n<tbody>\n<tr>\n<td style=\"width: 200px\"><a href=\"https:\/\/wp.ufpel.edu.br\/ceihe\/files\/2018\/02\/1-4-2.jpg\"><img class=\"alignleft size-thumbnail wp-image-1473\" src=\"https:\/\/wp.ufpel.edu.br\/ceihe\/files\/2018\/02\/1-4-2-200x200.jpg\" alt=\"\" width=\"200\" height=\"200\" \/><\/a><\/td>\n<td style=\"vertical-align: top\">\n<p>&nbsp;<\/p>\n<p><span style=\"font-family: tahoma, arial, helvetica, sans-serif\">INTEND\u00caNCIA MUNICIPAL DE LAGOA VERMELHA. Relat\u00f3rio de 1905. Apresentado ao Concelho Municipal por Carlos de Oliveira Machado, off. Do \u201cTyp. Central\u201d, Bento Gon\u00e7alves, 1905.<\/span><\/p>\n<p>&nbsp;<\/td>\n<\/tr>\n<\/tbody>\n<\/table>\n<p><\/p>\n","protected":false},"excerpt":{"rendered":"<p>&nbsp; MUNIC\u00cdPIO DE LAGOA VERMELHA. Relat\u00f3rio apresentado ao Conselho Municipal em 1\u00ba de novembro de 1918 pelo intendente Tenente Coronel Maximiliano de Almeida \u2013 Lei n\u00ba 39 de 1\u00ba de novembro de 1918 \u2013 Or\u00e7amento da receita e despesa do Munic\u00edpio de Lagoa Vermelha. Officinas gr\u00e1ficas d\u2019A Federa\u00e7\u00e3o, Porto Alegre, 1918. &nbsp; &nbsp; &nbsp; MUNIC\u00cdPIO [&hellip;]<\/p>\n","protected":false},"author":777,"featured_media":0,"parent":0,"menu_order":0,"comment_status":"closed","ping_status":"closed","template":"","meta":{"footnotes":""},"class_list":["post-1346","page","type-page","status-publish","hentry"],"_links":{"self":[{"href":"https:\/\/wp.ufpel.edu.br\/ceihe\/wp-json\/wp\/v2\/pages\/1346","targetHints":{"allow":["GET"]}}],"collection":[{"href":"https:\/\/wp.ufpel.edu.br\/ceihe\/wp-json\/wp\/v2\/pages"}],"about":[{"href":"https:\/\/wp.ufpel.edu.br\/ceihe\/wp-json\/wp\/v2\/types\/page"}],"author":[{"embeddable":true,"href":"https:\/\/wp.ufpel.edu.br\/ceihe\/wp-json\/wp\/v2\/users\/777"}],"replies":[{"embeddable":true,"href":"https:\/\/wp.ufpel.edu.br\/ceihe\/wp-json\/wp\/v2\/comments?post=1346"}],"version-history":[{"count":4,"href":"https:\/\/wp.ufpel.edu.br\/ceihe\/wp-json\/wp\/v2\/pages\/1346\/revisions"}],"predecessor-version":[{"id":1474,"href":"https:\/\/wp.ufpel.edu.br\/ceihe\/wp-json\/wp\/v2\/pages\/1346\/revisions\/1474"}],"wp:attachment":[{"href":"https:\/\/wp.ufpel.edu.br\/ceihe\/wp-json\/wp\/v2\/media?parent=1346"}],"curies":[{"name":"wp","href":"https:\/\/api.w.org\/{rel}","templated":true}]}}