{"id":1301,"date":"2017-12-15T20:07:00","date_gmt":"2017-12-15T22:07:00","guid":{"rendered":"https:\/\/wp.ufpel.edu.br\/ceihe\/?page_id=1301"},"modified":"2017-12-15T21:55:32","modified_gmt":"2017-12-15T23:55:32","slug":"piratini","status":"publish","type":"page","link":"https:\/\/wp.ufpel.edu.br\/ceihe\/piratini\/","title":{"rendered":"Piratini"},"content":{"rendered":"<table border=\"0\" width=\"513\">\n<tbody>\n<tr>\n<td style=\"width: 200px\"><a href=\"https:\/\/wp.ufpel.edu.br\/ceihe\/files\/2017\/12\/1-2-10.jpg\"><img class=\"alignleft size-thumbnail wp-image-1308\" src=\"https:\/\/wp.ufpel.edu.br\/ceihe\/files\/2017\/12\/1-2-10-200x200.jpg\" alt=\"\" width=\"200\" height=\"200\" \/><\/a><\/td>\n<td style=\"vertical-align: top\">\n<p>&nbsp;<\/p>\n<p><span style=\"font-family: tahoma, arial, helvetica, sans-serif\">MUNIC\u00cdPIO DE PIRATINY \u2013 Lei org\u00e2nica reformada e decretada pelo conselho municipal em 24 de janeiro de 1898 \u2013 Livraria Commercial, Pelotas.<\/span><\/p>\n<p>&nbsp;<\/td>\n<\/tr>\n<\/tbody>\n<\/table>\n<p>&nbsp;<\/p>\n<table border=\"0\" width=\"513\">\n<tbody>\n<tr>\n<td style=\"width: 200px\"><a href=\"https:\/\/wp.ufpel.edu.br\/ceihe\/files\/2017\/12\/1-3-6.jpg\"><img class=\"alignleft size-thumbnail wp-image-1309\" src=\"https:\/\/wp.ufpel.edu.br\/ceihe\/files\/2017\/12\/1-3-6-200x200.jpg\" alt=\"\" width=\"200\" height=\"200\" \/><\/a><\/td>\n<td style=\"vertical-align: top\">\n<p>&nbsp;<\/p>\n<p><span style=\"font-family: tahoma, arial, helvetica, sans-serif\">MUNIC\u00cdPIO DE PIRATINY \u2013 Lei org\u00e2nica reformada e decretada pelo conselho municipal em 24 de janeiro de 1898 \u2013 Livraria Commercial, Pelotas, 1903.<\/span><\/p>\n<p>&nbsp;<\/td>\n<\/tr>\n<\/tbody>\n<\/table>\n<p>&nbsp;<\/p>\n<table border=\"0\" width=\"513\">\n<tbody>\n<tr>\n<td style=\"width: 200px\"><a href=\"https:\/\/wp.ufpel.edu.br\/ceihe\/files\/2017\/12\/1-4-7.jpg\"><img class=\"alignleft size-thumbnail wp-image-1310\" src=\"https:\/\/wp.ufpel.edu.br\/ceihe\/files\/2017\/12\/1-4-7-200x200.jpg\" alt=\"\" width=\"200\" height=\"200\" \/><\/a><\/td>\n<td style=\"vertical-align: top\">\n<p>&nbsp;<\/p>\n<p><span style=\"font-family: tahoma, arial, helvetica, sans-serif\">MUNIC\u00cdPIO DE PIRATINY \u2013 Or\u00e7amento para o exerc\u00edcio de 1900 \u2013 Lei n\u00ba 7 de 3 de outubro de 1899 \u2013 Officinas a vapor da Livraria Commercial, Pelotas, 1899.<\/span><\/p>\n<p>&nbsp;<\/td>\n<\/tr>\n<\/tbody>\n<\/table>\n<p>&nbsp;<\/p>\n<table border=\"0\" width=\"513\">\n<tbody>\n<tr>\n<td style=\"width: 200px\"><a href=\"https:\/\/wp.ufpel.edu.br\/ceihe\/files\/2017\/12\/1-5-5.jpg\"><img class=\"alignleft size-thumbnail wp-image-1311\" src=\"https:\/\/wp.ufpel.edu.br\/ceihe\/files\/2017\/12\/1-5-5-200x200.jpg\" alt=\"\" width=\"200\" height=\"200\" \/><\/a><\/td>\n<td style=\"vertical-align: top\">\n<p>&nbsp;<\/p>\n<p><span style=\"font-family: tahoma, arial, helvetica, sans-serif\">INTEND\u00caNCIA MUNICIPAL DE PIRATINY \u2013 Or\u00e7amento da receita e despeza para o exerc\u00edcio de 1901 \u2013 Officinas a vapor da Livraria Commercial, Pelotas, 1900.<\/span><\/p>\n<p>&nbsp;<\/td>\n<\/tr>\n<\/tbody>\n<\/table>\n<p>&nbsp;<\/p>\n<table border=\"0\" width=\"513\">\n<tbody>\n<tr>\n<td style=\"width: 200px\"><a href=\"https:\/\/wp.ufpel.edu.br\/ceihe\/files\/2017\/12\/1-6-5.jpg\"><img class=\"alignleft size-thumbnail wp-image-1312\" src=\"https:\/\/wp.ufpel.edu.br\/ceihe\/files\/2017\/12\/1-6-5-200x200.jpg\" alt=\"\" width=\"200\" height=\"200\" \/><\/a><\/td>\n<td style=\"vertical-align: top\">\n<p>&nbsp;<\/p>\n<p><span style=\"font-family: tahoma, arial, helvetica, sans-serif\">INTEND\u00caNCIA MUNICIPAL DE PIRATINY \u2013 Or\u00e7amento da receita e despeza para o exerc\u00edcio de 1902 \u2013 Officinas a vapor da Livraria Commercial, 1902.<\/span><\/p>\n<p>&nbsp;<\/td>\n<\/tr>\n<\/tbody>\n<\/table>\n<p>&nbsp;<\/p>\n<table border=\"0\" width=\"513\">\n<tbody>\n<tr>\n<td style=\"width: 200px\"><a href=\"https:\/\/wp.ufpel.edu.br\/ceihe\/files\/2017\/12\/1-7-5.jpg\"><img class=\"alignleft size-thumbnail wp-image-1313\" src=\"https:\/\/wp.ufpel.edu.br\/ceihe\/files\/2017\/12\/1-7-5-200x200.jpg\" alt=\"\" width=\"200\" height=\"200\" \/><\/a><\/td>\n<td style=\"vertical-align: top\">\n<p>&nbsp;<\/p>\n<p><span style=\"font-family: tahoma, arial, helvetica, sans-serif\">MUNIC\u00cdPIO DE PIRATINY \u2013 Or\u00e7amento para o exerc\u00edcio de 1904 \u2013 Lei n\u00ba 14 de 10 de outubro de 1903 \u2013 Officinas a vapor da Livraria Universal de Echenique irm\u00e3o e C., Pelotas, 1903.<\/span><\/p>\n<p>&nbsp;<\/td>\n<\/tr>\n<\/tbody>\n<\/table>\n<p>&nbsp;<\/p>\n<table border=\"0\" width=\"513\">\n<tbody>\n<tr>\n<td style=\"width: 200px\"><a href=\"https:\/\/wp.ufpel.edu.br\/ceihe\/files\/2017\/12\/1-8-4.jpg\"><img class=\"alignleft size-thumbnail wp-image-1314\" src=\"https:\/\/wp.ufpel.edu.br\/ceihe\/files\/2017\/12\/1-8-4-200x200.jpg\" alt=\"\" width=\"200\" height=\"200\" \/><\/a><\/td>\n<td style=\"vertical-align: top\">\n<p>&nbsp;<\/p>\n<p><span style=\"font-family: tahoma, arial, helvetica, sans-serif\">INTEND\u00caNCIA MUNICIPAL DE PIRATINY \u2013 Or\u00e7amento para o exerc\u00edcio de 1905 \u2013 Lei n\u00ba 15 de 20 de outubro de 1904 \u2013 Officinas a vapor da Livraria Universal de Echenique irm\u00e3o e C., Pelotas, 1905.<\/span><\/p>\n<p>&nbsp;<\/td>\n<\/tr>\n<\/tbody>\n<\/table>\n<p>&nbsp;<\/p>\n<table border=\"0\" width=\"513\">\n<tbody>\n<tr>\n<td style=\"width: 200px\"><a href=\"https:\/\/wp.ufpel.edu.br\/ceihe\/files\/2017\/12\/1-9-4.jpg\"><img class=\"alignleft size-thumbnail wp-image-1315\" src=\"https:\/\/wp.ufpel.edu.br\/ceihe\/files\/2017\/12\/1-9-4-200x200.jpg\" alt=\"\" width=\"200\" height=\"200\" \/><\/a><\/td>\n<td>\n<p>&nbsp;<\/p>\n<p><span style=\"font-family: tahoma, arial, helvetica, sans-serif\">INTEND\u00caNCIA MUNICIPAL DE PIRATINY \u2013 Or\u00e7amento para o exerc\u00edcio de 1906 \u2013 Lei n\u00ba 19 de 4 de outubro de 1905 \u2013 Officinas a vapor da Livraria Universal de Echenique irm\u00e3o e C., Pelotas, 1905.<\/span><\/p>\n<p>&nbsp;<\/td>\n<\/tr>\n<\/tbody>\n<\/table>\n<p>&nbsp;<\/p>\n<table border=\"0\" width=\"513\">\n<tbody>\n<tr>\n<td style=\"width: 200px\"><a href=\"https:\/\/wp.ufpel.edu.br\/ceihe\/files\/2017\/12\/1-10-3.jpg\"><img class=\"alignleft size-thumbnail wp-image-1316\" src=\"https:\/\/wp.ufpel.edu.br\/ceihe\/files\/2017\/12\/1-10-3-200x200.jpg\" alt=\"\" width=\"200\" height=\"200\" \/><\/a><\/td>\n<td style=\"vertical-align: top\">\n<p>&nbsp;<\/p>\n<p><span style=\"font-family: tahoma, arial, helvetica, sans-serif\">INTEND\u00caNCIA MUNICIPAL DE PIRATINY \u2013 Or\u00e7amento para o exerc\u00edcio de 1907 \u2013 Lei n\u00ba 2__ de 5 de outubro de 1906 \u2013 Officinas a vapor da Livraria Universal de Echenique irm\u00e3o e C., Pelotas, 1906.<\/span><\/p>\n<p>&nbsp;<\/td>\n<\/tr>\n<\/tbody>\n<\/table>\n<p>&nbsp;<\/p>\n<table border=\"0\" width=\"513\">\n<tbody>\n<tr>\n<td style=\"width: 200px\"><a href=\"https:\/\/wp.ufpel.edu.br\/ceihe\/files\/2017\/12\/1-11-2.jpg\"><img class=\"alignleft size-thumbnail wp-image-1317\" src=\"https:\/\/wp.ufpel.edu.br\/ceihe\/files\/2017\/12\/1-11-2-200x200.jpg\" alt=\"\" width=\"200\" height=\"200\" \/><\/a><\/td>\n<td style=\"vertical-align: top\">\n<p>&nbsp;<\/p>\n<p><span style=\"font-family: tahoma, arial, helvetica, sans-serif\">INTEND\u00caNCIA MUNICIPAL DE PIRATINY \u2013 Or\u00e7amento para o exerc\u00edcio de 1909 \u2013 Lei n\u00ba 25 de 20 de outubro de 1908 \u2013 Officinas a vapor da Livraria Commercial, Pelotas, 1908.<\/span><\/p>\n<p>&nbsp;<\/td>\n<\/tr>\n<\/tbody>\n<\/table>\n<p>&nbsp;<\/p>\n<table border=\"0\" width=\"513\">\n<tbody>\n<tr>\n<td style=\"width: 200px\"><a href=\"https:\/\/wp.ufpel.edu.br\/ceihe\/files\/2017\/12\/1-12-1.jpg\"><img class=\"alignleft size-thumbnail wp-image-1318\" src=\"https:\/\/wp.ufpel.edu.br\/ceihe\/files\/2017\/12\/1-12-1-200x200.jpg\" alt=\"\" width=\"200\" height=\"200\" \/><\/a><\/td>\n<td style=\"vertical-align: top\">\n<p>&nbsp;<\/p>\n<p><span style=\"font-family: tahoma, arial, helvetica, sans-serif\">INTEND\u00caNCIA MUNICIPAL DE PIRATINY \u2013 Or\u00e7amento para o exerc\u00edcio de 1908 \u2013 Lei n\u00ba 23 de 11 de outubro de 1907 \u2013 Officinas a vapor da Livraria Universal de Echenique irm\u00e3o e C., Pelotas.<\/span><\/p>\n<p>&nbsp;<\/td>\n<\/tr>\n<\/tbody>\n<\/table>\n<p>&nbsp;<\/p>\n<table border=\"0\" width=\"513\">\n<tbody>\n<tr>\n<td style=\"width: 200px\"><a href=\"https:\/\/wp.ufpel.edu.br\/ceihe\/files\/2017\/12\/1-13-1.jpg\"><img class=\"alignleft size-thumbnail wp-image-1319\" src=\"https:\/\/wp.ufpel.edu.br\/ceihe\/files\/2017\/12\/1-13-1-200x200.jpg\" alt=\"\" width=\"200\" height=\"200\" \/><\/a><\/td>\n<td style=\"vertical-align: top\">\n<p>&nbsp;<\/p>\n<p><span style=\"font-family: tahoma, arial, helvetica, sans-serif\">INTEND\u00caNCIA MUNICIPAL DE PIRATINY \u2013 Or\u00e7amento para o exerc\u00edcio de 1910 \u2013 Lei n\u00ba 27 de 18 de outubro de 1909 \u2013 Officinas a vapor da Livraria Universal de Echenique irm\u00e3o e C., Pelotas.<\/span><\/p>\n<p>&nbsp;<\/td>\n<\/tr>\n<\/tbody>\n<\/table>\n<p>&nbsp;<\/p>\n<table border=\"0\" width=\"513\">\n<tbody>\n<tr>\n<td style=\"width: 200px\"><a href=\"https:\/\/wp.ufpel.edu.br\/ceihe\/files\/2017\/12\/1-14-1.jpg\"><img class=\"alignleft size-thumbnail wp-image-1320\" src=\"https:\/\/wp.ufpel.edu.br\/ceihe\/files\/2017\/12\/1-14-1-200x200.jpg\" alt=\"\" width=\"200\" height=\"200\" \/><\/a><\/td>\n<td style=\"vertical-align: top\">\n<p>&nbsp;<\/p>\n<p><span style=\"font-family: tahoma, arial, helvetica, sans-serif\">MUNIC\u00cdPIO DE PIRATINY. Relat\u00f3rio apresentado ao conselho municipal pelo intendente C<sup>el <\/sup>Gervasio Alves Pereira Sobrinho em 20 setembro de 1914 \u2013 Lei or\u00e7amentaria para o exerc\u00edcio de 1915 \u2013 Livraria Americana, Rio Grande.<\/span><\/p>\n<p>&nbsp;<\/td>\n<\/tr>\n<\/tbody>\n<\/table>\n<p>&nbsp;<\/p>\n<table border=\"0\" width=\"513\">\n<tbody>\n<tr>\n<td style=\"width: 200px\"><a href=\"https:\/\/wp.ufpel.edu.br\/ceihe\/files\/2017\/12\/1-15-1.jpg\"><img class=\"alignleft size-thumbnail wp-image-1321\" src=\"https:\/\/wp.ufpel.edu.br\/ceihe\/files\/2017\/12\/1-15-1-200x200.jpg\" alt=\"\" width=\"200\" height=\"200\" \/><\/a><\/td>\n<td style=\"vertical-align: top\">\n<p>&nbsp;<\/p>\n<p><span style=\"font-family: tahoma, arial, helvetica, sans-serif\">MUNIC\u00cdPIO DE PIRATINY. Relat\u00f3rio apresentado ao conselho municipal pelo intendente C<sup>el <\/sup>Gervasio Alves Pereira Sobrinho em 20 setembro de 1915 \u2013 Lei or\u00e7amentaria para o exerc\u00edcio de 1916 \u2013 Off. Typ. Do Diario, Pelotas.<\/span><\/p>\n<p>&nbsp;<\/td>\n<\/tr>\n<\/tbody>\n<\/table>\n<p>&nbsp;<\/p>\n<table border=\"0\" width=\"513\">\n<tbody>\n<tr>\n<td style=\"width: 200px\"><a href=\"https:\/\/wp.ufpel.edu.br\/ceihe\/files\/2017\/12\/1-16-2.jpg\"><img class=\"alignleft size-thumbnail wp-image-1322\" src=\"https:\/\/wp.ufpel.edu.br\/ceihe\/files\/2017\/12\/1-16-2-200x200.jpg\" alt=\"\" width=\"200\" height=\"200\" \/><\/a><\/td>\n<td style=\"vertical-align: top\">\n<p>&nbsp;<\/p>\n<p><span style=\"font-family: tahoma, arial, helvetica, sans-serif\">MUNIC\u00cdPIO DE PIRATINY. Relat\u00f3rio apresentado ao conselho municipal pelo intendente C<sup>el <\/sup>Gervasio Alves Pereira Sobrinho em 20 setembro de 1916 \u2013 Lei or\u00e7amentaria para o exerc\u00edcio de 1917 \u2013 Officinas de obras Diario Popular, Pelotas.<\/span><\/p>\n<p>&nbsp;<\/td>\n<\/tr>\n<\/tbody>\n<\/table>\n<p>&nbsp;<\/p>\n<table border=\"0\" width=\"513\">\n<tbody>\n<tr>\n<td style=\"width: 200px\"><a href=\"https:\/\/wp.ufpel.edu.br\/ceihe\/files\/2017\/12\/1-17.jpg\"><img class=\"alignleft size-thumbnail wp-image-1323\" src=\"https:\/\/wp.ufpel.edu.br\/ceihe\/files\/2017\/12\/1-17-200x200.jpg\" alt=\"\" width=\"200\" height=\"200\" \/><\/a><\/td>\n<td style=\"vertical-align: top\">\n<p>&nbsp;<\/p>\n<p><span style=\"font-family: tahoma, arial, helvetica, sans-serif\">MUNIC\u00cdPIO DE PIRATINY \u2013 Lei Eleitoral n\u00ba 43 de 17 de junho de 1916 em 20 setembro de 1915 \u2013 Lei or\u00e7amentaria para o exerc\u00edcio de 1916 \u2013 Officinas typ. Do Diario Popular, Pelotas.<\/span><\/p>\n<p>&nbsp;<\/td>\n<\/tr>\n<\/tbody>\n<\/table>\n<p>&nbsp;<\/p>\n<table border=\"0\" width=\"513\">\n<tbody>\n<tr>\n<td style=\"width: 200px\"><a href=\"https:\/\/wp.ufpel.edu.br\/ceihe\/files\/2017\/12\/1-18.jpg\"><img class=\"alignleft size-thumbnail wp-image-1324\" src=\"https:\/\/wp.ufpel.edu.br\/ceihe\/files\/2017\/12\/1-18-200x200.jpg\" alt=\"\" width=\"200\" height=\"200\" \/><\/a><\/td>\n<td style=\"vertical-align: top\">\n<p>&nbsp;<\/p>\n<p><span style=\"font-family: tahoma, arial, helvetica, sans-serif\">MUNIC\u00cdPIO DE PIRATINY. Relat\u00f3rio apresentado ao conselho municipal pelo intendente C<sup>el <\/sup>Gervasio Alves Pereira Sobrinho em 20 setembro de 1917 \u2013 Lei or\u00e7amentaria para o exerc\u00edcio de 1918 \u2013 Officinas de obras Diario Popular, Pelotas.<\/span><\/p>\n<p>&nbsp;<\/td>\n<\/tr>\n<\/tbody>\n<\/table>\n<p>&nbsp;<\/p>\n<table border=\"0\" width=\"513\">\n<tbody>\n<tr>\n<td style=\"width: 200px\"><a href=\"https:\/\/wp.ufpel.edu.br\/ceihe\/files\/2017\/12\/1-19.jpg\"><img class=\"alignleft size-thumbnail wp-image-1325\" src=\"https:\/\/wp.ufpel.edu.br\/ceihe\/files\/2017\/12\/1-19-200x200.jpg\" alt=\"\" width=\"200\" height=\"200\" \/><\/a><\/td>\n<td style=\"vertical-align: top\">\n<p>&nbsp;<\/p>\n<p><span style=\"font-family: tahoma, arial, helvetica, sans-serif\">MUNIC\u00cdPIO DE PIRATINY. Relat\u00f3rio apresentado ao conselho municipal pelo intendente Coronel Antero Pedroso d\u2019Oliveira lem 20 setembro de 1918 \u2013 Lei or\u00e7amentaria para o exerc\u00edcio de 1919 \u2013 Officinas gr\u00e1ficas d\u2019A Federa\u00e7\u00e3o, Porto Alegre, 1918.<\/span><\/p>\n<p>&nbsp;<\/td>\n<\/tr>\n<\/tbody>\n<\/table>\n<p>&nbsp;<\/p>\n<table border=\"0\" width=\"513\">\n<tbody>\n<tr>\n<td style=\"width: 200px\"><a href=\"https:\/\/wp.ufpel.edu.br\/ceihe\/files\/2017\/12\/1-20.jpg\"><img class=\"alignleft size-thumbnail wp-image-1326\" src=\"https:\/\/wp.ufpel.edu.br\/ceihe\/files\/2017\/12\/1-20-200x200.jpg\" alt=\"\" width=\"200\" height=\"200\" \/><\/a><\/td>\n<td style=\"vertical-align: top\">\n<p>&nbsp;<\/p>\n<p><span style=\"font-family: tahoma, arial, helvetica, sans-serif\">MUNIC\u00cdPIO DE PIRATINY. Relat\u00f3rio apresentado ao conselho municipal pelo intendente Coronel Antero Pedroso d\u2019Oliveira lem 20 setembro de 1919 \u2013 Lei do or\u00e7amento para 1920 \u2013 Officinas gr\u00e1ficas d\u2019A Federa\u00e7\u00e3o, Porto Alegre, 1919.<\/span><\/p>\n<p>&nbsp;<\/td>\n<\/tr>\n<\/tbody>\n<\/table>\n<p>&nbsp;<\/p>\n<table border=\"0\" width=\"513\">\n<tbody>\n<tr>\n<td style=\"width: 200px\"><a href=\"https:\/\/wp.ufpel.edu.br\/ceihe\/files\/2017\/12\/1-21.jpg\"><img class=\"alignleft size-thumbnail wp-image-1327\" src=\"https:\/\/wp.ufpel.edu.br\/ceihe\/files\/2017\/12\/1-21-200x200.jpg\" alt=\"\" width=\"200\" height=\"200\" \/><\/a><\/td>\n<td style=\"vertical-align: top\">\n<p>&nbsp;<\/p>\n<p><span style=\"font-family: tahoma, arial, helvetica, sans-serif\">MUNIC\u00cdPIO DE PIRATINY. Relat\u00f3rio apresentado ao conselho municipal pelo intendente Coronel Antero Pedroso d\u2019Oliveira lem 20 setembro de 1920 \u2013 Lei do or\u00e7amento para 1921 \u2013 Officinas gr\u00e1ficas d\u2019A Federa\u00e7\u00e3o, Porto Alegre, 1920.<\/span><\/p>\n<p>&nbsp;<\/td>\n<\/tr>\n<\/tbody>\n<\/table>\n<p>&nbsp;<\/p>\n<table border=\"0\" width=\"513\">\n<tbody>\n<tr>\n<td style=\"width: 200px\"><a href=\"https:\/\/wp.ufpel.edu.br\/ceihe\/files\/2017\/12\/1-22.jpg\"><img class=\"alignleft size-thumbnail wp-image-1328\" src=\"https:\/\/wp.ufpel.edu.br\/ceihe\/files\/2017\/12\/1-22-200x200.jpg\" alt=\"\" width=\"200\" height=\"200\" \/><\/a><\/td>\n<td style=\"vertical-align: top\">\n<p>&nbsp;<\/p>\n<p><span style=\"font-family: tahoma, arial, helvetica, sans-serif\">MUNIC\u00cdPIO DE PIRATINY \u2013 Acto n\u00ba 462 de 12 fevereiro de 1924 \u2013 Acto n\u00ba 463 de 12 fevereiro de 1924 \u2013 Lei n\u00ba 58 de 12 fevereiro de 1924 \u2013 Lei n\u00ba 59 de 12 fevereiro de 1924 \u2013 Or\u00e7amento da receita e depeza para o exerc\u00edcio de 1924 \u2013 Livraria do Globo, Porto Alegre, 1924.<\/span><\/p>\n<p>&nbsp;<\/td>\n<\/tr>\n<\/tbody>\n<\/table>\n<p>&nbsp;<\/p>\n<table border=\"0\" width=\"513\">\n<tbody>\n<tr>\n<td style=\"width: 200px\"><a href=\"https:\/\/wp.ufpel.edu.br\/ceihe\/files\/2017\/12\/1-23.jpg\"><img class=\"alignleft size-thumbnail wp-image-1329\" src=\"https:\/\/wp.ufpel.edu.br\/ceihe\/files\/2017\/12\/1-23-200x200.jpg\" alt=\"\" width=\"200\" height=\"200\" \/><\/a><\/td>\n<td style=\"vertical-align: top\">\n<p>&nbsp;<\/p>\n<p><span style=\"font-family: tahoma, arial, helvetica, sans-serif\">MUNIC\u00cdPIO DE PIRATINY \u2013 Acto n\u00ba 494 de 31 de dezembro de 1924 \u2013 Lei n\u00ba 60 de 25 de dezembro de 1924 \u2013 Or\u00e7amento da receita e depeza para o exerc\u00edcio de 1925 \u2013 Livraria do Globo, Pelotas, 1925.<\/span><\/p>\n<p>&nbsp;<\/td>\n<\/tr>\n<\/tbody>\n<\/table>\n<p>&nbsp;<\/p>\n<table border=\"0\" width=\"513\">\n<tbody>\n<tr>\n<td style=\"width: 200px\"><a href=\"https:\/\/wp.ufpel.edu.br\/ceihe\/files\/2017\/12\/1-24.jpg\"><img class=\"alignleft size-thumbnail wp-image-1330\" src=\"https:\/\/wp.ufpel.edu.br\/ceihe\/files\/2017\/12\/1-24-200x200.jpg\" alt=\"\" width=\"200\" height=\"200\" \/><\/a><\/td>\n<td style=\"vertical-align: top\">\n<p>&nbsp;<\/p>\n<p><span style=\"font-family: tahoma, arial, helvetica, sans-serif\">MUNIC\u00cdPIO DE PIRATINY. Mensagens apresentadas ao conselho municipal em 15 de janeiro e 15 de outubro de 1926 pelo intendente Paulo d\u2019Avila Pinheiro \u2013 Livraria do Globo, Pelotas, 1927.<\/span><\/p>\n<p>&nbsp;<\/td>\n<\/tr>\n<\/tbody>\n<\/table>\n<p>&nbsp;<\/p>\n<table border=\"0\" width=\"513\">\n<tbody>\n<tr>\n<td style=\"width: 200px\"><a href=\"https:\/\/wp.ufpel.edu.br\/ceihe\/files\/2017\/12\/1-25.jpg\"><img class=\"alignleft size-thumbnail wp-image-1331\" src=\"https:\/\/wp.ufpel.edu.br\/ceihe\/files\/2017\/12\/1-25-200x200.jpg\" alt=\"\" width=\"200\" height=\"200\" \/><\/a><\/td>\n<td style=\"vertical-align: top\">\n<p>&nbsp;<\/p>\n<p><span style=\"font-family: tahoma, arial, helvetica, sans-serif\">MUNIC\u00cdPIO DE PIRATINY \u2013 Acto n\u00ba 588 de 16 de novembro de 1927 \u2013 Lei n\u00ba 70 de 14 de novembro de 1927 \u2013 Acto n\u00ba 589 de 16 novembro de 1927 \u2013 Lei n\u00ba 71 de 14 de novembro de 1927 \u2013 Acto n\u00ba 590 de 16 novembro de 1927 \u2013 Livraria do Globo, Pelotas, 1928.<\/span><\/p>\n<p>&nbsp;<\/td>\n<\/tr>\n<\/tbody>\n<\/table>\n<p>&nbsp;<\/p>\n<table border=\"0\" width=\"513\">\n<tbody>\n<tr>\n<td style=\"width: 200px\"><a href=\"https:\/\/wp.ufpel.edu.br\/ceihe\/files\/2017\/12\/1-26.jpg\"><img class=\"alignleft size-thumbnail wp-image-1332\" src=\"https:\/\/wp.ufpel.edu.br\/ceihe\/files\/2017\/12\/1-26-200x200.jpg\" alt=\"\" width=\"200\" height=\"200\" \/><\/a><\/td>\n<td style=\"vertical-align: top\">\n<p>&nbsp;<\/p>\n<p><span style=\"font-family: tahoma, arial, helvetica, sans-serif\">MUNIC\u00cdPIO DE PIRATINY. Mensagens apresentadas ao conselho municipal pelo intendente Paulo d\u2019Avila Pinheiro em 20 de setembro de 1927 com os relat\u00f3rios do secret\u00e1rio do Thezouro e do secret\u00e1rio do munic\u00edpio \u2013 Livraria do Globo, Pelotas, 1926.<\/span><\/p>\n<p>&nbsp;<\/td>\n<\/tr>\n<\/tbody>\n<\/table>\n<p>&nbsp;<\/p>\n<table border=\"0\" width=\"513\">\n<tbody>\n<tr>\n<td><a href=\"https:\/\/wp.ufpel.edu.br\/ceihe\/files\/2017\/12\/1-27.jpg\"><img class=\"alignleft size-thumbnail wp-image-1333\" src=\"https:\/\/wp.ufpel.edu.br\/ceihe\/files\/2017\/12\/1-27-200x200.jpg\" alt=\"\" width=\"200\" height=\"200\" \/><\/a><\/td>\n<td style=\"vertical-align: top\">\n<p>&nbsp;<\/p>\n<p><span style=\"font-family: tahoma, arial, helvetica, sans-serif\">MUNIC\u00cdPIO DE PIRATINY. Mensagens de 1928.<\/span><\/p>\n<p>&nbsp;<\/td>\n<\/tr>\n<\/tbody>\n<\/table>\n<p>&nbsp;<\/p>\n<table border=\"0\" width=\"513\">\n<tbody>\n<tr>\n<td><a href=\"https:\/\/wp.ufpel.edu.br\/ceihe\/files\/2017\/12\/1-28.jpg\"><img class=\"alignleft size-thumbnail wp-image-1334\" src=\"https:\/\/wp.ufpel.edu.br\/ceihe\/files\/2017\/12\/1-28-200x200.jpg\" alt=\"\" width=\"200\" height=\"200\" \/><\/a><\/td>\n<td>\n<p>&nbsp;<\/p>\n<p><span style=\"font-family: tahoma, arial, helvetica, sans-serif\">MUNIC\u00cdPIO DE PIRATINY \u2013 Or\u00e7amento de 1929.<\/span><\/p>\n<p>&nbsp;<\/td>\n<\/tr>\n<\/tbody>\n<\/table>\n<p>&nbsp;<\/p>\n<table border=\"0\" width=\"513\">\n<tbody>\n<tr>\n<td><a href=\"https:\/\/wp.ufpel.edu.br\/ceihe\/files\/2017\/12\/1-29.jpg\"><img class=\"alignleft size-thumbnail wp-image-1335\" src=\"https:\/\/wp.ufpel.edu.br\/ceihe\/files\/2017\/12\/1-29-200x200.jpg\" alt=\"\" width=\"200\" height=\"200\" \/><\/a><\/td>\n<td>\n<p>&nbsp;<\/p>\n<p><span style=\"font-family: tahoma, arial, helvetica, sans-serif\">MUNIC\u00cdPIO DE PIRATINY. Mensagens de 1929.<\/span><\/p>\n<p>&nbsp;<\/td>\n<\/tr>\n<\/tbody>\n<\/table>\n<p>&nbsp;<\/p>\n<table border=\"0\" width=\"513\">\n<tbody>\n<tr>\n<td><a href=\"https:\/\/wp.ufpel.edu.br\/ceihe\/files\/2017\/12\/1-30.jpg\"><img class=\"alignleft size-thumbnail wp-image-1336\" src=\"https:\/\/wp.ufpel.edu.br\/ceihe\/files\/2017\/12\/1-30-200x200.jpg\" alt=\"\" width=\"200\" height=\"200\" \/><\/a><\/td>\n<td><span style=\"font-family: tahoma, arial, helvetica, sans-serif\">MUNIC\u00cdPIO DE PIRATINY\u2013 Or\u00e7amento de 1930.<\/span><\/td>\n<\/tr>\n<\/tbody>\n<\/table>\n<p>&nbsp;<\/p>\n<table border=\"0\" width=\"513\">\n<tbody>\n<tr>\n<td style=\"width: 200px\"><a href=\"https:\/\/wp.ufpel.edu.br\/ceihe\/files\/2017\/12\/1-31.jpg\"><img class=\"alignleft size-thumbnail wp-image-1337\" src=\"https:\/\/wp.ufpel.edu.br\/ceihe\/files\/2017\/12\/1-31-200x200.jpg\" alt=\"\" width=\"200\" height=\"200\" \/><\/a><\/td>\n<td style=\"vertical-align: top\"><span style=\"font-family: tahoma, arial, helvetica, sans-serif\">INTEND\u00caNCIA MUNICIPAL DE PIRATINY. Regulamento das secretarias e do pessoal da intend\u00eancia \u2013 Aprovado por acto n\u00ba 19 de 14 de agosto de 1930 pelo intendente Cel. Nicanos Rodrigues Barboza \u2013 Typ.20 de setembro, Cacimbinhas.<\/span><\/td>\n<\/tr>\n<\/tbody>\n<\/table>\n<p>&nbsp;<\/p>\n<table border=\"0\" width=\"513\">\n<tbody>\n<tr>\n<td style=\"width: 200px\"><a href=\"https:\/\/wp.ufpel.edu.br\/ceihe\/files\/2017\/12\/1-32.jpg\"><img class=\"alignleft size-thumbnail wp-image-1338\" src=\"https:\/\/wp.ufpel.edu.br\/ceihe\/files\/2017\/12\/1-32-200x200.jpg\" alt=\"\" width=\"200\" height=\"200\" \/><\/a><\/td>\n<td style=\"vertical-align: top\"><span style=\"font-family: tahoma, arial, helvetica, sans-serif\">MUNIC\u00cdPIO DE PIRATINY. Relat\u00f3rio apresentado pelo Cel. Nicanos Rodrigues Barboza em 32 de dezembro de 1931 ao Exmo. Snr. General Interventor Federal \u2013 Off. Typ. Diario Popular, Pelotas.<\/span><\/td>\n<\/tr>\n<\/tbody>\n<\/table>\n<p>&nbsp;<\/p>\n<table border=\"0\" width=\"513\">\n<tbody>\n<tr>\n<td style=\"width: 200px\"><a href=\"https:\/\/wp.ufpel.edu.br\/ceihe\/files\/2017\/12\/1-33.jpg\"><img class=\"alignleft size-thumbnail wp-image-1339\" src=\"https:\/\/wp.ufpel.edu.br\/ceihe\/files\/2017\/12\/1-33-200x200.jpg\" alt=\"\" width=\"200\" height=\"200\" \/><\/a><\/td>\n<td style=\"vertical-align: top\"><span style=\"font-family: tahoma, arial, helvetica, sans-serif\">MUNIC\u00cdPIO DE PIRATINI. Relat\u00f3rio apresentado ao Exmo. Snr. Gal. Jos\u00e9 A. Flores da Cunha pelo Cap. Egydio da Costa Rosa a 31 de dezembro de 1932 \u2013 Lei n\u00ba 58 que or\u00e7a a receita e fixa a despesa, no exerc\u00edcio de 1932 \u2013 Livraria do Globo, Pelotas.<\/span><\/td>\n<\/tr>\n<\/tbody>\n<\/table>\n<p>&nbsp;<\/p>\n","protected":false},"excerpt":{"rendered":"<p>&nbsp; MUNIC\u00cdPIO DE PIRATINY \u2013 Lei org\u00e2nica reformada e decretada pelo conselho municipal em 24 de janeiro de 1898 \u2013 Livraria Commercial, Pelotas. &nbsp; &nbsp; &nbsp; MUNIC\u00cdPIO DE PIRATINY \u2013 Lei org\u00e2nica reformada e decretada pelo conselho municipal em 24 de janeiro de 1898 \u2013 Livraria Commercial, Pelotas, 1903. &nbsp; &nbsp; &nbsp; MUNIC\u00cdPIO DE PIRATINY [&hellip;]<\/p>\n","protected":false},"author":777,"featured_media":0,"parent":0,"menu_order":0,"comment_status":"closed","ping_status":"closed","template":"","meta":{"footnotes":""},"class_list":["post-1301","page","type-page","status-publish","hentry"],"_links":{"self":[{"href":"https:\/\/wp.ufpel.edu.br\/ceihe\/wp-json\/wp\/v2\/pages\/1301","targetHints":{"allow":["GET"]}}],"collection":[{"href":"https:\/\/wp.ufpel.edu.br\/ceihe\/wp-json\/wp\/v2\/pages"}],"about":[{"href":"https:\/\/wp.ufpel.edu.br\/ceihe\/wp-json\/wp\/v2\/types\/page"}],"author":[{"embeddable":true,"href":"https:\/\/wp.ufpel.edu.br\/ceihe\/wp-json\/wp\/v2\/users\/777"}],"replies":[{"embeddable":true,"href":"https:\/\/wp.ufpel.edu.br\/ceihe\/wp-json\/wp\/v2\/comments?post=1301"}],"version-history":[{"count":4,"href":"https:\/\/wp.ufpel.edu.br\/ceihe\/wp-json\/wp\/v2\/pages\/1301\/revisions"}],"predecessor-version":[{"id":1341,"href":"https:\/\/wp.ufpel.edu.br\/ceihe\/wp-json\/wp\/v2\/pages\/1301\/revisions\/1341"}],"wp:attachment":[{"href":"https:\/\/wp.ufpel.edu.br\/ceihe\/wp-json\/wp\/v2\/media?parent=1301"}],"curies":[{"name":"wp","href":"https:\/\/api.w.org\/{rel}","templated":true}]}}