{"id":1276,"date":"2017-12-13T17:18:05","date_gmt":"2017-12-13T19:18:05","guid":{"rendered":"https:\/\/wp.ufpel.edu.br\/ceihe\/?page_id=1276"},"modified":"2017-12-13T17:25:46","modified_gmt":"2017-12-13T19:25:46","slug":"triumpho","status":"publish","type":"page","link":"https:\/\/wp.ufpel.edu.br\/ceihe\/triumpho\/","title":{"rendered":"Triumpho"},"content":{"rendered":"<table border=\"0\" width=\"513\">\n<tbody>\n<tr>\n<td style=\"width: 200px\"><a href=\"https:\/\/wp.ufpel.edu.br\/ceihe\/files\/2017\/12\/1-1-9.jpg\"><img class=\"alignleft size-thumbnail wp-image-1278\" src=\"https:\/\/wp.ufpel.edu.br\/ceihe\/files\/2017\/12\/1-1-9-200x200.jpg\" alt=\"\" width=\"200\" height=\"200\" \/><\/a><\/td>\n<td style=\"vertical-align: top\">\n<p>&nbsp;<\/p>\n<p><span style=\"font-family: tahoma, arial, helvetica, sans-serif\">MUNIC\u00cdPIO DE TRIUMPHO \u2013 Lei org\u00e2nica do Munic\u00edpio de Triumpho, Officinas a vapor da Livraria Americana, Porto Alegre, Pelotas e Rio Grande, 1895.<\/span><\/p>\n<p>&nbsp;<\/td>\n<\/tr>\n<\/tbody>\n<\/table>\n<p>&nbsp;<\/p>\n<table border=\"0\" width=\"513\">\n<tbody>\n<tr>\n<td style=\"width: 200px\"><a href=\"https:\/\/wp.ufpel.edu.br\/ceihe\/files\/2017\/12\/1-2-8.jpg\"><img class=\"alignleft size-thumbnail wp-image-1280\" src=\"https:\/\/wp.ufpel.edu.br\/ceihe\/files\/2017\/12\/1-2-8-200x200.jpg\" alt=\"\" width=\"200\" height=\"200\" \/><\/a><\/td>\n<td style=\"vertical-align: top\">\n<p>&nbsp;<\/p>\n<p><span style=\"font-family: tahoma, arial, helvetica, sans-serif\">INTEND\u00caNCIA MUNICIPAL DE TRIUMPHO \u2013 Or\u00e7amento da Receita e despesa do Munic\u00edpio de Triumpho, para o exerc\u00edcio de 1904, Officinas typographicas da Livraria Americana, Porto Alegre, 1904.<\/span><\/p>\n<p>&nbsp;<\/td>\n<\/tr>\n<\/tbody>\n<\/table>\n<p>&nbsp;<\/p>\n<table border=\"0\" width=\"513\">\n<tbody>\n<tr>\n<td style=\"width: 200px\"><a href=\"https:\/\/wp.ufpel.edu.br\/ceihe\/files\/2017\/12\/1-3-4.jpg\"><img class=\"alignleft size-thumbnail wp-image-1281\" src=\"https:\/\/wp.ufpel.edu.br\/ceihe\/files\/2017\/12\/1-3-4-200x200.jpg\" alt=\"\" width=\"200\" height=\"200\" \/><\/a><\/td>\n<td style=\"vertical-align: top\">\n<p>&nbsp;<\/p>\n<p><span style=\"font-family: tahoma, arial, helvetica, sans-serif\">MUNIC\u00cdPIO DE TRIUMPHO \u2013 Or\u00e7amento da Receita e despesa do Munic\u00edpio de Triumpho, para o exerc\u00edcio de 1907, Officinas typographicas da Livraria Americana, Porto Alegre, 1907.<\/span><\/p>\n<p>&nbsp;<\/td>\n<\/tr>\n<\/tbody>\n<\/table>\n<p>&nbsp;<\/p>\n<table border=\"0\" width=\"513\">\n<tbody>\n<tr>\n<td style=\"width: 200px\"><a href=\"https:\/\/wp.ufpel.edu.br\/ceihe\/files\/2017\/12\/1-4-5.jpg\"><img class=\"alignleft size-thumbnail wp-image-1282\" src=\"https:\/\/wp.ufpel.edu.br\/ceihe\/files\/2017\/12\/1-4-5-200x200.jpg\" alt=\"\" width=\"200\" height=\"200\" \/><\/a><\/td>\n<td style=\"vertical-align: top\">\n<p>&nbsp;<\/p>\n<p><span style=\"font-family: tahoma, arial, helvetica, sans-serif\">MUNIC\u00cdPIO DE TRIUMPHO \u2013 Or\u00e7amento da Receita e despesa do Munic\u00edpio de Triumpho, para o exerc\u00edcio de 1906, Officinas typographicas da Livraria Americana, Porto Alegre, 1905.<\/span><\/p>\n<p>&nbsp;<\/td>\n<\/tr>\n<\/tbody>\n<\/table>\n<p>&nbsp;<\/p>\n<table border=\"0\" width=\"513\">\n<tbody>\n<tr>\n<td style=\"width: 200px\"><a href=\"https:\/\/wp.ufpel.edu.br\/ceihe\/files\/2017\/12\/1-5-4.jpg\"><img class=\"alignleft size-thumbnail wp-image-1283\" src=\"https:\/\/wp.ufpel.edu.br\/ceihe\/files\/2017\/12\/1-5-4-200x200.jpg\" alt=\"\" width=\"200\" height=\"200\" \/><\/a><\/td>\n<td style=\"vertical-align: top\">\n<p>&nbsp;<\/p>\n<p><span style=\"font-family: tahoma, arial, helvetica, sans-serif\">MUNIC\u00cdPIO DE TRIUMPHO \u2013 Or\u00e7amento da Receita e despesa do Munic\u00edpio de Triumpho, para o exerc\u00edcio de 1908, Officina typographica d\u2019O Independente.<\/span><\/p>\n<p>&nbsp;<\/td>\n<\/tr>\n<\/tbody>\n<\/table>\n<p>&nbsp;<\/p>\n<table border=\"0\" width=\"513\">\n<tbody>\n<tr>\n<td style=\"width: 200px\"><a href=\"https:\/\/wp.ufpel.edu.br\/ceihe\/files\/2017\/12\/1-6-4.jpg\"><img class=\"alignleft size-thumbnail wp-image-1284\" src=\"https:\/\/wp.ufpel.edu.br\/ceihe\/files\/2017\/12\/1-6-4-200x200.jpg\" alt=\"\" width=\"200\" height=\"200\" \/><\/a><\/td>\n<td style=\"vertical-align: top\">\n<p>&nbsp;<\/p>\n<p><span style=\"font-family: tahoma, arial, helvetica, sans-serif\">MUNIC\u00cdPIO DE TRIUMPHO \u2013 Mensagem apresentada pelo intendente Bibiano Dias de Castro ao conselho Municipal na 1 \u00aa sess\u00e3o ordin\u00e1ria da 5\u00aa legislatura em 17 de novembro de 1908 \u2013 Lei n\u00ba 19 de 3 de dezembro, or\u00e7ando a receita e fixando a despesa para o exerc\u00edcio de 1909 \u2013 Lei n\u00ba 20 da mesma data, fixando os vencimentos do intendente e do subintendente para o exerc\u00edcio de 1908-1912 \u2013 Lei n\u00ba 21 da mesma data, aprovando umas contas e reprovando outras das prestadas pelo ex vice intendente Francisco Antonio de Souza e relativas ao per\u00edodo decorrido de 1\u00ba de setembro de 1967 a 20 de outubro do decorrente ano. Officinas typographicas d\u2019A Federa\u00e7\u00e3o, Porto Alegre, 1909.<\/span><\/p>\n<p>&nbsp;<\/td>\n<\/tr>\n<\/tbody>\n<\/table>\n<p>&nbsp;<\/p>\n<table border=\"0\" width=\"513\">\n<tbody>\n<tr>\n<td style=\"width: 200px\"><a href=\"https:\/\/wp.ufpel.edu.br\/ceihe\/files\/2017\/12\/1-7-4.jpg\"><img class=\"alignleft size-thumbnail wp-image-1285\" src=\"https:\/\/wp.ufpel.edu.br\/ceihe\/files\/2017\/12\/1-7-4-200x200.jpg\" alt=\"\" width=\"200\" height=\"200\" \/><\/a><\/td>\n<td style=\"vertical-align: top\">\n<p>&nbsp;<\/p>\n<p><span style=\"font-family: tahoma, arial, helvetica, sans-serif\">MUNIC\u00cdPIO DE TRIUMPHO. Relat\u00f3rio apresentado por Eduardo Valentim de Magalh\u00e3es vice intendente do Munic\u00edpio de Triumpho \u2013 Ato n\u00ba 20 de 5 de novembro de 1910, promulga a lei n\u00ba 25 de 5 de novembro de 1910, or\u00e7ando a receita e fixando a despesa do munic\u00edpio para o exerc\u00edcio de 1911 \u2013 Ato n\u00ba 21 de 5 de novembro de 1910, do conselho municipal, aprovando as contas prestadas pela intend\u00eancia\u00a0 Municipal, compreendidas do per\u00edodo decorrido de 1\u00ba de setembro de 1909 a 30 de setembro de 1910. Livraria do Globo, Porto Alegre, 1910.<\/span><\/p>\n<p>&nbsp;<\/td>\n<\/tr>\n<\/tbody>\n<\/table>\n<p>&nbsp;<\/p>\n<table border=\"0\" width=\"513\">\n<tbody>\n<tr>\n<td style=\"width: 200px\"><a href=\"https:\/\/wp.ufpel.edu.br\/ceihe\/files\/2017\/12\/1-8-3.jpg\"><img class=\"alignleft size-thumbnail wp-image-1286\" src=\"https:\/\/wp.ufpel.edu.br\/ceihe\/files\/2017\/12\/1-8-3-200x200.jpg\" alt=\"\" width=\"200\" height=\"200\" \/><\/a><\/td>\n<td style=\"vertical-align: top\">&nbsp;<\/p>\n<p style=\"text-align: justify\"><span style=\"font-family: tahoma, arial, helvetica, sans-serif\">MUNIC\u00cdPIO DE TRIUMPHO. Mensagem apresentada Conselho Municipal na sess\u00e3o extraordin\u00e1ria de 16 de dezembro de 1912 por Manuel da Silva Machado Filho Intendente do Triunpho &#8211; Ato\u00a0n\u00ba 36 de 24 de dezembro de 1912 promulga a lei N\u00ba 34 de 16 de dezembro de 1912, votada pelo Conselho Municipal em adiantamento ao or\u00e7amento vigente prorrogado pelo conselho transato para o exerc\u00edcio de 1913. &#8211; Lei n\u00ba 35 de 16 de dezembro de 1912 adita o or\u00e7amento vigente prorrogado pelo Conselho Municipal transato para o exerc\u00edcio de 1913, Typographia d&#8217;O Independente, Porto Alegre.<\/span><\/p>\n<p>&nbsp;<\/td>\n<\/tr>\n<\/tbody>\n<\/table>\n<p>&nbsp;<\/p>\n<table border=\"0\" width=\"513\">\n<tbody>\n<tr>\n<td style=\"width: 200px\"><a href=\"https:\/\/wp.ufpel.edu.br\/ceihe\/files\/2017\/12\/1-9-3.jpg\"><img class=\"alignleft size-thumbnail wp-image-1287\" src=\"https:\/\/wp.ufpel.edu.br\/ceihe\/files\/2017\/12\/1-9-3-200x200.jpg\" alt=\"\" width=\"200\" height=\"200\" \/><\/a><\/td>\n<td style=\"vertical-align: top\">&nbsp;<\/p>\n<p style=\"text-align: justify\"><span style=\"font-family: tahoma, arial, helvetica, sans-serif\">MUNIC\u00cdPIO DE TRIUMPHO. Relat\u00f3rio apresentado ao Conselho Municipal de Triunpho pelo Intendente Manoel da Silva Machado Filho na sess\u00e3o ordin\u00e1ria de 1\u00ba de outubro de 1913 \u2013 Or\u00e7amento para 1914 \u2013 Legisla\u00e7\u00e3o, Officinas gr\u00e1ficas d\u2019A Federa\u00e7\u00e3o, Porto Alegre, 1914.<\/span><\/p>\n<p>&nbsp;<\/td>\n<\/tr>\n<\/tbody>\n<\/table>\n<p>&nbsp;<\/p>\n<table border=\"0\" width=\"513\">\n<tbody>\n<tr>\n<td style=\"width: 200px\"><a href=\"https:\/\/wp.ufpel.edu.br\/ceihe\/files\/2017\/12\/1-10-2.jpg\"><img class=\"alignleft size-thumbnail wp-image-1288\" src=\"https:\/\/wp.ufpel.edu.br\/ceihe\/files\/2017\/12\/1-10-2-200x200.jpg\" alt=\"\" width=\"200\" height=\"200\" \/><\/a><\/td>\n<td style=\"vertical-align: top\">\n<p>&nbsp;<\/p>\n<p><span style=\"font-family: tahoma, arial, helvetica, sans-serif\">MUNIC\u00cdPIO DE TRIUMPHO. Mensagem apresentada ao Conselho Municipal de Triunpho pelo Intendente Manoel da Silva Machado Filho na sess\u00e3o ordin\u00e1ria de 2 de outubro de 1914 \u2013 Or\u00e7amento para 1915 \u2013 Legisla\u00e7\u00e3o, Officinas gr\u00e1ficas d\u2019A Federa\u00e7\u00e3o, Porto Alegre, 1914.<\/span><\/p>\n<p>&nbsp;<\/td>\n<\/tr>\n<\/tbody>\n<\/table>\n<p><\/p>\n","protected":false},"excerpt":{"rendered":"<p>&nbsp; MUNIC\u00cdPIO DE TRIUMPHO \u2013 Lei org\u00e2nica do Munic\u00edpio de Triumpho, Officinas a vapor da Livraria Americana, Porto Alegre, Pelotas e Rio Grande, 1895. &nbsp; &nbsp; &nbsp; INTEND\u00caNCIA MUNICIPAL DE TRIUMPHO \u2013 Or\u00e7amento da Receita e despesa do Munic\u00edpio de Triumpho, para o exerc\u00edcio de 1904, Officinas typographicas da Livraria Americana, Porto Alegre, 1904. &nbsp; [&hellip;]<\/p>\n","protected":false},"author":777,"featured_media":0,"parent":0,"menu_order":0,"comment_status":"closed","ping_status":"closed","template":"","meta":{"footnotes":""},"class_list":["post-1276","page","type-page","status-publish","hentry"],"_links":{"self":[{"href":"https:\/\/wp.ufpel.edu.br\/ceihe\/wp-json\/wp\/v2\/pages\/1276","targetHints":{"allow":["GET"]}}],"collection":[{"href":"https:\/\/wp.ufpel.edu.br\/ceihe\/wp-json\/wp\/v2\/pages"}],"about":[{"href":"https:\/\/wp.ufpel.edu.br\/ceihe\/wp-json\/wp\/v2\/types\/page"}],"author":[{"embeddable":true,"href":"https:\/\/wp.ufpel.edu.br\/ceihe\/wp-json\/wp\/v2\/users\/777"}],"replies":[{"embeddable":true,"href":"https:\/\/wp.ufpel.edu.br\/ceihe\/wp-json\/wp\/v2\/comments?post=1276"}],"version-history":[{"count":3,"href":"https:\/\/wp.ufpel.edu.br\/ceihe\/wp-json\/wp\/v2\/pages\/1276\/revisions"}],"predecessor-version":[{"id":1289,"href":"https:\/\/wp.ufpel.edu.br\/ceihe\/wp-json\/wp\/v2\/pages\/1276\/revisions\/1289"}],"wp:attachment":[{"href":"https:\/\/wp.ufpel.edu.br\/ceihe\/wp-json\/wp\/v2\/media?parent=1276"}],"curies":[{"name":"wp","href":"https:\/\/api.w.org\/{rel}","templated":true}]}}