{"id":1257,"date":"2017-12-13T16:58:58","date_gmt":"2017-12-13T18:58:58","guid":{"rendered":"https:\/\/wp.ufpel.edu.br\/ceihe\/?page_id=1257"},"modified":"2017-12-13T17:05:47","modified_gmt":"2017-12-13T19:05:47","slug":"taquara","status":"publish","type":"page","link":"https:\/\/wp.ufpel.edu.br\/ceihe\/taquara\/","title":{"rendered":"Taquara"},"content":{"rendered":"<table border=\"0\" width=\"513\">\n<tbody>\n<tr>\n<td style=\"width: 200px\"><a href=\"https:\/\/wp.ufpel.edu.br\/ceihe\/files\/2017\/12\/1-1-7.jpg\"><img class=\"alignleft size-thumbnail wp-image-1259\" src=\"https:\/\/wp.ufpel.edu.br\/ceihe\/files\/2017\/12\/1-1-7-200x200.jpg\" alt=\"\" width=\"200\" height=\"200\" \/><\/a><\/td>\n<td style=\"vertical-align: top\">\n<p>&nbsp;<\/p>\n<p><span style=\"font-family: tahoma, arial, helvetica, sans-serif\">MUNIC\u00cdPIO DE TAQUARA \u2013 Lei do or\u00e7amento da receita despesa do munic\u00edpio de Taquara para o exerc\u00edcio de 1910 e respectivas instru\u00e7\u00f5es, Typ. W. Rothermund, S\u00e3o Leopoldo.<\/span><\/p>\n<p>&nbsp;<\/td>\n<\/tr>\n<\/tbody>\n<\/table>\n<p>&nbsp;<\/p>\n<table border=\"0\" width=\"513\">\n<tbody>\n<tr>\n<td style=\"width: 200px\"><a href=\"https:\/\/wp.ufpel.edu.br\/ceihe\/files\/2017\/12\/1-2-6.jpg\"><img class=\"alignleft size-thumbnail wp-image-1261\" src=\"https:\/\/wp.ufpel.edu.br\/ceihe\/files\/2017\/12\/1-2-6-200x200.jpg\" alt=\"\" width=\"200\" height=\"200\" \/><\/a><\/td>\n<td style=\"vertical-align: top\">\n<p>&nbsp;<\/p>\n<p><span style=\"font-family: tahoma, arial, helvetica, sans-serif\">MUNIC\u00cdPIO DE TAQUARY. Mensagem apresentada Conselho Municipal de Taquary pelo respectivo Intendente P. Manoel Campo Romero em primeiro de novembro de 1911 acompanhada dos relat\u00f3rios da Secretarias das Superintend\u00eancias, Oficinas gr\u00e1ficas da Livraria Americana, Porto Alegre, 1911.<\/span><\/p>\n<p>&nbsp;<\/td>\n<\/tr>\n<\/tbody>\n<\/table>\n<p>&nbsp;<\/p>\n<table border=\"0\" width=\"513\">\n<tbody>\n<tr>\n<td style=\"width: 200px\"><a href=\"https:\/\/wp.ufpel.edu.br\/ceihe\/files\/2017\/12\/1-3-3.jpg\"><img class=\"alignleft size-thumbnail wp-image-1262\" src=\"https:\/\/wp.ufpel.edu.br\/ceihe\/files\/2017\/12\/1-3-3-200x200.jpg\" alt=\"\" width=\"200\" height=\"200\" \/><\/a><\/td>\n<td style=\"vertical-align: top\">\n<p>&nbsp;<\/p>\n<p><span style=\"font-family: tahoma, arial, helvetica, sans-serif\">MUNIC\u00cdPIO DE TAQUARA \u2013 Lei do or\u00e7amento da Receita e despesa para o exerc\u00edcio de 1918 e instru\u00e7\u00f5es para sua execu\u00e7\u00e3o, Oficinas gr\u00e1ficas d&#8217;A Federa\u00e7\u00e3o, Porto Alegre, 1917.<\/span><\/p>\n<p>&nbsp;<\/td>\n<\/tr>\n<\/tbody>\n<\/table>\n<p>&nbsp;<\/p>\n<table border=\"0\" width=\"513\">\n<tbody>\n<tr>\n<td style=\"width: 200px\"><a href=\"https:\/\/wp.ufpel.edu.br\/ceihe\/files\/2017\/12\/1-5-3.jpg\"><img class=\"alignleft size-thumbnail wp-image-1264\" src=\"https:\/\/wp.ufpel.edu.br\/ceihe\/files\/2017\/12\/1-5-3-200x200.jpg\" alt=\"\" width=\"200\" height=\"200\" \/><\/a><\/td>\n<td style=\"vertical-align: top\">\n<p>&nbsp;<\/p>\n<p><span style=\"font-family: tahoma, arial, helvetica, sans-serif\">MUNIC\u00cdPIO DE TAQUARA \u2013 Lei do or\u00e7amento da Receita e despesa para o exerc\u00edcio de 1919 e instru\u00e7\u00f5es para sua execu\u00e7\u00e3o, Oficinas gr\u00e1ficas d&#8217;A Federa\u00e7\u00e3o, Porto Alegre, 1919.<\/span><\/p>\n<p><span style=\"font-family: tahoma, arial, helvetica, sans-serif\">\u00a0<\/span><\/p>\n<p>&nbsp;<\/td>\n<\/tr>\n<\/tbody>\n<\/table>\n<p>&nbsp;<\/p>\n<table border=\"0\" width=\"513\">\n<tbody>\n<tr>\n<td style=\"width: 200px\"><a href=\"https:\/\/wp.ufpel.edu.br\/ceihe\/files\/2017\/12\/1-6-3.jpg\"><img class=\"alignleft size-thumbnail wp-image-1265\" src=\"https:\/\/wp.ufpel.edu.br\/ceihe\/files\/2017\/12\/1-6-3-200x200.jpg\" alt=\"\" width=\"200\" height=\"200\" \/><\/a><\/td>\n<td style=\"vertical-align: top\">\n<p>&nbsp;<\/p>\n<p><span style=\"font-family: tahoma, arial, helvetica, sans-serif\">MUNIC\u00cdPIO DE TAQUARA \u2013 Lei do or\u00e7amento da Receita e despesa para o exerc\u00edcio de 1920 e instru\u00e7\u00f5es para sua execu\u00e7\u00e3o, Oficinas gr\u00e1ficas d&#8217;A Federa\u00e7\u00e3o, Porto Alegre, 1919.<\/span><\/p>\n<p>&nbsp;<\/p>\n<p>&nbsp;<\/td>\n<\/tr>\n<\/tbody>\n<\/table>\n<p><\/p>\n","protected":false},"excerpt":{"rendered":"<p>&nbsp; MUNIC\u00cdPIO DE TAQUARA \u2013 Lei do or\u00e7amento da receita despesa do munic\u00edpio de Taquara para o exerc\u00edcio de 1910 e respectivas instru\u00e7\u00f5es, Typ. W. Rothermund, S\u00e3o Leopoldo. &nbsp; &nbsp; &nbsp; MUNIC\u00cdPIO DE TAQUARY. Mensagem apresentada Conselho Municipal de Taquary pelo respectivo Intendente P. Manoel Campo Romero em primeiro de novembro de 1911 acompanhada dos [&hellip;]<\/p>\n","protected":false},"author":777,"featured_media":0,"parent":0,"menu_order":0,"comment_status":"closed","ping_status":"closed","template":"","meta":{"footnotes":""},"class_list":["post-1257","page","type-page","status-publish","hentry"],"_links":{"self":[{"href":"https:\/\/wp.ufpel.edu.br\/ceihe\/wp-json\/wp\/v2\/pages\/1257","targetHints":{"allow":["GET"]}}],"collection":[{"href":"https:\/\/wp.ufpel.edu.br\/ceihe\/wp-json\/wp\/v2\/pages"}],"about":[{"href":"https:\/\/wp.ufpel.edu.br\/ceihe\/wp-json\/wp\/v2\/types\/page"}],"author":[{"embeddable":true,"href":"https:\/\/wp.ufpel.edu.br\/ceihe\/wp-json\/wp\/v2\/users\/777"}],"replies":[{"embeddable":true,"href":"https:\/\/wp.ufpel.edu.br\/ceihe\/wp-json\/wp\/v2\/comments?post=1257"}],"version-history":[{"count":3,"href":"https:\/\/wp.ufpel.edu.br\/ceihe\/wp-json\/wp\/v2\/pages\/1257\/revisions"}],"predecessor-version":[{"id":1266,"href":"https:\/\/wp.ufpel.edu.br\/ceihe\/wp-json\/wp\/v2\/pages\/1257\/revisions\/1266"}],"wp:attachment":[{"href":"https:\/\/wp.ufpel.edu.br\/ceihe\/wp-json\/wp\/v2\/media?parent=1257"}],"curies":[{"name":"wp","href":"https:\/\/api.w.org\/{rel}","templated":true}]}}