{"id":1241,"date":"2017-12-13T16:48:11","date_gmt":"2017-12-13T18:48:11","guid":{"rendered":"https:\/\/wp.ufpel.edu.br\/ceihe\/?page_id=1241"},"modified":"2017-12-13T16:57:17","modified_gmt":"2017-12-13T18:57:17","slug":"soledade","status":"publish","type":"page","link":"https:\/\/wp.ufpel.edu.br\/ceihe\/soledade\/","title":{"rendered":"Soledade"},"content":{"rendered":"<table border=\"0\" width=\"513\">\n<tbody>\n<tr>\n<td style=\"width: 200px\"><a href=\"https:\/\/wp.ufpel.edu.br\/ceihe\/files\/2017\/12\/1-1-6.jpg\"><img class=\"alignleft size-thumbnail wp-image-1243\" src=\"https:\/\/wp.ufpel.edu.br\/ceihe\/files\/2017\/12\/1-1-6-200x200.jpg\" alt=\"\" width=\"200\" height=\"200\" \/><\/a><\/td>\n<td style=\"vertical-align: top\">\n<p>&nbsp;<\/p>\n<p><span style=\"font-family: tahoma, arial, helvetica, sans-serif\">\u00a0MUNIC\u00cdPIO DE SOLEDADE. Or\u00e7amento da Receita e despesa para o exerc\u00edcio de 1899, Officinas TYpographicas d&#8217;A Federa\u00e7\u00e3o, Porto Alegre, 1899.<\/span><\/p>\n<p>&nbsp;<\/td>\n<\/tr>\n<\/tbody>\n<\/table>\n<p>&nbsp;<\/p>\n<table border=\"0\" width=\"513\">\n<tbody>\n<tr>\n<td style=\"width: 200px\"><a href=\"https:\/\/wp.ufpel.edu.br\/ceihe\/files\/2017\/12\/1-2-5.jpg\"><img class=\"alignleft size-thumbnail wp-image-1244\" src=\"https:\/\/wp.ufpel.edu.br\/ceihe\/files\/2017\/12\/1-2-5-200x200.jpg\" alt=\"\" width=\"200\" height=\"200\" \/><\/a><\/td>\n<td style=\"vertical-align: top\">&nbsp;<\/p>\n<p style=\"text-align: justify\"><span style=\"font-family: tahoma, arial, helvetica, sans-serif\">MUNIC\u00cdPIO DE SOLEDADE. Or\u00e7amento do munic\u00edpio da Soledade para o exerc\u00edcio de 1901 -Ato n. 61- Lei n\u00ba 10 de 17 de outubro de 1900, Officina Typographica d&#8217;O ga\u00facho, Passo Fundo, 1901.<\/span><\/p>\n<p>&nbsp;<\/td>\n<\/tr>\n<\/tbody>\n<\/table>\n<p>&nbsp;<\/p>\n<table border=\"0\" width=\"513\">\n<tbody>\n<tr>\n<td style=\"width: 200px\"><a href=\"https:\/\/wp.ufpel.edu.br\/ceihe\/files\/2017\/12\/1-3-2.jpg\"><img class=\"alignleft size-thumbnail wp-image-1246\" src=\"https:\/\/wp.ufpel.edu.br\/ceihe\/files\/2017\/12\/1-3-2-200x200.jpg\" alt=\"\" width=\"200\" height=\"200\" \/><\/a><\/td>\n<td style=\"vertical-align: top\">&nbsp;<\/p>\n<p style=\"text-align: justify\"><span style=\"font-family: tahoma, arial, helvetica, sans-serif\">MUNIC\u00cdPIO DE SOLEDADE. Relat\u00f3rio e or\u00e7amento da Receita e despesa para o exerc\u00edcio de 1904, Officinas Typographicas d&#8217;A Federa\u00e7\u00e3o, Porto Alegre, 1903.<\/span><\/p>\n<p>&nbsp;<\/td>\n<\/tr>\n<\/tbody>\n<\/table>\n<p>&nbsp;<\/p>\n<table border=\"0\" width=\"513\">\n<tbody>\n<tr>\n<td style=\"width: 200px\"><a href=\"https:\/\/wp.ufpel.edu.br\/ceihe\/files\/2017\/12\/1-4-2.jpg\"><img class=\"alignleft size-thumbnail wp-image-1247\" src=\"https:\/\/wp.ufpel.edu.br\/ceihe\/files\/2017\/12\/1-4-2-200x200.jpg\" alt=\"\" width=\"200\" height=\"200\" \/><\/a><\/td>\n<td>&nbsp;<\/p>\n<p style=\"text-align: justify\"><span style=\"font-family: tahoma, arial, helvetica, sans-serif\">MUNIC\u00cdPIO DE SOLEDADE. Relat\u00f3rio or\u00e7amento da Receita e despesa para o exerc\u00edcio de 1905, Typ. Passo Fundo.<\/span><\/p>\n<p>&nbsp;<\/td>\n<\/tr>\n<\/tbody>\n<\/table>\n<p>&nbsp;<\/p>\n<table border=\"0\" width=\"513\">\n<tbody>\n<tr>\n<td style=\"width: 200px\"><a href=\"https:\/\/wp.ufpel.edu.br\/ceihe\/files\/2017\/12\/1-5-2.jpg\"><img class=\"alignleft size-thumbnail wp-image-1248\" src=\"https:\/\/wp.ufpel.edu.br\/ceihe\/files\/2017\/12\/1-5-2-200x200.jpg\" alt=\"\" width=\"200\" height=\"200\" \/><\/a><\/td>\n<td style=\"vertical-align: top\">&nbsp;<\/p>\n<p style=\"text-align: justify\"><span style=\"font-family: tahoma, arial, helvetica, sans-serif\">MUNIC\u00cdPIO DE SOLEDADE. Relat\u00f3rio or\u00e7amento da Receita e despesa do munic\u00edpio de Soledade para o exerc\u00edcio de 1909, Typographia da Livraria Universal de Carlos Echenique, Porto Alegre, 1908.<\/span><\/p>\n<p>&nbsp;<\/td>\n<\/tr>\n<\/tbody>\n<\/table>\n<p>&nbsp;<\/p>\n<table border=\"0\" width=\"513\">\n<tbody>\n<tr>\n<td style=\"width: 200px\"><a href=\"https:\/\/wp.ufpel.edu.br\/ceihe\/files\/2017\/12\/1-6-2.jpg\"><img class=\"alignleft size-thumbnail wp-image-1249\" src=\"https:\/\/wp.ufpel.edu.br\/ceihe\/files\/2017\/12\/1-6-2-200x200.jpg\" alt=\"\" width=\"200\" height=\"200\" \/><\/a><\/td>\n<td style=\"vertical-align: top\">&nbsp;<\/p>\n<p style=\"text-align: justify\"><span style=\"color: #000000;font-family: tahoma, arial, helvetica, sans-serif\">MUNIC\u00cdPIO DE SOLEDADE. Relat\u00f3rio or\u00e7amento da Receita e despesa do munic\u00edpio da Soledade para o exerc\u00edcio de 1910, Typographia d&#8217;O Butucarahy, Soledade, 1910.<\/span><\/p>\n<p>&nbsp;<\/td>\n<\/tr>\n<\/tbody>\n<\/table>\n<p>&nbsp;<\/p>\n<table border=\"0\" width=\"513\">\n<tbody>\n<tr>\n<td style=\"width: 200px\"><a href=\"https:\/\/wp.ufpel.edu.br\/ceihe\/files\/2017\/12\/1-7-2.jpg\"><img class=\"alignleft size-thumbnail wp-image-1250\" src=\"https:\/\/wp.ufpel.edu.br\/ceihe\/files\/2017\/12\/1-7-2-200x200.jpg\" alt=\"\" width=\"200\" height=\"200\" \/><\/a><\/td>\n<td style=\"vertical-align: top\">&nbsp;<\/p>\n<p style=\"text-align: justify\"><span style=\"font-family: tahoma, arial, helvetica, sans-serif\">MUNIC\u00cdPIO DE SOLEDADE. Relat\u00f3rio apresentado ao Conselho Municipal pelo Intendente Cidad\u00e3o Francisco Prestes -Lei aprovando as contas no per\u00edodo de 1\u00ba de outubro de 1909 a 30 de setembro de 1910 -Or\u00e7amento para o exerc\u00edcio de 1911, Typographia da Livraria Universal de Carlos Echenique, Porto Alegre, 1910.<\/span><\/p>\n<p>&nbsp;<\/td>\n<\/tr>\n<\/tbody>\n<\/table>\n<p>&nbsp;<\/p>\n<table border=\"0\" width=\"513\">\n<tbody>\n<tr>\n<td style=\"width: 200px\"><a href=\"https:\/\/wp.ufpel.edu.br\/ceihe\/files\/2017\/12\/1-8-2.jpg\"><img class=\"alignleft size-thumbnail wp-image-1251\" src=\"https:\/\/wp.ufpel.edu.br\/ceihe\/files\/2017\/12\/1-8-2-200x200.jpg\" alt=\"\" width=\"200\" height=\"200\" \/><\/a><\/td>\n<td style=\"vertical-align: top\">&nbsp;<\/p>\n<p style=\"text-align: justify\"><span style=\"font-family: tahoma, arial, helvetica, sans-serif\">MUNIC\u00cdPIO DE SOLEDADE. Relat\u00f3rio apresentado ao Conselho Municipal pelo Intendente Cidad\u00e3o Francisco Prestes aprovando as contas no per\u00edodo de 1\u00ba de outubro de 1910 a 30 de setembro de 1911 -Or\u00e7amento para o exerc\u00edcio de 1912, Impresso nas Officinas gr\u00e1ficas da Papelaria Uni\u00e3o, Santa Maria, 1912.<\/span><\/p>\n<p>&nbsp;<\/td>\n<\/tr>\n<\/tbody>\n<\/table>\n<p>&nbsp;<\/p>\n<table border=\"0\" width=\"513\">\n<tbody>\n<tr>\n<td style=\"width: 200px\"><a href=\"https:\/\/wp.ufpel.edu.br\/ceihe\/files\/2017\/12\/1-9-2.jpg\"><img class=\"alignleft size-thumbnail wp-image-1252\" src=\"https:\/\/wp.ufpel.edu.br\/ceihe\/files\/2017\/12\/1-9-2-200x200.jpg\" alt=\"\" width=\"200\" height=\"200\" \/><\/a><\/td>\n<td style=\"vertical-align: top\">&nbsp;<\/p>\n<p style=\"text-align: justify\"><span style=\"font-family: tahoma, arial, helvetica, sans-serif\">MUNIC\u00cdPIO DE SOLEDADE. Relat\u00f3rio apresentado ao Conselho Municipal de Soledade pelo respectivo Intendente Julio Cezar D&#8217;Oliveira Cardoso em 11 de outubro de 1913 acompanhado da Lei N\u00ba 34 que or\u00e7a a receita e fixa a despesa do ano de 1914, Livraria Americana, Porto Alegre, 1913.<\/span><\/p>\n<p>&nbsp;<\/td>\n<\/tr>\n<\/tbody>\n<\/table>\n<p>&nbsp;<\/p>\n<table border=\"0\" width=\"513\">\n<tbody>\n<tr>\n<td style=\"width: 200px\"><a href=\"https:\/\/wp.ufpel.edu.br\/ceihe\/files\/2017\/12\/1-10-1.jpg\"><img class=\"alignleft size-thumbnail wp-image-1253\" src=\"https:\/\/wp.ufpel.edu.br\/ceihe\/files\/2017\/12\/1-10-1-200x200.jpg\" alt=\"\" width=\"200\" height=\"200\" \/><\/a><\/td>\n<td style=\"vertical-align: top\">&nbsp;<\/p>\n<p style=\"text-align: justify\"><span style=\"font-family: tahoma, arial, helvetica, sans-serif\">MUNIC\u00cdPIO DE SOLEDADE. Relat\u00f3rio apresentado\u00a0Conselho Municipal de Soledade pelo respectivo Intendente Francisco Prestes em 16 de outubro de 1918 acompanhado da lei n\u00ba 40 que hora a receita e fixa a despesa do ano de 1919, A Impressora de Ulysses Carvalho, Soledade, 1919.<\/span><\/p>\n<p>&nbsp;<\/td>\n<\/tr>\n<\/tbody>\n<\/table>\n<p>&nbsp;<\/p>\n<table border=\"0\" width=\"513\">\n<tbody>\n<tr>\n<td style=\"width: 200px\"><a href=\"https:\/\/wp.ufpel.edu.br\/ceihe\/files\/2017\/12\/1-11-1.jpg\"><img class=\"alignleft size-thumbnail wp-image-1254\" src=\"https:\/\/wp.ufpel.edu.br\/ceihe\/files\/2017\/12\/1-11-1-200x200.jpg\" alt=\"\" width=\"200\" height=\"200\" \/><\/a><\/td>\n<td style=\"vertical-align: top\">&nbsp;<\/p>\n<p style=\"text-align: justify\"><span style=\"font-family: tahoma, arial, helvetica, sans-serif\">MUNIC\u00cdPIO DE SOLEDADE. Relat\u00f3rio do munic\u00edpio de Soledade apresentado em 12 de outubro de 1928 pelo Intendente Dr. Alvaro Rodrigues Leit\u00e3o e lei de or\u00e7amento para o exerc\u00edcio de 1929, A Nacional, Impressora, Passo Fundo, 1928.<\/span><\/p>\n<p>&nbsp;<\/td>\n<\/tr>\n<\/tbody>\n<\/table>\n<p>&nbsp;<\/p>\n<table border=\"0\" width=\"513\">\n<tbody>\n<tr>\n<td style=\"width: 200px\"><a href=\"https:\/\/wp.ufpel.edu.br\/ceihe\/files\/2017\/12\/1-12.jpg\"><img class=\"alignleft size-thumbnail wp-image-1255\" src=\"https:\/\/wp.ufpel.edu.br\/ceihe\/files\/2017\/12\/1-12-200x200.jpg\" alt=\"\" width=\"200\" height=\"200\" \/><\/a><\/td>\n<td style=\"vertical-align: top\">&nbsp;<\/p>\n<p style=\"text-align: justify\"><span style=\"font-family: tahoma, arial, helvetica, sans-serif\">MUNIC\u00cdPIO DE SOLEDADE. Relat\u00f3rio apresentado ao Excelent\u00edssimo Senhor Coronel interventor Federal do estado, sobre as ocorr\u00eancias administrativas do ano de 1939, pelo prefeito Major Otaviano Paix\u00e3o Coelho, Empresa gr\u00e1fica Borowsky &amp; Cia, Soledade.<\/span><\/p>\n<p>&nbsp;<\/td>\n<\/tr>\n<\/tbody>\n<\/table>\n<p><\/p>\n","protected":false},"excerpt":{"rendered":"<p>&nbsp; \u00a0MUNIC\u00cdPIO DE SOLEDADE. Or\u00e7amento da Receita e despesa para o exerc\u00edcio de 1899, Officinas TYpographicas d&#8217;A Federa\u00e7\u00e3o, Porto Alegre, 1899. &nbsp; &nbsp; &nbsp; MUNIC\u00cdPIO DE SOLEDADE. Or\u00e7amento do munic\u00edpio da Soledade para o exerc\u00edcio de 1901 -Ato n. 61- Lei n\u00ba 10 de 17 de outubro de 1900, Officina Typographica d&#8217;O ga\u00facho, Passo Fundo, [&hellip;]<\/p>\n","protected":false},"author":777,"featured_media":0,"parent":0,"menu_order":0,"comment_status":"closed","ping_status":"closed","template":"","meta":{"footnotes":""},"class_list":["post-1241","page","type-page","status-publish","hentry"],"_links":{"self":[{"href":"https:\/\/wp.ufpel.edu.br\/ceihe\/wp-json\/wp\/v2\/pages\/1241","targetHints":{"allow":["GET"]}}],"collection":[{"href":"https:\/\/wp.ufpel.edu.br\/ceihe\/wp-json\/wp\/v2\/pages"}],"about":[{"href":"https:\/\/wp.ufpel.edu.br\/ceihe\/wp-json\/wp\/v2\/types\/page"}],"author":[{"embeddable":true,"href":"https:\/\/wp.ufpel.edu.br\/ceihe\/wp-json\/wp\/v2\/users\/777"}],"replies":[{"embeddable":true,"href":"https:\/\/wp.ufpel.edu.br\/ceihe\/wp-json\/wp\/v2\/comments?post=1241"}],"version-history":[{"count":3,"href":"https:\/\/wp.ufpel.edu.br\/ceihe\/wp-json\/wp\/v2\/pages\/1241\/revisions"}],"predecessor-version":[{"id":1256,"href":"https:\/\/wp.ufpel.edu.br\/ceihe\/wp-json\/wp\/v2\/pages\/1241\/revisions\/1256"}],"wp:attachment":[{"href":"https:\/\/wp.ufpel.edu.br\/ceihe\/wp-json\/wp\/v2\/media?parent=1241"}],"curies":[{"name":"wp","href":"https:\/\/api.w.org\/{rel}","templated":true}]}}