{"id":1184,"date":"2017-12-12T12:29:35","date_gmt":"2017-12-12T14:29:35","guid":{"rendered":"https:\/\/wp.ufpel.edu.br\/ceihe\/?page_id=1184"},"modified":"2017-12-13T16:24:24","modified_gmt":"2017-12-13T18:24:24","slug":"sao-jose-do-norte","status":"publish","type":"page","link":"https:\/\/wp.ufpel.edu.br\/ceihe\/sao-jose-do-norte\/","title":{"rendered":"S\u00e3o Jos\u00e9 do Norte"},"content":{"rendered":"<table border=\"0\" width=\"513\">\n<tbody>\n<tr>\n<td style=\"width: 200px\"><a href=\"https:\/\/wp.ufpel.edu.br\/ceihe\/files\/2017\/12\/1-1-1.jpg\"><img class=\"alignleft size-thumbnail wp-image-1188\" src=\"https:\/\/wp.ufpel.edu.br\/ceihe\/files\/2017\/12\/1-1-1-200x200.jpg\" alt=\"\" width=\"200\" height=\"200\" \/><\/a><\/td>\n<td style=\"vertical-align: top\">\n<p>&nbsp;<\/p>\n<p><span style=\"font-family: tahoma, arial, helvetica, sans-serif\">MUNIC\u00cdPIO DE S\u00c3O JOS\u00c9 DO NORTE. Relat\u00f3rio apresentado ao Conselho Municipal de S. Jos\u00e9 do Norte pelo intendente do Munic\u00edpio seguido da lei or\u00e7ament\u00e1ria para o ano de 1902, Typ do Di\u00e1rio do Rio Grande, Rio Grande, 1901.<\/span><\/p>\n<p>&nbsp;<\/td>\n<\/tr>\n<\/tbody>\n<\/table>\n<p>&nbsp;<\/p>\n<table border=\"0\" width=\"513\">\n<tbody>\n<tr>\n<td style=\"width: 200px\"><a href=\"https:\/\/wp.ufpel.edu.br\/ceihe\/files\/2017\/12\/1-2.jpg\"><img class=\"alignleft size-thumbnail wp-image-1189\" src=\"https:\/\/wp.ufpel.edu.br\/ceihe\/files\/2017\/12\/1-2-200x200.jpg\" alt=\"\" width=\"200\" height=\"200\" \/><\/a><\/td>\n<td style=\"vertical-align: top\">\n<p>&nbsp;<\/p>\n<p>MUNIC\u00cdPIO DE S\u00c3O JOS\u00c9 DO NORTE. Relat\u00f3rio apresentado ao Conselho Municipal de S. Jos\u00e9 do Norte pelo intendente do Munic\u00edpio seguido da lei or\u00e7ament\u00e1ria para o ano de 1904, Typ do Di\u00e1rio do Rio Grande, Rio Grande, 1904.<\/p>\n<p>.<\/p>\n<p>&nbsp;<\/td>\n<\/tr>\n<\/tbody>\n<\/table>\n<p>&nbsp;<\/p>\n<table border=\"0\" width=\"513\">\n<tbody>\n<tr>\n<td style=\"width: 200px\"><a href=\"https:\/\/wp.ufpel.edu.br\/ceihe\/files\/2017\/12\/1-3.jpg\"><img class=\"alignleft size-thumbnail wp-image-1190\" src=\"https:\/\/wp.ufpel.edu.br\/ceihe\/files\/2017\/12\/1-3-200x200.jpg\" alt=\"\" width=\"200\" height=\"200\" \/><\/a><\/td>\n<td style=\"vertical-align: top\">\n<p>&nbsp;<\/p>\n<p><span style=\"font-family: tahoma, arial, helvetica, sans-serif\">MUNIC\u00cdPIO DE S\u00c3O JOS\u00c9 DO NORTE \u2013 Lei n.44 de 24 de dezembro de 1908 que or\u00e7a a receita e a despesa do Munic\u00edpio para o exerc\u00edcio de 1908 \u2013 Ato n.174 de 26 de dezembro de 1908 \u2013 Alberto Rodrigues de S\u00e1 do Munic\u00edpio de S\u00e3o Jos\u00e9 do Norte, Off. A vapor d\u2019O Intransigente, Rio Grande.<\/span><\/p>\n<p>&nbsp;<\/td>\n<\/tr>\n<\/tbody>\n<\/table>\n<p>&nbsp;<\/p>\n<table border=\"0\" width=\"513\">\n<tbody>\n<tr>\n<td style=\"width: 200px\"><a href=\"https:\/\/wp.ufpel.edu.br\/ceihe\/files\/2017\/12\/1-4.jpg\"><img class=\"alignleft size-thumbnail wp-image-1191\" src=\"https:\/\/wp.ufpel.edu.br\/ceihe\/files\/2017\/12\/1-4-200x200.jpg\" alt=\"\" width=\"200\" height=\"200\" \/><\/a><\/td>\n<td>\n<p>&nbsp;<\/p>\n<p><span style=\"font-family: tahoma, arial, helvetica, sans-serif\">MUNIC\u00cdPIO DE S\u00c3O JOS\u00c9 DO NORTE. Relat\u00f3rio e projeto de or\u00e7amento apresentado ao Conselho Municipal de S\u00e3o Jos\u00e9 do Norte pelo Dr. Saturnino de Souza Velho vice intendente Municipal, em exerc\u00edcio seguido da lei or\u00e7ament\u00e1ria para o ano de 1912, Imp. A vapor da Livraria Universal, Pelotas, 1912.<\/span><\/p>\n<p>&nbsp;<\/td>\n<\/tr>\n<\/tbody>\n<\/table>\n<p>&nbsp;<\/p>\n<table border=\"0\" width=\"513\">\n<tbody>\n<tr>\n<td style=\"width: 200px\"><a href=\"https:\/\/wp.ufpel.edu.br\/ceihe\/files\/2017\/12\/1-5.jpg\"><img class=\"alignleft size-thumbnail wp-image-1192\" src=\"https:\/\/wp.ufpel.edu.br\/ceihe\/files\/2017\/12\/1-5-200x200.jpg\" alt=\"\" width=\"200\" height=\"200\" \/><\/a><\/td>\n<td style=\"vertical-align: top\">\n<p>&nbsp;<\/p>\n<p><span style=\"font-family: tahoma, arial, helvetica, sans-serif\">MUNIC\u00cdPIO DE S\u00c3O JOS\u00c9 DO NORTE \u2013 Lei eleitoral do Munic\u00edpio de S. Jos\u00e9 do Norte n.61 de 20 de abril de 1915, Offic. Typog. Da Livraria Universal, Pelotas e Rio Grande, 1915.<\/span><\/p>\n<p>&nbsp;<\/td>\n<\/tr>\n<\/tbody>\n<\/table>\n<p>&nbsp;<\/p>\n<table border=\"0\" width=\"513\">\n<tbody>\n<tr>\n<td style=\"width: 200px\"><a href=\"https:\/\/wp.ufpel.edu.br\/ceihe\/files\/2017\/12\/1-6.jpg\"><img class=\"alignleft size-thumbnail wp-image-1193\" src=\"https:\/\/wp.ufpel.edu.br\/ceihe\/files\/2017\/12\/1-6-200x200.jpg\" alt=\"\" width=\"200\" height=\"200\" \/><\/a><\/td>\n<td style=\"vertical-align: top\">\n<p>&nbsp;<\/p>\n<p><span style=\"font-family: tahoma, arial, helvetica, sans-serif\">MUNIC\u00cdPIO DE S\u00c3O JOS\u00c9 DO NORTE \u2013 Lei eleitoral do Munic\u00edpio de S\u00e3o Jos\u00e9 do Norte n.85 de 10 de dezembro de 1924, Livraria Rio Grandense, Rio Grande, 1915.<\/span><\/p>\n<p>&nbsp;<\/td>\n<\/tr>\n<\/tbody>\n<\/table>\n<p>&nbsp;<\/p>\n<table border=\"0\" width=\"513\">\n<tbody>\n<tr>\n<td style=\"width: 200px\"><a href=\"https:\/\/wp.ufpel.edu.br\/ceihe\/files\/2017\/12\/1-7.jpg\"><img class=\"alignleft size-thumbnail wp-image-1194\" src=\"https:\/\/wp.ufpel.edu.br\/ceihe\/files\/2017\/12\/1-7-200x200.jpg\" alt=\"\" width=\"200\" height=\"200\" \/><\/a><\/td>\n<td style=\"vertical-align: top\">\n<p>&nbsp;<\/p>\n<p><span style=\"font-family: tahoma, arial, helvetica, sans-serif\">MUNIC\u00cdPIO DE S\u00c3O JOS\u00c9 DO NORTE. Relat\u00f3rio apresentado ao Conselho Municipal em sua 4\u00aa reuni\u00e3o ordin\u00e1ria pelo intendente do Munic\u00edpio acompanhado da lei or\u00e7ament\u00e1ria para o exerc\u00edcio de 192, Livraria Commercial, Pelotas, 1924.<\/span><\/p>\n<p>&nbsp;<\/td>\n<\/tr>\n<\/tbody>\n<\/table>\n<p>&nbsp;<\/p>\n<table border=\"0\" width=\"513\">\n<tbody>\n<tr>\n<td style=\"width: 200px\"><a href=\"https:\/\/wp.ufpel.edu.br\/ceihe\/files\/2017\/12\/1-8.jpg\"><img class=\"alignleft size-thumbnail wp-image-1195\" src=\"https:\/\/wp.ufpel.edu.br\/ceihe\/files\/2017\/12\/1-8-200x200.jpg\" alt=\"\" width=\"200\" height=\"200\" \/><\/a><\/td>\n<td style=\"vertical-align: top\">\n<p>&nbsp;<\/p>\n<p><span style=\"font-family: tahoma, arial, helvetica, sans-serif\">MUNIC\u00cdPIO DE S\u00c3O JOS\u00c9 DO NORTE. Relat\u00f3rio apresentado ao Conselho Municipal em sua 1\u00aa reuni\u00e3o ordin\u00e1ria pelo intendente do Munic\u00edpio acompanhado da mensagem lida pelo Ex. intendente por ocasi\u00e3o de transmitir o Governo Municipal e seguido da lei or\u00e7ament\u00e1ria para o exerc\u00edcio de 1925, Officinas Graphicas do Rio Grande, 1925.<\/span><\/p>\n<p>&nbsp;<\/td>\n<\/tr>\n<\/tbody>\n<\/table>\n<p>&nbsp;<\/p>\n<table border=\"0\" width=\"513\">\n<tbody>\n<tr>\n<td style=\"width: 200px\"><a href=\"https:\/\/wp.ufpel.edu.br\/ceihe\/files\/2017\/12\/1-9.jpg\"><img class=\"alignleft size-thumbnail wp-image-1196\" src=\"https:\/\/wp.ufpel.edu.br\/ceihe\/files\/2017\/12\/1-9-200x200.jpg\" alt=\"\" width=\"200\" height=\"200\" \/><\/a><\/td>\n<td>\n<p>&nbsp;<\/p>\n<p><span style=\"font-family: tahoma, arial, helvetica, sans-serif\">MUNIC\u00cdPIO DE S\u00c3O JOS\u00c9 DO NORTE. Relat\u00f3rio apresentado ao Conselho Municipal em sua reuni\u00e3o ordin\u00e1ria pelo intendente do Munic\u00edpio Dr. Roque Rita Junior e seguido da lei or\u00e7ament\u00e1ria para o exerc\u00edcio de 1927, Officinas do Rio Grande, Rio Grande, 1927.<\/span><\/p>\n<p>&nbsp;<\/td>\n<\/tr>\n<\/tbody>\n<\/table>\n<p>&nbsp;<\/p>\n<table border=\"0\" width=\"513\">\n<tbody>\n<tr>\n<td style=\"width: 200px\"><a href=\"https:\/\/wp.ufpel.edu.br\/ceihe\/files\/2017\/12\/1-10.jpg\"><img class=\"alignleft size-thumbnail wp-image-1197\" src=\"https:\/\/wp.ufpel.edu.br\/ceihe\/files\/2017\/12\/1-10-200x200.jpg\" alt=\"\" width=\"200\" height=\"200\" \/><\/a><\/td>\n<td style=\"vertical-align: top\">\n<p>&nbsp;<\/p>\n<p><span style=\"font-family: tahoma, arial, helvetica, sans-serif\">MUNIC\u00cdPIO DE S\u00c3O JOS\u00c9 DO NORTE. Relat\u00f3rio apresentado ao Conselho Municipal em sua reuni\u00e3o ordin\u00e1ria pelo intendente do Munic\u00edpio Capit\u00e3o Agostinho de Barcellos, Livraria Rio-Grandense, Rio Grande, 1929.<\/span><\/p>\n<p>&nbsp;<\/td>\n<\/tr>\n<\/tbody>\n<\/table>\n<p>&nbsp;<\/p>\n<table border=\"0\" width=\"513\">\n<tbody>\n<tr>\n<td style=\"width: 200px\"><a href=\"https:\/\/wp.ufpel.edu.br\/ceihe\/files\/2017\/12\/1-11.jpg\"><img class=\"alignleft size-thumbnail wp-image-1198\" src=\"https:\/\/wp.ufpel.edu.br\/ceihe\/files\/2017\/12\/1-11-200x200.jpg\" alt=\"\" width=\"200\" height=\"200\" \/><\/a><\/td>\n<td style=\"vertical-align: top\">\n<p>&nbsp;<\/p>\n<p><span style=\"font-family: tahoma, arial, helvetica, sans-serif\">MUNIC\u00cdPIO DE S\u00c3O JOS\u00c9 DO NORTE. Projeto or\u00e7ament\u00e1rio para o ano de 1897 apresentado ao Conselho Municipal de S. Jos\u00e9 do Norte em sua sess\u00e3o ordin\u00e1ria de 27 de novembro de 1896 pelo intendente do Munic\u00edpio, Typ. do Di\u00e1rio, Rio Grande, 1897.<\/span><\/p>\n<p>&nbsp;<\/td>\n<\/tr>\n<\/tbody>\n<\/table>\n<p>&nbsp;<\/p>\n<table border=\"0\" width=\"513\">\n<tbody>\n<tr>\n<td style=\"width: 200px\"><a href=\"https:\/\/wp.ufpel.edu.br\/ceihe\/files\/2017\/12\/1-16.jpg\"><img class=\"alignleft size-thumbnail wp-image-1199\" src=\"https:\/\/wp.ufpel.edu.br\/ceihe\/files\/2017\/12\/1-16-200x200.jpg\" alt=\"\" width=\"200\" height=\"200\" \/><\/a><\/td>\n<td style=\"vertical-align: top\">\n<p>&nbsp;<\/p>\n<p><span style=\"font-family: tahoma, arial, helvetica, sans-serif\">MUNIC\u00cdPIO DE S\u00c3O JOS\u00c9 DO NORTE. Regulamento interno da Intend\u00eancia Municipal de S. Jos\u00e9 do Norte, Typ. do S. Jos\u00e9 do Norte, 1892.<\/span><\/p>\n<p>&nbsp;<\/td>\n<\/tr>\n<\/tbody>\n<\/table>\n<p>&nbsp;<\/p>\n<table border=\"0\" width=\"513\">\n<tbody>\n<tr>\n<td style=\"width: 200px\"><a href=\"https:\/\/wp.ufpel.edu.br\/ceihe\/files\/2017\/12\/1-13.jpg\"><img class=\"alignleft size-thumbnail wp-image-1200\" src=\"https:\/\/wp.ufpel.edu.br\/ceihe\/files\/2017\/12\/1-13-200x200.jpg\" alt=\"\" width=\"200\" height=\"200\" \/><\/a><\/td>\n<td style=\"vertical-align: top\">\n<p>&nbsp;<\/p>\n<p><span style=\"font-family: tahoma, arial, helvetica, sans-serif\">MUNIC\u00cdPIO DE S\u00c3O JOS\u00c9 DO NORTE. Mensagem apresentada ao Conselho Municipal em sua 1\u00aa sess\u00e3o ordin\u00e1ria da 2\u00aa reuni\u00e3o de 20 de dezembro de 1892 pelo Dr. Jo\u00e3o Landell intendente do Munic\u00edpio votada pelo mesmo conselho, Typ. Trocadeiro de Reis, Bastos &amp; C., Rio Grande, 1893.<\/span><\/p>\n<p>&nbsp;<\/td>\n<\/tr>\n<\/tbody>\n<\/table>\n<p>&nbsp;<\/p>\n<table border=\"0\" width=\"513\">\n<tbody>\n<tr>\n<td style=\"width: 200px\"><a href=\"https:\/\/wp.ufpel.edu.br\/ceihe\/files\/2017\/12\/1-14.jpg\"><img class=\"alignleft size-thumbnail wp-image-1201\" src=\"https:\/\/wp.ufpel.edu.br\/ceihe\/files\/2017\/12\/1-14-200x200.jpg\" alt=\"\" width=\"200\" height=\"200\" \/><\/a><\/td>\n<td style=\"vertical-align: top\">\n<p>&nbsp;<\/p>\n<p><span style=\"font-family: tahoma, arial, helvetica, sans-serif\">MUNIC\u00cdPIO DE S\u00c3O JOS\u00c9 DO NORTE. Relat\u00f3rio apresentado ao Conselho Municipal em sua 1\u00aa reuni\u00e3o ordin\u00e1ria pelo intendente do Munic\u00edpio Capit\u00e3o Agostinho Duarte de Barcellos, Livraria Rio-Grandense, Rio Grande, 1929.<\/span><\/p>\n<p>&nbsp;<\/td>\n<\/tr>\n<\/tbody>\n<\/table>\n<p>&nbsp;<\/p>\n<table border=\"0\" width=\"513\">\n<tbody>\n<tr>\n<td style=\"width: 200px\"><a href=\"https:\/\/wp.ufpel.edu.br\/ceihe\/files\/2017\/12\/1-15.jpg\"><img class=\"alignleft size-thumbnail wp-image-1202\" src=\"https:\/\/wp.ufpel.edu.br\/ceihe\/files\/2017\/12\/1-15-200x200.jpg\" alt=\"\" width=\"200\" height=\"200\" \/><\/a><\/td>\n<td style=\"vertical-align: top\">\n<p>&nbsp;<\/p>\n<p>MUNIC\u00cdPIO DE S\u00c3O JOS\u00c9 DO NORTE. Relat\u00f3rio apresentado ao Conselho Municipal em sua reuni\u00e3o ordin\u00e1ria pelo intendente do Munic\u00edpio Capit\u00e3o Agostinho Duarte de Barcellos seguido da Lei or\u00e7ament\u00e1ria para 1930, Livraria Rio-Grandense, Rio Grande, 1930.<\/p>\n<p>&nbsp;<\/td>\n<\/tr>\n<\/tbody>\n<\/table>\n<p>&nbsp;<\/p>\n<table border=\"0\" width=\"513\">\n<tbody>\n<tr>\n<td style=\"width: 200px\"><a href=\"https:\/\/wp.ufpel.edu.br\/ceihe\/files\/2017\/12\/1-16-1.jpg\"><img class=\"alignleft size-thumbnail wp-image-1203\" src=\"https:\/\/wp.ufpel.edu.br\/ceihe\/files\/2017\/12\/1-16-1-200x200.jpg\" alt=\"\" width=\"200\" height=\"200\" \/><\/a><\/td>\n<td style=\"vertical-align: top\">\n<p>&nbsp;<\/p>\n<p><span style=\"font-family: tahoma, arial, helvetica, sans-serif\">MUNIC\u00cdPIO DE S\u00c3O JOS\u00c9 DO NORTE. Relat\u00f3rio apresentado pelo Conselho Municipal em sua reuni\u00e3o ordin\u00e1ria pelo intendente do Munic\u00edpio Capit\u00e3o Agostinho Duarte de Barcellos relativo ao ano de 1930, Off. Typ. da Livraria Commercial, Pelotas e Rio Grande, 1931.<\/span><\/p>\n<p>&nbsp;<\/td>\n<\/tr>\n<\/tbody>\n<\/table>\n<p><\/p>\n","protected":false},"excerpt":{"rendered":"<p>&nbsp; MUNIC\u00cdPIO DE S\u00c3O JOS\u00c9 DO NORTE. Relat\u00f3rio apresentado ao Conselho Municipal de S. Jos\u00e9 do Norte pelo intendente do Munic\u00edpio seguido da lei or\u00e7ament\u00e1ria para o ano de 1902, Typ do Di\u00e1rio do Rio Grande, Rio Grande, 1901. &nbsp; &nbsp; &nbsp; MUNIC\u00cdPIO DE S\u00c3O JOS\u00c9 DO NORTE. Relat\u00f3rio apresentado ao Conselho Municipal de S. [&hellip;]<\/p>\n","protected":false},"author":777,"featured_media":0,"parent":0,"menu_order":0,"comment_status":"closed","ping_status":"closed","template":"","meta":{"footnotes":""},"class_list":["post-1184","page","type-page","status-publish","hentry"],"_links":{"self":[{"href":"https:\/\/wp.ufpel.edu.br\/ceihe\/wp-json\/wp\/v2\/pages\/1184","targetHints":{"allow":["GET"]}}],"collection":[{"href":"https:\/\/wp.ufpel.edu.br\/ceihe\/wp-json\/wp\/v2\/pages"}],"about":[{"href":"https:\/\/wp.ufpel.edu.br\/ceihe\/wp-json\/wp\/v2\/types\/page"}],"author":[{"embeddable":true,"href":"https:\/\/wp.ufpel.edu.br\/ceihe\/wp-json\/wp\/v2\/users\/777"}],"replies":[{"embeddable":true,"href":"https:\/\/wp.ufpel.edu.br\/ceihe\/wp-json\/wp\/v2\/comments?post=1184"}],"version-history":[{"count":3,"href":"https:\/\/wp.ufpel.edu.br\/ceihe\/wp-json\/wp\/v2\/pages\/1184\/revisions"}],"predecessor-version":[{"id":1204,"href":"https:\/\/wp.ufpel.edu.br\/ceihe\/wp-json\/wp\/v2\/pages\/1184\/revisions\/1204"}],"wp:attachment":[{"href":"https:\/\/wp.ufpel.edu.br\/ceihe\/wp-json\/wp\/v2\/media?parent=1184"}],"curies":[{"name":"wp","href":"https:\/\/api.w.org\/{rel}","templated":true}]}}