{"id":1106,"date":"2017-11-28T11:55:22","date_gmt":"2017-11-28T13:55:22","guid":{"rendered":"https:\/\/wp.ufpel.edu.br\/ceihe\/?page_id=1106"},"modified":"2017-12-03T19:26:42","modified_gmt":"2017-12-03T21:26:42","slug":"conceicao-do-arroio","status":"publish","type":"page","link":"https:\/\/wp.ufpel.edu.br\/ceihe\/conceicao-do-arroio\/","title":{"rendered":"Concei\u00e7\u00e3o do Arroio"},"content":{"rendered":"<table border=\"0\" width=\"513\">\n<tbody>\n<tr>\n<td style=\"width: 200px\"><a href=\"https:\/\/wp.ufpel.edu.br\/ceihe\/files\/2017\/11\/1-1-4.jpg\"><img class=\"alignleft size-thumbnail wp-image-1108\" src=\"https:\/\/wp.ufpel.edu.br\/ceihe\/files\/2017\/11\/1-1-4-200x200.jpg\" alt=\"\" width=\"200\" height=\"200\" \/><\/a><\/td>\n<td style=\"vertical-align: top\">&nbsp;<\/p>\n<p style=\"text-align: justify\"><span style=\"font-family: tahoma, arial, helvetica, sans-serif\">MUNIC\u00cdPIO DA CONCEI\u00c7\u00c3O DO ARROIO \u2013 Lei\u00a0org\u00e2nica com as altera\u00e7\u00f5es do decreto do Governo do Estado, sob n\u00ba 519 de 5 de setembro de 1902. Officinas typographica de Echenique Irm\u00e3os &amp; Cia,\u00a0Porto Alegre, 1904.<\/span><\/p>\n<p>&nbsp;<\/td>\n<\/tr>\n<\/tbody>\n<\/table>\n<p>&nbsp;<\/p>\n<table border=\"0\" width=\"513\">\n<tbody>\n<tr>\n<td style=\"width: 200px\"><a href=\"https:\/\/wp.ufpel.edu.br\/ceihe\/files\/2017\/11\/1-2-4.jpg\"><img class=\"alignleft size-thumbnail wp-image-1110\" src=\"https:\/\/wp.ufpel.edu.br\/ceihe\/files\/2017\/11\/1-2-4-200x200.jpg\" alt=\"\" width=\"200\" height=\"200\" \/><\/a><\/td>\n<td style=\"vertical-align: top\">&nbsp;<\/p>\n<p style=\"text-align: justify\"><span style=\"font-family: tahoma, arial, helvetica, sans-serif\">MUNIC\u00cdPIO DA CONCEI\u00c7\u00c3O DO ARROIO. Relat\u00f3rio apresentado ao Conselho Municipal da Concei\u00e7\u00e3o do Arroio pelo Intendente Firmiano da Terra Osorio seguido da lei de or\u00e7amento para o exerc\u00edcio de 1906.\u00a0Officinas typographica de Echenique Irm\u00e3os &amp; Cia,\u00a0Porto Alegre, 1906.<\/span><\/p>\n<p>&nbsp;<\/td>\n<\/tr>\n<\/tbody>\n<\/table>\n<p>&nbsp;<\/p>\n<table border=\"0\" width=\"513\">\n<tbody>\n<tr>\n<td style=\"width: 200px\"><a href=\"https:\/\/wp.ufpel.edu.br\/ceihe\/files\/2017\/11\/1-4-2.jpg\"><img class=\"alignleft size-thumbnail wp-image-1111\" src=\"https:\/\/wp.ufpel.edu.br\/ceihe\/files\/2017\/11\/1-4-2-200x200.jpg\" alt=\"\" width=\"200\" height=\"200\" \/><\/a><\/td>\n<td style=\"vertical-align: top\">&nbsp;<\/p>\n<p style=\"text-align: justify\"><span style=\"font-family: 'Arial',sans-serif\"><span style=\"font-family: tahoma, arial, helvetica, sans-serif\">MUNIC\u00cdPIO DA CONCEI\u00c7\u00c3O DO ARROIO.\u00a0Relat\u00f3rio apresentado ao Conselho Municipal pelo Intendente Manoel Marques da Roza seguido das leis n\u00ba 14 15 de or\u00e7amento para 1908 aprovando as contas de 1906.\u00a0Officinas typographica de Echenique Irm\u00e3os &amp; Cia,\u00a0Porto Alegre, 1908<\/span>.<\/span><\/p>\n<p>&nbsp;<\/td>\n<\/tr>\n<\/tbody>\n<\/table>\n<p>&nbsp;<\/p>\n<table border=\"0\" width=\"513\">\n<tbody>\n<tr>\n<td style=\"width: 200px\"><a href=\"https:\/\/wp.ufpel.edu.br\/ceihe\/files\/2017\/11\/1-5-2.jpg\"><img class=\"alignleft size-thumbnail wp-image-1112\" src=\"https:\/\/wp.ufpel.edu.br\/ceihe\/files\/2017\/11\/1-5-2-200x200.jpg\" alt=\"\" width=\"200\" height=\"200\" \/><\/a><\/td>\n<td style=\"vertical-align: top\">&nbsp;<\/p>\n<p style=\"text-align: justify\"><span style=\"font-family: tahoma, arial, helvetica, sans-serif\">MUNIC\u00cdPIO DA CONCEI\u00c7\u00c3O DO ARROIO. Relat\u00f3rio apresentado pela Intendente Coronel Manoel Marques da Rosa lei or\u00e7ament\u00e1ria para o exerc\u00edcio de 1911. Tipografia da livraria universal de Carlos Echenique, Porto Alegre, 1910.<\/span><\/p>\n<p>&nbsp;<\/td>\n<\/tr>\n<\/tbody>\n<\/table>\n<p>&nbsp;<\/p>\n<table border=\"0\" width=\"513\">\n<tbody>\n<tr>\n<td style=\"width: 200px\"><a href=\"https:\/\/wp.ufpel.edu.br\/ceihe\/files\/2017\/11\/1-6-2.jpg\"><img class=\"alignleft size-thumbnail wp-image-1113\" src=\"https:\/\/wp.ufpel.edu.br\/ceihe\/files\/2017\/11\/1-6-2-200x200.jpg\" alt=\"\" width=\"200\" height=\"200\" \/><\/a><\/td>\n<td style=\"vertical-align: top\">\n<p>&nbsp;<\/p>\n<p><span style=\"font-family: tahoma, arial, helvetica, sans-serif\">MUNIC\u00cdPIO DA CONCEI\u00c7\u00c3O DO ARROIO.\u00a0 Relat\u00f3rio\u00a0apresentado ao Conselho Municipal de Concei\u00e7\u00e3o do Arroio pelo Intendente Cel. Manoel Marques da Rosa seguido das leis n\u00ba 15,16 e 17 que horas a receita e fixa a despesa para o exerc\u00edcio de 1909; estabelece os vencimentos do Intendente e sub-intendente para o per\u00edodo administrativo de 20 de dezembro de 1908 a 19 de dezembro de 1912 e que aprova as contas de 1907.\u00a0Tipografia da livraria universal de Carlos Echenique, Porto Alegre, 1909.<\/span><\/p>\n<p>&nbsp;<\/td>\n<\/tr>\n<\/tbody>\n<\/table>\n<p>&nbsp;<\/p>\n<table border=\"0\" width=\"513\">\n<tbody>\n<tr>\n<td style=\"width: 200px\"><a href=\"https:\/\/wp.ufpel.edu.br\/ceihe\/files\/2017\/11\/1-7-2.jpg\"><img class=\"alignleft size-thumbnail wp-image-1114\" src=\"https:\/\/wp.ufpel.edu.br\/ceihe\/files\/2017\/11\/1-7-2-200x200.jpg\" alt=\"\" width=\"200\" height=\"200\" \/><\/a><\/td>\n<td style=\"vertical-align: top\">\n<p>&nbsp;<\/p>\n<p><span style=\"font-family: tahoma, arial, helvetica, sans-serif\">MUNIC\u00cdPIO DA CONCEI\u00c7\u00c3O DO ARROIO.\u00a0 Relat\u00f3rio apresentado pela Intendente Coronel Manoel Marques da Rosa seguido das leis n\u00ba 22,23 e 24 para exerc\u00edcios de 1912, aprovando as contas de 1910 e das instru\u00e7\u00f5es para a execu\u00e7\u00e3o da lei do or\u00e7amento. Typ. W. Rotermund, S. Leopoldo.<\/span><\/p>\n<p>&nbsp;<\/td>\n<\/tr>\n<\/tbody>\n<\/table>\n<p>&nbsp;<\/p>\n<table border=\"0\" width=\"513\">\n<tbody>\n<tr>\n<td style=\"width: 200px\"><a href=\"https:\/\/wp.ufpel.edu.br\/ceihe\/files\/2017\/11\/1-8-2.jpg\"><img class=\"alignleft size-thumbnail wp-image-1115\" src=\"https:\/\/wp.ufpel.edu.br\/ceihe\/files\/2017\/11\/1-8-2-200x200.jpg\" alt=\"\" width=\"200\" height=\"200\" \/><\/a><\/td>\n<td style=\"vertical-align: top\">\n<p>&nbsp;<\/p>\n<p><span style=\"font-family: tahoma, arial, helvetica, sans-serif\">MUNIC\u00cdPIO DA CONCEI\u00c7\u00c3O DO ARROIO.\u00a0 Relat\u00f3rio apresentado ao Conselho Municipal de Concei\u00e7\u00e3o do Arroio pelo vice Intendente Luiz Jacintho de Moura seguido das leis n\u00ba 25,26 e 27 que or\u00e7a a receita e fixa a despesa para o exerc\u00edcio de 1913, estabelece os vencimentos do Intendente e dos subintendentes para o per\u00edodo administrativo de 1912 a 1916 e aprova as contas do exerc\u00edcio de 1911. Livraria Americana, Porto Alegre, 1913.<\/span><\/p>\n<p>&nbsp;<\/td>\n<\/tr>\n<\/tbody>\n<\/table>\n<p>&nbsp;<\/p>\n<table border=\"0\" width=\"513\">\n<tbody>\n<tr>\n<td style=\"width: 200px\"><a href=\"https:\/\/wp.ufpel.edu.br\/ceihe\/files\/2017\/11\/1-9-2.jpg\"><img class=\"alignleft size-thumbnail wp-image-1116\" src=\"https:\/\/wp.ufpel.edu.br\/ceihe\/files\/2017\/11\/1-9-2-200x200.jpg\" alt=\"\" width=\"200\" height=\"200\" \/><\/a><\/td>\n<td style=\"vertical-align: top\">\n<p>&nbsp;<\/p>\n<p><span style=\"font-family: tahoma, arial, helvetica, sans-serif\">MUNIC\u00cdPIO DA CONCEI\u00c7\u00c3O DO ARROIO.\u00a0 Relat\u00f3rio apresentado ao Conselho Municipal em sua sess\u00e3o ordin\u00e1ria de 25 de outubro de 1914 pelo Intendente Municipal Manoel E. Fernandes Bastos e lei de or\u00e7amento para o exerc\u00edcio de 1915 lei n\u00famero 34, de 30 de novembro de 1914. Oficinas graphicas da Casa de Corre\u00e7\u00f5es, Porto Alegre, 1914.<\/span><\/p>\n<p>&nbsp;<\/td>\n<\/tr>\n<\/tbody>\n<\/table>\n<p>&nbsp;<\/p>\n<table border=\"0\" width=\"513\">\n<tbody>\n<tr>\n<td style=\"width: 200px\"><a href=\"https:\/\/wp.ufpel.edu.br\/ceihe\/files\/2017\/11\/1-10-1.jpg\"><img class=\"alignleft size-thumbnail wp-image-1117\" src=\"https:\/\/wp.ufpel.edu.br\/ceihe\/files\/2017\/11\/1-10-1-200x200.jpg\" alt=\"\" width=\"200\" height=\"200\" \/><\/a><\/td>\n<td style=\"vertical-align: top\">&nbsp;<\/p>\n<p style=\"text-align: justify\"><span style=\"font-family: tahoma, arial, helvetica, sans-serif\">MUNIC\u00cdPIO DA CONCEI\u00c7\u00c3O DO ARROIO. Relat\u00f3rio apresentado ao Conselho Municipal de Concei\u00e7\u00e3o do Arroio, em sua sess\u00e3o ordin\u00e1ria em 25 de outubro de 1920 pela Intendente Municipal Capit\u00e3o Antonio Mariante-Lei\u00a0do or\u00e7amento para o exerc\u00edcio de 1921 e instru\u00e7\u00f5es para sua execu\u00e7\u00e3o leis n\u00ba 49 e 50, de 8 de dezembro de 1920, que fixam os vencimentos do Intendente e subintendentes para o per\u00edodo de 1921-1924, e aprovam as contas dos exerc\u00edcios de 1918 e 1919. Oficinas graphicas d&#8217;A Federa\u00e7\u00e3o, Porto Alegre, 1920.<\/span><\/p>\n<p>&nbsp;<\/td>\n<\/tr>\n<\/tbody>\n<\/table>\n<p>&nbsp;<\/p>\n<table border=\"0\" width=\"513\">\n<tbody>\n<tr>\n<td style=\"width: 200px\"><a href=\"https:\/\/wp.ufpel.edu.br\/ceihe\/files\/2017\/11\/1-11-2.jpg\"><img class=\"alignleft size-thumbnail wp-image-1118\" src=\"https:\/\/wp.ufpel.edu.br\/ceihe\/files\/2017\/11\/1-11-2-200x200.jpg\" alt=\"\" width=\"200\" height=\"200\" \/><\/a><\/td>\n<td style=\"vertical-align: top\">&nbsp;<\/p>\n<p style=\"text-align: justify\"><span style=\"font-family: tahoma, arial, helvetica, sans-serif\">MUNIC\u00cdPIO DA CONCEI\u00c7\u00c3O DO ARROIO. Relat\u00f3rio apresentado ao Conselho Municipal em 25 de outubro de 1925 pela pelo Intendente Municipal Jos\u00e9 Augusto Grindler -Lei de or\u00e7amento da Receita e despesa para o exerc\u00edcio de 1926 outras leis votadas pelo Conselho Municipal.\u00a0Oficinas graphicas d&#8217;A Federa\u00e7\u00e3o, Porto Alegre, 1926.<\/span><\/p>\n<p>&nbsp;<\/td>\n<\/tr>\n<\/tbody>\n<\/table>\n<p>&nbsp;<\/p>\n<table border=\"0\" width=\"513\">\n<tbody>\n<tr>\n<td style=\"width: 200px\"><a href=\"https:\/\/wp.ufpel.edu.br\/ceihe\/files\/2017\/11\/1-12-2.jpg\"><img class=\"alignleft size-thumbnail wp-image-1120\" src=\"https:\/\/wp.ufpel.edu.br\/ceihe\/files\/2017\/11\/1-12-2-200x200.jpg\" alt=\"\" width=\"200\" height=\"200\" \/><\/a><\/td>\n<td style=\"vertical-align: top\"><span style=\"color: #000000;font-family: tahoma, arial, helvetica, sans-serif\">\u00a0<\/span><\/p>\n<p style=\"text-align: justify\"><span style=\"font-family: tahoma, arial, helvetica, sans-serif;color: #000000\">MUNIC\u00cdPIO DA CONCEI\u00c7\u00c3O DO ARROIO. Relat\u00f3rio apresentado ao Conselho Municipal de Concei\u00e7\u00e3o do Arroio em sua sess\u00e3o ordin\u00e1ria de 25 de outubro de 1928 pela Intendente Municipal Jos\u00e9 Augusto Grundler de lei de or\u00e7amento Municipal para exerc\u00edcios de 1929 &#8211; outras leis votadas pelo conselho. Impresso nas oficinas da empresa gr\u00e1fica Ltda. Taquara.<\/span><\/p>\n<p>&nbsp;<\/td>\n<\/tr>\n<\/tbody>\n<\/table>\n<p>&nbsp;<\/p>\n","protected":false},"excerpt":{"rendered":"<p>&nbsp; MUNIC\u00cdPIO DA CONCEI\u00c7\u00c3O DO ARROIO \u2013 Lei\u00a0org\u00e2nica com as altera\u00e7\u00f5es do decreto do Governo do Estado, sob n\u00ba 519 de 5 de setembro de 1902. Officinas typographica de Echenique Irm\u00e3os &amp; Cia,\u00a0Porto Alegre, 1904. &nbsp; &nbsp; &nbsp; MUNIC\u00cdPIO DA CONCEI\u00c7\u00c3O DO ARROIO. Relat\u00f3rio apresentado ao Conselho Municipal da Concei\u00e7\u00e3o do Arroio pelo Intendente Firmiano [&hellip;]<\/p>\n","protected":false},"author":777,"featured_media":0,"parent":0,"menu_order":0,"comment_status":"closed","ping_status":"closed","template":"","meta":{"footnotes":""},"class_list":["post-1106","page","type-page","status-publish","hentry"],"_links":{"self":[{"href":"https:\/\/wp.ufpel.edu.br\/ceihe\/wp-json\/wp\/v2\/pages\/1106","targetHints":{"allow":["GET"]}}],"collection":[{"href":"https:\/\/wp.ufpel.edu.br\/ceihe\/wp-json\/wp\/v2\/pages"}],"about":[{"href":"https:\/\/wp.ufpel.edu.br\/ceihe\/wp-json\/wp\/v2\/types\/page"}],"author":[{"embeddable":true,"href":"https:\/\/wp.ufpel.edu.br\/ceihe\/wp-json\/wp\/v2\/users\/777"}],"replies":[{"embeddable":true,"href":"https:\/\/wp.ufpel.edu.br\/ceihe\/wp-json\/wp\/v2\/comments?post=1106"}],"version-history":[{"count":5,"href":"https:\/\/wp.ufpel.edu.br\/ceihe\/wp-json\/wp\/v2\/pages\/1106\/revisions"}],"predecessor-version":[{"id":1163,"href":"https:\/\/wp.ufpel.edu.br\/ceihe\/wp-json\/wp\/v2\/pages\/1106\/revisions\/1163"}],"wp:attachment":[{"href":"https:\/\/wp.ufpel.edu.br\/ceihe\/wp-json\/wp\/v2\/media?parent=1106"}],"curies":[{"name":"wp","href":"https:\/\/api.w.org\/{rel}","templated":true}]}}