{"id":1100,"date":"2017-11-28T11:53:12","date_gmt":"2017-11-28T13:53:12","guid":{"rendered":"https:\/\/wp.ufpel.edu.br\/ceihe\/?page_id=1100"},"modified":"2017-12-03T19:23:17","modified_gmt":"2017-12-03T21:23:17","slug":"cangucu","status":"publish","type":"page","link":"https:\/\/wp.ufpel.edu.br\/ceihe\/cangucu\/","title":{"rendered":"Cangu\u00e7u"},"content":{"rendered":"<table border=\"0\" width=\"513\">\n<tbody>\n<tr>\n<td style=\"width: 200px\"><a href=\"https:\/\/wp.ufpel.edu.br\/ceihe\/files\/2017\/11\/1-1-3.jpg\"><img class=\"alignleft size-thumbnail wp-image-1102\" src=\"https:\/\/wp.ufpel.edu.br\/ceihe\/files\/2017\/11\/1-1-3-200x200.jpg\" alt=\"\" width=\"200\" height=\"200\" \/><\/a><\/td>\n<td style=\"vertical-align: top\">\n<p>&nbsp;<\/p>\n<p><span style=\"font-family: tahoma, arial, helvetica, sans-serif\">Munic\u00edpio de Cangu\u00e7u. Relat\u00f3rio apresentado ao Exmo. S. General J. A. Flores da Cunha D. D. Interventor Federal\u00a0pelo prefeito Ulysses Coelho em 31 de Dezembro de 1931. Liv. Univ.\u00a0Pelotas.<\/span><\/p>\n<p>&nbsp;<\/td>\n<\/tr>\n<\/tbody>\n<\/table>\n<p>&nbsp;<\/p>\n<table border=\"0\" width=\"513\">\n<tbody>\n<tr>\n<td style=\"width: 200px\"><a href=\"https:\/\/wp.ufpel.edu.br\/ceihe\/files\/2017\/11\/1-2-3.jpg\"><img class=\"alignleft size-thumbnail wp-image-1104\" src=\"https:\/\/wp.ufpel.edu.br\/ceihe\/files\/2017\/11\/1-2-3-200x200.jpg\" alt=\"\" width=\"200\" height=\"200\" \/><\/a><\/td>\n<td style=\"vertical-align: top\">\n<p>&nbsp;<\/p>\n<p><span style=\"font-family: 'Arial',sans-serif\"><span style=\"font-family: tahoma, arial, helvetica, sans-serif\">Munic\u00edpio de Cangu\u00e7u \u2013Lei\u00a0Org\u00e2nica decretada pela c\u00e2mara municipal em 11 de mar\u00e7o de 1936, e promulgada pelo Prefeito em 12 do mesmo m\u00eas e ano. Of. Tip. Da Liv. Comercial, Pelotas e Rio Grande, 1936.<\/span><\/span><\/p>\n<p>&nbsp;<\/td>\n<\/tr>\n<\/tbody>\n<\/table>\n<p>&nbsp;<\/p>\n","protected":false},"excerpt":{"rendered":"<p>&nbsp; Munic\u00edpio de Cangu\u00e7u. Relat\u00f3rio apresentado ao Exmo. S. General J. A. Flores da Cunha D. D. Interventor Federal\u00a0pelo prefeito Ulysses Coelho em 31 de Dezembro de 1931. Liv. Univ.\u00a0Pelotas. &nbsp; &nbsp; &nbsp; Munic\u00edpio de Cangu\u00e7u \u2013Lei\u00a0Org\u00e2nica decretada pela c\u00e2mara municipal em 11 de mar\u00e7o de 1936, e promulgada pelo Prefeito em 12 do mesmo [&hellip;]<\/p>\n","protected":false},"author":777,"featured_media":0,"parent":0,"menu_order":0,"comment_status":"closed","ping_status":"closed","template":"","meta":{"footnotes":""},"class_list":["post-1100","page","type-page","status-publish","hentry"],"_links":{"self":[{"href":"https:\/\/wp.ufpel.edu.br\/ceihe\/wp-json\/wp\/v2\/pages\/1100","targetHints":{"allow":["GET"]}}],"collection":[{"href":"https:\/\/wp.ufpel.edu.br\/ceihe\/wp-json\/wp\/v2\/pages"}],"about":[{"href":"https:\/\/wp.ufpel.edu.br\/ceihe\/wp-json\/wp\/v2\/types\/page"}],"author":[{"embeddable":true,"href":"https:\/\/wp.ufpel.edu.br\/ceihe\/wp-json\/wp\/v2\/users\/777"}],"replies":[{"embeddable":true,"href":"https:\/\/wp.ufpel.edu.br\/ceihe\/wp-json\/wp\/v2\/comments?post=1100"}],"version-history":[{"count":4,"href":"https:\/\/wp.ufpel.edu.br\/ceihe\/wp-json\/wp\/v2\/pages\/1100\/revisions"}],"predecessor-version":[{"id":1162,"href":"https:\/\/wp.ufpel.edu.br\/ceihe\/wp-json\/wp\/v2\/pages\/1100\/revisions\/1162"}],"wp:attachment":[{"href":"https:\/\/wp.ufpel.edu.br\/ceihe\/wp-json\/wp\/v2\/media?parent=1100"}],"curies":[{"name":"wp","href":"https:\/\/api.w.org\/{rel}","templated":true}]}}