{"id":1084,"date":"2017-11-28T11:42:56","date_gmt":"2017-11-28T13:42:56","guid":{"rendered":"https:\/\/wp.ufpel.edu.br\/ceihe\/?page_id=1084"},"modified":"2017-12-03T19:22:39","modified_gmt":"2017-12-03T21:22:39","slug":"camaqua","status":"publish","type":"page","link":"https:\/\/wp.ufpel.edu.br\/ceihe\/camaqua\/","title":{"rendered":"Camaqu\u00e3"},"content":{"rendered":"<table border=\"0\" width=\"513\">\n<tbody>\n<tr>\n<td style=\"width: 200px\"><a href=\"https:\/\/wp.ufpel.edu.br\/ceihe\/files\/2017\/11\/1-1-2.jpg\"><img class=\"alignleft size-thumbnail wp-image-1086\" src=\"https:\/\/wp.ufpel.edu.br\/ceihe\/files\/2017\/11\/1-1-2-200x200.jpg\" alt=\"\" width=\"200\" height=\"200\" \/><\/a><\/td>\n<td style=\"vertical-align: top\">\n<p>&nbsp;<\/p>\n<p><span style=\"font-family: tahoma, arial, helvetica, sans-serif\">MUNIC\u00cdPIO DE S. JO\u00c3O BATISTA DE CAMAQUAM. Relat\u00f3rio apresentado ao Conselho Municipal pelo intendente Major Bernardo Vieira Dias \u2013 Lei do or\u00e7amento para o exerc\u00edcio de 1907. Livraria do Globo de L. P. Barcelos e CIA, Porto Alegre, 1906.<\/span><\/p>\n<p>&nbsp;<\/td>\n<\/tr>\n<\/tbody>\n<\/table>\n<p>&nbsp;<\/p>\n<table border=\"0\" width=\"513\">\n<tbody>\n<tr>\n<td style=\"width: 200px\"><a href=\"https:\/\/wp.ufpel.edu.br\/ceihe\/files\/2017\/11\/1-2-2.jpg\"><img class=\"alignleft size-thumbnail wp-image-1088\" src=\"https:\/\/wp.ufpel.edu.br\/ceihe\/files\/2017\/11\/1-2-2-200x200.jpg\" alt=\"\" width=\"200\" height=\"200\" \/><\/a><\/td>\n<td style=\"vertical-align: top\">\n<p>&nbsp;<\/p>\n<p><span style=\"font-family: tahoma, arial, helvetica, sans-serif\">MUNIC\u00cdPIO DE S. JO\u00c3O BATISTA DE CAMAQUAM. Mensagem apresentada ao Conselho Municipal em sess\u00e3o de 15 de outubro de 1911 pelo intendente Engen.<sup>ro<\/sup>&#8211; Civil Donario Lopes d\u2019Almeida, synopsis do or\u00e7amento para 1912. Oficinas Typographicas da Livraria do Globo, Porto Alegre e Santa Maria, 1912.<\/span><\/p>\n<p>&nbsp;<\/td>\n<\/tr>\n<\/tbody>\n<\/table>\n<p>&nbsp;<\/p>\n<table border=\"0\" width=\"513\">\n<tbody>\n<tr>\n<td style=\"width: 200px\"><a href=\"https:\/\/wp.ufpel.edu.br\/ceihe\/files\/2017\/11\/1-3-2.jpg\"><img class=\"alignleft size-thumbnail wp-image-1089\" src=\"https:\/\/wp.ufpel.edu.br\/ceihe\/files\/2017\/11\/1-3-2-200x200.jpg\" alt=\"\" width=\"200\" height=\"200\" \/><\/a><\/td>\n<td style=\"vertical-align: top\">\n<p>&nbsp;<\/p>\n<p><span style=\"font-family: tahoma, arial, helvetica, sans-serif\">MUNIC\u00cdPIO DE S. JO\u00c3O BATISTA DE CAMAQUAM \u2013 Lei n\u00ba 79 de 28 de novembro de 1917. Or\u00e7a a receita e fixa a despesa para o exerc\u00edcio de 1918. Officinas gr\u00e1ficas d\u2019A Federa\u00e7\u00e3o, Porto Alegre, 1918.<\/span><\/p>\n<p>&nbsp;<\/td>\n<\/tr>\n<\/tbody>\n<\/table>\n<p>&nbsp;<\/p>\n<table border=\"0\" width=\"513\">\n<tbody>\n<tr>\n<td style=\"width: 200px\"><a href=\"https:\/\/wp.ufpel.edu.br\/ceihe\/files\/2017\/11\/1-4-1.jpg\"><img class=\"alignleft size-thumbnail wp-image-1090\" src=\"https:\/\/wp.ufpel.edu.br\/ceihe\/files\/2017\/11\/1-4-1-200x200.jpg\" alt=\"\" width=\"200\" height=\"200\" \/><\/a><\/td>\n<td style=\"vertical-align: top\">\n<p>&nbsp;<\/p>\n<p><span style=\"font-family: helvetica, arial, sans-serif\">MUNIC\u00cdPIO DE S. JO\u00c3O BATISTA DE CAMAQUAM \u2013 Lei n\u00ba 79 de 28 de novembro de 1917. Or\u00e7a a receita e fixa a despesa para o exerc\u00edcio de 1918. Officinas gr\u00e1ficas d\u2019A Federa\u00e7\u00e3o, Porto Alegre, 1918.<\/span><\/p>\n<p>&nbsp;<\/td>\n<\/tr>\n<\/tbody>\n<\/table>\n<p>&nbsp;<\/p>\n<table border=\"0\" width=\"513\">\n<tbody>\n<tr>\n<td style=\"width: 200px\"><a href=\"https:\/\/wp.ufpel.edu.br\/ceihe\/files\/2017\/11\/1-5-1.jpg\"><img class=\"alignleft size-thumbnail wp-image-1091\" src=\"https:\/\/wp.ufpel.edu.br\/ceihe\/files\/2017\/11\/1-5-1-200x200.jpg\" alt=\"\" width=\"200\" height=\"200\" \/><\/a><\/td>\n<td style=\"vertical-align: top\">\n<p>&nbsp;<\/p>\n<p><span style=\"font-family: tahoma, arial, helvetica, sans-serif\">MUNIC\u00cdPIO DE CAMAQUAM. Relat\u00f3rio apresentado ao Conselho Municipal de Camaquam em sess\u00e3o de 15 de outubro de 1917 pelo intendente Lucio Barbosa Meirelles. Officinas gr\u00e1ficas d\u2019A Federa\u00e7\u00e3o, Porto Alegre, 1918.<\/span><\/p>\n<p>&nbsp;<\/td>\n<\/tr>\n<\/tbody>\n<\/table>\n<p>&nbsp;<\/p>\n<table border=\"0\" width=\"513\">\n<tbody>\n<tr>\n<td style=\"width: 200px\"><a href=\"https:\/\/wp.ufpel.edu.br\/ceihe\/files\/2017\/11\/1-6-1.jpg\"><img class=\"alignleft size-thumbnail wp-image-1092\" src=\"https:\/\/wp.ufpel.edu.br\/ceihe\/files\/2017\/11\/1-6-1-200x200.jpg\" alt=\"\" width=\"200\" height=\"200\" \/><\/a><\/td>\n<td style=\"vertical-align: top\">\n<p>&nbsp;<\/p>\n<p><span style=\"font-family: tahoma, arial, helvetica, sans-serif\">MUNIC\u00cdPIO DE CAMAQUAM. Relat\u00f3rio apresentado ao Conselho Municipal de Camaquam em sess\u00e3o de 15 de outubro de 1918 pelo intendente Lucio Barbosa Meirelles. Officinas gr\u00e1ficas d\u2019A Federa\u00e7\u00e3o, Porto Alegre, 1919.<\/span><\/p>\n<p>&nbsp;<\/td>\n<\/tr>\n<\/tbody>\n<\/table>\n<p>&nbsp;<\/p>\n<table border=\"0\" width=\"513\">\n<tbody>\n<tr>\n<td style=\"width: 200px\"><a href=\"https:\/\/wp.ufpel.edu.br\/ceihe\/files\/2017\/11\/1-7-1.jpg\"><img class=\"alignleft size-thumbnail wp-image-1093\" src=\"https:\/\/wp.ufpel.edu.br\/ceihe\/files\/2017\/11\/1-7-1-200x200.jpg\" alt=\"\" width=\"200\" height=\"200\" \/><\/a><\/td>\n<td style=\"vertical-align: top\">\n<p>&nbsp;<\/p>\n<p><span style=\"font-family: tahoma, arial, helvetica, sans-serif\">MUNIC\u00cdPIO DE CAMAQUAM. Mensagem apresentada pelo intendente Municipal de Camaquam Francisco Celso Moreira ao Conselho Municipal em 21 de janeiro de 1924. Livraria do Globo \u2013 Barcelos Bertaso Cia, Porto Alegre, Santa Maria e Pelotas.<\/span><\/p>\n<p>&nbsp;<\/td>\n<\/tr>\n<\/tbody>\n<\/table>\n<p>&nbsp;<\/p>\n<table border=\"0\" width=\"513\">\n<tbody>\n<tr>\n<td style=\"width: 200px\"><a href=\"https:\/\/wp.ufpel.edu.br\/ceihe\/files\/2017\/11\/1-8-1.jpg\"><img class=\"alignleft size-thumbnail wp-image-1094\" src=\"https:\/\/wp.ufpel.edu.br\/ceihe\/files\/2017\/11\/1-8-1-200x200.jpg\" alt=\"\" width=\"200\" height=\"200\" \/><\/a><\/td>\n<td style=\"vertical-align: top\">\n<p>&nbsp;<\/p>\n<p><span style=\"font-family: tahoma, arial, helvetica, sans-serif\">MUNIC\u00cdPIO DE S\u00c3O JO\u00c3O BATISTA DE CAMAQUAM. Mensagem apresentada ao Conselho Municipal pelo intendente Jos\u00e9 Domingues de Carvalho Bastos. Officinas Graphicas da Livraria do Globo, Porto Alegre, 1926.<\/span><\/p>\n<p>&nbsp;<\/td>\n<\/tr>\n<\/tbody>\n<\/table>\n<p>&nbsp;<\/p>\n<table border=\"0\" width=\"513\">\n<tbody>\n<tr>\n<td style=\"width: 200px\"><a href=\"https:\/\/wp.ufpel.edu.br\/ceihe\/files\/2017\/11\/1-9-1.jpg\"><img class=\"alignleft size-thumbnail wp-image-1095\" src=\"https:\/\/wp.ufpel.edu.br\/ceihe\/files\/2017\/11\/1-9-1-200x200.jpg\" alt=\"\" width=\"200\" height=\"200\" \/><\/a><\/td>\n<td style=\"vertical-align: top\">\n<p>&nbsp;<\/p>\n<p><span style=\"font-family: tahoma, arial, helvetica, sans-serif\">MUNIC\u00cdPIO DE S\u00c3O JO\u00c3O BATISTA DE CAMAQUAM. Mensagem apresentada ao Conselho Municipal pelo intendente Jos\u00e9 Domingues de Carvalho Bastos. Officinas Graphicas da Livraria do Globo \u2013 Barcellos, Bertaso &amp; Cia, Porto Alegre, 1927.<\/span><\/p>\n<p>&nbsp;<\/td>\n<\/tr>\n<\/tbody>\n<\/table>\n<p>&nbsp;<\/p>\n<table border=\"0\" width=\"513\">\n<tbody>\n<tr>\n<td style=\"width: 200px\"><a href=\"https:\/\/wp.ufpel.edu.br\/ceihe\/files\/2017\/11\/1-9-1.jpg\"><img class=\"alignleft size-thumbnail wp-image-1095\" src=\"https:\/\/wp.ufpel.edu.br\/ceihe\/files\/2017\/11\/1-9-1-200x200.jpg\" alt=\"\" width=\"200\" height=\"200\" \/><\/a><\/td>\n<td style=\"vertical-align: top\">&nbsp;<\/p>\n<p style=\"text-align: justify\"><span style=\"font-family: tahoma, arial, helvetica, sans-serif\">MUNIC\u00cdPIO DE CAMAQUAM. Mensagem apresentada ao conselho Municipal, em 5 de Janeiro de 1928 pelo Intendente Coronel Adylies Ara\u00fajo Peixoto. Lei n\u00ba 77, de 5\u00a0de Janeiro de 1928, que aprova as contas da intend\u00eancia, no per\u00edodo de 1\u00ba de Janeiro a 31 de Dezembro de 1927. Ato n\u00ba 110, promulga a lei n\u00ba 77. Lei n\u00ba 78, fixa a receita e a despesa para o exerc\u00edcio de 1928. Ato n\u00ba 111, que promulga a lei n\u00famero 78.Ato n\u00famero 112, que d\u00e1 instru\u00e7\u00f5es para a lei or\u00e7ament\u00e1ria, para 1928. Decreto municipal, n\u00famero 7, de 30 de junho de 1926, que regula o tr\u00e2nsito de autom\u00f3veis. Idem ns. 2.087 e 2.104, de 19 de maio de 11 de novembro de 1914, regula o tr\u00e2nsito p\u00fablico e servidores conexas, baixados pelo Governo do Estado. Officinas graphicas d&#8217;A Federa\u00e7\u00e3o, Porto Alegre, 1928.<\/span><\/p>\n<p>&nbsp;<\/td>\n<\/tr>\n<\/tbody>\n<\/table>\n<p>&nbsp;<\/p>\n<table border=\"0\" width=\"513\">\n<tbody>\n<tr>\n<td style=\"width: 200px\"><a href=\"https:\/\/wp.ufpel.edu.br\/ceihe\/files\/2017\/11\/1-11-1.jpg\"><img class=\"alignleft size-thumbnail wp-image-1096\" src=\"https:\/\/wp.ufpel.edu.br\/ceihe\/files\/2017\/11\/1-11-1-200x200.jpg\" alt=\"\" width=\"200\" height=\"200\" \/><\/a><\/td>\n<td style=\"vertical-align: top\">&nbsp;<\/p>\n<p style=\"text-align: justify\"><span style=\"font-family: tahoma, arial, helvetica, sans-serif\">MUNIC\u00cdPIO DE CAMAQUAM. Mensagem apresentada Conselho Municipal pelo Intendente Jos\u00e9 Domingues de Carvalho\u00a0 Bastos, 1928. Oficinas graficas da livraria do Globo, Porto Alegre, 1929.<\/span><\/p>\n<p>&nbsp;<\/td>\n<\/tr>\n<\/tbody>\n<\/table>\n<p>&nbsp;<\/p>\n<table border=\"0\" width=\"513\">\n<tbody>\n<tr>\n<td style=\"width: 200px\"><a href=\"https:\/\/wp.ufpel.edu.br\/ceihe\/files\/2017\/11\/1-12-1.jpg\"><img class=\"alignleft size-thumbnail wp-image-1097\" src=\"https:\/\/wp.ufpel.edu.br\/ceihe\/files\/2017\/11\/1-12-1-200x200.jpg\" alt=\"\" width=\"200\" height=\"200\" \/><\/a><\/td>\n<td style=\"vertical-align: top\">&nbsp;<\/p>\n<p style=\"text-align: justify\"><span style=\"font-family: tahoma, arial, helvetica, sans-serif\">MUNIC\u00cdPIO DE CAMAQUAM. Mensagem apresentada pelo Intendente Municipal Sr. Major Francisco Celso Moreira ao Conselho Municipal de Camaqu\u00e3 em 30 de dezembro de 1929. Oficinas graficas da livraria do Globo, Porto Alegre, 1930.<\/span><\/p>\n<p>&nbsp;<\/td>\n<\/tr>\n<\/tbody>\n<\/table>\n<p>&nbsp;<\/p>\n","protected":false},"excerpt":{"rendered":"<p>&nbsp; MUNIC\u00cdPIO DE S. JO\u00c3O BATISTA DE CAMAQUAM. Relat\u00f3rio apresentado ao Conselho Municipal pelo intendente Major Bernardo Vieira Dias \u2013 Lei do or\u00e7amento para o exerc\u00edcio de 1907. Livraria do Globo de L. P. Barcelos e CIA, Porto Alegre, 1906. &nbsp; &nbsp; &nbsp; MUNIC\u00cdPIO DE S. JO\u00c3O BATISTA DE CAMAQUAM. Mensagem apresentada ao Conselho Municipal [&hellip;]<\/p>\n","protected":false},"author":777,"featured_media":0,"parent":0,"menu_order":0,"comment_status":"closed","ping_status":"closed","template":"","meta":{"footnotes":""},"class_list":["post-1084","page","type-page","status-publish","hentry"],"_links":{"self":[{"href":"https:\/\/wp.ufpel.edu.br\/ceihe\/wp-json\/wp\/v2\/pages\/1084","targetHints":{"allow":["GET"]}}],"collection":[{"href":"https:\/\/wp.ufpel.edu.br\/ceihe\/wp-json\/wp\/v2\/pages"}],"about":[{"href":"https:\/\/wp.ufpel.edu.br\/ceihe\/wp-json\/wp\/v2\/types\/page"}],"author":[{"embeddable":true,"href":"https:\/\/wp.ufpel.edu.br\/ceihe\/wp-json\/wp\/v2\/users\/777"}],"replies":[{"embeddable":true,"href":"https:\/\/wp.ufpel.edu.br\/ceihe\/wp-json\/wp\/v2\/comments?post=1084"}],"version-history":[{"count":5,"href":"https:\/\/wp.ufpel.edu.br\/ceihe\/wp-json\/wp\/v2\/pages\/1084\/revisions"}],"predecessor-version":[{"id":1161,"href":"https:\/\/wp.ufpel.edu.br\/ceihe\/wp-json\/wp\/v2\/pages\/1084\/revisions\/1161"}],"wp:attachment":[{"href":"https:\/\/wp.ufpel.edu.br\/ceihe\/wp-json\/wp\/v2\/media?parent=1084"}],"curies":[{"name":"wp","href":"https:\/\/api.w.org\/{rel}","templated":true}]}}