{"id":1080,"date":"2017-11-28T11:41:31","date_gmt":"2017-11-28T13:41:31","guid":{"rendered":"https:\/\/wp.ufpel.edu.br\/ceihe\/?page_id=1080"},"modified":"2018-02-14T18:32:40","modified_gmt":"2018-02-14T20:32:40","slug":"cachoeira","status":"publish","type":"page","link":"https:\/\/wp.ufpel.edu.br\/ceihe\/cachoeira\/","title":{"rendered":"Cachoeira"},"content":{"rendered":"<table border=\"0\" width=\"513\">\n<tbody>\n<tr>\n<td style=\"width: 200px\"><a href=\"https:\/\/wp.ufpel.edu.br\/ceihe\/files\/2017\/11\/1.jpg\"><img class=\"alignleft size-thumbnail wp-image-1082\" src=\"https:\/\/wp.ufpel.edu.br\/ceihe\/files\/2017\/11\/1-200x200.jpg\" alt=\"\" width=\"200\" height=\"200\" \/><\/a><\/td>\n<td style=\"vertical-align: top\">\n<p>&nbsp;<\/p>\n<p><span style=\"font-family: tahoma, arial, helvetica, sans-serif\">MUNIC\u00cdPIO DE CACHOEIRA \u2013 C\u00f3digo de Posturas Urbanas do Munic\u00edpio de Cachoeira, Typ. d\u2019 \u201c O Comercio\u201d, Cachoeira, 1927.<\/span><\/p>\n<p>&nbsp;<\/td>\n<\/tr>\n<\/tbody>\n<\/table>\n<p>&nbsp;<\/p>\n<table border=\"0\" width=\"513\">\n<tbody>\n<tr>\n<td style=\"width: 200px\"><a href=\"https:\/\/wp.ufpel.edu.br\/ceihe\/files\/2018\/02\/1-8-2.jpg\"><img class=\"alignleft size-thumbnail wp-image-1487\" src=\"https:\/\/wp.ufpel.edu.br\/ceihe\/files\/2018\/02\/1-8-2-200x200.jpg\" alt=\"\" width=\"200\" height=\"200\" \/><\/a><\/td>\n<td style=\"vertical-align: top\">\n<p>&nbsp;<\/p>\n<p><span style=\"font-family: tahoma, arial, helvetica, sans-serif\">INTEND\u00caNCIA MUNICIPAL DE CACHOEIRA. Relat\u00f3rio de 1912. Apresentado ao Sub-intendente Sr. Capit\u00e3o Alfredo Xavier da Cunha em 20 de setembro de 1912 pelo Encarregado da Se\u00e7\u00e3o de Estat\u00edstica e Arquivo Mario Godoy Ilha, off. Do \u201cOfficinas Graphicas da Livraria do Globo\u201d, Porto Alegre e Santa Maria, 1913.<\/span><\/p>\n<p>&nbsp;<\/td>\n<\/tr>\n<\/tbody>\n<\/table>\n<p>&nbsp;<\/p>\n","protected":false},"excerpt":{"rendered":"<p>&nbsp; MUNIC\u00cdPIO DE CACHOEIRA \u2013 C\u00f3digo de Posturas Urbanas do Munic\u00edpio de Cachoeira, Typ. d\u2019 \u201c O Comercio\u201d, Cachoeira, 1927. &nbsp; &nbsp; &nbsp; INTEND\u00caNCIA MUNICIPAL DE CACHOEIRA. Relat\u00f3rio de 1912. Apresentado ao Sub-intendente Sr. Capit\u00e3o Alfredo Xavier da Cunha em 20 de setembro de 1912 pelo Encarregado da Se\u00e7\u00e3o de Estat\u00edstica e Arquivo Mario Godoy [&hellip;]<\/p>\n","protected":false},"author":777,"featured_media":0,"parent":0,"menu_order":0,"comment_status":"closed","ping_status":"closed","template":"","meta":{"footnotes":""},"class_list":["post-1080","page","type-page","status-publish","hentry"],"_links":{"self":[{"href":"https:\/\/wp.ufpel.edu.br\/ceihe\/wp-json\/wp\/v2\/pages\/1080","targetHints":{"allow":["GET"]}}],"collection":[{"href":"https:\/\/wp.ufpel.edu.br\/ceihe\/wp-json\/wp\/v2\/pages"}],"about":[{"href":"https:\/\/wp.ufpel.edu.br\/ceihe\/wp-json\/wp\/v2\/types\/page"}],"author":[{"embeddable":true,"href":"https:\/\/wp.ufpel.edu.br\/ceihe\/wp-json\/wp\/v2\/users\/777"}],"replies":[{"embeddable":true,"href":"https:\/\/wp.ufpel.edu.br\/ceihe\/wp-json\/wp\/v2\/comments?post=1080"}],"version-history":[{"count":4,"href":"https:\/\/wp.ufpel.edu.br\/ceihe\/wp-json\/wp\/v2\/pages\/1080\/revisions"}],"predecessor-version":[{"id":1489,"href":"https:\/\/wp.ufpel.edu.br\/ceihe\/wp-json\/wp\/v2\/pages\/1080\/revisions\/1489"}],"wp:attachment":[{"href":"https:\/\/wp.ufpel.edu.br\/ceihe\/wp-json\/wp\/v2\/media?parent=1080"}],"curies":[{"name":"wp","href":"https:\/\/api.w.org\/{rel}","templated":true}]}}