{"id":1061,"date":"2017-11-28T11:29:10","date_gmt":"2017-11-28T13:29:10","guid":{"rendered":"https:\/\/wp.ufpel.edu.br\/ceihe\/?page_id=1061"},"modified":"2017-12-03T19:20:09","modified_gmt":"2017-12-03T21:20:09","slug":"cacapava","status":"publish","type":"page","link":"https:\/\/wp.ufpel.edu.br\/ceihe\/cacapava\/","title":{"rendered":"Ca\u00e7apava do Sul"},"content":{"rendered":"<table border=\"0\" width=\"513\">\n<tbody>\n<tr>\n<td style=\"width: 200px\"><a href=\"https:\/\/wp.ufpel.edu.br\/ceihe\/files\/2017\/11\/1-1-1.jpg\"><img class=\"alignleft size-thumbnail wp-image-1065\" src=\"https:\/\/wp.ufpel.edu.br\/ceihe\/files\/2017\/11\/1-1-1-200x200.jpg\" alt=\"\" width=\"200\" height=\"200\" \/><\/a><\/td>\n<td style=\"vertical-align: top\">\n<p>&nbsp;<\/p>\n<p><span style=\"font-family: tahoma, arial, helvetica, sans-serif\">MUNIC\u00cdPIO DE CA\u00c7APAVA \u2013 Relat\u00f3rio e Lei do or\u00e7amento para o exerc\u00edcio de 1901, Officinas Typographicas da Livraria do Globo, Porto Alegre, 1900.<\/span><\/p>\n<p>&nbsp;<\/td>\n<\/tr>\n<\/tbody>\n<\/table>\n<p>&nbsp;<\/p>\n<table border=\"0\" width=\"513\">\n<tbody>\n<tr>\n<td style=\"width: 200px\"><a href=\"https:\/\/wp.ufpel.edu.br\/ceihe\/files\/2017\/11\/1-2-1.jpg\"><img class=\"alignleft size-thumbnail wp-image-1066\" src=\"https:\/\/wp.ufpel.edu.br\/ceihe\/files\/2017\/11\/1-2-1-200x200.jpg\" alt=\"\" width=\"200\" height=\"200\" \/><\/a><\/td>\n<td style=\"vertical-align: top\">\n<p>&nbsp;<\/p>\n<p><span style=\"font-family: tahoma, arial, helvetica, sans-serif\">MUNIC\u00cdPIO DE CA\u00c7APAVA \u2013 Relat\u00f3rio e Lei do or\u00e7amento para o exerc\u00edcio de 1902, Officinas Typographicas da Livraria do Globo, Porto Alegre, 1901.<\/span><\/p>\n<p>&nbsp;<\/td>\n<\/tr>\n<\/tbody>\n<\/table>\n<p>&nbsp;<\/p>\n<table border=\"0\" width=\"513\">\n<tbody>\n<tr>\n<td style=\"width: 200px\"><a href=\"https:\/\/wp.ufpel.edu.br\/ceihe\/files\/2017\/11\/1-3-1.jpg\"><img class=\"alignleft size-thumbnail wp-image-1067\" src=\"https:\/\/wp.ufpel.edu.br\/ceihe\/files\/2017\/11\/1-3-1-200x200.jpg\" alt=\"\" width=\"200\" height=\"200\" \/><\/a><\/td>\n<td style=\"vertical-align: top\">\n<p>&nbsp;<\/p>\n<p><span style=\"font-family: tahoma, arial, helvetica, sans-serif\">MUNIC\u00cdPIO DE CA\u00c7APAVA \u2013 Relat\u00f3rio e Lei do or\u00e7amento para o exerc\u00edcio de 1903, Livraria do Globo L. P. Barcelos &amp; Comp., Porto Alegre e Santa Maria, 1902.<\/span><\/p>\n<p><span style=\"font-family: tahoma, arial, helvetica, sans-serif\">\u00a0<\/span><\/td>\n<\/tr>\n<\/tbody>\n<\/table>\n<p>&nbsp;<\/p>\n<table border=\"0\" width=\"513\">\n<tbody>\n<tr>\n<td style=\"width: 200px\"><a href=\"https:\/\/wp.ufpel.edu.br\/ceihe\/files\/2017\/11\/1-5.jpg\"><img class=\"alignleft size-thumbnail wp-image-1069\" src=\"https:\/\/wp.ufpel.edu.br\/ceihe\/files\/2017\/11\/1-5-200x200.jpg\" alt=\"\" width=\"200\" height=\"200\" \/><\/a><\/td>\n<td style=\"vertical-align: top\">\n<p>&nbsp;<\/p>\n<p><span style=\"font-family: tahoma, arial, helvetica, sans-serif\">MUNIC\u00cdPIO DE CA\u00c7APAVA \u2013 Relat\u00f3rio apresentado pelo tendente Secundino Jos\u00e9 Barreto \u2013 Lei n. 18 de 20 de outubro de 1904 promulgando o or\u00e7amento da receita e despesa para o exerc\u00edcio de 1905, Officinas Typographicas da Livraria do Globo, Porto Alegre e Santa Maria, 1904.<\/span><\/p>\n<p>&nbsp;<\/td>\n<\/tr>\n<\/tbody>\n<\/table>\n<p>&nbsp;<\/p>\n<table border=\"0\" width=\"513\">\n<tbody>\n<tr>\n<td style=\"width: 200px\"><span style=\"font-family: tahoma, arial, helvetica, sans-serif\"><a href=\"https:\/\/wp.ufpel.edu.br\/ceihe\/files\/2017\/11\/1-6.jpg\"><img class=\"alignleft size-thumbnail wp-image-1070\" src=\"https:\/\/wp.ufpel.edu.br\/ceihe\/files\/2017\/11\/1-6-200x200.jpg\" alt=\"\" width=\"200\" height=\"200\" \/><\/a><\/span><\/td>\n<td style=\"vertical-align: top\">\n<p>&nbsp;<\/p>\n<p><span style=\"font-family: tahoma, arial, helvetica, sans-serif\">INTEND\u00caNCIA MUNICIPAL DE CA\u00c7APAVA \u2013 Relat\u00f3rio e or\u00e7amento para o exerc\u00edcio de 1907, apresentado pelo intendente Coronel Balthazar de Bem e Canto, Officinas Typographicas da Livraria d\u2019A Federa\u00e7\u00e3o, Porto Alegre, 1906.<\/span><\/p>\n<p>&nbsp;<\/td>\n<\/tr>\n<\/tbody>\n<\/table>\n<p>&nbsp;<\/p>\n<table border=\"0\" width=\"513\">\n<tbody>\n<tr>\n<td style=\"width: 200px\"><a href=\"https:\/\/wp.ufpel.edu.br\/ceihe\/files\/2017\/11\/1-7.jpg\"><img class=\"alignleft size-thumbnail wp-image-1071\" src=\"https:\/\/wp.ufpel.edu.br\/ceihe\/files\/2017\/11\/1-7-200x200.jpg\" alt=\"\" width=\"200\" height=\"200\" \/><\/a><\/td>\n<td style=\"vertical-align: top\">\n<p>&nbsp;<\/p>\n<p><span style=\"font-family: tahoma, arial, helvetica, sans-serif\">INTEND\u00caNCIA MUNICIPAL DE CA\u00c7APAVA \u2013 Relat\u00f3rio apresentado ao Conselho Municipal de Ca\u00e7apava pelo intendente do Munic\u00edpio em sess\u00e3o de 20 de setembro de 1911, Typographia d\u2019 \u201cO COMMERCIO\u201d, Cachoeira, 1911.<\/span><\/p>\n<p>&nbsp;<\/td>\n<\/tr>\n<\/tbody>\n<\/table>\n<p>&nbsp;<\/p>\n<table border=\"0\" width=\"513\">\n<tbody>\n<tr>\n<td style=\"width: 200px\"><a href=\"https:\/\/wp.ufpel.edu.br\/ceihe\/files\/2017\/11\/1-8.jpg\"><img class=\"alignleft size-thumbnail wp-image-1072\" src=\"https:\/\/wp.ufpel.edu.br\/ceihe\/files\/2017\/11\/1-8-200x200.jpg\" alt=\"\" width=\"200\" height=\"200\" \/><\/a><\/td>\n<td style=\"vertical-align: top\">\n<p>&nbsp;<\/p>\n<p><span style=\"font-family: tahoma, arial, helvetica, sans-serif\">INTEND\u00caNCIA MUNICIPAL DE CA\u00c7APAVA \u2013 Relat\u00f3rio apresentado ao Conselho Municipal pelo intendente Cap. Bernab\u00e9 Machado Le\u00e3o em 20 de setembro de 1915 \u2013 Lei or\u00e7ament\u00e1ria para o exerc\u00edcio de 1916, Typographia d\u2019O Munic\u00edpio, Ca\u00e7apava, 1915.<\/span><\/p>\n<p>&nbsp;<\/td>\n<\/tr>\n<\/tbody>\n<\/table>\n<p>&nbsp;<\/p>\n<table border=\"0\" width=\"513\">\n<tbody>\n<tr>\n<td style=\"width: 200px\"><a href=\"https:\/\/wp.ufpel.edu.br\/ceihe\/files\/2017\/11\/1-9.jpg\"><img class=\"alignleft size-thumbnail wp-image-1073\" src=\"https:\/\/wp.ufpel.edu.br\/ceihe\/files\/2017\/11\/1-9-200x200.jpg\" alt=\"\" width=\"200\" height=\"200\" \/><\/a><\/td>\n<td style=\"vertical-align: top\">\n<p>&nbsp;<\/p>\n<p><span style=\"font-family: tahoma, arial, helvetica, sans-serif\">INTEND\u00caNCIA MUNICIPAL DE CA\u00c7APAVA \u2013 Relat\u00f3rio apresentado ao Conselho Municipal em sess\u00e3o 20 de setembro de 1916 pelo intendente Cap. Bernab\u00e9 Machado Le\u00e3o \u2013 Lei or\u00e7ament\u00e1ria para o exerc\u00edcio de 1917, Typographia d\u2019O Munic\u00edpio, Ca\u00e7apava.<\/span><\/p>\n<p>&nbsp;<\/td>\n<\/tr>\n<\/tbody>\n<\/table>\n<p>&nbsp;<\/p>\n<table border=\"0\" width=\"513\">\n<tbody>\n<tr>\n<td style=\"width: 200px\"><a href=\"https:\/\/wp.ufpel.edu.br\/ceihe\/files\/2017\/11\/1-10.jpg\"><img class=\"alignleft size-thumbnail wp-image-1074\" src=\"https:\/\/wp.ufpel.edu.br\/ceihe\/files\/2017\/11\/1-10-200x200.jpg\" alt=\"\" width=\"200\" height=\"200\" \/><\/a><\/td>\n<td style=\"vertical-align: top\">\n<p>&nbsp;<\/p>\n<p><span style=\"font-family: tahoma, arial, helvetica, sans-serif\">MUNICIPAL DE CA\u00c7APAVA \u2013 Relat\u00f3rio apresentado ao Conselho Municipal de Ca\u00e7apava em sess\u00e3o de 20 de setembro de 1918 pelo intendente Coronel Balthazar de Bem e Canto \u2013 Lei or\u00e7ament\u00e1ria para o exerc\u00edcio de 1919, Officinas Typographicas da Livraria d\u2019O Estado, Ca\u00e7apava.<\/span><\/p>\n<p>&nbsp;<\/td>\n<\/tr>\n<\/tbody>\n<\/table>\n<p>&nbsp;<\/p>\n<table border=\"0\" width=\"513\">\n<tbody>\n<tr>\n<td style=\"width: 200px\"><a href=\"https:\/\/wp.ufpel.edu.br\/ceihe\/files\/2017\/11\/1-11.jpg\"><img class=\"alignleft size-thumbnail wp-image-1075\" src=\"https:\/\/wp.ufpel.edu.br\/ceihe\/files\/2017\/11\/1-11-200x200.jpg\" alt=\"\" width=\"200\" height=\"200\" \/><\/a><\/td>\n<td style=\"vertical-align: top\">\n<p>&nbsp;<\/p>\n<p><span style=\"font-family: tahoma, arial, helvetica, sans-serif\">INTEND\u00caNCIA MUNICIPAL DE CA\u00c7APAVA \u2013 Relat\u00f3rio correspondente ao exerc\u00edcio de 1923 e or\u00e7amento para o exerc\u00edcio de 1925 apresentado ao Conselho Municipal em 20 se setembro de 1924 pelo intendente Tenente-Cel. Jo\u00e3o Vargas de Souza, Officinas Graphicas d\u2019O Regional, Ca\u00e7apava.<\/span><\/p>\n<p>&nbsp;<\/td>\n<\/tr>\n<\/tbody>\n<\/table>\n<p>&nbsp;<\/p>\n<table border=\"0\" width=\"513\">\n<tbody>\n<tr>\n<td style=\"width: 200px\"><a href=\"https:\/\/wp.ufpel.edu.br\/ceihe\/files\/2017\/11\/1-12.jpg\"><img class=\"alignleft size-thumbnail wp-image-1076\" src=\"https:\/\/wp.ufpel.edu.br\/ceihe\/files\/2017\/11\/1-12-200x200.jpg\" alt=\"\" width=\"200\" height=\"200\" \/><\/a><\/td>\n<td style=\"vertical-align: top\">\n<p>&nbsp;<\/p>\n<p><span style=\"font-family: tahoma, arial, helvetica, sans-serif\">INTEND\u00caNCIA MUNICIPAL DE CA\u00c7APAVA \u2013 Relat\u00f3rio correspondente ao exerc\u00edcio de 1927 e or\u00e7amento para o exerc\u00edcio de 1929 apresentado ao Conselho Municipal em 20 se setembro de 1928 pelo intendente Cel. Coriolano Alves de Oliveira e Castro, Officinas Graphicas d\u2019O Regional, Ca\u00e7apava.<\/span><\/p>\n<p>&nbsp;<\/td>\n<\/tr>\n<\/tbody>\n<\/table>\n<p>&nbsp;<\/p>\n","protected":false},"excerpt":{"rendered":"<p>&nbsp; MUNIC\u00cdPIO DE CA\u00c7APAVA \u2013 Relat\u00f3rio e Lei do or\u00e7amento para o exerc\u00edcio de 1901, Officinas Typographicas da Livraria do Globo, Porto Alegre, 1900. &nbsp; &nbsp; &nbsp; MUNIC\u00cdPIO DE CA\u00c7APAVA \u2013 Relat\u00f3rio e Lei do or\u00e7amento para o exerc\u00edcio de 1902, Officinas Typographicas da Livraria do Globo, Porto Alegre, 1901. &nbsp; &nbsp; &nbsp; MUNIC\u00cdPIO DE [&hellip;]<\/p>\n","protected":false},"author":777,"featured_media":0,"parent":0,"menu_order":0,"comment_status":"closed","ping_status":"closed","template":"","meta":{"footnotes":""},"class_list":["post-1061","page","type-page","status-publish","hentry"],"_links":{"self":[{"href":"https:\/\/wp.ufpel.edu.br\/ceihe\/wp-json\/wp\/v2\/pages\/1061","targetHints":{"allow":["GET"]}}],"collection":[{"href":"https:\/\/wp.ufpel.edu.br\/ceihe\/wp-json\/wp\/v2\/pages"}],"about":[{"href":"https:\/\/wp.ufpel.edu.br\/ceihe\/wp-json\/wp\/v2\/types\/page"}],"author":[{"embeddable":true,"href":"https:\/\/wp.ufpel.edu.br\/ceihe\/wp-json\/wp\/v2\/users\/777"}],"replies":[{"embeddable":true,"href":"https:\/\/wp.ufpel.edu.br\/ceihe\/wp-json\/wp\/v2\/comments?post=1061"}],"version-history":[{"count":7,"href":"https:\/\/wp.ufpel.edu.br\/ceihe\/wp-json\/wp\/v2\/pages\/1061\/revisions"}],"predecessor-version":[{"id":1160,"href":"https:\/\/wp.ufpel.edu.br\/ceihe\/wp-json\/wp\/v2\/pages\/1061\/revisions\/1160"}],"wp:attachment":[{"href":"https:\/\/wp.ufpel.edu.br\/ceihe\/wp-json\/wp\/v2\/media?parent=1061"}],"curies":[{"name":"wp","href":"https:\/\/api.w.org\/{rel}","templated":true}]}}