{"id":1010,"date":"2017-11-28T09:42:50","date_gmt":"2017-11-28T11:42:50","guid":{"rendered":"https:\/\/wp.ufpel.edu.br\/ceihe\/?page_id=1010"},"modified":"2017-11-28T11:03:33","modified_gmt":"2017-11-28T13:03:33","slug":"sao-borja","status":"publish","type":"page","link":"https:\/\/wp.ufpel.edu.br\/ceihe\/sao-borja\/","title":{"rendered":"S\u00e3o Borja"},"content":{"rendered":"<table border=\"0\" width=\"513\">\n<tbody>\n<tr>\n<td style=\"width: 200px\"><a href=\"https:\/\/wp.ufpel.edu.br\/ceihe\/files\/2017\/11\/1-FILEminimizer-6.jpg\"><img class=\"alignleft size-thumbnail wp-image-1046\" src=\"https:\/\/wp.ufpel.edu.br\/ceihe\/files\/2017\/11\/1-FILEminimizer-6-200x200.jpg\" alt=\"\" width=\"200\" height=\"200\" \/><\/a><\/td>\n<td style=\"vertical-align: top\">\n<p>&nbsp;<\/p>\n<p><span style=\"font-family: tahoma, arial, helvetica, sans-serif\">MUNIC\u00cdPIO DE S\u00c3O BORJA. Apresentado ao Concelho Municipal em 14 de julho de 1927 pelo vice intendente Tenente Coronel Jos\u00e9 Teixeira Filho, off. Do \u201cTypographia do Uruguay\u201d, S\u00e3o Borja, 1927.\u00a0<\/span><\/p>\n<p><span style=\"font-family: tahoma, arial, helvetica, sans-serif\">\u00a0<\/span><\/p>\n<p>&nbsp;<\/td>\n<\/tr>\n<\/tbody>\n<\/table>\n<p><\/p>\n","protected":false},"excerpt":{"rendered":"<p>&nbsp; MUNIC\u00cdPIO DE S\u00c3O BORJA. Apresentado ao Concelho Municipal em 14 de julho de 1927 pelo vice intendente Tenente Coronel Jos\u00e9 Teixeira Filho, off. Do \u201cTypographia do Uruguay\u201d, S\u00e3o Borja, 1927.\u00a0 \u00a0 &nbsp;<\/p>\n","protected":false},"author":777,"featured_media":0,"parent":0,"menu_order":0,"comment_status":"closed","ping_status":"closed","template":"","meta":{"footnotes":""},"class_list":["post-1010","page","type-page","status-publish","hentry"],"_links":{"self":[{"href":"https:\/\/wp.ufpel.edu.br\/ceihe\/wp-json\/wp\/v2\/pages\/1010","targetHints":{"allow":["GET"]}}],"collection":[{"href":"https:\/\/wp.ufpel.edu.br\/ceihe\/wp-json\/wp\/v2\/pages"}],"about":[{"href":"https:\/\/wp.ufpel.edu.br\/ceihe\/wp-json\/wp\/v2\/types\/page"}],"author":[{"embeddable":true,"href":"https:\/\/wp.ufpel.edu.br\/ceihe\/wp-json\/wp\/v2\/users\/777"}],"replies":[{"embeddable":true,"href":"https:\/\/wp.ufpel.edu.br\/ceihe\/wp-json\/wp\/v2\/comments?post=1010"}],"version-history":[{"count":4,"href":"https:\/\/wp.ufpel.edu.br\/ceihe\/wp-json\/wp\/v2\/pages\/1010\/revisions"}],"predecessor-version":[{"id":1049,"href":"https:\/\/wp.ufpel.edu.br\/ceihe\/wp-json\/wp\/v2\/pages\/1010\/revisions\/1049"}],"wp:attachment":[{"href":"https:\/\/wp.ufpel.edu.br\/ceihe\/wp-json\/wp\/v2\/media?parent=1010"}],"curies":[{"name":"wp","href":"https:\/\/api.w.org\/{rel}","templated":true}]}}