{"id":1004,"date":"2017-11-28T09:41:44","date_gmt":"2017-11-28T11:41:44","guid":{"rendered":"https:\/\/wp.ufpel.edu.br\/ceihe\/?page_id=1004"},"modified":"2017-11-28T10:52:12","modified_gmt":"2017-11-28T12:52:12","slug":"santhiago-do-boqueirao","status":"publish","type":"page","link":"https:\/\/wp.ufpel.edu.br\/ceihe\/santhiago-do-boqueirao\/","title":{"rendered":"Santhiago do Boqueir\u00e3o"},"content":{"rendered":"<table border=\"0\" width=\"513\">\n<tbody>\n<tr>\n<td style=\"width: 200px\"><a href=\"https:\/\/wp.ufpel.edu.br\/ceihe\/files\/2017\/11\/1-1-FILEminimizer-9.jpg\"><img class=\"alignleft size-thumbnail wp-image-1028\" src=\"https:\/\/wp.ufpel.edu.br\/ceihe\/files\/2017\/11\/1-1-FILEminimizer-9-200x200.jpg\" alt=\"\" width=\"200\" height=\"200\" \/><\/a><\/td>\n<td style=\"vertical-align: top\">\n<p>&nbsp;<\/p>\n<p><span style=\"font-family: tahoma, arial, helvetica, sans-serif\">INTEND\u00caNCIA MUNICIPAL DE SANTIAGO DO BOQUEIR\u00c3O. Relat\u00f3rio de 1902. Apresentado ao Concelho Municipal em 15 de dezembro de 1902 pelo vice intendente Candido Nunes Vieira, off. Porto Alegre, 1903.<\/span><\/p>\n<p>&nbsp;<\/td>\n<\/tr>\n<\/tbody>\n<\/table>\n<p>&nbsp;<\/p>\n<table border=\"0\" width=\"513\">\n<tbody>\n<tr>\n<td style=\"width: 200px\"><a href=\"https:\/\/wp.ufpel.edu.br\/ceihe\/files\/2017\/11\/1-2-FILEminimizer-9.jpg\"><img class=\"alignleft size-thumbnail wp-image-1030\" src=\"https:\/\/wp.ufpel.edu.br\/ceihe\/files\/2017\/11\/1-2-FILEminimizer-9-200x200.jpg\" alt=\"\" width=\"200\" height=\"200\" \/><\/a><\/td>\n<td style=\"vertical-align: top\">\n<p>&nbsp;<\/p>\n<p><span style=\"font-family: tahoma, arial, helvetica, sans-serif\">INTEND\u00caNCIA MUNICIPAL DE SANTIAGO DO BOQUEIR\u00c3O. Relat\u00f3rio de 1904. Lei do Or\u00e7amento da Receita e Despesa. Do \u201cOfficinas Typographicas d\u2019A Federa\u00e7\u00e3o\u201d, Porto Alegre, 1904.<\/span><\/p>\n<p>&nbsp;<\/td>\n<\/tr>\n<\/tbody>\n<\/table>\n<p>&nbsp;<\/p>\n<table border=\"0\" width=\"513\">\n<tbody>\n<tr>\n<td style=\"width: 200px\"><a href=\"https:\/\/wp.ufpel.edu.br\/ceihe\/files\/2017\/11\/1-3-FILEminimizer-7.jpg\"><img class=\"alignleft size-thumbnail wp-image-1031\" src=\"https:\/\/wp.ufpel.edu.br\/ceihe\/files\/2017\/11\/1-3-FILEminimizer-7-200x200.jpg\" alt=\"\" width=\"200\" height=\"200\" \/><\/a><\/td>\n<td style=\"vertical-align: top\">\n<p><span style=\"font-family: tahoma, arial, helvetica, sans-serif\">\u00a0<\/span><\/p>\n<p><span style=\"font-family: tahoma, arial, helvetica, sans-serif\">INTEND\u00caNCIA MUNICIPAL DE SANTIAGO DO BOQUEIR\u00c3O. Relat\u00f3rio de 1908. Lei do Or\u00e7amento da Receita e Despesa, Santiago do Boqueir\u00e3o, 1908. Do \u201cOfficinas Typographicas da Livraria o Globo\u201d, Porto Alegre, 1908.<\/span><\/p>\n<p>&nbsp;<\/td>\n<\/tr>\n<\/tbody>\n<\/table>\n<p>&nbsp;<\/p>\n<table border=\"0\" width=\"513\">\n<tbody>\n<tr>\n<td style=\"width: 200px\"><a href=\"https:\/\/wp.ufpel.edu.br\/ceihe\/files\/2017\/11\/1-4-FILEminimizer-7.jpg\"><img class=\"alignleft size-thumbnail wp-image-1032\" src=\"https:\/\/wp.ufpel.edu.br\/ceihe\/files\/2017\/11\/1-4-FILEminimizer-7-200x200.jpg\" alt=\"\" width=\"200\" height=\"200\" \/><\/a><\/td>\n<td style=\"vertical-align: top\"><span style=\"font-family: tahoma, arial, helvetica, sans-serif\">INTEND\u00caNCIA MUNICIPAL DE SANTIAGO DO BOQUEIR\u00c3O. Relat\u00f3rio de 1908. Lei do Or\u00e7amento da Receita e Despesa, Santiago do Boqueir\u00e3o, 1909. Do \u201cOfficinas Typographica de Carlos Echenique\u201d, Porto Alegre, 1909.<\/span><\/td>\n<\/tr>\n<\/tbody>\n<\/table>\n<p>&nbsp;<\/p>\n<table border=\"0\" width=\"513\">\n<tbody>\n<tr>\n<td style=\"width: 200px\"><a href=\"https:\/\/wp.ufpel.edu.br\/ceihe\/files\/2017\/11\/1-5-FILEminimizer-5.jpg\"><img class=\"alignleft size-thumbnail wp-image-1033\" src=\"https:\/\/wp.ufpel.edu.br\/ceihe\/files\/2017\/11\/1-5-FILEminimizer-5-200x200.jpg\" alt=\"\" width=\"200\" height=\"200\" \/><\/a><\/td>\n<td style=\"vertical-align: top\"><span style=\"font-family: tahoma, arial, helvetica, sans-serif\">INTEND\u00caNCIA MUNICIPAL DE SANTIAGO DO BOQUEIR\u00c3O. Relat\u00f3rio de 1910. Apresentado ao Concelho Municipal pelo intendente Franklin Falc\u00e3o da Frota, off. Do \u201c Typographia do Centro\u201d, Porto Alegre, 1910. \u00a0<\/span><\/td>\n<\/tr>\n<\/tbody>\n<\/table>\n<p>&nbsp;<\/p>\n<table border=\"0\" width=\"513\">\n<tbody>\n<tr>\n<td style=\"width: 200px\"><a href=\"https:\/\/wp.ufpel.edu.br\/ceihe\/files\/2017\/11\/1-7-FILEminimizer-5.jpg\"><img class=\"alignleft size-thumbnail wp-image-1035\" src=\"https:\/\/wp.ufpel.edu.br\/ceihe\/files\/2017\/11\/1-7-FILEminimizer-5-200x200.jpg\" alt=\"\" width=\"200\" height=\"200\" \/><\/a><\/td>\n<td style=\"vertical-align: top\"><span style=\"font-family: tahoma, arial, helvetica, sans-serif\">INTEND\u00caNCIA MUNICIPAL DE SANTIAGO DO BOQUEIR\u00c3O. Relat\u00f3rio de 1927. Apresentado ao Concelho Municipal pelo intendente Dr. Sylvio Wollace Duncan em 5 de janeiro de 1927, off. Santiago do Boqueir\u00e3o, 1927.<\/span><\/td>\n<\/tr>\n<\/tbody>\n<\/table>\n<p>&nbsp;<\/p>\n<table border=\"0\" width=\"513\">\n<tbody>\n<tr>\n<td style=\"width: 200px;vertical-align: top\"><a href=\"https:\/\/wp.ufpel.edu.br\/ceihe\/files\/2017\/11\/1-8-FILEminimizer-3.jpg\"><img class=\"alignleft size-thumbnail wp-image-1036\" src=\"https:\/\/wp.ufpel.edu.br\/ceihe\/files\/2017\/11\/1-8-FILEminimizer-3-200x200.jpg\" alt=\"\" width=\"200\" height=\"200\" \/><\/a><\/td>\n<td style=\"vertical-align: top\"><span style=\"font-family: tahoma, arial, helvetica, sans-serif\">INTEND\u00caNCIA MUNICIPAL DE SANTIAGO DO BOQUEIR\u00c3O. Relat\u00f3rio de 1929. Apresentando ao Concelho Municipal pelo intendente Cel. Luiz Victorino Chagas em 15 de dezembro de 1929, off. Santiago do Boqueir\u00e3o, 1929.<\/span><\/td>\n<\/tr>\n<\/tbody>\n<\/table>\n<p><\/p>\n","protected":false},"excerpt":{"rendered":"<p>&nbsp; INTEND\u00caNCIA MUNICIPAL DE SANTIAGO DO BOQUEIR\u00c3O. Relat\u00f3rio de 1902. Apresentado ao Concelho Municipal em 15 de dezembro de 1902 pelo vice intendente Candido Nunes Vieira, off. Porto Alegre, 1903. &nbsp; &nbsp; &nbsp; INTEND\u00caNCIA MUNICIPAL DE SANTIAGO DO BOQUEIR\u00c3O. Relat\u00f3rio de 1904. Lei do Or\u00e7amento da Receita e Despesa. Do \u201cOfficinas Typographicas d\u2019A Federa\u00e7\u00e3o\u201d, Porto [&hellip;]<\/p>\n","protected":false},"author":777,"featured_media":0,"parent":0,"menu_order":0,"comment_status":"closed","ping_status":"closed","template":"","meta":{"footnotes":""},"class_list":["post-1004","page","type-page","status-publish","hentry"],"_links":{"self":[{"href":"https:\/\/wp.ufpel.edu.br\/ceihe\/wp-json\/wp\/v2\/pages\/1004","targetHints":{"allow":["GET"]}}],"collection":[{"href":"https:\/\/wp.ufpel.edu.br\/ceihe\/wp-json\/wp\/v2\/pages"}],"about":[{"href":"https:\/\/wp.ufpel.edu.br\/ceihe\/wp-json\/wp\/v2\/types\/page"}],"author":[{"embeddable":true,"href":"https:\/\/wp.ufpel.edu.br\/ceihe\/wp-json\/wp\/v2\/users\/777"}],"replies":[{"embeddable":true,"href":"https:\/\/wp.ufpel.edu.br\/ceihe\/wp-json\/wp\/v2\/comments?post=1004"}],"version-history":[{"count":3,"href":"https:\/\/wp.ufpel.edu.br\/ceihe\/wp-json\/wp\/v2\/pages\/1004\/revisions"}],"predecessor-version":[{"id":1037,"href":"https:\/\/wp.ufpel.edu.br\/ceihe\/wp-json\/wp\/v2\/pages\/1004\/revisions\/1037"}],"wp:attachment":[{"href":"https:\/\/wp.ufpel.edu.br\/ceihe\/wp-json\/wp\/v2\/media?parent=1004"}],"curies":[{"name":"wp","href":"https:\/\/api.w.org\/{rel}","templated":true}]}}