{"id":10,"date":"2017-06-04T23:09:17","date_gmt":"2017-06-05T02:09:17","guid":{"rendered":"https:\/\/wp.ufpel.edu.br\/ceihe\/?page_id=10"},"modified":"2017-12-03T14:29:54","modified_gmt":"2017-12-03T16:29:54","slug":"repositorio-pelotas","status":"publish","type":"page","link":"https:\/\/wp.ufpel.edu.br\/ceihe\/repositorio-pelotas\/","title":{"rendered":"Pelotas"},"content":{"rendered":"<table style=\"height: 204px\" border=\"0\" width=\"513\">\n<tbody>\n<tr>\n<td style=\"width: 200px;text-align: justify\"><a href=\"https:\/\/wp.ufpel.edu.br\/ceihe\/files\/2017\/06\/1908-1.jpg\"><img class=\"alignleft size-thumbnail wp-image-769\" src=\"https:\/\/wp.ufpel.edu.br\/ceihe\/files\/2017\/06\/1908-1-200x200.jpg\" alt=\"\" width=\"200\" height=\"200\" \/><\/a><\/td>\n<td style=\"vertical-align: top;text-align: justify\">&nbsp;<\/p>\n<p style=\"text-align: justify\"><span style=\"font-family: tahoma,arial,helvetica,sans-serif\">INTEND\u00caNCIA MUNICIPAL DE PELOTAS.\u00a0 Apresentado ao Conselho Municipal em 20 de setembro de 1908 pelo intendente Engenheiro Cipriano Corr\u00eaa Barcellos, Livraria globo Pelotas, 1908.<\/span><\/p>\n<\/td>\n<\/tr>\n<\/tbody>\n<\/table>\n<p>&nbsp;<\/p>\n<table border=\"0\" width=\"513\">\n<tbody>\n<tr>\n<td style=\"width: 200px\"><a href=\"https:\/\/wp.ufpel.edu.br\/ceihe\/files\/2017\/06\/1909-2.jpg\"><img class=\"alignleft size-thumbnail wp-image-770\" src=\"https:\/\/wp.ufpel.edu.br\/ceihe\/files\/2017\/06\/1909-2-200x200.jpg\" alt=\"\" width=\"200\" height=\"200\" \/><\/a><\/td>\n<td style=\"vertical-align: top\">&nbsp;<\/p>\n<p style=\"text-align: justify\"><span style=\"font-family: tahoma,arial,helvetica,sans-serif\">INTEND\u00caNCIA MUNICIPAL DE PELOTAS.\u00a0 Apresentado ao Conselho Municipal em 20 de setembro de 1908 pelo intendente Engenheiro Jos\u00e9 Barboza Gon\u00e7alves, Pelotas, 1909.<\/span><\/p>\n<p>&nbsp;<\/td>\n<\/tr>\n<\/tbody>\n<\/table>\n<p>&nbsp;<\/p>\n<table border=\"0\" width=\"513\">\n<tbody>\n<tr>\n<td style=\"width: 200px;text-align: justify\"><a href=\"https:\/\/wp.ufpel.edu.br\/ceihe\/files\/2017\/06\/1911-2.jpg\"><img class=\"alignleft size-thumbnail wp-image-771\" src=\"https:\/\/wp.ufpel.edu.br\/ceihe\/files\/2017\/06\/1911-2-200x200.jpg\" alt=\"\" width=\"200\" height=\"200\" \/><\/a><\/td>\n<td style=\"vertical-align: top\">\n<p style=\"text-align: justify\"><span style=\"font-family: tahoma,arial,helvetica,sans-serif\">INTEND\u00caNCIA MUNICIPAL DE PELOTAS.\u00a0 Apresentado ao Conselho Municipal em 20 de setembro de 1908 pelo intendente Engenheiro Jos\u00e9 Barboza Gon\u00e7alves, off. do \u201cDi\u00e1rio Popular\u201d, Pelotas, 1911.<\/span><\/p>\n<p>&nbsp;<\/td>\n<\/tr>\n<\/tbody>\n<\/table>\n<p>&nbsp;<\/p>\n<table border=\"0\" width=\"513\">\n<tbody>\n<tr>\n<td style=\"width: 200px\"><a href=\"https:\/\/wp.ufpel.edu.br\/ceihe\/files\/2017\/06\/1914-1-3.jpg\"><img class=\"alignleft size-thumbnail wp-image-772\" src=\"https:\/\/wp.ufpel.edu.br\/ceihe\/files\/2017\/06\/1914-1-3-200x200.jpg\" alt=\"\" width=\"200\" height=\"200\" \/><\/a><\/td>\n<td style=\"vertical-align: top\">\n<p style=\"text-align: justify\"><span style=\"font-family: tahoma,arial,helvetica,sans-serif\">INTEND\u00caNCIA MUNICIPAL DE PELOTAS. Apresentado ao Conselho Municipal em 20 de setembro de 1914 pelo intendente Engenheiro Cipriano Corr\u00eaa Barcellos, Pelotas, 1914.<\/span><\/p>\n<p>&nbsp;<\/td>\n<\/tr>\n<\/tbody>\n<\/table>\n<p>&nbsp;<\/p>\n<table border=\"0\" width=\"513\">\n<tbody>\n<tr>\n<td style=\"width: 200px\"><a href=\"https:\/\/wp.ufpel.edu.br\/ceihe\/files\/2017\/06\/1914-2-2.jpg\"><img class=\"alignleft size-thumbnail wp-image-773\" src=\"https:\/\/wp.ufpel.edu.br\/ceihe\/files\/2017\/06\/1914-2-2-200x200.jpg\" alt=\"\" width=\"200\" height=\"200\" \/><\/a><\/td>\n<td style=\"vertical-align: top\">\n<p style=\"text-align: justify\"><span style=\"font-family: tahoma,arial,helvetica,sans-serif\">INTEND\u00caNCIA MUNICIPAL DE PELOTAS. Relat\u00f3rio de 1914 \u2013 Sec\u00e7\u00e3o de \u00e1gua e esgotos. Apresentado ao Conselho Municipal em 20 de setembro de 1914 pelo intendente Engenheiro Cipriano Corr\u00eaa Barcellos, off. do \u201cDi\u00e1rio Popular\u201d, Pelotas, 1914.<\/span><\/p>\n<p>&nbsp;<\/td>\n<\/tr>\n<\/tbody>\n<\/table>\n<p>&nbsp;<\/p>\n<table border=\"0\" width=\"513\">\n<tbody>\n<tr>\n<td style=\"width: 200px\"><a href=\"https:\/\/wp.ufpel.edu.br\/ceihe\/files\/2017\/06\/1915-1-2.jpg\"><img class=\"alignleft size-thumbnail wp-image-774\" src=\"https:\/\/wp.ufpel.edu.br\/ceihe\/files\/2017\/06\/1915-1-2-200x200.jpg\" alt=\"\" width=\"200\" height=\"200\" \/><\/a><\/td>\n<td style=\"vertical-align: top\">\n<p style=\"text-align: justify\"><span style=\"font-family: tahoma,arial,helvetica,sans-serif\">INTEND\u00caNCIA MUNICIPAL DE PELOTAS.\u00a0 Apresentado ao Conselho Municipal em 20 de setembro de 1915 pelo intendente Engenheiro Cipriano Corr\u00eaa Barcellos, Pelotas, 1915.<\/span><\/p>\n<p style=\"text-align: justify\"><span style=\"font-family: tahoma,arial,helvetica,sans-serif\">\u00a0<\/span><\/p>\n<\/td>\n<\/tr>\n<\/tbody>\n<\/table>\n<p>&nbsp;<\/p>\n<table border=\"0\" width=\"513\">\n<tbody>\n<tr>\n<td style=\"width: 200px\"><a href=\"https:\/\/wp.ufpel.edu.br\/ceihe\/files\/2017\/06\/1916-1.jpg\"><img class=\"alignleft size-thumbnail wp-image-775\" src=\"https:\/\/wp.ufpel.edu.br\/ceihe\/files\/2017\/06\/1916-1-200x200.jpg\" alt=\"\" width=\"200\" height=\"200\" \/><\/a><\/td>\n<td style=\"vertical-align: top\">\n<p style=\"text-align: justify\"><span style=\"font-family: tahoma,arial,helvetica,sans-serif\">INTEND\u00caNCIA MUNICIPAL DE PELOTAS. . Apresentado ao Intendente Municipal Engenheiro Cipriano Corr\u00eaa Barcellos pelo Engenheiro chefe Octalicio Pereira, off. do \u201cDi\u00e1rio Popular\u201d, Pelotas, 1917.<\/span><\/p>\n<p>&nbsp;<\/td>\n<\/tr>\n<\/tbody>\n<\/table>\n<p>&nbsp;<\/p>\n<table border=\"0\" width=\"513\">\n<tbody>\n<tr>\n<td style=\"width: 200px\"><a href=\"https:\/\/wp.ufpel.edu.br\/ceihe\/files\/2017\/06\/1922.jpg\"><img class=\"alignleft size-thumbnail wp-image-776\" src=\"https:\/\/wp.ufpel.edu.br\/ceihe\/files\/2017\/06\/1922-200x200.jpg\" alt=\"\" width=\"200\" height=\"200\" \/><\/a><\/td>\n<td style=\"vertical-align: top\">\n<p style=\"text-align: justify\"><span style=\"font-family: tahoma,arial,helvetica,sans-serif\">INTEND\u00caNCIA MUNICIPAL DE PELOTAS.\u00a0 Apresentado ao Conselho Municipal em 20 de setembro de 1915 pelo intendente Dr. Pedro Lu\u00eds Os\u00f3rio, off. d<\/span><span style=\"font-family: tahoma,arial,helvetica,sans-serif\">o \u201cDi\u00e1rio Popular\u201d, Pelotas, 1922.<\/span><\/p>\n<p>&nbsp;<\/td>\n<\/tr>\n<\/tbody>\n<\/table>\n<p>&nbsp;<\/p>\n<table border=\"0\" width=\"513\">\n<tbody>\n<tr>\n<td style=\"width: 200px\"><a href=\"https:\/\/wp.ufpel.edu.br\/ceihe\/files\/2017\/06\/1924-1-1.jpg\"><img class=\"alignleft size-thumbnail wp-image-777\" src=\"https:\/\/wp.ufpel.edu.br\/ceihe\/files\/2017\/06\/1924-1-1-200x200.jpg\" alt=\"\" width=\"200\" height=\"200\" \/><\/a><\/td>\n<td style=\"vertical-align: top\">\n<p style=\"text-align: justify\"><span style=\"font-family: tahoma,arial,helvetica,sans-serif\">INTEND\u00caNCIA MUNICIPAL DE PELOTAS. Apresentado ao Conselho Municipal em 20 de setembro de 1924 pelo intendente Dr. Pedro Lu\u00eds Os\u00f3rio, off. Typ. da Livraria do Globo, Pelotas, 1924.<\/span><\/p>\n<p>&nbsp;<\/td>\n<\/tr>\n<\/tbody>\n<\/table>\n<p>&nbsp;<\/p>\n<table border=\"0\" width=\"513\">\n<tbody>\n<tr>\n<td style=\"width: 200px\"><a href=\"https:\/\/wp.ufpel.edu.br\/ceihe\/files\/2017\/06\/1925-1.jpg\"><img class=\"alignleft size-thumbnail wp-image-778\" src=\"https:\/\/wp.ufpel.edu.br\/ceihe\/files\/2017\/06\/1925-1-200x200.jpg\" alt=\"\" width=\"200\" height=\"200\" \/><\/a><\/td>\n<td style=\"vertical-align: top\">\n<p style=\"text-align: justify\"><span style=\"font-family: tahoma,arial,helvetica,sans-serif\">INTEND\u00caNCIA MUNICIPAL DE PELOTAS.\u00a0 Apresentado ao Conselho Municipal em 20 de setembro de 1925 pelo intendente Dr. Augusto Sim\u00f5es Lopes, Livraria do Globo de L. P. Barcellos e CIA, Porto Alegre, Santa Maria e Pelotas, Pelotas, 1925.<\/span><\/p>\n<\/td>\n<\/tr>\n<\/tbody>\n<\/table>\n<p>&nbsp;<\/p>\n<table border=\"0\" width=\"513\">\n<tbody>\n<tr>\n<td style=\"width: 200px;text-align: justify;vertical-align: top\"><a href=\"https:\/\/wp.ufpel.edu.br\/ceihe\/files\/2017\/06\/1926-2.jpg\"><img class=\"alignleft size-thumbnail wp-image-779\" src=\"https:\/\/wp.ufpel.edu.br\/ceihe\/files\/2017\/06\/1926-2-200x200.jpg\" alt=\"\" width=\"200\" height=\"200\" \/><\/a><\/td>\n<td style=\"width: 200px;text-align: justify;vertical-align: top\">\n<p style=\"text-align: justify\"><span style=\"font-family: tahoma,arial,helvetica,sans-serif\">INTEND\u00caNCIA MUNICIPAL DE PELOTAS. Apresentado ao Conselho Municipal em 20 de setembro de 1926 pelo intendente Dr. Augusto Sim\u00f5es Lopes, Globo, Pelotas, 1926.<\/span><\/p>\n<\/td>\n<\/tr>\n<\/tbody>\n<\/table>\n<p>&nbsp;<\/p>\n<table border=\"0\" width=\"513\">\n<tbody>\n<tr>\n<td style=\"width: 200px\"><a href=\"https:\/\/wp.ufpel.edu.br\/ceihe\/files\/2017\/06\/1927-1.jpg\"><img class=\"alignleft size-thumbnail wp-image-780\" src=\"https:\/\/wp.ufpel.edu.br\/ceihe\/files\/2017\/06\/1927-1-200x200.jpg\" alt=\"\" width=\"200\" height=\"200\" \/><\/a><\/td>\n<td style=\"vertical-align: top\">\n<p style=\"text-align: justify\"><span style=\"font-family: tahoma,arial,helvetica,sans-serif\">INTEND\u00caNCIA MUNICIPAL DE PELOTAS. Apresentado ao Conselho Municipal em 20 de setembro de 1927 pelo intendente Dr. Augusto Sim\u00f5es Lopes, Globo, Pelotas, 1927.<\/span><\/p>\n<\/td>\n<\/tr>\n<\/tbody>\n<\/table>\n<p>&nbsp;<\/p>\n<table border=\"0\" width=\"513\">\n<tbody>\n<tr>\n<td style=\"width: 200px\"><a href=\"https:\/\/wp.ufpel.edu.br\/ceihe\/files\/2017\/06\/1929-1.jpg\"><img class=\"alignleft size-thumbnail wp-image-781\" src=\"https:\/\/wp.ufpel.edu.br\/ceihe\/files\/2017\/06\/1929-1-200x200.jpg\" alt=\"\" width=\"200\" height=\"200\" \/><\/a><\/td>\n<td style=\"vertical-align: top\">\n<p style=\"text-align: justify\"><span style=\"font-family: tahoma,arial,helvetica,sans-serif\">INTEND\u00caNCIA MUNICIPAL DE PELOTAS.\u00a0 Apresentado ao Conselho Municipal em 20 de setembro de 1929 pelo intendente Dr. Jo\u00e3o Py Crespo, off. Do \u201cDi\u00e1rio Popular\u201d, Pelotas, 1929.<\/span><\/p>\n<\/td>\n<\/tr>\n<\/tbody>\n<\/table>\n<p>&nbsp;<\/p>\n<table border=\"0\" width=\"513\">\n<tbody>\n<tr>\n<td style=\"width: 200px\"><a href=\"https:\/\/wp.ufpel.edu.br\/ceihe\/files\/2017\/06\/1947-1.jpg\"><img class=\"alignleft size-thumbnail wp-image-782\" src=\"https:\/\/wp.ufpel.edu.br\/ceihe\/files\/2017\/06\/1947-1-200x200.jpg\" alt=\"\" width=\"200\" height=\"200\" \/><\/a><\/td>\n<td style=\"vertical-align: top\">\n<p style=\"text-align: justify\"><span style=\"font-family: tahoma,arial,helvetica,sans-serif\">PREFEITURA MUNICIPAL DE PELOTAS. Apresentado ao Exmo. Snr. Dr. Governador do Estado, pelo Prefeito Proc\u00f3pio Duval Gomes de Freitas, of. Gr\u00e1fica da Livraria do Globo, Pelotas, 1947.<\/span><\/p>\n<\/td>\n<\/tr>\n<\/tbody>\n<\/table>\n<p><\/p>\n","protected":false},"excerpt":{"rendered":"<p>&nbsp; INTEND\u00caNCIA MUNICIPAL DE PELOTAS.\u00a0 Apresentado ao Conselho Municipal em 20 de setembro de 1908 pelo intendente Engenheiro Cipriano Corr\u00eaa Barcellos, Livraria globo Pelotas, 1908. &nbsp; &nbsp; INTEND\u00caNCIA MUNICIPAL DE PELOTAS.\u00a0 Apresentado ao Conselho Municipal em 20 de setembro de 1908 pelo intendente Engenheiro Jos\u00e9 Barboza Gon\u00e7alves, Pelotas, 1909. &nbsp; &nbsp; INTEND\u00caNCIA MUNICIPAL DE PELOTAS.\u00a0 [&hellip;]<\/p>\n","protected":false},"author":293,"featured_media":0,"parent":0,"menu_order":0,"comment_status":"closed","ping_status":"closed","template":"","meta":{"footnotes":""},"class_list":["post-10","page","type-page","status-publish","hentry"],"_links":{"self":[{"href":"https:\/\/wp.ufpel.edu.br\/ceihe\/wp-json\/wp\/v2\/pages\/10","targetHints":{"allow":["GET"]}}],"collection":[{"href":"https:\/\/wp.ufpel.edu.br\/ceihe\/wp-json\/wp\/v2\/pages"}],"about":[{"href":"https:\/\/wp.ufpel.edu.br\/ceihe\/wp-json\/wp\/v2\/types\/page"}],"author":[{"embeddable":true,"href":"https:\/\/wp.ufpel.edu.br\/ceihe\/wp-json\/wp\/v2\/users\/293"}],"replies":[{"embeddable":true,"href":"https:\/\/wp.ufpel.edu.br\/ceihe\/wp-json\/wp\/v2\/comments?post=10"}],"version-history":[{"count":38,"href":"https:\/\/wp.ufpel.edu.br\/ceihe\/wp-json\/wp\/v2\/pages\/10\/revisions"}],"predecessor-version":[{"id":1148,"href":"https:\/\/wp.ufpel.edu.br\/ceihe\/wp-json\/wp\/v2\/pages\/10\/revisions\/1148"}],"wp:attachment":[{"href":"https:\/\/wp.ufpel.edu.br\/ceihe\/wp-json\/wp\/v2\/media?parent=10"}],"curies":[{"name":"wp","href":"https:\/\/api.w.org\/{rel}","templated":true}]}}