{"id":9,"date":"2018-06-14T15:43:45","date_gmt":"2018-06-14T18:43:45","guid":{"rendered":"https:\/\/wp.ufpel.edu.br\/cehus\/?page_id=9"},"modified":"2024-08-27T00:49:15","modified_gmt":"2024-08-27T03:49:15","slug":"programas","status":"publish","type":"page","link":"https:\/\/wp.ufpel.edu.br\/cehus\/programas\/","title":{"rendered":"Programas"},"content":{"rendered":"<ul class=\"wp-block-page-list has-large-font-size\"><li class=\"wp-block-pages-list__item\"><a class=\"wp-block-pages-list__item__link\" href=\"https:\/\/wp.ufpel.edu.br\/cehus\/programas\/ppg-antropologia-e-arqueologia\/\">PPG Antropologia e Arqueologia<\/a><\/li><li class=\"wp-block-pages-list__item\"><a class=\"wp-block-pages-list__item__link\" href=\"https:\/\/wp.ufpel.edu.br\/cehus\/programas\/ppg-arquitetura-e-urbanismo\/\">PPG Arquitetura e Urbanismo<\/a><\/li><li class=\"wp-block-pages-list__item\"><a class=\"wp-block-pages-list__item__link\" href=\"https:\/\/wp.ufpel.edu.br\/cehus\/programas\/ppg-artes-visuais\/\">PPG Artes Visuais<\/a><\/li><li class=\"wp-block-pages-list__item\"><a class=\"wp-block-pages-list__item__link\" href=\"https:\/\/wp.ufpel.edu.br\/cehus\/programas\/ppg-ciencia-politica\/\">PPG Ci\u00eancia Pol\u00edtica<\/a><\/li><li class=\"wp-block-pages-list__item\"><a class=\"wp-block-pages-list__item__link\" href=\"https:\/\/wp.ufpel.edu.br\/cehus\/programas\/ppg-educacao\/\">PPG Educa\u00e7\u00e3o<\/a><\/li><li class=\"wp-block-pages-list__item\"><a class=\"wp-block-pages-list__item__link\" href=\"https:\/\/wp.ufpel.edu.br\/cehus\/programas\/ppg-educacao-matematica\/\">PPG Educa\u00e7\u00e3o Matem\u00e1tica<\/a><\/li><li class=\"wp-block-pages-list__item\"><a class=\"wp-block-pages-list__item__link\" href=\"https:\/\/wp.ufpel.edu.br\/cehus\/programas\/ppg-ensino-de-ciencias-e-matematica\/\">PPG Ensino de Ci\u00eancias e Matem\u00e1tica<\/a><\/li><li class=\"wp-block-pages-list__item\"><a class=\"wp-block-pages-list__item__link\" href=\"https:\/\/wp.ufpel.edu.br\/cehus\/programas\/ppg-filosofia\/\">PPG Filosofia<\/a><\/li><li class=\"wp-block-pages-list__item\"><a class=\"wp-block-pages-list__item__link\" href=\"https:\/\/wp.ufpel.edu.br\/cehus\/programas\/ppg-geografia\/\">PPG Geografia<\/a><\/li><li class=\"wp-block-pages-list__item\"><a class=\"wp-block-pages-list__item__link\" href=\"https:\/\/wp.ufpel.edu.br\/cehus\/programas\/ppg-historia\/\">PPG Hist\u00f3ria<\/a><\/li><li class=\"wp-block-pages-list__item\"><a class=\"wp-block-pages-list__item__link\" href=\"https:\/\/wp.ufpel.edu.br\/cehus\/programas\/ppg-letras\/\">PPG Letras<\/a><\/li><li class=\"wp-block-pages-list__item\"><a class=\"wp-block-pages-list__item__link\" href=\"https:\/\/wp.ufpel.edu.br\/cehus\/programas\/ppg-memoria-e-patrimonio-cultural\/\">PPG Mem\u00f3ria e Patrim\u00f4nio Cultural<\/a><\/li><li class=\"wp-block-pages-list__item\"><a class=\"wp-block-pages-list__item__link\" href=\"https:\/\/wp.ufpel.edu.br\/cehus\/programas\/ppg-sociologia\/\">PPG Sociologia<\/a><\/li><\/ul>","protected":false},"excerpt":{"rendered":"","protected":false},"author":675,"featured_media":0,"parent":0,"menu_order":1,"comment_status":"closed","ping_status":"closed","template":"","meta":{"footnotes":""},"class_list":["post-9","page","type-page","status-publish","hentry","post"],"_links":{"self":[{"href":"https:\/\/wp.ufpel.edu.br\/cehus\/wp-json\/wp\/v2\/pages\/9","targetHints":{"allow":["GET"]}}],"collection":[{"href":"https:\/\/wp.ufpel.edu.br\/cehus\/wp-json\/wp\/v2\/pages"}],"about":[{"href":"https:\/\/wp.ufpel.edu.br\/cehus\/wp-json\/wp\/v2\/types\/page"}],"author":[{"embeddable":true,"href":"https:\/\/wp.ufpel.edu.br\/cehus\/wp-json\/wp\/v2\/users\/675"}],"replies":[{"embeddable":true,"href":"https:\/\/wp.ufpel.edu.br\/cehus\/wp-json\/wp\/v2\/comments?post=9"}],"version-history":[{"count":2,"href":"https:\/\/wp.ufpel.edu.br\/cehus\/wp-json\/wp\/v2\/pages\/9\/revisions"}],"predecessor-version":[{"id":339,"href":"https:\/\/wp.ufpel.edu.br\/cehus\/wp-json\/wp\/v2\/pages\/9\/revisions\/339"}],"wp:attachment":[{"href":"https:\/\/wp.ufpel.edu.br\/cehus\/wp-json\/wp\/v2\/media?parent=9"}],"curies":[{"name":"wp","href":"https:\/\/api.w.org\/{rel}","templated":true}]}}