{"id":73,"date":"2018-06-14T16:42:20","date_gmt":"2018-06-14T19:42:20","guid":{"rendered":"https:\/\/wp.ufpel.edu.br\/cehus\/?page_id=73"},"modified":"2024-08-27T01:59:54","modified_gmt":"2024-08-27T04:59:54","slug":"salas","status":"publish","type":"page","link":"https:\/\/wp.ufpel.edu.br\/cehus\/reserva-de-espacos\/salas\/","title":{"rendered":"Salas"},"content":{"rendered":"<style>.kb-row-layout-id73_6340db-82 > .kt-row-column-wrap{align-content:start;}:where(.kb-row-layout-id73_6340db-82 > .kt-row-column-wrap) > .wp-block-kadence-column{justify-content:start;}.kb-row-layout-id73_6340db-82 > .kt-row-column-wrap{column-gap:var(--global-kb-gap-md, 2rem);row-gap:var(--global-kb-gap-md, 2rem);max-width:800px;margin-left:auto;margin-right:auto;padding-top:var(--global-kb-spacing-sm, 1.5rem);padding-bottom:var(--global-kb-spacing-sm, 1.5rem);grid-template-columns:minmax(0, 1fr);}.kb-row-layout-id73_6340db-82 > .kt-row-layout-overlay{opacity:0.30;}@media all and (max-width: 1024px){.kb-row-layout-id73_6340db-82 > .kt-row-column-wrap{grid-template-columns:minmax(0, 1fr);}}@media all and (max-width: 767px){.kb-row-layout-id73_6340db-82 > .kt-row-column-wrap{grid-template-columns:minmax(0, 1fr);}}<\/style><div class=\"kb-row-layout-wrap kb-row-layout-id73_6340db-82 alignnone wp-block-kadence-rowlayout\"><div class=\"kt-row-column-wrap kt-has-1-columns kt-row-layout-equal kt-tab-layout-inherit kt-mobile-layout-row kt-row-valign-top\">\n<style>.kadence-column73_5b33f0-04 > .kt-inside-inner-col{display:flex;}.kadence-column73_5b33f0-04 > .kt-inside-inner-col,.kadence-column73_5b33f0-04 > .kt-inside-inner-col:before{border-top-left-radius:0px;border-top-right-radius:0px;border-bottom-right-radius:0px;border-bottom-left-radius:0px;}.kadence-column73_5b33f0-04 > .kt-inside-inner-col{column-gap:var(--global-kb-gap-sm, 1rem);}.kadence-column73_5b33f0-04 > .kt-inside-inner-col{flex-direction:column;align-items:center;}.kadence-column73_5b33f0-04 > .kt-inside-inner-col > .kb-image-is-ratio-size{align-self:stretch;}.kadence-column73_5b33f0-04 > .kt-inside-inner-col > .wp-block-kadence-advancedgallery{align-self:stretch;}.kadence-column73_5b33f0-04 > .kt-inside-inner-col > .aligncenter{width:100%;}.kadence-column73_5b33f0-04 > .kt-inside-inner-col:before{opacity:0.3;}.kadence-column73_5b33f0-04{position:relative;}@media all and (max-width: 1024px){.kadence-column73_5b33f0-04 > .kt-inside-inner-col{flex-direction:column;justify-content:center;align-items:center;}}@media all and (max-width: 767px){.kadence-column73_5b33f0-04 > .kt-inside-inner-col{flex-direction:column;justify-content:center;align-items:center;}}<\/style>\n<div class=\"wp-block-kadence-column kadence-column73_5b33f0-04\"><div class=\"kt-inside-inner-col\">\n<p class=\"has-text-align-center\"><strong>A solicita\u00e7\u00e3o de agenda das salas deve ser solicitada por meio de consulta \u00e0 Coordena\u00e7\u00e3o<br><\/strong><strong>do CEHUS via e-mail<br>&lt;cehusufpel@gmail.com&gt;<\/strong><\/p>\n\n\n\n<p class=\"has-text-align-center\">Em breve, Agenda CEHUS 2024\/2.<\/p>\n\n\n\n<p class=\"has-text-align-center\"><a href=\"https:\/\/wp.ufpel.edu.br\/cehus\/files\/2018\/11\/SALAS_CEHUS_2019_1.pdf\">SALAS_CEHUS_2018<\/a><\/p>\n<\/div><\/div>\n\n<\/div><\/div>\n\n\n<p>&nbsp;<\/p>\n","protected":false},"excerpt":{"rendered":"<p>A solicita\u00e7\u00e3o de agenda das salas deve ser solicitada por meio de consulta \u00e0 Coordena\u00e7\u00e3odo CEHUS via e-mail&lt;cehusufpel@gmail.com&gt; Em breve, Agenda CEHUS 2024\/2. SALAS_CEHUS_2018 &nbsp;<\/p>\n","protected":false},"author":675,"featured_media":0,"parent":121,"menu_order":0,"comment_status":"closed","ping_status":"closed","template":"","meta":{"footnotes":""},"class_list":["post-73","page","type-page","status-publish","hentry","post"],"_links":{"self":[{"href":"https:\/\/wp.ufpel.edu.br\/cehus\/wp-json\/wp\/v2\/pages\/73","targetHints":{"allow":["GET"]}}],"collection":[{"href":"https:\/\/wp.ufpel.edu.br\/cehus\/wp-json\/wp\/v2\/pages"}],"about":[{"href":"https:\/\/wp.ufpel.edu.br\/cehus\/wp-json\/wp\/v2\/types\/page"}],"author":[{"embeddable":true,"href":"https:\/\/wp.ufpel.edu.br\/cehus\/wp-json\/wp\/v2\/users\/675"}],"replies":[{"embeddable":true,"href":"https:\/\/wp.ufpel.edu.br\/cehus\/wp-json\/wp\/v2\/comments?post=73"}],"version-history":[{"count":7,"href":"https:\/\/wp.ufpel.edu.br\/cehus\/wp-json\/wp\/v2\/pages\/73\/revisions"}],"predecessor-version":[{"id":426,"href":"https:\/\/wp.ufpel.edu.br\/cehus\/wp-json\/wp\/v2\/pages\/73\/revisions\/426"}],"up":[{"embeddable":true,"href":"https:\/\/wp.ufpel.edu.br\/cehus\/wp-json\/wp\/v2\/pages\/121"}],"wp:attachment":[{"href":"https:\/\/wp.ufpel.edu.br\/cehus\/wp-json\/wp\/v2\/media?parent=73"}],"curies":[{"name":"wp","href":"https:\/\/api.w.org\/{rel}","templated":true}]}}