{"id":70,"date":"2018-06-14T16:41:58","date_gmt":"2018-06-14T19:41:58","guid":{"rendered":"https:\/\/wp.ufpel.edu.br\/cehus\/?page_id=70"},"modified":"2026-02-19T19:23:32","modified_gmt":"2026-02-19T22:23:32","slug":"mini-auditorio2","status":"publish","type":"page","link":"https:\/\/wp.ufpel.edu.br\/cehus\/reserva-de-espacos\/mini-auditorio2\/","title":{"rendered":"Mini-audit\u00f3rio 2"},"content":{"rendered":"<style>.kb-row-layout-id70_5212a5-fd > .kt-row-column-wrap{align-content:start;}:where(.kb-row-layout-id70_5212a5-fd > .kt-row-column-wrap) > .wp-block-kadence-column{justify-content:start;}.kb-row-layout-id70_5212a5-fd > .kt-row-column-wrap{column-gap:var(--global-kb-gap-md, 2rem);row-gap:var(--global-kb-gap-md, 2rem);max-width:800px;margin-left:auto;margin-right:auto;padding-top:var(--global-kb-spacing-sm, 1.5rem);padding-bottom:var(--global-kb-spacing-sm, 1.5rem);grid-template-columns:minmax(0, 1fr);}.kb-row-layout-id70_5212a5-fd > .kt-row-layout-overlay{opacity:0.30;}@media all and (max-width: 1024px){.kb-row-layout-id70_5212a5-fd > .kt-row-column-wrap{grid-template-columns:minmax(0, 1fr);}}@media all and (max-width: 767px){.kb-row-layout-id70_5212a5-fd > .kt-row-column-wrap{grid-template-columns:minmax(0, 1fr);}}<\/style><div class=\"kb-row-layout-wrap kb-row-layout-id70_5212a5-fd alignnone wp-block-kadence-rowlayout\"><div class=\"kt-row-column-wrap kt-has-1-columns kt-row-layout-equal kt-tab-layout-inherit kt-mobile-layout-row kt-row-valign-top\">\n<style>.kadence-column70_246c5f-0a > .kt-inside-inner-col{display:flex;}.kadence-column70_246c5f-0a > .kt-inside-inner-col,.kadence-column70_246c5f-0a > .kt-inside-inner-col:before{border-top-left-radius:0px;border-top-right-radius:0px;border-bottom-right-radius:0px;border-bottom-left-radius:0px;}.kadence-column70_246c5f-0a > .kt-inside-inner-col{row-gap:var(--global-kb-gap-md, 2rem);column-gap:var(--global-kb-gap-sm, 1rem);}.kadence-column70_246c5f-0a > .kt-inside-inner-col{flex-direction:column;align-items:center;}.kadence-column70_246c5f-0a > .kt-inside-inner-col > .kb-image-is-ratio-size{align-self:stretch;}.kadence-column70_246c5f-0a > .kt-inside-inner-col > .wp-block-kadence-advancedgallery{align-self:stretch;}.kadence-column70_246c5f-0a > .kt-inside-inner-col > .aligncenter{width:100%;}.kadence-column70_246c5f-0a > .kt-inside-inner-col:before{opacity:0.3;}.kadence-column70_246c5f-0a{text-align:left;}.kadence-column70_246c5f-0a{position:relative;}@media all and (max-width: 1024px){.kadence-column70_246c5f-0a > .kt-inside-inner-col{flex-direction:column;justify-content:center;align-items:center;}}@media all and (max-width: 767px){.kadence-column70_246c5f-0a > .kt-inside-inner-col{flex-direction:column;justify-content:center;align-items:center;}}<\/style>\n<div class=\"wp-block-kadence-column kadence-column70_246c5f-0a\"><div class=\"kt-inside-inner-col\">\n<p><strong>ATEN\u00c7\u00c3O: Para a retirada das chaves na portaria do CEHUS \u00e9 OBRIGAT\u00d3RIA a apresenta\u00e7\u00e3o do convite impresso e do documento de identidade. O convite (modelo abaixo) ser\u00e1 enviado ao e-mail cadastrado na solicita\u00e7\u00e3o ap\u00f3s a confirma\u00e7\u00e3o da reserva do audit\u00f3rio.<\/strong><\/p>\n\n\n\n<p><a href=\"https:\/\/wp.ufpel.edu.br\/cehus\/files\/2019\/02\/Gmail-Convite_-Evento-modelo-teste-ter-19-fev-2019-10_00-11_00-BRT-Guilherme-Machado.pdf\">Modelo_Convite<\/a><\/p>\n\n\n\n<p><strong>Antes de solicitar a sala, confira a disponibilidade na agenda abaixo do formul\u00e1rio de solicita\u00e7\u00e3o.<\/strong><\/p>\n\n\n\n\n\n<!-- iframe plugin v.6.0 wordpress.org\/plugins\/iframe\/ -->\n<iframe loading=\"lazy\" src=\"https:\/\/calendar.google.com\/calendar\/embed?src=hhditei5t2fjtujjoncgn309r4%40group.calendar.google.com&#038;ctz=America%2FSao_Paulo\" style=\"border: 0\" width=\"800\" height=\"600\" frameborder=\"0\" scrolling=\"no\" class=\"iframe-class\"><\/iframe>\n\n\n\n\n<!-- iframe plugin v.6.0 wordpress.org\/plugins\/iframe\/ -->\n<iframe loading=\"lazy\" src=\"https:\/\/docs.google.com\/forms\/d\/e\/1FAIpQLSdBgt6MAkHqPBzY_Yp62L-XaegAcTh3xyu30tfYiSYXbInDUw\/viewform?embedded=true\" width=\"700\" height=\"520\" frameborder=\"0\" marginheight=\"0\" marginwidth=\"0\" scrolling=\"yes\" class=\"iframe-class\"><\/iframe>\n\n<\/div><\/div>\n\n<\/div><\/div>","protected":false},"excerpt":{"rendered":"<p>ATEN\u00c7\u00c3O: Para a retirada das chaves na portaria do CEHUS \u00e9 OBRIGAT\u00d3RIA a apresenta\u00e7\u00e3o do convite impresso e do documento de identidade. O convite (modelo abaixo) ser\u00e1 enviado ao e-mail cadastrado na solicita\u00e7\u00e3o ap\u00f3s a confirma\u00e7\u00e3o da reserva do audit\u00f3rio. Modelo_Convite Antes de solicitar a sala, confira a disponibilidade na agenda abaixo do formul\u00e1rio de [&hellip;]<\/p>\n","protected":false},"author":675,"featured_media":0,"parent":121,"menu_order":0,"comment_status":"closed","ping_status":"closed","template":"","meta":{"footnotes":""},"class_list":["post-70","page","type-page","status-publish","hentry","post"],"_links":{"self":[{"href":"https:\/\/wp.ufpel.edu.br\/cehus\/wp-json\/wp\/v2\/pages\/70","targetHints":{"allow":["GET"]}}],"collection":[{"href":"https:\/\/wp.ufpel.edu.br\/cehus\/wp-json\/wp\/v2\/pages"}],"about":[{"href":"https:\/\/wp.ufpel.edu.br\/cehus\/wp-json\/wp\/v2\/types\/page"}],"author":[{"embeddable":true,"href":"https:\/\/wp.ufpel.edu.br\/cehus\/wp-json\/wp\/v2\/users\/675"}],"replies":[{"embeddable":true,"href":"https:\/\/wp.ufpel.edu.br\/cehus\/wp-json\/wp\/v2\/comments?post=70"}],"version-history":[{"count":3,"href":"https:\/\/wp.ufpel.edu.br\/cehus\/wp-json\/wp\/v2\/pages\/70\/revisions"}],"predecessor-version":[{"id":743,"href":"https:\/\/wp.ufpel.edu.br\/cehus\/wp-json\/wp\/v2\/pages\/70\/revisions\/743"}],"up":[{"embeddable":true,"href":"https:\/\/wp.ufpel.edu.br\/cehus\/wp-json\/wp\/v2\/pages\/121"}],"wp:attachment":[{"href":"https:\/\/wp.ufpel.edu.br\/cehus\/wp-json\/wp\/v2\/media?parent=70"}],"curies":[{"name":"wp","href":"https:\/\/api.w.org\/{rel}","templated":true}]}}