{"id":509,"date":"2024-09-16T14:46:16","date_gmt":"2024-09-16T17:46:16","guid":{"rendered":"https:\/\/wp.ufpel.edu.br\/cehus\/?page_id=509"},"modified":"2025-03-20T12:46:34","modified_gmt":"2025-03-20T15:46:34","slug":"bolsas-bdi","status":"publish","type":"page","link":"https:\/\/wp.ufpel.edu.br\/cehus\/bolsas-bdi\/","title":{"rendered":"Bolsas"},"content":{"rendered":"\n<figure class=\"wp-block-image alignfull size-large\"><img loading=\"lazy\" decoding=\"async\" width=\"1024\" height=\"154\" src=\"https:\/\/wp.ufpel.edu.br\/cehus\/files\/2025\/03\/CEHUS_aviso-edital-2o-1-1024x154.png\" alt=\"\" class=\"wp-image-599\" srcset=\"https:\/\/wp.ufpel.edu.br\/cehus\/files\/2025\/03\/CEHUS_aviso-edital-2o-1-1024x154.png 1024w, https:\/\/wp.ufpel.edu.br\/cehus\/files\/2025\/03\/CEHUS_aviso-edital-2o-1-400x60.png 400w, https:\/\/wp.ufpel.edu.br\/cehus\/files\/2025\/03\/CEHUS_aviso-edital-2o-1-768x116.png 768w, https:\/\/wp.ufpel.edu.br\/cehus\/files\/2025\/03\/CEHUS_aviso-edital-2o-1-1536x232.png 1536w, https:\/\/wp.ufpel.edu.br\/cehus\/files\/2025\/03\/CEHUS_aviso-edital-2o-1.png 1572w\" sizes=\"auto, (max-width: 1024px) 100vw, 1024px\" \/><\/figure>\n\n\n<style>.wp-block-kadence-advancedheading.kt-adv-heading509_7a07b4-41, .wp-block-kadence-advancedheading.kt-adv-heading509_7a07b4-41[data-kb-block=\"kb-adv-heading509_7a07b4-41\"]{text-align:center;font-style:normal;}.wp-block-kadence-advancedheading.kt-adv-heading509_7a07b4-41 mark.kt-highlight, .wp-block-kadence-advancedheading.kt-adv-heading509_7a07b4-41[data-kb-block=\"kb-adv-heading509_7a07b4-41\"] mark.kt-highlight{font-style:normal;color:#f76a0c;-webkit-box-decoration-break:clone;box-decoration-break:clone;padding-top:0px;padding-right:0px;padding-bottom:0px;padding-left:0px;}.wp-block-kadence-advancedheading.kt-adv-heading509_7a07b4-41 img.kb-inline-image, .wp-block-kadence-advancedheading.kt-adv-heading509_7a07b4-41[data-kb-block=\"kb-adv-heading509_7a07b4-41\"] img.kb-inline-image{width:150px;vertical-align:baseline;}@media all and (max-width: 767px){.wp-block-kadence-advancedheading.kt-adv-heading509_7a07b4-41, .wp-block-kadence-advancedheading.kt-adv-heading509_7a07b4-41[data-kb-block=\"kb-adv-heading509_7a07b4-41\"]{font-size:var(--global-kb-font-size-xl, 3rem);}}<\/style>\n<h2 class=\"kt-adv-heading509_7a07b4-41 wp-block-kadence-advancedheading\" data-kb-block=\"kb-adv-heading509_7a07b4-41\">Bolsas de Desenvolvimento Institucional<\/h2>\n\n\n\n<p class=\"has-text-align-center\"><strong>Cronograma<\/strong><\/p>\n\n\n<style>.kadence-column509_a9a587-12 > .kt-inside-inner-col{display:flex;}.kadence-column509_a9a587-12 > .kt-inside-inner-col,.kadence-column509_a9a587-12 > .kt-inside-inner-col:before{border-top-left-radius:0px;border-top-right-radius:0px;border-bottom-right-radius:0px;border-bottom-left-radius:0px;}.kadence-column509_a9a587-12 > .kt-inside-inner-col{row-gap:var(--global-kb-gap-lg, 4rem);column-gap:var(--global-kb-gap-lg, 4rem);}.kadence-column509_a9a587-12 > .kt-inside-inner-col{flex-direction:column;align-items:center;}.kadence-column509_a9a587-12 > .kt-inside-inner-col > .kb-image-is-ratio-size{align-self:stretch;}.kadence-column509_a9a587-12 > .kt-inside-inner-col > .wp-block-kadence-advancedgallery{align-self:stretch;}.kadence-column509_a9a587-12 > .kt-inside-inner-col > .aligncenter{width:100%;}.kadence-column509_a9a587-12 > .kt-inside-inner-col:before{opacity:0.3;}.kadence-column509_a9a587-12{text-align:left;}.kadence-column509_a9a587-12{position:relative;}@media all and (max-width: 1024px){.kadence-column509_a9a587-12 > .kt-inside-inner-col{flex-direction:column;justify-content:center;align-items:center;}}@media all and (max-width: 767px){.kadence-column509_a9a587-12 > .kt-inside-inner-col{flex-direction:column;justify-content:center;align-items:center;}}<\/style>\n<div class=\"wp-block-kadence-column kadence-column509_a9a587-12 kb-section-dir-vertical\"><div class=\"kt-inside-inner-col\">\n<p>\u25aa\ufe0f <strong>11\/03 a 16\/03\/2025 <\/strong> \u2014 Per\u00edodo de inscri\u00e7\u00f5es pelo e-mail cehusufpel@cehus<br>| <a href=\"https:\/\/wp.ufpel.edu.br\/prae\/files\/2022\/01\/NOVAficha-inscricao-bolsas-desenvolvimento-institucional4.doc\">Ficha de Inscri\u00e7\u00e3o<\/a>; Hist\u00f3rico Escolar UFPel &#8211; peso 2;<br>| Curr\u00edculo vitae modelo LATTES &#8211; peso 2;<br>| Portf\u00f3lio &#8211; peso 3;<br>| Entrevista &#8211; peso 3 Etapa 1<br><br>\u25aa\ufe0f <strong>18\/03\/2025 <\/strong>\u2014 Avalia\u00e7\u00e3o dos documentos.<br><br>\u25aa\ufe0f <strong>19\/03\/2025 <\/strong>\u2014 Entrevista com os candidatos selecionados na Etapa 1.<\/p>\n<\/div><\/div>\n\n\n<style>.kadence-column509_eec96c-b4 > .kt-inside-inner-col{display:flex;}.kadence-column509_eec96c-b4 > .kt-inside-inner-col,.kadence-column509_eec96c-b4 > .kt-inside-inner-col:before{border-top-left-radius:0px;border-top-right-radius:0px;border-bottom-right-radius:0px;border-bottom-left-radius:0px;}.kadence-column509_eec96c-b4 > .kt-inside-inner-col{row-gap:var(--global-kb-gap-lg, 4rem);column-gap:var(--global-kb-gap-lg, 4rem);}.kadence-column509_eec96c-b4 > .kt-inside-inner-col{flex-direction:column;align-items:center;}.kadence-column509_eec96c-b4 > .kt-inside-inner-col > .kb-image-is-ratio-size{align-self:stretch;}.kadence-column509_eec96c-b4 > .kt-inside-inner-col > .wp-block-kadence-advancedgallery{align-self:stretch;}.kadence-column509_eec96c-b4 > .kt-inside-inner-col > .aligncenter{width:100%;}.kadence-column509_eec96c-b4 > .kt-inside-inner-col:before{opacity:0.3;}.kadence-column509_eec96c-b4{text-align:left;}.kadence-column509_eec96c-b4{position:relative;}@media all and (max-width: 1024px){.kadence-column509_eec96c-b4 > .kt-inside-inner-col{flex-direction:column;justify-content:center;align-items:center;}}@media all and (max-width: 767px){.kadence-column509_eec96c-b4 > .kt-inside-inner-col{flex-direction:column;justify-content:center;align-items:center;}}<\/style>\n<div class=\"wp-block-kadence-column kadence-column509_eec96c-b4 kb-section-dir-vertical\"><div class=\"kt-inside-inner-col\"><style>.kadence-column509_8edc72-24 > .kt-inside-inner-col,.kadence-column509_8edc72-24 > .kt-inside-inner-col:before{border-top-left-radius:0px;border-top-right-radius:0px;border-bottom-right-radius:0px;border-bottom-left-radius:0px;}.kadence-column509_8edc72-24 > .kt-inside-inner-col{column-gap:var(--global-kb-gap-sm, 1rem);}.kadence-column509_8edc72-24 > .kt-inside-inner-col{flex-direction:column;}.kadence-column509_8edc72-24 > .kt-inside-inner-col > .aligncenter{width:100%;}.kadence-column509_8edc72-24 > .kt-inside-inner-col:before{opacity:0.3;}.kadence-column509_8edc72-24{position:relative;}@media all and (max-width: 1024px){.kadence-column509_8edc72-24 > .kt-inside-inner-col{flex-direction:column;justify-content:center;}}@media all and (max-width: 767px){.kadence-column509_8edc72-24 > .kt-inside-inner-col{flex-direction:column;justify-content:center;}}<\/style>\n<div class=\"wp-block-kadence-column kadence-column509_8edc72-24 alignfull\"><div class=\"kt-inside-inner-col\"><style>.kadence-column509_656b9a-37 > .kt-inside-inner-col,.kadence-column509_656b9a-37 > .kt-inside-inner-col:before{border-top-left-radius:0px;border-top-right-radius:0px;border-bottom-right-radius:0px;border-bottom-left-radius:0px;}.kadence-column509_656b9a-37 > .kt-inside-inner-col{column-gap:var(--global-kb-gap-sm, 1rem);}.kadence-column509_656b9a-37 > .kt-inside-inner-col{flex-direction:column;}.kadence-column509_656b9a-37 > .kt-inside-inner-col > .aligncenter{width:100%;}.kadence-column509_656b9a-37 > .kt-inside-inner-col:before{opacity:0.3;}.kadence-column509_656b9a-37{position:relative;}@media all and (max-width: 1024px){.kadence-column509_656b9a-37 > .kt-inside-inner-col{flex-direction:column;justify-content:center;}}@media all and (max-width: 767px){.kadence-column509_656b9a-37 > .kt-inside-inner-col{flex-direction:column;justify-content:center;}}<\/style>\n<div class=\"wp-block-kadence-column kadence-column509_656b9a-37\"><div class=\"kt-inside-inner-col\">\n<p class=\"has-text-align-center\"><strong>RESULTADO DO PROCESSO DE SELE\u00c7\u00c3O (20\/03\/2025)<\/strong><\/p>\n<\/div><\/div>\n<\/div><\/div>\n<\/div><\/div>\n\n\n<style>.kadence-column509_f22b09-d4 > .kt-inside-inner-col{display:flex;}.kadence-column509_f22b09-d4 > .kt-inside-inner-col,.kadence-column509_f22b09-d4 > .kt-inside-inner-col:before{border-top-left-radius:0px;border-top-right-radius:0px;border-bottom-right-radius:0px;border-bottom-left-radius:0px;}.kadence-column509_f22b09-d4 > .kt-inside-inner-col{row-gap:var(--global-kb-gap-lg, 4rem);column-gap:var(--global-kb-gap-lg, 4rem);}.kadence-column509_f22b09-d4 > .kt-inside-inner-col{flex-direction:column;align-items:center;}.kadence-column509_f22b09-d4 > .kt-inside-inner-col > .kb-image-is-ratio-size{align-self:stretch;}.kadence-column509_f22b09-d4 > .kt-inside-inner-col > .wp-block-kadence-advancedgallery{align-self:stretch;}.kadence-column509_f22b09-d4 > .kt-inside-inner-col > .aligncenter{width:100%;}.kadence-column509_f22b09-d4 > .kt-inside-inner-col:before{opacity:0.3;}.kadence-column509_f22b09-d4{text-align:left;}.kadence-column509_f22b09-d4{position:relative;}@media all and (max-width: 1024px){.kadence-column509_f22b09-d4 > .kt-inside-inner-col{flex-direction:column;justify-content:center;align-items:center;}}@media all and (max-width: 767px){.kadence-column509_f22b09-d4 > .kt-inside-inner-col{flex-direction:column;justify-content:center;align-items:center;}}<\/style>\n<div class=\"wp-block-kadence-column kadence-column509_f22b09-d4 kb-section-dir-vertical\"><div class=\"kt-inside-inner-col\">\n<p class=\"has-text-align-left\">Ordem de Classifica\u00e7\u00e3o<br>Bolsistas<br>1\u00ba ALVARO RITTER QUEVEDO<br>2\u00ba (SUPLENTE) FABRICIO ALVES PAGOTTO<\/p>\n<\/div><\/div>\n\n\n\n<p class=\"has-text-align-center\"><\/p>\n\n\n\n<div data-wp-interactive=\"core\/file\" class=\"wp-block-file\"><object data-wp-bind--hidden=\"!state.hasPdfPreview\" hidden class=\"wp-block-file__embed\" data=\"https:\/\/wp.ufpel.edu.br\/cehus\/files\/2025\/03\/SEIUFPel-2981611-Edital.pdf\" type=\"application\/pdf\" style=\"width:100%;height:600px\" aria-label=\"Incorporado de SEIUFPel - 2981611 - Edital.\"><\/object><a id=\"wp-block-file--media-329d9254-4c5b-437a-87f3-c72c70a17b90\" href=\"https:\/\/wp.ufpel.edu.br\/cehus\/files\/2025\/03\/SEIUFPel-2981611-Edital.pdf\">SEIUFPel &#8211; 2981611 &#8211; Edital<\/a><a href=\"https:\/\/wp.ufpel.edu.br\/cehus\/files\/2025\/03\/SEIUFPel-2981611-Edital.pdf\" class=\"wp-block-file__button wp-element-button\" download aria-describedby=\"wp-block-file--media-329d9254-4c5b-437a-87f3-c72c70a17b90\">Baixar<\/a><\/div>\n\n\n\n<hr class=\"wp-block-separator has-alpha-channel-opacity\"\/>\n\n\n\n<p class=\"has-text-align-center\"><strong>EDITAIS ENCERRADOS<\/strong><\/p>\n\n\n<style>.wp-block-kadence-spacer.kt-block-spacer-509_f03f18-48 .kt-block-spacer{height:50px;}.wp-block-kadence-spacer.kt-block-spacer-509_f03f18-48 .kt-divider{border-top-width:1px;height:1px;border-top-color:#eee;width:80%;border-top-style:solid;}<\/style>\n<div class=\"wp-block-kadence-spacer aligncenter kt-block-spacer-509_f03f18-48\"><div class=\"kt-block-spacer kt-block-spacer-halign-center\"><hr class=\"kt-divider\"\/><\/div><\/div>\n\n\n<style>.kadence-column509_426e2c-da > .kt-inside-inner-col,.kadence-column509_426e2c-da > .kt-inside-inner-col:before{border-top-left-radius:0px;border-top-right-radius:0px;border-bottom-right-radius:0px;border-bottom-left-radius:0px;}.kadence-column509_426e2c-da > .kt-inside-inner-col{column-gap:var(--global-kb-gap-sm, 1rem);}.kadence-column509_426e2c-da > .kt-inside-inner-col{flex-direction:column;}.kadence-column509_426e2c-da > .kt-inside-inner-col > .aligncenter{width:100%;}.kadence-column509_426e2c-da > .kt-inside-inner-col:before{opacity:0.3;}.kadence-column509_426e2c-da{position:relative;}@media all and (max-width: 1024px){.kadence-column509_426e2c-da > .kt-inside-inner-col{flex-direction:column;justify-content:center;}}@media all and (max-width: 767px){.kadence-column509_426e2c-da > .kt-inside-inner-col{flex-direction:column;justify-content:center;}}<\/style>\n<div class=\"wp-block-kadence-column kadence-column509_426e2c-da\"><div class=\"kt-inside-inner-col\">\n<p class=\"has-text-align-center\">RESULTADO SELE\u00c7\u00c3O &#8211; EDITAL 001\/2025 &#8211; Considerando a modalidade e os crit\u00e9rios de<br> sele\u00e7\u00e3o do EDITAL 001\/2025, <strong>n\u00e3o houve candidatos aptos ao preenchimento da vaga. <\/strong><\/p>\n\n\n\n<p class=\"has-text-align-center\">Sendo assim, considerando o n\u00e3o preenchimento da vaga no referido edital, a Pr\u00f3-Reitoria de<br>Planejamento da UFPEL abre <strong>novo edital, a saber: EDITAL N\u00ba. 002\/2025\/2025<\/strong><\/p>\n<\/div><\/div>\n\n\n<style>.wp-block-kadence-spacer.kt-block-spacer-509_a9bcd7-d2 .kt-block-spacer{height:40px;}.wp-block-kadence-spacer.kt-block-spacer-509_a9bcd7-d2 .kt-divider{border-top-width:1px;height:1px;border-top-color:#eee;width:80%;border-top-style:solid;}<\/style>\n<div class=\"wp-block-kadence-spacer aligncenter kt-block-spacer-509_a9bcd7-d2\"><div class=\"kt-block-spacer kt-block-spacer-halign-center\"><hr class=\"kt-divider\"\/><\/div><\/div>\n\n\n\n<p class=\"has-text-align-center\"><strong>Cronograma<\/strong><\/p>\n\n\n<style>.kadence-column509_0407dc-72 > .kt-inside-inner-col{display:flex;}.kadence-column509_0407dc-72 > .kt-inside-inner-col,.kadence-column509_0407dc-72 > .kt-inside-inner-col:before{border-top-left-radius:0px;border-top-right-radius:0px;border-bottom-right-radius:0px;border-bottom-left-radius:0px;}.kadence-column509_0407dc-72 > .kt-inside-inner-col{row-gap:var(--global-kb-gap-lg, 4rem);column-gap:var(--global-kb-gap-lg, 4rem);}.kadence-column509_0407dc-72 > .kt-inside-inner-col{flex-direction:column;align-items:center;}.kadence-column509_0407dc-72 > .kt-inside-inner-col > .kb-image-is-ratio-size{align-self:stretch;}.kadence-column509_0407dc-72 > .kt-inside-inner-col > .wp-block-kadence-advancedgallery{align-self:stretch;}.kadence-column509_0407dc-72 > .kt-inside-inner-col > .aligncenter{width:100%;}.kadence-column509_0407dc-72 > .kt-inside-inner-col:before{opacity:0.3;}.kadence-column509_0407dc-72{text-align:left;}.kadence-column509_0407dc-72{position:relative;}@media all and (max-width: 1024px){.kadence-column509_0407dc-72 > .kt-inside-inner-col{flex-direction:column;justify-content:center;align-items:center;}}@media all and (max-width: 767px){.kadence-column509_0407dc-72 > .kt-inside-inner-col{flex-direction:column;justify-content:center;align-items:center;}}<\/style>\n<div class=\"wp-block-kadence-column kadence-column509_0407dc-72 kb-section-dir-vertical\"><div class=\"kt-inside-inner-col\">\n<p><strong>16 a 20\/09\/2024<\/strong> \u2014 Per\u00edodo de inscri\u00e7\u00f5es (<em><a href=\"https:\/\/wp.ufpel.edu.br\/prae\/files\/2019\/03\/ficha-inscri%C3%A7%C3%A3o-bolsas-desenvolvimento-institucional.doc\">Ficha Inscri\u00e7\u00f5es<\/a><\/em>)<br><strong>23\/09\/2024 <\/strong>\u2014 Sele\u00e7\u00e3o dos candidatos<br><strong>24\/09\/2024 <\/strong>\u2014 Entrevista e divulga\u00e7\u00e3o do resultado parcial<br><strong>25 a 26\/09\/2024<\/strong> \u2014 Per\u00edodo para recursos<br><strong>27\/09\/2024 <\/strong>\u2014 Divulga\u00e7\u00e3o do resultado final<\/p>\n<\/div><\/div>\n\n\n\n<p class=\"has-text-align-center\"><strong>RESULTADO DO PROCESSO DE SELE\u00c7\u00c3O (27\/09\/2024)<\/strong><\/p>\n\n\n<style>.kadence-column509_e0636f-e8 > .kt-inside-inner-col{display:flex;}.kadence-column509_e0636f-e8 > .kt-inside-inner-col,.kadence-column509_e0636f-e8 > .kt-inside-inner-col:before{border-top-left-radius:0px;border-top-right-radius:0px;border-bottom-right-radius:0px;border-bottom-left-radius:0px;}.kadence-column509_e0636f-e8 > .kt-inside-inner-col{row-gap:var(--global-kb-gap-lg, 4rem);column-gap:var(--global-kb-gap-lg, 4rem);}.kadence-column509_e0636f-e8 > .kt-inside-inner-col{flex-direction:column;align-items:center;}.kadence-column509_e0636f-e8 > .kt-inside-inner-col > .kb-image-is-ratio-size{align-self:stretch;}.kadence-column509_e0636f-e8 > .kt-inside-inner-col > .wp-block-kadence-advancedgallery{align-self:stretch;}.kadence-column509_e0636f-e8 > .kt-inside-inner-col > .aligncenter{width:100%;}.kadence-column509_e0636f-e8 > .kt-inside-inner-col:before{opacity:0.3;}.kadence-column509_e0636f-e8{text-align:left;}.kadence-column509_e0636f-e8{position:relative;}@media all and (max-width: 1024px){.kadence-column509_e0636f-e8 > .kt-inside-inner-col{flex-direction:column;justify-content:center;align-items:center;}}@media all and (max-width: 767px){.kadence-column509_e0636f-e8 > .kt-inside-inner-col{flex-direction:column;justify-content:center;align-items:center;}}<\/style>\n<div class=\"wp-block-kadence-column kadence-column509_e0636f-e8 kb-section-dir-vertical\"><div class=\"kt-inside-inner-col\">\n<p>Ordem de Classifica\u00e7\u00e3o<br>Bolsistas<br>1\u00ba ALVARO RITTER QUEVEDO<br>2\u00ba MARIA EDUARDA DUARTE DA SILVA<\/p>\n<\/div><\/div>\n\n\n\n<p class=\"has-text-align-center\"><strong>Edital de Sele\u00e7\u00e3o<\/strong><\/p>\n\n\n\n<iframe loading=\"lazy\" src=\"https:\/\/drive.google.com\/file\/d\/1NtMtvRNdMuv6w-SGYqtl_Gc6WD8o_9vU\/preview\" width=\"100%\" height=\"480\" allow=\"autoplay\"><\/iframe>\n\n\n\n<p><\/p>\n","protected":false},"excerpt":{"rendered":"<p>Bolsas de Desenvolvimento Institucional Cronograma \u25aa\ufe0f 11\/03 a 16\/03\/2025 \u2014 Per\u00edodo de inscri\u00e7\u00f5es pelo e-mail cehusufpel@cehus| Ficha de Inscri\u00e7\u00e3o; Hist\u00f3rico Escolar UFPel &#8211; peso 2;| Curr\u00edculo vitae modelo LATTES &#8211; peso 2;| Portf\u00f3lio &#8211; peso 3;| Entrevista &#8211; peso 3 Etapa 1 \u25aa\ufe0f 18\/03\/2025 \u2014 Avalia\u00e7\u00e3o dos documentos. \u25aa\ufe0f 19\/03\/2025 \u2014 Entrevista com os candidatos [&hellip;]<\/p>\n","protected":false},"author":1364,"featured_media":0,"parent":0,"menu_order":0,"comment_status":"closed","ping_status":"closed","template":"","meta":{"footnotes":""},"class_list":["post-509","page","type-page","status-publish","hentry","post"],"_links":{"self":[{"href":"https:\/\/wp.ufpel.edu.br\/cehus\/wp-json\/wp\/v2\/pages\/509","targetHints":{"allow":["GET"]}}],"collection":[{"href":"https:\/\/wp.ufpel.edu.br\/cehus\/wp-json\/wp\/v2\/pages"}],"about":[{"href":"https:\/\/wp.ufpel.edu.br\/cehus\/wp-json\/wp\/v2\/types\/page"}],"author":[{"embeddable":true,"href":"https:\/\/wp.ufpel.edu.br\/cehus\/wp-json\/wp\/v2\/users\/1364"}],"replies":[{"embeddable":true,"href":"https:\/\/wp.ufpel.edu.br\/cehus\/wp-json\/wp\/v2\/comments?post=509"}],"version-history":[{"count":51,"href":"https:\/\/wp.ufpel.edu.br\/cehus\/wp-json\/wp\/v2\/pages\/509\/revisions"}],"predecessor-version":[{"id":618,"href":"https:\/\/wp.ufpel.edu.br\/cehus\/wp-json\/wp\/v2\/pages\/509\/revisions\/618"}],"wp:attachment":[{"href":"https:\/\/wp.ufpel.edu.br\/cehus\/wp-json\/wp\/v2\/media?parent=509"}],"curies":[{"name":"wp","href":"https:\/\/api.w.org\/{rel}","templated":true}]}}