{"id":32,"date":"2018-06-14T16:28:05","date_gmt":"2018-06-14T19:28:05","guid":{"rendered":"https:\/\/wp.ufpel.edu.br\/cehus\/?page_id=32"},"modified":"2018-06-15T00:07:24","modified_gmt":"2018-06-15T03:07:24","slug":"ppg-educacao-matematica","status":"publish","type":"page","link":"https:\/\/wp.ufpel.edu.br\/cehus\/programas\/ppg-educacao-matematica\/","title":{"rendered":"PPG Educa\u00e7\u00e3o Matem\u00e1tica"},"content":{"rendered":"<p><a href=\"https:\/\/wp.ufpel.edu.br\/ppgemat\/\">PPG Educa\u00e7\u00e3o Matem\u00e1tica &#8211; Mestrado<\/a><\/p>\n","protected":false},"excerpt":{"rendered":"<p>PPG Educa\u00e7\u00e3o Matem\u00e1tica &#8211; Mestrado<\/p>\n","protected":false},"author":675,"featured_media":0,"parent":9,"menu_order":0,"comment_status":"closed","ping_status":"closed","template":"","meta":{"footnotes":""},"class_list":["post-32","page","type-page","status-publish","hentry","post"],"_links":{"self":[{"href":"https:\/\/wp.ufpel.edu.br\/cehus\/wp-json\/wp\/v2\/pages\/32","targetHints":{"allow":["GET"]}}],"collection":[{"href":"https:\/\/wp.ufpel.edu.br\/cehus\/wp-json\/wp\/v2\/pages"}],"about":[{"href":"https:\/\/wp.ufpel.edu.br\/cehus\/wp-json\/wp\/v2\/types\/page"}],"author":[{"embeddable":true,"href":"https:\/\/wp.ufpel.edu.br\/cehus\/wp-json\/wp\/v2\/users\/675"}],"replies":[{"embeddable":true,"href":"https:\/\/wp.ufpel.edu.br\/cehus\/wp-json\/wp\/v2\/comments?post=32"}],"version-history":[{"count":2,"href":"https:\/\/wp.ufpel.edu.br\/cehus\/wp-json\/wp\/v2\/pages\/32\/revisions"}],"predecessor-version":[{"id":81,"href":"https:\/\/wp.ufpel.edu.br\/cehus\/wp-json\/wp\/v2\/pages\/32\/revisions\/81"}],"up":[{"embeddable":true,"href":"https:\/\/wp.ufpel.edu.br\/cehus\/wp-json\/wp\/v2\/pages\/9"}],"wp:attachment":[{"href":"https:\/\/wp.ufpel.edu.br\/cehus\/wp-json\/wp\/v2\/media?parent=32"}],"curies":[{"name":"wp","href":"https:\/\/api.w.org\/{rel}","templated":true}]}}