{"id":12,"date":"2018-06-14T15:53:05","date_gmt":"2018-06-14T18:53:05","guid":{"rendered":"https:\/\/wp.ufpel.edu.br\/cehus\/?page_id=12"},"modified":"2026-03-19T16:46:29","modified_gmt":"2026-03-19T19:46:29","slug":"apresentacao","status":"publish","type":"page","link":"https:\/\/wp.ufpel.edu.br\/cehus\/","title":{"rendered":"Apresenta\u00e7\u00e3o"},"content":{"rendered":"\n<style>\n    \/* Fonte Global *\/\n    @import url('https:\/\/fonts.googleapis.com\/css2?family=Roboto+Flex:opsz,wght@8..144,100..1000&display=swap');\n\n    \/* Wrapper que fura a tela (Full Width) *\/\n    .cehus-breakout {\n        width: 100vw;\n        position: relative;\n        left: 50%;\n        right: 50%;\n        margin-left: -50vw;\n        margin-right: -50vw;\n        box-sizing: border-box;\n    }\n\n    \/* Coluna de Texto (960px - Leitura Confort\u00e1vel) *\/\n    .cehus-texto-focado {\n        width: 100%;\n        max-width: 960px; \n        margin: 0 auto;\n        padding-left: 20px;\n        padding-right: 20px;\n        box-sizing: border-box;\n    }\n<\/style>\n\n<div style=\"font-family: 'Roboto Flex', sans-serif;\">\n\n    <div class=\"cehus-breakout\" style=\"margin-top: -35px; background-image: url('https:\/\/wp.ufpel.edu.br\/cehus\/files\/2025\/12\/fundo.jpg'); background-size: cover; background-position: center 40%; min-height: 50vh; display: flex; align-items: flex-end; position: relative; overflow: hidden;\">\n        <div style=\"position: absolute; top: 0; left: 0; right: 0; bottom: 0; background: linear-gradient(to bottom, rgba(0,0,0,0) 20%, rgba(0,0,0,0.5) 60%, rgba(0,0,0,0.9) 100%); z-index: 1;\"><\/div>\n        \n        <div class=\"cehus-texto-focado\" style=\"position: relative; z-index: 2; padding-top: 40px; padding-bottom: 80px; text-align: left; color: #ffffff;\">\n            <h1 style=\"font-size: clamp(48px, 6vw, 90px); margin: 0; line-height: 1; letter-spacing: -2px; color: #ffffff;\">\n                <span style=\"font-weight: 300;\">CEHUS<\/span><span style=\"font-weight: 800;\">2026<\/span>\n            <\/h1>\n            <p style=\"font-size: 13px; font-weight: 300; text-transform: uppercase; letter-spacing: 1px; margin: 12px 0 0 0; color: #d1d1d1; line-height: 1.4; border-left: 2px solid #ffffff; padding-left: 15px;\">\n                Centro de P\u00f3s-Gradua\u00e7\u00e3o e Pesquisas em Ci\u00eancias Humanas, Sociais,<br \/>Sociais Aplicadas, Lingu\u00edstica, Letras e Artes | <strong style=\"font-weight: 700;\">UFPEL<\/strong>\n            <\/p>\n        <\/div>\n    <\/div>\n\n    <div class=\"cehus-breakout\" style=\"background: #fff; padding-top: 60px; padding-bottom: 80px;\">\n        <div class=\"cehus-texto-focado\" style=\"color: #000; font-size: 18px; line-height: 1.8; text-align: justify; font-weight: 300;\">\n            <p style=\"margin-bottom: 25px;\">O Centro de P\u00f3s-Gradua\u00e7\u00e3o e Pesquisas em Ci\u00eancias Humanas, Sociais, Sociais Aplicadas, Artes e Linguagem (CEHUS) re\u00fane os programas de p\u00f3s-gradua\u00e7\u00e3o stricto sensu das \u00e1reas de Ci\u00eancias Humanas, Sociais, Sociais Aplicadas, Artes e Linguagem da Universidade Federal de Pelotas, lotados em diferentes unidades: Centro de Artes, Centro de Letras e Comunica\u00e7\u00e3o, Faculdade de Arquitetura e Urbanismo, Faculdade de Educa\u00e7\u00e3o, Instituto de Ci\u00eancias Humanas, Instituto de Filosofia, Sociologia e Pol\u00edtica e Instituto de F\u00edsica e Matem\u00e1tica.<\/p>\n            <p style=\"margin-bottom: 25px;\">O CEHUS est\u00e1 vinculado \u00e0 Pr\u00f3-Reitoria de Pesquisa, P\u00f3s-Gradua\u00e7\u00e3o e Inova\u00e7\u00e3o (PRPPGI) da Universidade Federal de Pelotas (UFPel). O CEHUS possui um espa\u00e7o com salas para reuni\u00f5es, trabalhos dos grupos de pesquisa, eventos, bancas de defesa de disserta\u00e7\u00f5es e teses, semin\u00e1rios e salas de aula, al\u00e9m da Biblioteca Setorial de Ci\u00eancias Humanas e Sociais, de audit\u00f3rios, de \u00e1rea de conv\u00edvio e \u00e1rea de lazer.<\/p>\n            <p style=\"margin-bottom: 0;\">O CEHUS tem como objetivo promover o interc\u00e2mbio permanente, de car\u00e1ter multidisciplinar e interdisciplinar, de pesquisas, pesquisadores, docentes e discentes, por meio da utiliza\u00e7\u00e3o multiusu\u00e1ria dos equipamentos e da infraestrutura f\u00edsica e de pesquisa, qualificando o espa\u00e7o f\u00edsico de pesquisa e de forma\u00e7\u00e3o de novos pesquisadores nas \u00e1reas de Ci\u00eancias Humanas, Ci\u00eancias Sociais, Ci\u00eancias Sociais Aplicadas, Artes e Linguagem da regi\u00e3o sul do Brasil, bem como estimular e intensificar as rela\u00e7\u00f5es com as Universidades e Grupos de Pesquisa dos pa\u00edses que comp\u00f5em o MERCOSUL.<\/p>\n        <\/div>\n    <\/div>\n<\/div>\n","protected":false},"excerpt":{"rendered":"<p>CEHUS2026 Centro de P\u00f3s-Gradua\u00e7\u00e3o e Pesquisas em Ci\u00eancias Humanas, Sociais,Sociais Aplicadas, Lingu\u00edstica, Letras e Artes | UFPEL O Centro de P\u00f3s-Gradua\u00e7\u00e3o e Pesquisas em Ci\u00eancias Humanas, Sociais, Sociais Aplicadas, Artes e Linguagem (CEHUS) re\u00fane os programas de p\u00f3s-gradua\u00e7\u00e3o stricto sensu das \u00e1reas de Ci\u00eancias Humanas, Sociais, Sociais Aplicadas, Artes e Linguagem da Universidade Federal de [&hellip;]<\/p>\n","protected":false},"author":675,"featured_media":189,"parent":0,"menu_order":0,"comment_status":"closed","ping_status":"closed","template":"home-panels.php","meta":{"footnotes":""},"class_list":["post-12","page","type-page","status-publish","has-post-thumbnail","hentry","post","post-with-thumbnail","post-with-thumbnail-large"],"_links":{"self":[{"href":"https:\/\/wp.ufpel.edu.br\/cehus\/wp-json\/wp\/v2\/pages\/12","targetHints":{"allow":["GET"]}}],"collection":[{"href":"https:\/\/wp.ufpel.edu.br\/cehus\/wp-json\/wp\/v2\/pages"}],"about":[{"href":"https:\/\/wp.ufpel.edu.br\/cehus\/wp-json\/wp\/v2\/types\/page"}],"author":[{"embeddable":true,"href":"https:\/\/wp.ufpel.edu.br\/cehus\/wp-json\/wp\/v2\/users\/675"}],"replies":[{"embeddable":true,"href":"https:\/\/wp.ufpel.edu.br\/cehus\/wp-json\/wp\/v2\/comments?post=12"}],"version-history":[{"count":2,"href":"https:\/\/wp.ufpel.edu.br\/cehus\/wp-json\/wp\/v2\/pages\/12\/revisions"}],"predecessor-version":[{"id":747,"href":"https:\/\/wp.ufpel.edu.br\/cehus\/wp-json\/wp\/v2\/pages\/12\/revisions\/747"}],"wp:featuredmedia":[{"embeddable":true,"href":"https:\/\/wp.ufpel.edu.br\/cehus\/wp-json\/wp\/v2\/media\/189"}],"wp:attachment":[{"href":"https:\/\/wp.ufpel.edu.br\/cehus\/wp-json\/wp\/v2\/media?parent=12"}],"curies":[{"name":"wp","href":"https:\/\/api.w.org\/{rel}","templated":true}]}}