{"id":88,"date":"2020-04-07T22:55:43","date_gmt":"2020-04-08T01:55:43","guid":{"rendered":"https:\/\/wp.ufpel.edu.br\/ceherb\/?page_id=88"},"modified":"2025-04-02T19:21:32","modified_gmt":"2025-04-02T22:21:32","slug":"estude-conosco","status":"publish","type":"page","link":"https:\/\/wp.ufpel.edu.br\/ceherb\/estude-conosco\/","title":{"rendered":"Estude Conosco"},"content":{"rendered":"<p><span style=\"font-family: georgia, palatino, serif;\">Os docentes do CEHERB orientam em n\u00edvel de Gradua\u00e7\u00e3o, Mestrado, Doutorado e P\u00f3s-Doutorado.<\/span><\/p>\n<h2><span style=\"color: #008000; font-size: 14pt; font-family: georgia, palatino, serif;\"><strong>Gradua\u00e7\u00e3o<\/strong><\/span><\/h2>\n<p><span style=\"font-family: georgia, palatino, serif;\"><span style=\"font-size: 16px;\">Os alunos interessados em est\u00e1gio de <\/span><span style=\"color: #008000;\"><strong>gradua\u00e7\u00e3o<\/strong><\/span><span style=\"font-size: 16px;\">\u00a0ou em realizar suas <strong><span style=\"color: #008000;\">Teses de final de curso<\/span><\/strong> conosco, favor entrar em contato diretamente com o professor de interesse. Conhe\u00e7a melhor as linhas de pesquisa dos professores clicando <\/span>aqui<span style=\"font-size: 16px;\">.<\/span><\/span><\/p>\n<ul>\n<li><span style=\"font-family: georgia, palatino, serif;\"><a href=\"https:\/\/wp.ufpel.edu.br\/ceherb\/profo-dro-dirceu-agostinetto\/\">Dirceu Agostinetto<\/a>\u00a0&#8211;\u00a0<a href=\"mailto:agostinetto.d@gmail.com\">agostinetto.d@gmail.com<\/a><\/span><\/li>\n<li><span style=\"font-family: georgia, palatino, serif;\"><a href=\"https:\/\/wp.ufpel.edu.br\/ceherb\/profo-dro-edinalvo-rabaioli-camargo\/\">Edinalvo Rabaioli Camargo<\/a>\u00a0 &#8211; <a href=\"mailto:edinalvo_camargo@yahoo.com.br\">edinalvo_camargo@yahoo.com.br<\/a><\/span><\/li>\n<li><span style=\"font-family: georgia, palatino, serif;\"><a href=\"https:\/\/wp.ufpel.edu.br\/ceherb\/profo-dro-luis-antonio-de-avila\/\">Luis Antonio de Avila<\/a>\u00a0&#8211;\u00a0<a href=\"mailto:laavilabr@gmail.com\">laavilabr@gmail.com<\/a><\/span><\/li>\n<li><span style=\"font-family: georgia, palatino, serif;\"><a href=\"https:\/\/wp.ufpel.edu.br\/ceherb\/profo-dro-renan-ricardo-zandona\/\">Marcus Vin\u00edcius Fipke<\/a> &#8211; <a href=\"mailto:renan_zandona@hotmail.com\">marfipke@gmail.com<\/a><\/span><\/li>\n<\/ul>\n<h2><span style=\"color: #008000; font-size: 14pt; font-family: georgia, palatino, serif;\"><strong>P\u00f3s-Gradua\u00e7\u00e3o<br \/><\/strong><\/span><\/h2>\n<p><span style=\"font-family: georgia, palatino, serif;\">Para os profissionais interessados em P\u00f3s-Gradua\u00e7\u00e3o, os docentes do CEHERB orientam em tr\u00eas programas de <strong>p\u00f3s-gradua\u00e7\u00e3o<\/strong>\u00a0sendo que em cada um dos programas h\u00e1 um formato de sele\u00e7\u00e3o. Visite os sites dos programas para mais informa\u00e7\u00f5es ou contate-nos no e-mail:<\/span><\/p>\n<p><span style=\"font-family: georgia, palatino, serif;\">&#8211; <a href=\"https:\/\/wp.ufpel.edu.br\/ppgfs\/\" target=\"_blank\" rel=\"noopener noreferrer\">Programa de P\u00f3s-Gradua\u00e7\u00e3o em Fitossanidade<\/a><\/span><\/p>\n<p><span style=\"font-family: georgia, palatino, serif;\">&#8211; <a href=\"https:\/\/wp.ufpel.edu.br\/fisiologiavegetal\/\" target=\"_blank\" rel=\"noopener noreferrer\">Programa de P\u00f3s-Gradua\u00e7\u00e3o em Fisiologia Vegetal<\/a><\/span><\/p>\n<p><span style=\"font-family: georgia, palatino, serif;\">&#8211; <a href=\"https:\/\/wp.ufpel.edu.br\/ppgcts\/\" target=\"_blank\" rel=\"noopener noreferrer\">Programa de P\u00f3s-Gradua\u00e7\u00e3o em Ci\u00eancia e Tecnologia de Sementes<\/a><\/span><\/p>\n<h2><span style=\"color: #008000; font-size: 14pt; font-family: georgia, palatino, serif;\"><strong>Est\u00e1gio P\u00f3s-doutoral<br \/><\/strong><\/span><\/h2>\n<p><span style=\"font-family: georgia, palatino, serif;\">O Centro de Herbologia oferece oportunidades de est\u00e1gio\u00a0<strong>p\u00f3s-doutoral<\/strong>, com forma\u00e7\u00e3o complementar de doutores nas mais diversas \u00e1reas de herbologia. Contate o poss\u00edvel orientador para saber mais detalhes e tra\u00e7ar estrat\u00e9gias.<\/span><\/p>\n<h2><span style=\"font-family: georgia, palatino, serif;\"><strong><span style=\"color: #008000; font-size: large;\">Venha fazer parte de nosso time!<\/span><\/strong><\/span><\/h2>\n\n\n<div class=\"wp-block-group\"><div class=\"wp-block-group__inner-container is-layout-constrained wp-block-group-is-layout-constrained\"><\/div><\/div>\n\n\n\n<p><\/p>\n","protected":false},"excerpt":{"rendered":"<p>Os docentes do CEHERB orientam em n\u00edvel de Gradua\u00e7\u00e3o, Mestrado, Doutorado e P\u00f3s-Doutorado. Gradua\u00e7\u00e3o Os alunos interessados em est\u00e1gio de gradua\u00e7\u00e3o\u00a0ou em realizar suas Teses de final de curso conosco, favor entrar em contato diretamente com o professor de interesse. Conhe\u00e7a melhor as linhas de pesquisa dos professores clicando aqui. Dirceu Agostinetto\u00a0&#8211;\u00a0agostinetto.d@gmail.com Edinalvo Rabaioli Camargo\u00a0 [&hellip;]<\/p>\n","protected":false},"author":994,"featured_media":0,"parent":0,"menu_order":0,"comment_status":"closed","ping_status":"closed","template":"","meta":{"footnotes":""},"class_list":["post-88","page","type-page","status-publish","hentry","post"],"jetpack_sharing_enabled":true,"jetpack_likes_enabled":true,"_links":{"self":[{"href":"https:\/\/wp.ufpel.edu.br\/ceherb\/wp-json\/wp\/v2\/pages\/88","targetHints":{"allow":["GET"]}}],"collection":[{"href":"https:\/\/wp.ufpel.edu.br\/ceherb\/wp-json\/wp\/v2\/pages"}],"about":[{"href":"https:\/\/wp.ufpel.edu.br\/ceherb\/wp-json\/wp\/v2\/types\/page"}],"author":[{"embeddable":true,"href":"https:\/\/wp.ufpel.edu.br\/ceherb\/wp-json\/wp\/v2\/users\/994"}],"replies":[{"embeddable":true,"href":"https:\/\/wp.ufpel.edu.br\/ceherb\/wp-json\/wp\/v2\/comments?post=88"}],"version-history":[{"count":23,"href":"https:\/\/wp.ufpel.edu.br\/ceherb\/wp-json\/wp\/v2\/pages\/88\/revisions"}],"predecessor-version":[{"id":2114,"href":"https:\/\/wp.ufpel.edu.br\/ceherb\/wp-json\/wp\/v2\/pages\/88\/revisions\/2114"}],"wp:attachment":[{"href":"https:\/\/wp.ufpel.edu.br\/ceherb\/wp-json\/wp\/v2\/media?parent=88"}],"curies":[{"name":"wp","href":"https:\/\/api.w.org\/{rel}","templated":true}]}}