{"id":877,"date":"2020-05-05T15:59:32","date_gmt":"2020-05-05T18:59:32","guid":{"rendered":"https:\/\/wp.ufpel.edu.br\/ceherb\/?page_id=877"},"modified":"2020-08-03T15:23:37","modified_gmt":"2020-08-03T18:23:37","slug":"researchers","status":"publish","type":"page","link":"https:\/\/wp.ufpel.edu.br\/ceherb\/en\/researchers\/","title":{"rendered":"Researchers"},"content":{"rendered":"<table style=\"border-collapse: collapse;width: 100%\" border=\"1\">\n<tbody>\n<tr style=\"height: 234px\">\n<td style=\"width: 100%;height: 234px\">\n<p><span style=\"font-size: 14pt\"><strong><span style=\"color: #008000\"><a style=\"color: #008000\" href=\"https:\/\/wp.ufpel.edu.br\/ceherb\/profo-dro-dirceu-agostinetto\/\">Dirceu Agostinetto<\/a><a href=\"https:\/\/wp.ufpel.edu.br\/ceherb\/profo-dro-dirceu-agostinetto\/\"><img loading=\"lazy\" decoding=\"async\" class=\"alignleft wp-image-1041\" src=\"https:\/\/wp.ufpel.edu.br\/ceherb\/files\/2020\/05\/37-400x400.png\" alt=\"\" width=\"240\" height=\"240\" \/><\/a><\/span><\/strong><\/span><\/p>\n<p><span style=\"font-size: 14pt\">Associate<span style=\"font-family: georgia, palatino, serif;font-size: 14pt\"><span style=\"color: #ffffff\">_<\/span><\/span>Professor<br \/>\n<\/span><span style=\"font-size: 14pt\">Universidade Federal de Pelotas<\/span><\/td>\n<\/tr>\n<tr style=\"height: 167px\">\n<td style=\"width: 100%;height: 167px\">\n<p><span style=\"font-size: 14pt\"><strong><span style=\"color: #008000\"><a style=\"color: #008000\" href=\"https:\/\/wp.ufpel.edu.br\/ceherb\/profo-dro-edinalvo-rabaioli-camargo\/\">Edinalvo Rabaioli Camargo<\/a><a href=\"https:\/\/wp.ufpel.edu.br\/ceherb\/profo-dro-edinalvo-rabaioli-camargo\/\"><img loading=\"lazy\" decoding=\"async\" class=\"alignleft wp-image-1042\" src=\"https:\/\/wp.ufpel.edu.br\/ceherb\/files\/2020\/05\/38-400x400.png\" alt=\"\" width=\"240\" height=\"240\" srcset=\"https:\/\/wp.ufpel.edu.br\/ceherb\/files\/2020\/05\/38-400x400.png 400w, https:\/\/wp.ufpel.edu.br\/ceherb\/files\/2020\/05\/38-1024x1024.png 1024w, https:\/\/wp.ufpel.edu.br\/ceherb\/files\/2020\/05\/38-200x200.png 200w, https:\/\/wp.ufpel.edu.br\/ceherb\/files\/2020\/05\/38-768x768.png 768w, https:\/\/wp.ufpel.edu.br\/ceherb\/files\/2020\/05\/38.png 1080w\" sizes=\"auto, (max-width: 240px) 100vw, 240px\" \/><\/a><\/span><\/strong><\/span><\/p>\n<p><span style=\"font-size: 14pt\">Associate<span style=\"font-family: georgia, palatino, serif;font-size: 14pt\"><span style=\"color: #ffffff\">_<\/span><\/span>Professor<br \/>\n<\/span><span style=\"font-size: 14pt\">Universidade Federal de Pelotas<\/span><\/td>\n<\/tr>\n<tr style=\"height: 234px\">\n<td style=\"width: 100%;height: 234px\">\n<p><span style=\"font-family: georgia, palatino, serif;font-size: 14pt\"><strong><span style=\"color: #008000\"><a style=\"color: #008000\" href=\"https:\/\/wp.ufpel.edu.br\/ceherb\/en\/dr_luis-avila\/\">Luis Antonio de Avila<\/a><\/span><img loading=\"lazy\" decoding=\"async\" class=\"alignleft wp-image-384\" src=\"https:\/\/wp.ufpel.edu.br\/ceherb\/files\/2020\/04\/Design-sem-nome-1-400x400.png\" alt=\"\" width=\"240\" height=\"240\" \/><\/strong><\/span><\/p>\n<p><span style=\"font-family: georgia, palatino, serif;font-size: 14pt\">Associate<span style=\"font-size: 14pt\"><span style=\"color: #ffffff\">_<\/span><\/span>Professor<br \/>\n<\/span><span style=\"font-size: 14pt\">Universidade Federal de Pelotas<\/span><\/td>\n<\/tr>\n<tr style=\"height: 234px\">\n<td style=\"width: 100%;height: 234px\">\n<p><span style=\"font-size: 14pt\"><strong><span style=\"color: #008000\"><a style=\"color: #008000\" href=\"https:\/\/wp.ufpel.edu.br\/ceherb\/profo-dro-renan-ricardo-zandona\/\">Renan Ricardo Zandon\u00e1<\/a><a href=\"https:\/\/wp.ufpel.edu.br\/ceherb\/profo-dro-renan-ricardo-zandona\/\"><img loading=\"lazy\" decoding=\"async\" class=\"alignleft wp-image-1033\" src=\"https:\/\/wp.ufpel.edu.br\/ceherb\/files\/2020\/05\/Site-do-CEHERB-Padroniza\u00e7\u00e3o-3-400x400.png\" alt=\"\" width=\"240\" height=\"240\" \/><\/a><\/span><\/strong><\/span><\/p>\n<p><span style=\"font-size: 14pt\">Lecturer<br \/>\n<\/span><span style=\"font-size: 14pt\">Universidade Federal de Pelotas<\/span><\/td>\n<\/tr>\n<tr style=\"height: 301px\">\n<td style=\"width: 100%;height: 301px\">\n<p><span style=\"font-size: 14pt\"><strong><span style=\"color: #008000\"><a style=\"color: #008000\" href=\"https:\/\/wp.ufpel.edu.br\/ceherb\/dro-andre-andres\/\">Andr\u00e9 Andres<\/a><a href=\"https:\/\/wp.ufpel.edu.br\/ceherb\/dro-andre-andres\/\"><img loading=\"lazy\" decoding=\"async\" class=\"alignleft wp-image-1044\" src=\"https:\/\/wp.ufpel.edu.br\/ceherb\/files\/2020\/05\/40-400x400.png\" alt=\"\" width=\"240\" height=\"240\" \/><\/a><\/span><\/strong><\/span><\/p>\n<p><span style=\"font-size: 14pt\">Researcher<br \/>\n<\/span><span style=\"font-size: 14pt\">Embrapa Clima Temperado<\/span><\/td>\n<\/tr>\n<tr style=\"height: 281px\">\n<td style=\"width: 100%;height: 281px\">\n<p><span style=\"font-size: 14pt\"><strong><span style=\"color: #008000\"><a style=\"color: #008000\" href=\"https:\/\/wp.ufpel.edu.br\/ceherb\/?page_id=154&amp;preview=true\">Fabiane Pinto Lamego<\/a><a href=\"https:\/\/wp.ufpel.edu.br\/ceherb\/?page_id=154&amp;preview=true\"><img loading=\"lazy\" decoding=\"async\" class=\"alignleft wp-image-1043\" src=\"https:\/\/wp.ufpel.edu.br\/ceherb\/files\/2020\/05\/39-400x400.png\" alt=\"\" width=\"240\" height=\"240\" \/><\/a><\/span><\/strong><\/span><\/p>\n<p><span style=\"font-size: 14pt\">Researcher<br \/>\n<\/span><span style=\"font-size: 14pt\">Embrapa Pecu\u00e1ria Sul<\/span><\/td>\n<\/tr>\n<tr style=\"height: 234px\">\n<td style=\"width: 100%;height: 234px\">\n<p><span style=\"font-size: 14pt\"><strong><span style=\"color: #008000\"><a style=\"color: #008000\" href=\"https:\/\/wp.ufpel.edu.br\/ceherb\/dro-leandro-vargas\/\">Leandro Vargas<\/a><a href=\"https:\/\/wp.ufpel.edu.br\/ceherb\/dro-leandro-vargas\/\"><img loading=\"lazy\" decoding=\"async\" class=\"alignleft wp-image-1045\" src=\"https:\/\/wp.ufpel.edu.br\/ceherb\/files\/2020\/05\/Site-do-CEHERB-Padroniza\u00e7\u00e3o-4-400x400.png\" alt=\"\" width=\"240\" height=\"240\" \/><\/a><\/span><\/strong><\/span><\/p>\n<p><span style=\"font-size: 14pt\">Researcher<br \/>\n<\/span><span style=\"font-size: 14pt;font-family: inherit\">Embrapa Trigo<\/span><\/td>\n<\/tr>\n<tr style=\"height: 24px\">\n<td style=\"width: 100%;height: 24px\"><\/td>\n<\/tr>\n<tr style=\"height: 36px\">\n<td style=\"width: 100%;height: 36px\"><span style=\"color: #008000;font-size: 18pt\"><strong>Professores Visitantes<\/strong><\/span><\/td>\n<\/tr>\n<tr style=\"height: 234px\">\n<td style=\"width: 100%;height: 234px\">\n<p>&nbsp;<\/p>\n<p><span style=\"font-size: 14pt\"><strong><span style=\"color: #008000\"><a style=\"color: #008000\" href=\"https:\/\/www.mailman.columbia.edu\/people\/our-faculty\/lhz2103\"><img loading=\"lazy\" decoding=\"async\" class=\" wp-image-1203 alignleft\" src=\"https:\/\/wp.ufpel.edu.br\/ceherb\/files\/2020\/06\/29-400x400.png\" alt=\"\" width=\"242\" height=\"242\" \/>Lewis Hanz Ziska<\/a><\/span><\/strong><\/span><\/p>\n<p><span style=\"color: #000000;font-size: 14pt\">Visiting<span style=\"font-size: 14pt\"><span style=\"color: #ffffff\">_<\/span><\/span>Professor<br \/>\n<\/span><span style=\"font-size: 14pt\"><span style=\"color: #008000\"><span style=\"color: #000000\">2014-2018<\/span><\/span><strong><span style=\"color: #008000\"><br \/>\n<\/span><\/strong><\/span><\/td>\n<\/tr>\n<tr style=\"height: 234px\">\n<td style=\"width: 100%;height: 234px\">\n<p>&nbsp;<\/p>\n<p><span style=\"font-size: 14pt\"><a href=\"https:\/\/crop-soil-environmental-sciences.uark.edu\/people\/faculty-directory\/uid\/nburgos\/name\/Nilda+Roma+Burgos\/\"><strong><span style=\"color: #008000\"><img loading=\"lazy\" decoding=\"async\" class=\"wp-image-1201 alignleft\" src=\"https:\/\/wp.ufpel.edu.br\/ceherb\/files\/2020\/06\/27-400x400.png\" alt=\"\" width=\"241\" height=\"241\" \/>Nilda Roma-Burgos<\/span><\/strong><\/a><\/span><\/p>\n<p><span style=\"font-size: 14pt\"><span style=\"color: #000000;font-size: 14pt\">Visiting<span style=\"color: #ffffff\">_<\/span><\/span>Professora<br \/>\n<\/span><span style=\"font-size: 14pt;font-family: inherit\">2014-2018<\/span><\/td>\n<\/tr>\n<tr style=\"height: 234px\">\n<td style=\"width: 100%;height: 234px\">\n<p>&nbsp;<\/p>\n<p><span style=\"font-size: 14pt\"><strong><span style=\"color: #008000\"><span style=\"color: #000000\"><a href=\"https:\/\/agbio.agsci.colostate.edu\/franck-dayan\/\"><img loading=\"lazy\" decoding=\"async\" class=\"wp-image-1198 alignleft\" src=\"https:\/\/wp.ufpel.edu.br\/ceherb\/files\/2020\/06\/24-400x400.png\" alt=\"\" width=\"240\" height=\"240\" \/>Franck E. Dayan<\/a><\/span><\/span><\/strong><\/span><\/p>\n<p><span style=\"color: #008000;font-size: 14pt\"><span style=\"color: #000000\"><span style=\"color: #000000;font-size: 14pt\">Visiting<span style=\"font-size: 14pt\"><span style=\"color: #ffffff\">_<\/span><\/span><\/span>Professor<br \/>\n<\/span><\/span><span style=\"font-size: 14pt\"><span style=\"color: #008000\"><span style=\"color: #000000\">2018- Presente<\/span><\/span><strong><span style=\"color: #008000\"><span style=\"color: #000000\"><br \/>\n<\/span><\/span><\/strong><\/span><\/td>\n<\/tr>\n<\/tbody>\n<\/table>\n<p>&nbsp;<\/p>\n","protected":false},"excerpt":{"rendered":"<p>Dirceu Agostinetto Associate_Professor Universidade Federal de Pelotas Edinalvo Rabaioli Camargo Associate_Professor Universidade Federal de Pelotas Luis Antonio de Avila Associate_Professor Universidade Federal de Pelotas Renan Ricardo Zandon\u00e1 Lecturer Universidade Federal de Pelotas Andr\u00e9 Andres Researcher Embrapa Clima Temperado Fabiane Pinto Lamego Researcher Embrapa Pecu\u00e1ria Sul Leandro Vargas Researcher Embrapa Trigo Professores Visitantes &nbsp; Lewis Hanz [&hellip;]<\/p>\n","protected":false},"author":994,"featured_media":0,"parent":0,"menu_order":0,"comment_status":"closed","ping_status":"closed","template":"","meta":{"footnotes":""},"class_list":["post-877","page","type-page","status-publish","hentry","post"],"jetpack_sharing_enabled":true,"jetpack_likes_enabled":true,"_links":{"self":[{"href":"https:\/\/wp.ufpel.edu.br\/ceherb\/wp-json\/wp\/v2\/pages\/877","targetHints":{"allow":["GET"]}}],"collection":[{"href":"https:\/\/wp.ufpel.edu.br\/ceherb\/wp-json\/wp\/v2\/pages"}],"about":[{"href":"https:\/\/wp.ufpel.edu.br\/ceherb\/wp-json\/wp\/v2\/types\/page"}],"author":[{"embeddable":true,"href":"https:\/\/wp.ufpel.edu.br\/ceherb\/wp-json\/wp\/v2\/users\/994"}],"replies":[{"embeddable":true,"href":"https:\/\/wp.ufpel.edu.br\/ceherb\/wp-json\/wp\/v2\/comments?post=877"}],"version-history":[{"count":6,"href":"https:\/\/wp.ufpel.edu.br\/ceherb\/wp-json\/wp\/v2\/pages\/877\/revisions"}],"predecessor-version":[{"id":1294,"href":"https:\/\/wp.ufpel.edu.br\/ceherb\/wp-json\/wp\/v2\/pages\/877\/revisions\/1294"}],"wp:attachment":[{"href":"https:\/\/wp.ufpel.edu.br\/ceherb\/wp-json\/wp\/v2\/media?parent=877"}],"curies":[{"name":"wp","href":"https:\/\/api.w.org\/{rel}","templated":true}]}}