{"id":753,"date":"2020-04-24T10:28:11","date_gmt":"2020-04-24T13:28:11","guid":{"rendered":"https:\/\/wp.ufpel.edu.br\/ceherb\/?page_id=753"},"modified":"2020-05-14T16:04:01","modified_gmt":"2020-05-14T19:04:01","slug":"mithila-jugulam","status":"publish","type":"page","link":"https:\/\/wp.ufpel.edu.br\/ceherb\/mithila-jugulam\/","title":{"rendered":"Mithila Jugulam"},"content":{"rendered":"<header class=\"entry-header\"><strong><span style=\"color: #008000\">Webinar:<\/span>\u00a0<\/strong>Application of Molecular Cytogenetics in Weed Science<\/header>\n<header><img loading=\"lazy\" decoding=\"async\" class=\"alignright wp-image-830\" src=\"https:\/\/wp.ufpel.edu.br\/ceherb\/files\/2020\/05\/Site-do-CEHERB-Padroniza\u00e7\u00e3o-400x400.png\" alt=\"\" width=\"250\" height=\"250\" srcset=\"https:\/\/wp.ufpel.edu.br\/ceherb\/files\/2020\/05\/Site-do-CEHERB-Padroniza\u00e7\u00e3o-400x400.png 400w, https:\/\/wp.ufpel.edu.br\/ceherb\/files\/2020\/05\/Site-do-CEHERB-Padroniza\u00e7\u00e3o-1024x1024.png 1024w, https:\/\/wp.ufpel.edu.br\/ceherb\/files\/2020\/05\/Site-do-CEHERB-Padroniza\u00e7\u00e3o-200x200.png 200w, https:\/\/wp.ufpel.edu.br\/ceherb\/files\/2020\/05\/Site-do-CEHERB-Padroniza\u00e7\u00e3o-768x768.png 768w, https:\/\/wp.ufpel.edu.br\/ceherb\/files\/2020\/05\/Site-do-CEHERB-Padroniza\u00e7\u00e3o.png 1080w\" sizes=\"auto, (max-width: 250px) 100vw, 250px\" \/><\/header>\n<div class=\"entry-content\">\n<p><strong><span style=\"color: #008000\">Prof. Mithila Jugulam.<\/span> \u00a0<\/strong><\/p>\n<ul>\n<li>Professor at Kansas State University<\/li>\n<\/ul>\n<p><span style=\"color: #008000\"><strong>Event Promotion<\/strong><\/span><\/p>\n<ul>\n<li><span style=\"color: #008000\"><a style=\"color: #008000\" href=\"https:\/\/wp.ufpel.edu.br\/ppgfs\/\">Crop Protection Graduate Program (Fitossanidade)<\/a><\/span><\/li>\n<li><a href=\"https:\/\/wp.ufpel.edu.br\/ceherb\/\"><span style=\"color: #008000\">Weed Science Research Group (Centro de Herbologia)<\/span><\/a><\/li>\n<\/ul>\n<p><span style=\"color: #008000\"><strong>Support from:<\/strong><\/span><\/p>\n<ul>\n<li><span style=\"color: #008000\"><a style=\"color: #008000\" href=\"http:\/\/sbcpd.org\">Brazilian Weed Science Society<\/a><\/span><\/li>\n<li><span style=\"color: #008000\"><a style=\"color: #008000\" href=\"http:\/\/sbcpd.org\">CAPES<\/a><\/span><\/li>\n<li><span style=\"color: #008000\"><a style=\"color: #008000\" href=\"http:\/\/www.cnpq.br\">CNPq<\/a><\/span><\/li>\n<li><a href=\"https:\/\/fapergs.rs.gov.br\"><span style=\"color: #008000\">FAPERGS<\/span><\/a><\/li>\n<\/ul>\n<p style=\"text-align: right\"><span style=\"color: #008000\"><a style=\"color: #008000\" href=\"https:\/\/www.agronomy.k-state.edu\/people\/faculty\/jugulam-mithila\/\"><strong>Dr. Mithila Jugulam&#8217;s Biography<\/strong><\/a><\/span><\/p>\n<p><span style=\"color: #008000\"><strong>Date:<\/strong> <\/span>May 14th, 2020<br \/>\n<span style=\"color: #008000\"><strong>Time:<\/strong><\/span> 11:00 AM \u2013 12:30 PM \u2013 US standard central Time (13:00 \u2013 14:00 Brazilian<\/p>\n<p style=\"text-align: center\"><span style=\"font-size: 24pt\"><strong><span style=\"color: #0000ff\"><a style=\"color: #0000ff\" href=\"https:\/\/youtu.be\/1_Xb_ZlHR4k\">Video Available in the Link<\/a><\/span><\/strong><\/span><\/p>\n<p>After registration you will receive an e-mail with the information to log in the webinar. The webinar organizers <strong>will not give certificate of participation<\/strong> in the webinars.<\/p>\n<p><img loading=\"lazy\" decoding=\"async\" class=\" wp-image-903 aligncenter\" src=\"https:\/\/wp.ufpel.edu.br\/ceherb\/files\/2020\/05\/Que-os-nossos-esfor\u00e7os-desafiem-as-impossibilidades.-Lembrai-vos-que-as-grandes-proezas-da-hist\u00f3ria-foram-conquistas-daquilo-que-parecia-imposs\u00edvel.-1-400x400.png\" alt=\"\" width=\"412\" height=\"412\" \/><\/p>\n<\/div>\n","protected":false},"excerpt":{"rendered":"<p>Webinar:\u00a0Application of Molecular Cytogenetics in Weed Science Prof. Mithila Jugulam. \u00a0 Professor at Kansas State University Event Promotion Crop Protection Graduate Program (Fitossanidade) Weed Science Research Group (Centro de Herbologia) Support from: Brazilian Weed Science Society CAPES CNPq FAPERGS Dr. Mithila Jugulam&#8217;s Biography Date: May 14th, 2020 Time: 11:00 AM \u2013 12:30 PM \u2013 US [&hellip;]<\/p>\n","protected":false},"author":994,"featured_media":0,"parent":0,"menu_order":0,"comment_status":"closed","ping_status":"closed","template":"","meta":{"footnotes":""},"class_list":["post-753","page","type-page","status-publish","hentry","post"],"jetpack_sharing_enabled":true,"jetpack_likes_enabled":true,"_links":{"self":[{"href":"https:\/\/wp.ufpel.edu.br\/ceherb\/wp-json\/wp\/v2\/pages\/753","targetHints":{"allow":["GET"]}}],"collection":[{"href":"https:\/\/wp.ufpel.edu.br\/ceherb\/wp-json\/wp\/v2\/pages"}],"about":[{"href":"https:\/\/wp.ufpel.edu.br\/ceherb\/wp-json\/wp\/v2\/types\/page"}],"author":[{"embeddable":true,"href":"https:\/\/wp.ufpel.edu.br\/ceherb\/wp-json\/wp\/v2\/users\/994"}],"replies":[{"embeddable":true,"href":"https:\/\/wp.ufpel.edu.br\/ceherb\/wp-json\/wp\/v2\/comments?post=753"}],"version-history":[{"count":9,"href":"https:\/\/wp.ufpel.edu.br\/ceherb\/wp-json\/wp\/v2\/pages\/753\/revisions"}],"predecessor-version":[{"id":1001,"href":"https:\/\/wp.ufpel.edu.br\/ceherb\/wp-json\/wp\/v2\/pages\/753\/revisions\/1001"}],"wp:attachment":[{"href":"https:\/\/wp.ufpel.edu.br\/ceherb\/wp-json\/wp\/v2\/media?parent=753"}],"curies":[{"name":"wp","href":"https:\/\/api.w.org\/{rel}","templated":true}]}}