{"id":681,"date":"2020-04-21T06:24:39","date_gmt":"2020-04-21T09:24:39","guid":{"rendered":"https:\/\/wp.ufpel.edu.br\/ceherb\/?page_id=681"},"modified":"2020-05-04T14:04:59","modified_gmt":"2020-05-04T17:04:59","slug":"paul-neve","status":"publish","type":"page","link":"https:\/\/wp.ufpel.edu.br\/ceherb\/paul-neve\/","title":{"rendered":"Dr\u00ba Paul Neve"},"content":{"rendered":"<header class=\"entry-header\"><span style=\"color: #008000\"><strong>Webinar:\u00a0<\/strong><\/span><span style=\"font-size: 12pt\">Does gene drive have a place in agricultural weed management?<\/span><\/header>\n<header><img loading=\"lazy\" decoding=\"async\" class=\"wp-image-714 alignright\" src=\"https:\/\/wp.ufpel.edu.br\/ceherb\/files\/2020\/04\/28-400x400.png\" alt=\"\" width=\"229\" height=\"229\" \/><\/header>\n<div class=\"entry-content\">\n<p><span style=\"color: #008000\"><strong>Dr. Paul Neve, Ph.D. \u00a0<\/strong><\/span><\/p>\n<ul>\n<li>Head of Crop Health and IPM<\/li>\n<li>Agriculture &amp; Horticulture Development Board \u2013 London, UK<\/li>\n<\/ul>\n<p><span style=\"color: #008000\"><strong>Event Promotion<\/strong><\/span><\/p>\n<ul>\n<li><span style=\"color: #333333\"><a style=\"color: #333333\" href=\"https:\/\/wp.ufpel.edu.br\/ppgfs\/\">Crop Protection Graduate Program (Fitossanidade)<\/a><\/span><\/li>\n<li><span style=\"color: #333333\"><a style=\"color: #333333\" href=\"https:\/\/wp.ufpel.edu.br\/ceherb\/\">Weed Science Research Group (Centro de Herbologia)<\/a><\/span><\/li>\n<\/ul>\n<p><span style=\"color: #008000\"><strong>Support from:<\/strong><\/span><\/p>\n<ul>\n<li><span style=\"color: #333333\"><a style=\"color: #333333\" href=\"http:\/\/sbcpd.org\">Brazilian Weed Science Society<\/a><\/span><\/li>\n<li><span style=\"color: #333333\"><a style=\"color: #333333\" href=\"http:\/\/sbcpd.org\">CAPES<\/a><\/span><\/li>\n<li><span style=\"color: #333333\"><a style=\"color: #333333\" href=\"http:\/\/www.cnpq.br\">CNPq<\/a><\/span><\/li>\n<li><span style=\"color: #333333\"><a style=\"color: #333333\" href=\"https:\/\/fapergs.rs.gov.br\">FAPERGS<\/a><\/span><\/li>\n<\/ul>\n<p><span style=\"color: #008000\"><b>This is an activity of the Herbicide Physiology Classes from the <\/b><\/span><span style=\"color: #008000\"><b>Crop\u00a0Protection Graduate Program<\/b><\/span><br \/>\n<strong>Professor:<\/strong> Luis Avila<\/p>\n<p><strong>Date:<\/strong> May 4th, 2020<br \/>\n<strong>Time:<\/strong> 11:00 as 12:30 &#8211; Brazilian time<\/p>\n<p><span style=\"color: #008000;font-size: 18pt\"><strong><span style=\"color: #008000\"><a style=\"color: #008000\" href=\"https:\/\/youtu.be\/NIWV1hRC_cY\">Webinar available online<\/a><\/span>.<\/strong><\/span><\/p>\n<\/div>\n<p><iframe loading=\"lazy\" title=\"Dr. Paul Neve -   Does gene drive have a place in agricultural weed management?\" width=\"720\" height=\"405\" src=\"https:\/\/www.youtube.com\/embed\/NIWV1hRC_cY?feature=oembed\" frameborder=\"0\" allow=\"accelerometer; autoplay; encrypted-media; gyroscope; picture-in-picture\" allowfullscreen><\/iframe><\/p>\n<div class=\"entry-content\">\n<p><img loading=\"lazy\" decoding=\"async\" class=\"wp-image-735 aligncenter\" src=\"https:\/\/wp.ufpel.edu.br\/ceherb\/files\/2020\/04\/Que-os-nossos-esfor\u00e7os-desafiem-as-impossibilidades.-Lembrai-vos-que-as-grandes-proezas-da-hist\u00f3ria-foram-conquistas-daquilo-que-parecia-imposs\u00edvel.-1-400x400.png\" alt=\"\" width=\"449\" height=\"449\" \/><\/p>\n<\/div>\n","protected":false},"excerpt":{"rendered":"<p>Webinar:\u00a0Does gene drive have a place in agricultural weed management? Dr. Paul Neve, Ph.D. \u00a0 Head of Crop Health and IPM Agriculture &amp; Horticulture Development Board \u2013 London, UK Event Promotion Crop Protection Graduate Program (Fitossanidade) Weed Science Research Group (Centro de Herbologia) Support from: Brazilian Weed Science Society CAPES CNPq FAPERGS This is an [&hellip;]<\/p>\n","protected":false},"author":994,"featured_media":0,"parent":0,"menu_order":0,"comment_status":"closed","ping_status":"closed","template":"","meta":{"footnotes":""},"class_list":["post-681","page","type-page","status-publish","hentry","post"],"jetpack_sharing_enabled":true,"jetpack_likes_enabled":true,"_links":{"self":[{"href":"https:\/\/wp.ufpel.edu.br\/ceherb\/wp-json\/wp\/v2\/pages\/681","targetHints":{"allow":["GET"]}}],"collection":[{"href":"https:\/\/wp.ufpel.edu.br\/ceherb\/wp-json\/wp\/v2\/pages"}],"about":[{"href":"https:\/\/wp.ufpel.edu.br\/ceherb\/wp-json\/wp\/v2\/types\/page"}],"author":[{"embeddable":true,"href":"https:\/\/wp.ufpel.edu.br\/ceherb\/wp-json\/wp\/v2\/users\/994"}],"replies":[{"embeddable":true,"href":"https:\/\/wp.ufpel.edu.br\/ceherb\/wp-json\/wp\/v2\/comments?post=681"}],"version-history":[{"count":19,"href":"https:\/\/wp.ufpel.edu.br\/ceherb\/wp-json\/wp\/v2\/pages\/681\/revisions"}],"predecessor-version":[{"id":814,"href":"https:\/\/wp.ufpel.edu.br\/ceherb\/wp-json\/wp\/v2\/pages\/681\/revisions\/814"}],"wp:attachment":[{"href":"https:\/\/wp.ufpel.edu.br\/ceherb\/wp-json\/wp\/v2\/media?parent=681"}],"curies":[{"name":"wp","href":"https:\/\/api.w.org\/{rel}","templated":true}]}}