{"id":65,"date":"2020-04-07T22:31:43","date_gmt":"2020-04-08T01:31:43","guid":{"rendered":"https:\/\/wp.ufpel.edu.br\/ceherb\/?page_id=65"},"modified":"2022-04-14T10:25:11","modified_gmt":"2022-04-14T13:25:11","slug":"o-ceherb","status":"publish","type":"page","link":"https:\/\/wp.ufpel.edu.br\/ceherb\/o-ceherb\/","title":{"rendered":"O CEHERB"},"content":{"rendered":"<p style=\"text-align: justify;\"><span style=\"font-size: 12pt;\">O\u00a0Centro de Herbologia\u00a0(CEHERB), criado em 2005, \u00e9 um grupo de pesquisa sediado na Faculdade de Agronomia Eliseu Maciel, Campus Universit\u00e1rio, Universidade Federal de Pelotas, no munic\u00edpio do Cap\u00e3o do Le\u00e3o. O grupo re\u00fane professores e pesquisadores de diferentes institui\u00e7\u00f5es e coopera com pesquisadores de diversas partes do Brasil e do Mundo. Atua em pesquisa, ensino e extens\u00e3o nas mais diversas linhas de pesquisa e atividades na \u00e1rea de Herbologia. O grupo destaca-se pela sua produ\u00e7\u00e3o cient\u00edfica, forma\u00e7\u00e3o de recursos humanos e interc\u00e2mbio com institui\u00e7\u00f5es nacionais e internacionais.<\/span><\/p>\n<h1><strong>Objetivos<\/strong><\/h1>\n<p style=\"text-align: justify;\">&#8211; Capacitar recursos humanos com alta qualidade em todos os n\u00edveis, com valores t\u00e9cnicos, cient\u00edficos, morais e \u00e9ticos;<br \/>\n&#8211; Produzir ci\u00eancia, resolvendo problem\u00e1ticas em curto, m\u00e9dio e longo prazo;<br \/>\n&#8211; Produzir tecnologia para o mundo de mudan\u00e7as constantes, focando na sustentabilidade do setor agr\u00edcola.<\/p>\n","protected":false},"excerpt":{"rendered":"<p>O\u00a0Centro de Herbologia\u00a0(CEHERB), criado em 2005, \u00e9 um grupo de pesquisa sediado na Faculdade de Agronomia Eliseu Maciel, Campus Universit\u00e1rio, Universidade Federal de Pelotas, no munic\u00edpio do Cap\u00e3o do Le\u00e3o. O grupo re\u00fane professores e pesquisadores de diferentes institui\u00e7\u00f5es e coopera com pesquisadores de diversas partes do Brasil e do Mundo. Atua em pesquisa, ensino [&hellip;]<\/p>\n","protected":false},"author":994,"featured_media":0,"parent":0,"menu_order":0,"comment_status":"closed","ping_status":"closed","template":"","meta":{"footnotes":""},"class_list":["post-65","page","type-page","status-publish","hentry","post"],"jetpack_sharing_enabled":true,"jetpack_likes_enabled":true,"_links":{"self":[{"href":"https:\/\/wp.ufpel.edu.br\/ceherb\/wp-json\/wp\/v2\/pages\/65","targetHints":{"allow":["GET"]}}],"collection":[{"href":"https:\/\/wp.ufpel.edu.br\/ceherb\/wp-json\/wp\/v2\/pages"}],"about":[{"href":"https:\/\/wp.ufpel.edu.br\/ceherb\/wp-json\/wp\/v2\/types\/page"}],"author":[{"embeddable":true,"href":"https:\/\/wp.ufpel.edu.br\/ceherb\/wp-json\/wp\/v2\/users\/994"}],"replies":[{"embeddable":true,"href":"https:\/\/wp.ufpel.edu.br\/ceherb\/wp-json\/wp\/v2\/comments?post=65"}],"version-history":[{"count":9,"href":"https:\/\/wp.ufpel.edu.br\/ceherb\/wp-json\/wp\/v2\/pages\/65\/revisions"}],"predecessor-version":[{"id":1919,"href":"https:\/\/wp.ufpel.edu.br\/ceherb\/wp-json\/wp\/v2\/pages\/65\/revisions\/1919"}],"wp:attachment":[{"href":"https:\/\/wp.ufpel.edu.br\/ceherb\/wp-json\/wp\/v2\/media?parent=65"}],"curies":[{"name":"wp","href":"https:\/\/api.w.org\/{rel}","templated":true}]}}