{"id":57,"date":"2020-04-07T22:31:43","date_gmt":"2020-04-08T01:31:43","guid":{"rendered":"https:\/\/wp.ufpel.edu.br\/ceherb\/?page_id=57"},"modified":"2022-04-14T10:26:35","modified_gmt":"2022-04-14T13:26:35","slug":"graduacao","status":"publish","type":"page","link":"https:\/\/wp.ufpel.edu.br\/ceherb\/graduacao\/","title":{"rendered":"Gradua\u00e7\u00e3o"},"content":{"rendered":"<p style=\"text-align: justify;\">O CEHERB oferece semestralmente duas disciplinas para a gradua\u00e7\u00e3o em Agronomia da Universidade Federal de Pelotas. Esses s\u00e3o:<\/p>\n<p><span style=\"color: #008000;\"><strong>Herbologia<\/strong><\/span><\/p>\n<ul>\n<li style=\"text-align: justify;\"><em>Disciplina Obrigat\u00f3ria do curso de gradua\u00e7\u00e3o em Agronomia<\/em><\/li>\n<li style=\"text-align: justify;\"><em>C\u00f3digo da Disciplina: 01200015<\/em><\/li>\n<li style=\"text-align: justify;\"><em>N\u00famero de cr\u00e9ditos: 3<\/em><\/li>\n<li style=\"text-align: justify;\"><em>Ofertada regularmente no 6\u00ba semestre do curso de gradua\u00e7\u00e3o em Agronomia<\/em><\/li>\n<li style=\"text-align: justify;\"><em>Professores: Prof\u00ba Dr\u00ba Dirceu Agostinetto, Prof\u00ba Dr\u00ba Edinalvo Rabaioli Camargo e Prof\u00ba Dr\u00ba Luis Antonio de Avila<\/em><\/li>\n<\/ul>\n<p><span style=\"color: #008000;\"><strong>Manejo Integrado de Plantas Daninhas<\/strong><\/span><\/p>\n<ul>\n<li style=\"text-align: justify;\"><em>Disciplina Obrigat\u00f3ria do curso de gradua\u00e7\u00e3o em Agronomia<\/em><\/li>\n<li style=\"text-align: justify;\"><em>C\u00f3digo da Disciplina: 01200018<\/em><\/li>\n<li style=\"text-align: justify;\"><em>Cr\u00e9ditos: 2<\/em><\/li>\n<li style=\"text-align: justify;\"><em>Ofertada regularmente no 8\u00ba semestre do curso de gradua\u00e7\u00e3o em Agronomia<\/em><\/li>\n<li style=\"text-align: justify;\"><em>Professores: Prof\u00ba Dr\u00ba Dirceu Agostinetto, Prof\u00ba Dr\u00ba Edinalvo Rabaioli Camargo e Prof\u00ba Dr\u00ba Luis Antonio de Avila<\/em><\/li>\n<\/ul>\n","protected":false},"excerpt":{"rendered":"<p>O CEHERB oferece semestralmente duas disciplinas para a gradua\u00e7\u00e3o em Agronomia da Universidade Federal de Pelotas. Esses s\u00e3o: Herbologia Disciplina Obrigat\u00f3ria do curso de gradua\u00e7\u00e3o em Agronomia C\u00f3digo da Disciplina: 01200015 N\u00famero de cr\u00e9ditos: 3 Ofertada regularmente no 6\u00ba semestre do curso de gradua\u00e7\u00e3o em Agronomia Professores: Prof\u00ba Dr\u00ba Dirceu Agostinetto, Prof\u00ba Dr\u00ba Edinalvo Rabaioli [&hellip;]<\/p>\n","protected":false},"author":994,"featured_media":0,"parent":0,"menu_order":0,"comment_status":"closed","ping_status":"closed","template":"templates\/template-full-notitle.php","meta":{"footnotes":""},"class_list":["post-57","page","type-page","status-publish","hentry","post"],"jetpack_sharing_enabled":true,"jetpack_likes_enabled":true,"_links":{"self":[{"href":"https:\/\/wp.ufpel.edu.br\/ceherb\/wp-json\/wp\/v2\/pages\/57","targetHints":{"allow":["GET"]}}],"collection":[{"href":"https:\/\/wp.ufpel.edu.br\/ceherb\/wp-json\/wp\/v2\/pages"}],"about":[{"href":"https:\/\/wp.ufpel.edu.br\/ceherb\/wp-json\/wp\/v2\/types\/page"}],"author":[{"embeddable":true,"href":"https:\/\/wp.ufpel.edu.br\/ceherb\/wp-json\/wp\/v2\/users\/994"}],"replies":[{"embeddable":true,"href":"https:\/\/wp.ufpel.edu.br\/ceherb\/wp-json\/wp\/v2\/comments?post=57"}],"version-history":[{"count":9,"href":"https:\/\/wp.ufpel.edu.br\/ceherb\/wp-json\/wp\/v2\/pages\/57\/revisions"}],"predecessor-version":[{"id":1921,"href":"https:\/\/wp.ufpel.edu.br\/ceherb\/wp-json\/wp\/v2\/pages\/57\/revisions\/1921"}],"wp:attachment":[{"href":"https:\/\/wp.ufpel.edu.br\/ceherb\/wp-json\/wp\/v2\/media?parent=57"}],"curies":[{"name":"wp","href":"https:\/\/api.w.org\/{rel}","templated":true}]}}