{"id":377,"date":"2020-04-09T18:01:02","date_gmt":"2020-04-09T21:01:02","guid":{"rendered":"https:\/\/wp.ufpel.edu.br\/ceherb\/?page_id=377"},"modified":"2022-04-14T10:14:52","modified_gmt":"2022-04-14T13:14:52","slug":"docentes-colaboradores","status":"publish","type":"page","link":"https:\/\/wp.ufpel.edu.br\/ceherb\/docentes-colaboradores\/","title":{"rendered":"Docentes Colaboradores"},"content":{"rendered":"\n<p class=\"has-text-align-justify\">O CEHERB colabora com diversos pesquisadores e docentes de diversas institui\u00e7\u00f5es nacionais e internacionais. Os colaboradores mais frequentes s\u00e3o:<\/p>\n\n\n\n<figure class=\"wp-block-table is-style-stripes\"><table><tbody><tr><td>Aldo Merotto Jr.<\/td><td>Universidade Federal do Rio Grande do Sul<\/td><td>Brasil<\/td><\/tr><tr><td>Alejandro Garcia<\/td><td>INIA<\/td><td>Uruguai<\/td><\/tr><tr><td>Andr\u00e9 Ricardo Fajardo<\/td><td>Universidade Federal de Pelotas<\/td><td>Brasil<\/td><\/tr><tr><td>Andr\u00e9 Ulguim<\/td><td>Universidade Federal de Santa Maria<\/td><td>Brasil<\/td><\/tr><tr><td>Catarina Markus<\/td><td>Universidade Federal do Rio Grande do Sul<\/td><td>Brasil<\/td><\/tr><tr><td>Dana MacGregor<\/td><td>Rotamstead Research<\/td><td>Reino Unido<\/td><\/tr><tr><td>Franck Emmanuel Dayan*<\/td><td>Colorado State University<\/td><td>EUA<\/td><\/tr><tr><td>Guido Armando Plaza Trujillo<\/td><td>Universidad Nacional de Col\u00f4mbia<\/td><td>Col\u00f4mbia<\/td><\/tr><tr><td>Gustavo Maia Souza<\/td><td>Universidade Federal de Pelotas<\/td><td>Brasil<\/td><\/tr><tr><td>Jos\u00e9 Alberto Noldin<\/td><td>Epagri Itaja\u00ed<\/td><td>Brasil<\/td><\/tr><tr><td>Lewis Hanz Ziska*<\/td><td>Columbia University<\/td><td>EUA<\/td><\/tr><tr><td>Nelson Diehl Kruse<\/td><td>Universidade Federal de Santa Maria<\/td><td>Brasil<\/td><\/tr><tr><td>Nilda Roma-Burgos*<\/td><td>Texas A&amp;M University<\/td><td>EUA<\/td><\/tr><tr><td>Victor Hugo Casa-Coila<\/td><td>Universidad Nacional de San Agust\u00edn<\/td><td>Peru<\/td><\/tr><\/tbody><\/table><\/figure>\n\n\n\n<p>* Professores Visitantes do CEHERB<\/p>\n","protected":false},"excerpt":{"rendered":"<p>O CEHERB colabora com diversos pesquisadores e docentes de diversas institui\u00e7\u00f5es nacionais e internacionais. Os colaboradores mais frequentes s\u00e3o: Aldo Merotto Jr. Universidade Federal do Rio Grande do Sul Brasil Alejandro Garcia INIA Uruguai Andr\u00e9 Ricardo Fajardo Universidade Federal de Pelotas Brasil Andr\u00e9 Ulguim Universidade Federal de Santa Maria Brasil Catarina Markus Universidade Federal do [&hellip;]<\/p>\n","protected":false},"author":994,"featured_media":0,"parent":0,"menu_order":0,"comment_status":"closed","ping_status":"closed","template":"templates\/template-full-notitle.php","meta":{"footnotes":""},"class_list":["post-377","page","type-page","status-publish","hentry","post"],"jetpack_sharing_enabled":true,"jetpack_likes_enabled":true,"_links":{"self":[{"href":"https:\/\/wp.ufpel.edu.br\/ceherb\/wp-json\/wp\/v2\/pages\/377","targetHints":{"allow":["GET"]}}],"collection":[{"href":"https:\/\/wp.ufpel.edu.br\/ceherb\/wp-json\/wp\/v2\/pages"}],"about":[{"href":"https:\/\/wp.ufpel.edu.br\/ceherb\/wp-json\/wp\/v2\/types\/page"}],"author":[{"embeddable":true,"href":"https:\/\/wp.ufpel.edu.br\/ceherb\/wp-json\/wp\/v2\/users\/994"}],"replies":[{"embeddable":true,"href":"https:\/\/wp.ufpel.edu.br\/ceherb\/wp-json\/wp\/v2\/comments?post=377"}],"version-history":[{"count":12,"href":"https:\/\/wp.ufpel.edu.br\/ceherb\/wp-json\/wp\/v2\/pages\/377\/revisions"}],"predecessor-version":[{"id":1904,"href":"https:\/\/wp.ufpel.edu.br\/ceherb\/wp-json\/wp\/v2\/pages\/377\/revisions\/1904"}],"wp:attachment":[{"href":"https:\/\/wp.ufpel.edu.br\/ceherb\/wp-json\/wp\/v2\/media?parent=377"}],"curies":[{"name":"wp","href":"https:\/\/api.w.org\/{rel}","templated":true}]}}