{"id":34,"date":"2020-04-07T22:27:53","date_gmt":"2020-04-08T01:27:53","guid":{"rendered":"https:\/\/wp.ufpel.edu.br\/ceherb\/?page_id=34"},"modified":"2022-04-14T10:36:45","modified_gmt":"2022-04-14T13:36:45","slug":"linhas-de-pesquisa","status":"publish","type":"page","link":"https:\/\/wp.ufpel.edu.br\/ceherb\/linhas-de-pesquisa\/","title":{"rendered":"Linhas de Pesquisa"},"content":{"rendered":"\n<figure class=\"wp-block-table is-style-stripes has-medium-font-size\"><table><tbody><tr><td><ul><li>Din\u00e2mica de herbicidas no ambiente;<\/li><\/ul><\/td><\/tr><tr><td><ul><li>Ecofisiologia de plantas daninhas;<\/li><\/ul><\/td><\/tr><tr><td><ul><li>Fisiologia de herbicidas nas plantas; <\/li><\/ul><\/td><\/tr><tr><td><ul><li>Herbologia Molecular (incluindo RNAi e edi\u00e7\u00e3o de genes) <\/li><\/ul><\/td><\/tr><tr><td><ul><li>Mudan\u00e7as clim\u00e1ticas; <\/li><\/ul><\/td><\/tr><tr><td>\n<ul>\n<li>Resist\u00eancia de plantas daninhas \u00e1 herbicidas;<\/li>\n<\/ul>\n<\/td><\/tr><tr><td>\n<ul>\n<li>Smart Agriculture (Agricultura 4.0)<\/li>\n<\/ul>\n<\/td><\/tr><tr><td>\n<ul>\n<li>Tecnologia de aplica\u00e7\u00e3o de herbicidas;<\/li>\n<\/ul>\n<\/td><\/tr><\/tbody><\/table><\/figure>\n","protected":false},"excerpt":{"rendered":"<p>Din\u00e2mica de herbicidas no ambiente; Ecofisiologia de plantas daninhas; Fisiologia de herbicidas nas plantas; Herbologia Molecular (incluindo RNAi e edi\u00e7\u00e3o de genes) Mudan\u00e7as clim\u00e1ticas; Resist\u00eancia de plantas daninhas \u00e1 herbicidas; Smart Agriculture (Agricultura 4.0) Tecnologia de aplica\u00e7\u00e3o de herbicidas;<\/p>\n","protected":false},"author":994,"featured_media":0,"parent":0,"menu_order":0,"comment_status":"closed","ping_status":"closed","template":"","meta":{"footnotes":""},"class_list":["post-34","page","type-page","status-publish","hentry","post"],"jetpack_sharing_enabled":true,"jetpack_likes_enabled":true,"_links":{"self":[{"href":"https:\/\/wp.ufpel.edu.br\/ceherb\/wp-json\/wp\/v2\/pages\/34","targetHints":{"allow":["GET"]}}],"collection":[{"href":"https:\/\/wp.ufpel.edu.br\/ceherb\/wp-json\/wp\/v2\/pages"}],"about":[{"href":"https:\/\/wp.ufpel.edu.br\/ceherb\/wp-json\/wp\/v2\/types\/page"}],"author":[{"embeddable":true,"href":"https:\/\/wp.ufpel.edu.br\/ceherb\/wp-json\/wp\/v2\/users\/994"}],"replies":[{"embeddable":true,"href":"https:\/\/wp.ufpel.edu.br\/ceherb\/wp-json\/wp\/v2\/comments?post=34"}],"version-history":[{"count":6,"href":"https:\/\/wp.ufpel.edu.br\/ceherb\/wp-json\/wp\/v2\/pages\/34\/revisions"}],"predecessor-version":[{"id":1936,"href":"https:\/\/wp.ufpel.edu.br\/ceherb\/wp-json\/wp\/v2\/pages\/34\/revisions\/1936"}],"wp:attachment":[{"href":"https:\/\/wp.ufpel.edu.br\/ceherb\/wp-json\/wp\/v2\/media?parent=34"}],"curies":[{"name":"wp","href":"https:\/\/api.w.org\/{rel}","templated":true}]}}