{"id":206,"date":"2020-04-08T16:50:10","date_gmt":"2020-04-08T19:50:10","guid":{"rendered":"https:\/\/wp.ufpel.edu.br\/ceherb\/?page_id=206"},"modified":"2026-01-03T11:19:39","modified_gmt":"2026-01-03T14:19:39","slug":"laboratorio-de-dinamica-de-herbicidas","status":"publish","type":"page","link":"https:\/\/wp.ufpel.edu.br\/ceherb\/laboratorio-de-dinamica-de-herbicidas\/","title":{"rendered":"Laborat\u00f3rio de Din\u00e2mica de Pesticidas"},"content":{"rendered":"\n<p>O Laborat\u00f3rio de Din\u00e2mica de Pesticidas possui instrumenta\u00e7\u00e3o para extra\u00e7\u00e3o e quantifica\u00e7\u00e3o de herbicidas e outras mol\u00e9culas org\u00e2nicas a partir de diferentes matrizes como \u00e1gua, solo e planta.<\/p>\n\n\n\n<p><\/p>\n\n\n\n<h2 class=\"wp-block-heading\">Localiza\u00e7\u00e3o&nbsp;<\/h2>\n\n\n\n<ul class=\"wp-block-list\">\n<li>Faculdade de agronomia Eliseu Maciel<\/li>\n\n\n\n<li>Pr\u00e9dio 35 do Campus Cap\u00e3o do Le\u00e3o da UFPel<\/li>\n<\/ul>\n\n\n\n<p><\/p>\n\n\n\n<h2 class=\"wp-block-heading\">Equipamentos<\/h2>\n\n\n\n<p>O Laborat\u00f3rio de Din\u00e2mica de Herbicidas equipamento b\u00e1sicos e avan\u00e7ados para desenvolvimento das atividades que s\u00e3o propostas, que incluem:<\/p>\n\n\n\n<ul class=\"wp-block-list\">\n<li>Extrator do tipo wrist shaker<sub>;<\/sub><\/li>\n\n\n\n<li>Centr\u00edfuga<sub>;<\/sub><\/li>\n\n\n\n<li>Manifold;<\/li>\n\n\n\n<li>Balan\u00e7as de precis\u00e3o;<\/li>\n\n\n\n<li>Sistema de purifica\u00e7\u00e3o de \u00e1gua<\/li>\n\n\n\n<li>Cromat\u00f3grafo l\u00edquido de alta performance (HPLC) acoplado com espectrometria de massas (MS\/Orbitrap).<\/li>\n\n\n\n<li>C\u00e2mara de crescimento de plantas do tipo Fitotron<\/li>\n\n\n\n<li>Absor\u00e7\u00e3o at\u00f4mica<\/li>\n\n\n\n<li>IRGA<\/li>\n<\/ul>\n\n\n\n<p><\/p>\n\n\n\n<h2 class=\"wp-block-heading\">Respons\u00e1vel<\/h2>\n\n\n\n<p>Prof. Edinalvo Camargo \u2013&nbsp;<a href=\"mailto:laavilabr@gmail.com\">edinalvo_camargo@yahoo.com.br<\/a><\/p>\n\n\n\n<p><\/p>\n\n\n\n<h2 class=\"wp-block-heading\">Agendamento<\/h2>\n\n\n\n<p>Para verifica\u00e7\u00e3o de disponibilidade e agendamento de an\u00e1lises encaminhe email para: ceherb.cromatografia@gmail.com <\/p>\n\n\n\n<figure class=\"wp-block-gallery has-nested-images columns-default is-cropped wp-block-gallery-1 is-layout-flex wp-block-gallery-is-layout-flex\">\n<figure class=\"wp-block-image size-large\"><img loading=\"lazy\" decoding=\"async\" width=\"899\" height=\"674\" data-id=\"1576\" src=\"https:\/\/wp.ufpel.edu.br\/ceherb\/files\/2021\/09\/Orbitrap.png\" alt=\"\" class=\"wp-image-1576\" srcset=\"https:\/\/wp.ufpel.edu.br\/ceherb\/files\/2021\/09\/Orbitrap.png 899w, https:\/\/wp.ufpel.edu.br\/ceherb\/files\/2021\/09\/Orbitrap-400x300.png 400w, https:\/\/wp.ufpel.edu.br\/ceherb\/files\/2021\/09\/Orbitrap-768x576.png 768w\" sizes=\"auto, (max-width: 899px) 100vw, 899px\" \/><\/figure>\n<figcaption class=\"blocks-gallery-caption wp-element-caption\"><strong>Foto do equipamento LC-MS-Orbitrap instalado no laborat\u00f3rio de Din\u00e2mica de Herbicidas.<br>Equipamento multiusu\u00e1rio adquirido com recursos do CT-INFRA 2010\/FINEP.<\/strong><\/figcaption><\/figure>\n\n\n\n<p><\/p>\n\n\n\n<h2 class=\"wp-block-heading\">Regimento<\/h2>\n\n\n\n<figure class=\"wp-block-embed\"><div class=\"wp-block-embed__wrapper\">\nhttps:\/\/wp.ufpel.edu.br\/ceherb\/files\/2026\/01\/2-Regimento-Dinamica-de-Herbicidas.pdf\n<\/div><\/figure>\n\n\n\n\n\n<p><\/p>\n","protected":false},"excerpt":{"rendered":"<p>O Laborat\u00f3rio de Din\u00e2mica de Pesticidas possui instrumenta\u00e7\u00e3o para extra\u00e7\u00e3o e quantifica\u00e7\u00e3o de herbicidas e outras mol\u00e9culas org\u00e2nicas a partir de diferentes matrizes como \u00e1gua, solo e planta. Localiza\u00e7\u00e3o&nbsp; Equipamentos O Laborat\u00f3rio de Din\u00e2mica de Herbicidas equipamento b\u00e1sicos e avan\u00e7ados para desenvolvimento das atividades que s\u00e3o propostas, que incluem: Respons\u00e1vel Prof. Edinalvo Camargo \u2013&nbsp;edinalvo_camargo@yahoo.com.br Agendamento [&hellip;]<\/p>\n","protected":false},"author":994,"featured_media":0,"parent":0,"menu_order":0,"comment_status":"closed","ping_status":"closed","template":"","meta":{"footnotes":""},"class_list":["post-206","page","type-page","status-publish","hentry","post"],"jetpack_sharing_enabled":true,"jetpack_likes_enabled":true,"_links":{"self":[{"href":"https:\/\/wp.ufpel.edu.br\/ceherb\/wp-json\/wp\/v2\/pages\/206","targetHints":{"allow":["GET"]}}],"collection":[{"href":"https:\/\/wp.ufpel.edu.br\/ceherb\/wp-json\/wp\/v2\/pages"}],"about":[{"href":"https:\/\/wp.ufpel.edu.br\/ceherb\/wp-json\/wp\/v2\/types\/page"}],"author":[{"embeddable":true,"href":"https:\/\/wp.ufpel.edu.br\/ceherb\/wp-json\/wp\/v2\/users\/994"}],"replies":[{"embeddable":true,"href":"https:\/\/wp.ufpel.edu.br\/ceherb\/wp-json\/wp\/v2\/comments?post=206"}],"version-history":[{"count":2,"href":"https:\/\/wp.ufpel.edu.br\/ceherb\/wp-json\/wp\/v2\/pages\/206\/revisions"}],"predecessor-version":[{"id":2133,"href":"https:\/\/wp.ufpel.edu.br\/ceherb\/wp-json\/wp\/v2\/pages\/206\/revisions\/2133"}],"wp:attachment":[{"href":"https:\/\/wp.ufpel.edu.br\/ceherb\/wp-json\/wp\/v2\/media?parent=206"}],"curies":[{"name":"wp","href":"https:\/\/api.w.org\/{rel}","templated":true}]}}