{"id":1964,"date":"2022-06-08T14:46:06","date_gmt":"2022-06-08T17:46:06","guid":{"rendered":"https:\/\/wp.ufpel.edu.br\/ceherb\/?page_id=1964"},"modified":"2023-08-03T12:16:00","modified_gmt":"2023-08-03T15:16:00","slug":"rites-smart-rnai","status":"publish","type":"page","link":"https:\/\/wp.ufpel.edu.br\/ceherb\/rites-smart-rnai\/","title":{"rendered":"Rites &#8211; Smart RNAi"},"content":{"rendered":"\n<p><strong>Orienta\u00e7\u00f5es para uso e solicita\u00e7\u00e3o dos recursos do RITES<\/strong><\/p>\n\n\n<style>.wp-block-kadence-spacer.kt-block-spacer-_eacb0e-6d .kt-block-spacer{height:20px;}.wp-block-kadence-spacer.kt-block-spacer-_eacb0e-6d .kt-divider{border-top-width:1px;height:1px;border-top-color:#eee;width:80%;border-top-style:solid;}<\/style>\n<div class=\"wp-block-kadence-spacer aligncenter kt-block-spacer-_eacb0e-6d\"><div class=\"kt-block-spacer kt-block-spacer-halign-center\"><\/div><\/div>\n\n\n<div class=\"wp-block-image\">\n<figure class=\"aligncenter size-large is-resized\"><img loading=\"lazy\" decoding=\"async\" src=\"https:\/\/wp.ufpel.edu.br\/ceherb\/files\/2022\/06\/RITES-processo-de-compra-1024x794.jpeg\" alt=\"\" class=\"wp-image-2009\" width=\"698\" height=\"540\" srcset=\"https:\/\/wp.ufpel.edu.br\/ceherb\/files\/2022\/06\/RITES-processo-de-compra-1024x794.jpeg 1024w, https:\/\/wp.ufpel.edu.br\/ceherb\/files\/2022\/06\/RITES-processo-de-compra-400x310.jpeg 400w, https:\/\/wp.ufpel.edu.br\/ceherb\/files\/2022\/06\/RITES-processo-de-compra-768x595.jpeg 768w, https:\/\/wp.ufpel.edu.br\/ceherb\/files\/2022\/06\/RITES-processo-de-compra.jpeg 1280w\" sizes=\"auto, (max-width: 698px) 100vw, 698px\" \/><\/figure>\n<\/div>\n\n<style>.wp-block-kadence-spacer.kt-block-spacer-_c78066-70 .kt-block-spacer{height:20px;}.wp-block-kadence-spacer.kt-block-spacer-_c78066-70 .kt-divider{border-top-width:1px;height:1px;border-top-color:#eee;width:80%;border-top-style:solid;}<\/style>\n<div class=\"wp-block-kadence-spacer aligncenter kt-block-spacer-_c78066-70\"><div class=\"kt-block-spacer kt-block-spacer-halign-center\"><\/div><\/div>\n\n\n\n<p><strong>1.<\/strong>&nbsp;Preencher o <a href=\"https:\/\/wp.ufpel.edu.br\/ceherb\/files\/2022\/06\/Formulario-de-solicitacao-de-compra-e-orcamentos.xlsx\">formul\u00e1rio de solicita\u00e7\u00e3o de compra<\/a>.<\/p>\n\n\n\n<p><strong>2.<\/strong>&nbsp;Realizar or\u00e7amento\/levantamento de pre\u00e7o (em n\u00famero de 3) e preencher o <a href=\"https:\/\/wp.ufpel.edu.br\/ceherb\/files\/2022\/06\/Formulario-de-solicitacao-de-compra-e-orcamentos.xlsx\">formul\u00e1rio de pesquisa de pre\u00e7os<\/a>.<\/p>\n\n\n\n<p><strong>3.<\/strong>&nbsp;As solicita\u00e7\u00f5es de compra (formul\u00e1rio de solicita\u00e7\u00e3o de compra, or\u00e7amentos e formul\u00e1rio de pesquisa de pre\u00e7os) devem ser enviadas, <strong>obrigatoriamente<\/strong>, para o e-mail: <a rel=\"noreferrer noopener\" href=\"mailto:SmartRNAi@gmail.com\" target=\"_blank\">SmartRNAi2023@gmail.com<\/a>, preferencialmente, nos \u00faltimos 10 dias do m\u00eas.<\/p>\n\n\n\n<p><strong>4.<\/strong> Para equipamentos, preencha o <a href=\"https:\/\/wp.ufpel.edu.br\/ceherb\/files\/2023\/06\/Termo-de-responsabilidade-e-multiusuario.xlsx\" data-type=\"URL\" data-id=\"https:\/\/wp.ufpel.edu.br\/ceherb\/files\/2023\/06\/Termo-de-responsabilidade-e-multiusuario.xlsx\">Termo de responsabilidade e multiusuario<\/a>.<\/p>\n\n\n\n\n\n<p><strong>5. <\/strong>O coordenador do projeto ir\u00e1 realizar o pagamento dos boletos entre os dias 15 e 20 de cada m\u00eas. Dessa forma, fique atento a data de validade dos boletos emitidos. Essa operacionaliza\u00e7\u00e3o objetiva dar previsibilidade \u00e0s demandas do comit\u00ea de gest\u00e3o do RITES e suas demais atribui\u00e7\u00f5es.<\/p>\n\n\n\n<p><strong>6.<\/strong>\u00a0A nota fiscal e os tr\u00eas or\u00e7amentos precisam obrigatoriamente conter:<\/p>\n\n\n\n<p class=\"has-vivid-red-color has-text-color\"><strong>NOME: Aldo Merotto Junior\/22\/2551-0000394-0<\/strong><\/p>\n\n\n\n<p class=\"has-vivid-red-color has-text-color\"><strong>CPF: 586.827.089-49<\/strong><\/p>\n\n\n\n<p class=\"has-vivid-red-color has-text-color\"><strong>Endere\u00e7o: colocar na nota e pedido o endere\u00e7o do laborat\u00f3rio onde o material deve ser entregue. O material deve ser entregue apenas nas institui\u00e7\u00f5es coparticipes cadastradas do projeto.<\/strong> <\/p>\n\n\n\n<p>Caso n\u00e3o seja poss\u00edvel colocar o n\u00famero do processo ao lado do nome, colocar nas informa\u00e7\u00f5es adicionais da nota fiscal da seguinte forma:<\/p>\n\n\n\n<p><strong>Edital Rites\/Fapergs &#8211; Edital 06\/2021 &#8211; N. Processo: 22\/2551-0000394-0<\/strong><\/p>\n\n\n\n<p><strong>7.<\/strong> No recebimento, preencher o <a href=\"https:\/\/wp.ufpel.edu.br\/ceherb\/files\/2022\/06\/TERMO-DE-ENTREGA-E-RECEBIMENTO-DE-MERCADORIAS-PROJETO-RITES.docx\">termo de recebimento de material, equipamento ou servi\u00e7o<\/a> e encaminhar para o e-mail: <a rel=\"noreferrer noopener\" href=\"mailto:SmartRNAi@gmail.com\" target=\"_blank\"><strong>SmartRNAi2023@gmail.com<\/strong><\/a>.<\/p>\n\n\n\n<p>8. Para as bolsas e bolsistas de p\u00f3s-doutorado, os bolsistas devem preencher o <a href=\"https:\/\/wp.ufpel.edu.br\/ceherb\/files\/2023\/08\/18122817-recibo-de-bolsa.docx\">recibo<\/a> do valor referente a mensalidade e enviar juntamente com relat\u00f3rio mensal de atividades di\u00e1rias para o coordenador do projeto.<\/p>\n\n\n<style>.wp-block-kadence-spacer.kt-block-spacer-_ca07da-62 .kt-block-spacer{height:60px;}.wp-block-kadence-spacer.kt-block-spacer-_ca07da-62 .kt-divider{border-top-width:1px;height:1px;border-top-color:#eee;width:80%;border-top-style:solid;}<\/style>\n<div class=\"wp-block-kadence-spacer aligncenter kt-block-spacer-_ca07da-62\"><div class=\"kt-block-spacer kt-block-spacer-halign-center\"><\/div><\/div>\n\n\n\n<p><a id=\"_msocom_1\"><\/a><\/p>\n","protected":false},"excerpt":{"rendered":"<p>Orienta\u00e7\u00f5es para uso e solicita\u00e7\u00e3o dos recursos do RITES 1.&nbsp;Preencher o formul\u00e1rio de solicita\u00e7\u00e3o de compra. 2.&nbsp;Realizar or\u00e7amento\/levantamento de pre\u00e7o (em n\u00famero de 3) e preencher o formul\u00e1rio de pesquisa de pre\u00e7os. 3.&nbsp;As solicita\u00e7\u00f5es de compra (formul\u00e1rio de solicita\u00e7\u00e3o de compra, or\u00e7amentos e formul\u00e1rio de pesquisa de pre\u00e7os) devem ser enviadas, obrigatoriamente, para o e-mail: [&hellip;]<\/p>\n","protected":false},"author":994,"featured_media":0,"parent":0,"menu_order":0,"comment_status":"closed","ping_status":"closed","template":"","meta":{"footnotes":""},"class_list":["post-1964","page","type-page","status-publish","hentry","post"],"jetpack_sharing_enabled":true,"jetpack_likes_enabled":true,"_links":{"self":[{"href":"https:\/\/wp.ufpel.edu.br\/ceherb\/wp-json\/wp\/v2\/pages\/1964","targetHints":{"allow":["GET"]}}],"collection":[{"href":"https:\/\/wp.ufpel.edu.br\/ceherb\/wp-json\/wp\/v2\/pages"}],"about":[{"href":"https:\/\/wp.ufpel.edu.br\/ceherb\/wp-json\/wp\/v2\/types\/page"}],"author":[{"embeddable":true,"href":"https:\/\/wp.ufpel.edu.br\/ceherb\/wp-json\/wp\/v2\/users\/994"}],"replies":[{"embeddable":true,"href":"https:\/\/wp.ufpel.edu.br\/ceherb\/wp-json\/wp\/v2\/comments?post=1964"}],"version-history":[{"count":16,"href":"https:\/\/wp.ufpel.edu.br\/ceherb\/wp-json\/wp\/v2\/pages\/1964\/revisions"}],"predecessor-version":[{"id":2082,"href":"https:\/\/wp.ufpel.edu.br\/ceherb\/wp-json\/wp\/v2\/pages\/1964\/revisions\/2082"}],"wp:attachment":[{"href":"https:\/\/wp.ufpel.edu.br\/ceherb\/wp-json\/wp\/v2\/media?parent=1964"}],"curies":[{"name":"wp","href":"https:\/\/api.w.org\/{rel}","templated":true}]}}