{"id":1725,"date":"2022-04-04T15:20:41","date_gmt":"2022-04-04T18:20:41","guid":{"rendered":"https:\/\/wp.ufpel.edu.br\/ceherb\/?page_id=1725"},"modified":"2022-04-14T10:16:34","modified_gmt":"2022-04-14T13:16:34","slug":"mestrandos","status":"publish","type":"page","link":"https:\/\/wp.ufpel.edu.br\/ceherb\/mestrandos\/","title":{"rendered":"Mestrandos"},"content":{"rendered":"<style>.wp-block-kadence-spacer.kt-block-spacer-_33bc3c-8c .kt-block-spacer{height:20px;}.wp-block-kadence-spacer.kt-block-spacer-_33bc3c-8c .kt-divider{border-top-width:1px;height:1px;border-top-color:#eee;width:80%;border-top-style:solid;}<\/style>\n<div class=\"wp-block-kadence-spacer aligncenter kt-block-spacer-_33bc3c-8c\"><div class=\"kt-block-spacer kt-block-spacer-halign-center\"><\/div><\/div>\n\n\n<style>.wp-block-kadence-column.kb-section-dir-horizontal > .kt-inside-inner-col > #kt-info-box_5a6be3-a6 .kt-blocks-info-box-link-wrap{max-width:unset;}#kt-info-box_5a6be3-a6 .kt-blocks-info-box-link-wrap{border-color:#e4f0e4;border-radius:20px;border-top-width:5px;border-right-width:5px;border-bottom-width:5px;border-left-width:5px;background:#ffffff;padding-top:24px;padding-right:24px;padding-bottom:24px;padding-left:24px;margin-top:50px;}#kt-info-box_5a6be3-a6 .kt-blocks-info-box-link-wrap:hover{border-color:#46a04a;background:#ffffff;}#kt-info-box_5a6be3-a6.wp-block-kadence-infobox{max-width:100%;}#kt-info-box_5a6be3-a6 .kadence-info-box-image-inner-intrisic-container{max-width:100px;}#kt-info-box_5a6be3-a6 .kadence-info-box-image-inner-intrisic-container .kadence-info-box-image-intrisic{padding-bottom:100%;width:412px;height:0px;max-width:100%;}#kt-info-box_5a6be3-a6 .kadence-info-box-icon-container .kt-info-svg-icon, #kt-info-box_5a6be3-a6 .kt-info-svg-icon-flip, #kt-info-box_5a6be3-a6 .kt-blocks-info-box-number{font-size:50px;}#kt-info-box_5a6be3-a6 .kt-blocks-info-box-media{color:#444444;background:#ffffff;border-color:#46a04a;border-radius:200px;overflow:hidden;border-top-width:5px;border-right-width:5px;border-bottom-width:5px;border-left-width:5px;padding-top:0px;padding-right:0px;padding-bottom:0px;padding-left:0px;}#kt-info-box_5a6be3-a6 .kt-blocks-info-box-media-container{margin-top:-75px;margin-right:0px;margin-bottom:20px;margin-left:0px;}#kt-info-box_5a6be3-a6 .kt-blocks-info-box-link-wrap:hover .kt-blocks-info-box-media{color:#444444;background:#ffffff;border-color:#46a04a;}#kt-info-box_5a6be3-a6 .kt-blocks-info-box-link-wrap .kt-blocks-info-box-media{border-width:0px;box-shadow:inset 0 0 0 5px #46a04a;}#kt-info-box_5a6be3-a6 .kt-blocks-info-box-link-wrap .kt-blocks-info-box-media:before, #kt-info-box_5a6be3-a6 .kt-blocks-info-box-link-wrap .kt-blocks-info-box-media:after{border-radius:200px;}#kt-info-box_5a6be3-a6 .kt-blocks-info-box-link-wrap .kt-blocks-info-box-media:before{border-width:5px;}#kt-info-box_5a6be3-a6 .kt-blocks-info-box-link-wrap:hover .kt-blocks-info-box-media:after{border-right-color:#46a04a;border-right-width:5px;border-top-width:5px;border-bottom-width:5px;}#kt-info-box_5a6be3-a6 .kt-blocks-info-box-link-wrap:hover .kt-blocks-info-box-media:before{border-top-color:#46a04a;border-right-color:#46a04a;border-bottom-color:#46a04a;}#kt-info-box_5a6be3-a6 .kt-infobox-textcontent h3.kt-blocks-info-box-title{padding-top:0px;padding-right:0px;padding-bottom:0px;padding-left:0px;margin-top:5px;margin-right:0px;margin-bottom:10px;margin-left:0px;}#kt-info-box_5a6be3-a6 h3.kt-blocks-info-box-title{min-height:0px;}#kt-info-box_5a6be3-a6 .kt-blocks-info-box-learnmore{color:#ffffff;background:#46a04a;border-color:#46a04a;border-radius:39px;line-height:44px;border-width:4px 4px 4px 4px;padding-top:4px;padding-right:8px;padding-bottom:4px;padding-left:8px;margin-top:30px;margin-right:0px;margin-bottom:10px;margin-left:0px;}#kt-info-box_5a6be3-a6 .kt-blocks-info-box-link-wrap:hover .kt-blocks-info-box-learnmore,#kt-info-box_5a6be3-a6 .kt-blocks-info-box-link-wrap .kt-blocks-info-box-learnmore:focus{color:#46a04a;background:#ffffff;border-color:#46a04a;}@media all and (max-width: 767px){#kt-info-box_5a6be3-a6 .kt-blocks-info-box-link-wrap{text-align:left;}}<\/style>\n<div id=\"kt-info-box_5a6be3-a6\" class=\"wp-block-kadence-infobox texto-justificado\"><div class=\"kt-blocks-info-box-link-wrap kt-blocks-info-box-media-align-top kt-info-halign-left kb-info-box-vertical-media-align-top\"><div class=\"kt-blocks-info-box-media-container\"><div class=\"kt-blocks-info-box-media kt-info-media-animate-drawborder\"><div class=\"kadence-info-box-image-inner-intrisic-container\"><div class=\"kadence-info-box-image-intrisic kt-info-animate-drawborder\"><div class=\"kadence-info-box-image-inner-intrisic\"><img loading=\"lazy\" decoding=\"async\" src=\"https:\/\/wp.ufpel.edu.br\/ceherb\/files\/2021\/11\/servletrecuperafoto-4-e1635948292235.jpeg\" alt=\"\" width=\"412\" height=\"412\" class=\"kt-info-box-image wp-image-1660\" srcset=\"https:\/\/wp.ufpel.edu.br\/ceherb\/files\/2021\/11\/servletrecuperafoto-4-e1635948292235.jpeg 412w, https:\/\/wp.ufpel.edu.br\/ceherb\/files\/2021\/11\/servletrecuperafoto-4-e1635948292235-400x400.jpeg 400w, https:\/\/wp.ufpel.edu.br\/ceherb\/files\/2021\/11\/servletrecuperafoto-4-e1635948292235-200x200.jpeg 200w\" sizes=\"auto, (max-width: 412px) 100vw, 412px\" \/><\/div><\/div><\/div><\/div><\/div><div class=\"kt-infobox-textcontent\"><h3 class=\"kt-blocks-info-box-title\">Alejandra D\u00edaz Ria\u00f1o<\/h3><p class=\"kt-blocks-info-box-text\">E-mail: <a href=\"mailto:aldiazri@unal.edu.co\"><u>aldiazri@unal.edu.co<\/u><\/a><br\/><br\/>Possui gradua\u00e7\u00e3o em Ingenier\u00eda agron\u00f3mica &#8211; Universidad Nacional de Colombia &#8211; Bogot\u00e1 (2020). Tem experi\u00eancia na \u00e1rea de Agronomia, com \u00eanfase em Herbologia, trabalhando como assistente de pesquisa no laborat\u00f3rio de malherbologia com pesquisa em Resist\u00eancia m\u00faltipla e cruzada na cultura do arroz nas seguintes esp\u00e9cies Steinchisma laxum, Chloris radiata e Eleusine indica. Atualmente fa\u00e7o p\u00f3s-gradua\u00e7\u00e3o em Fitossanidade na Universidade Federal de Pelotas, na \u00e1rea de herbologia com \u00eanfase em resist\u00eancia de Echinochloa spp. a herbicidas na cultura do arroz.<\/p><div class=\"kt-blocks-info-box-learnmore-wrap\"><a class=\"kt-blocks-info-box-learnmore info-box-link\" target=\"_blank\" rel=\"noopener noreferrer\" href=\"http:\/\/lattes.cnpq.br\/9328151503079270\">Curr\u00edculo Lattes<\/a><\/div><\/div><\/div><\/div>\n\n\n<style>.wp-block-kadence-spacer.kt-block-spacer-_ea28e2-a1 .kt-block-spacer{height:20px;}.wp-block-kadence-spacer.kt-block-spacer-_ea28e2-a1 .kt-divider{border-top-width:1px;height:1px;border-top-color:#eee;width:80%;border-top-style:solid;}<\/style>\n<div class=\"wp-block-kadence-spacer aligncenter kt-block-spacer-_ea28e2-a1\"><div class=\"kt-block-spacer kt-block-spacer-halign-center\"><\/div><\/div>\n\n\n<style>.wp-block-kadence-column.kb-section-dir-horizontal > .kt-inside-inner-col > #kt-info-box_ec8206-dd .kt-blocks-info-box-link-wrap{max-width:unset;}#kt-info-box_ec8206-dd .kt-blocks-info-box-link-wrap{border-color:#e4f0e4;border-radius:20px;border-top-width:5px;border-right-width:5px;border-bottom-width:5px;border-left-width:5px;background:#ffffff;padding-top:24px;padding-right:24px;padding-bottom:24px;padding-left:24px;margin-top:50px;}#kt-info-box_ec8206-dd .kt-blocks-info-box-link-wrap:hover{border-color:#46a04a;background:#ffffff;}#kt-info-box_ec8206-dd.wp-block-kadence-infobox{max-width:100%;}#kt-info-box_ec8206-dd .kadence-info-box-image-inner-intrisic-container{max-width:100px;}#kt-info-box_ec8206-dd .kadence-info-box-image-inner-intrisic-container .kadence-info-box-image-intrisic{padding-bottom:100.1079%;width:927px;height:0px;max-width:100%;}#kt-info-box_ec8206-dd .kadence-info-box-icon-container .kt-info-svg-icon, #kt-info-box_ec8206-dd .kt-info-svg-icon-flip, #kt-info-box_ec8206-dd .kt-blocks-info-box-number{font-size:50px;}#kt-info-box_ec8206-dd .kt-blocks-info-box-media{color:#444444;background:#ffffff;border-color:#46a04a;border-radius:200px;overflow:hidden;border-top-width:5px;border-right-width:5px;border-bottom-width:5px;border-left-width:5px;padding-top:0px;padding-right:0px;padding-bottom:0px;padding-left:0px;}#kt-info-box_ec8206-dd .kt-blocks-info-box-media-container{margin-top:-75px;margin-right:0px;margin-bottom:20px;margin-left:0px;}#kt-info-box_ec8206-dd .kt-blocks-info-box-link-wrap:hover .kt-blocks-info-box-media{color:#444444;background:#ffffff;border-color:#46a04a;}#kt-info-box_ec8206-dd .kt-blocks-info-box-link-wrap .kt-blocks-info-box-media{border-width:0px;box-shadow:inset 0 0 0 5px #46a04a;}#kt-info-box_ec8206-dd .kt-blocks-info-box-link-wrap .kt-blocks-info-box-media:before, #kt-info-box_ec8206-dd .kt-blocks-info-box-link-wrap .kt-blocks-info-box-media:after{border-radius:200px;}#kt-info-box_ec8206-dd .kt-blocks-info-box-link-wrap .kt-blocks-info-box-media:before{border-width:5px;}#kt-info-box_ec8206-dd .kt-blocks-info-box-link-wrap:hover .kt-blocks-info-box-media:after{border-right-color:#46a04a;border-right-width:5px;border-top-width:5px;border-bottom-width:5px;}#kt-info-box_ec8206-dd .kt-blocks-info-box-link-wrap:hover .kt-blocks-info-box-media:before{border-top-color:#46a04a;border-right-color:#46a04a;border-bottom-color:#46a04a;}#kt-info-box_ec8206-dd .kt-infobox-textcontent h3.kt-blocks-info-box-title{padding-top:0px;padding-right:0px;padding-bottom:0px;padding-left:0px;margin-top:5px;margin-right:0px;margin-bottom:10px;margin-left:0px;}#kt-info-box_ec8206-dd h3.kt-blocks-info-box-title{min-height:0px;}#kt-info-box_ec8206-dd .kt-blocks-info-box-learnmore{color:#ffffff;background:#46a04a;border-color:#46a04a;border-radius:39px;line-height:44px;border-width:4px 4px 4px 4px;padding-top:4px;padding-right:8px;padding-bottom:4px;padding-left:8px;margin-top:30px;margin-right:0px;margin-bottom:10px;margin-left:0px;}#kt-info-box_ec8206-dd .kt-blocks-info-box-link-wrap:hover .kt-blocks-info-box-learnmore,#kt-info-box_ec8206-dd .kt-blocks-info-box-link-wrap .kt-blocks-info-box-learnmore:focus{color:#46a04a;background:#ffffff;border-color:#46a04a;}@media all and (max-width: 767px){#kt-info-box_ec8206-dd .kt-blocks-info-box-link-wrap{text-align:left;}}<\/style>\n<div id=\"kt-info-box_ec8206-dd\" class=\"wp-block-kadence-infobox texto-justificado\"><div class=\"kt-blocks-info-box-link-wrap kt-blocks-info-box-media-align-top kt-info-halign-left kb-info-box-vertical-media-align-top\"><div class=\"kt-blocks-info-box-media-container\"><div class=\"kt-blocks-info-box-media kt-info-media-animate-drawborder\"><div class=\"kadence-info-box-image-inner-intrisic-container\"><div class=\"kadence-info-box-image-intrisic kt-info-animate-drawborder\"><div class=\"kadence-info-box-image-inner-intrisic\"><img loading=\"lazy\" decoding=\"async\" src=\"https:\/\/wp.ufpel.edu.br\/ceherb\/files\/2021\/11\/servletrecuperafoto-3-e1635948178634.jpeg\" alt=\"\" width=\"927\" height=\"928\" class=\"kt-info-box-image wp-image-1659\" srcset=\"https:\/\/wp.ufpel.edu.br\/ceherb\/files\/2021\/11\/servletrecuperafoto-3-e1635948178634.jpeg 927w, https:\/\/wp.ufpel.edu.br\/ceherb\/files\/2021\/11\/servletrecuperafoto-3-e1635948178634-400x400.jpeg 400w, https:\/\/wp.ufpel.edu.br\/ceherb\/files\/2021\/11\/servletrecuperafoto-3-e1635948178634-200x200.jpeg 200w, https:\/\/wp.ufpel.edu.br\/ceherb\/files\/2021\/11\/servletrecuperafoto-3-e1635948178634-768x769.jpeg 768w\" sizes=\"auto, (max-width: 927px) 100vw, 927px\" \/><\/div><\/div><\/div><\/div><\/div><div class=\"kt-infobox-textcontent\"><h3 class=\"kt-blocks-info-box-title\">Bruno Oliveira Novais Ara\u00fajo<\/h3><p class=\"kt-blocks-info-box-text\">E-mail: <a href=\"mailto:bruno-tec@outlook.com\"><u>bruno-tec@outlook.com<\/u><\/a><br\/><br\/>Formado em T\u00e9cnico em Agropecu\u00e1ria pelo Instituto Federal do Mato Grosso em 2015, no mesmo ano aceito pelo Universidade Federal de Pelotas para o curso de Agronomia, onde atuou como bolsista de pesquisa do CNPq no projeto &#8220;Fatores estressores abi\u00f3ticos e desempenho fisiol\u00f3gico de sementes, pl\u00e2ntulas e plantas de feijoeiro&#8221; e foi bolsista de inicia\u00e7\u00e3o cient\u00edfica PIBID no anos seguintes. Pude apresentar trabalhos em congressos realizados nesta mesma institui\u00e7\u00e3o, Pude auxiliar estudantes de mestrado e doutorado durante seus projetos, nas culturas da soja, trigo, milho e cevada. Realizei trabalhos de pesquisa nas culturas do feij\u00e3o e cevada. No \u00faltimo semestre da faculdade, optei em realizar o est\u00e1gio final obrigat\u00f3rio em um Interc\u00e2mbio Acad\u00eamico na Universidad Nacional da Colombia &#8211; Sede Bogot\u00e1 D.C. em um grupo de pesquisa na \u00e1rea de Plantas Daninhas, com trabalho conduzido sobre a &#8220;Resistencia de bi\u00f3tipos de Steinchisma laxum a Glifosato&#8221;.<br\/><\/p><div class=\"kt-blocks-info-box-learnmore-wrap\"><a class=\"kt-blocks-info-box-learnmore info-box-link\" target=\"_blank\" rel=\"noopener noreferrer\" href=\"http:\/\/lattes.cnpq.br\/2654969934994344\">Curr\u00edculo Lattes<\/a><\/div><\/div><\/div><\/div>\n\n\n<style>.wp-block-kadence-spacer.kt-block-spacer-_4d8aea-cd .kt-block-spacer{height:20px;}.wp-block-kadence-spacer.kt-block-spacer-_4d8aea-cd .kt-divider{border-top-width:1px;height:1px;border-top-color:#eee;width:80%;border-top-style:solid;}<\/style>\n<div class=\"wp-block-kadence-spacer aligncenter kt-block-spacer-_4d8aea-cd\"><div class=\"kt-block-spacer kt-block-spacer-halign-center\"><\/div><\/div>\n\n\n<style>.wp-block-kadence-column.kb-section-dir-horizontal > .kt-inside-inner-col > #kt-info-box_c11026-1b .kt-blocks-info-box-link-wrap{max-width:unset;}#kt-info-box_c11026-1b .kt-blocks-info-box-link-wrap{border-color:#e4f0e4;border-radius:20px;border-top-width:5px;border-right-width:5px;border-bottom-width:5px;border-left-width:5px;background:#ffffff;padding-top:24px;padding-right:24px;padding-bottom:24px;padding-left:24px;margin-top:50px;}#kt-info-box_c11026-1b .kt-blocks-info-box-link-wrap:hover{border-color:#46a04a;background:#ffffff;}#kt-info-box_c11026-1b.wp-block-kadence-infobox{max-width:100%;}#kt-info-box_c11026-1b .kadence-info-box-image-inner-intrisic-container{max-width:100px;}#kt-info-box_c11026-1b .kadence-info-box-image-inner-intrisic-container .kadence-info-box-image-intrisic{padding-bottom:100%;width:589px;height:0px;max-width:100%;}#kt-info-box_c11026-1b .kadence-info-box-icon-container .kt-info-svg-icon, #kt-info-box_c11026-1b .kt-info-svg-icon-flip, #kt-info-box_c11026-1b .kt-blocks-info-box-number{font-size:50px;}#kt-info-box_c11026-1b .kt-blocks-info-box-media{color:#444444;background:#ffffff;border-color:#46a04a;border-radius:200px;overflow:hidden;border-top-width:5px;border-right-width:5px;border-bottom-width:5px;border-left-width:5px;padding-top:0px;padding-right:0px;padding-bottom:0px;padding-left:0px;}#kt-info-box_c11026-1b .kt-blocks-info-box-media-container{margin-top:-75px;margin-right:0px;margin-bottom:20px;margin-left:0px;}#kt-info-box_c11026-1b .kt-blocks-info-box-link-wrap:hover .kt-blocks-info-box-media{color:#444444;background:#ffffff;border-color:#46a04a;}#kt-info-box_c11026-1b .kt-blocks-info-box-link-wrap .kt-blocks-info-box-media{border-width:0px;box-shadow:inset 0 0 0 5px #46a04a;}#kt-info-box_c11026-1b .kt-blocks-info-box-link-wrap .kt-blocks-info-box-media:before, #kt-info-box_c11026-1b .kt-blocks-info-box-link-wrap .kt-blocks-info-box-media:after{border-radius:200px;}#kt-info-box_c11026-1b .kt-blocks-info-box-link-wrap .kt-blocks-info-box-media:before{border-width:5px;}#kt-info-box_c11026-1b .kt-blocks-info-box-link-wrap:hover .kt-blocks-info-box-media:after{border-right-color:#46a04a;border-right-width:5px;border-top-width:5px;border-bottom-width:5px;}#kt-info-box_c11026-1b .kt-blocks-info-box-link-wrap:hover .kt-blocks-info-box-media:before{border-top-color:#46a04a;border-right-color:#46a04a;border-bottom-color:#46a04a;}#kt-info-box_c11026-1b .kt-infobox-textcontent h3.kt-blocks-info-box-title{padding-top:0px;padding-right:0px;padding-bottom:0px;padding-left:0px;margin-top:5px;margin-right:0px;margin-bottom:10px;margin-left:0px;}#kt-info-box_c11026-1b h3.kt-blocks-info-box-title{min-height:0px;}#kt-info-box_c11026-1b .kt-blocks-info-box-learnmore{color:#ffffff;background:#46a04a;border-color:#46a04a;border-radius:39px;line-height:44px;border-width:4px 4px 4px 4px;padding-top:4px;padding-right:8px;padding-bottom:4px;padding-left:8px;margin-top:30px;margin-right:0px;margin-bottom:10px;margin-left:0px;}#kt-info-box_c11026-1b .kt-blocks-info-box-link-wrap:hover .kt-blocks-info-box-learnmore,#kt-info-box_c11026-1b .kt-blocks-info-box-link-wrap .kt-blocks-info-box-learnmore:focus{color:#46a04a;background:#ffffff;border-color:#46a04a;}@media all and (max-width: 767px){#kt-info-box_c11026-1b .kt-blocks-info-box-link-wrap{text-align:left;}}<\/style>\n<div id=\"kt-info-box_c11026-1b\" class=\"wp-block-kadence-infobox\"><div class=\"kt-blocks-info-box-link-wrap kt-blocks-info-box-media-align-top kt-info-halign-left kb-info-box-vertical-media-align-top\"><div class=\"kt-blocks-info-box-media-container\"><div class=\"kt-blocks-info-box-media kt-info-media-animate-drawborder\"><div class=\"kadence-info-box-image-inner-intrisic-container\"><div class=\"kadence-info-box-image-intrisic kt-info-animate-drawborder\"><div class=\"kadence-info-box-image-inner-intrisic\"><img loading=\"lazy\" decoding=\"async\" src=\"https:\/\/wp.ufpel.edu.br\/ceherb\/files\/2021\/11\/servletrecuperafoto-2.jpeg\" alt=\"\" width=\"589\" height=\"589\" class=\"kt-info-box-image wp-image-1658\" srcset=\"https:\/\/wp.ufpel.edu.br\/ceherb\/files\/2021\/11\/servletrecuperafoto-2.jpeg 589w, https:\/\/wp.ufpel.edu.br\/ceherb\/files\/2021\/11\/servletrecuperafoto-2-400x400.jpeg 400w, https:\/\/wp.ufpel.edu.br\/ceherb\/files\/2021\/11\/servletrecuperafoto-2-200x200.jpeg 200w\" sizes=\"auto, (max-width: 589px) 100vw, 589px\" \/><\/div><\/div><\/div><\/div><\/div><div class=\"kt-infobox-textcontent\"><h3 class=\"kt-blocks-info-box-title\">Mateus Vicente Alves<\/h3><p class=\"kt-blocks-info-box-text\">E-mail: <a href=\"mailto:agro.mateusalves@outlook.com\"><u>agro.mateusalves@outlook.com<\/u><\/a><br\/><br\/>Engenheiro Agr\u00f4nomo pela Universidade Federal de Pelotas &#8211; UFPEL, Faculdade de Agronomia Eliseu Maciel &#8211; FAEM. Formado em t\u00e9cnico de Manuten\u00e7\u00e3o Automotiva. Atualmente realizo p\u00f3s-gradua\u00e7\u00e3o no Departamento de Fitossanidade na \u00e1rea de concentra\u00e7\u00e3o de Plantas Daninhas &#8211; UFPEL &#8211; FAEM &#8211; CEHERB (dedica\u00e7\u00e3o exclusiva). Possuo experi\u00eancias de trabalho ligadas a \u00e1rea de f\u00edsica dos solos (FAEM), Cultura de Tecidos (EMBRAPA), Ci\u00eancia e Tecnologia dos Alimentos (FAEM), e Manejo Integrado de Plantas Daninhas (AGROCON).<\/p><div class=\"kt-blocks-info-box-learnmore-wrap\"><a class=\"kt-blocks-info-box-learnmore info-box-link\" target=\"_blank\" rel=\"noopener noreferrer\" href=\"http:\/\/lattes.cnpq.br\/5141945993536383\">Curr\u00edculo Lattes<\/a><\/div><\/div><\/div><\/div>\n","protected":false},"excerpt":{"rendered":"","protected":false},"author":994,"featured_media":0,"parent":0,"menu_order":0,"comment_status":"closed","ping_status":"closed","template":"templates\/template-full-notitle.php","meta":{"footnotes":""},"class_list":["post-1725","page","type-page","status-publish","hentry","post"],"jetpack_sharing_enabled":true,"jetpack_likes_enabled":true,"_links":{"self":[{"href":"https:\/\/wp.ufpel.edu.br\/ceherb\/wp-json\/wp\/v2\/pages\/1725","targetHints":{"allow":["GET"]}}],"collection":[{"href":"https:\/\/wp.ufpel.edu.br\/ceherb\/wp-json\/wp\/v2\/pages"}],"about":[{"href":"https:\/\/wp.ufpel.edu.br\/ceherb\/wp-json\/wp\/v2\/types\/page"}],"author":[{"embeddable":true,"href":"https:\/\/wp.ufpel.edu.br\/ceherb\/wp-json\/wp\/v2\/users\/994"}],"replies":[{"embeddable":true,"href":"https:\/\/wp.ufpel.edu.br\/ceherb\/wp-json\/wp\/v2\/comments?post=1725"}],"version-history":[{"count":21,"href":"https:\/\/wp.ufpel.edu.br\/ceherb\/wp-json\/wp\/v2\/pages\/1725\/revisions"}],"predecessor-version":[{"id":1907,"href":"https:\/\/wp.ufpel.edu.br\/ceherb\/wp-json\/wp\/v2\/pages\/1725\/revisions\/1907"}],"wp:attachment":[{"href":"https:\/\/wp.ufpel.edu.br\/ceherb\/wp-json\/wp\/v2\/media?parent=1725"}],"curies":[{"name":"wp","href":"https:\/\/api.w.org\/{rel}","templated":true}]}}