{"id":158,"date":"2020-04-08T01:39:20","date_gmt":"2020-04-08T04:39:20","guid":{"rendered":"https:\/\/wp.ufpel.edu.br\/ceherb\/?page_id=158"},"modified":"2020-05-15T09:13:28","modified_gmt":"2020-05-15T12:13:28","slug":"dro-leandro-vargas","status":"publish","type":"page","link":"https:\/\/wp.ufpel.edu.br\/ceherb\/dro-leandro-vargas\/","title":{"rendered":"Dr. Leandro Vargas"},"content":{"rendered":"<div id=\"pg-4171-0\" class=\"panel-grid panel-no-style\">\n<div id=\"pgc-4171-0-1\" class=\"panel-grid-cell\">\n<div id=\"panel-4171-0-1-1\" class=\"so-panel widget widget_sow-editor panel-last-child\" data-index=\"2\">\n<div class=\"so-widget-sow-editor so-widget-sow-editor-base\">\n<div class=\"siteorigin-widget-tinymce textwidget\">\n<p><strong>Institui\u00e7\u00e3o:<\/strong> <a href=\"https:\/\/www.embrapa.br\/trigo\">EMBRAPA Trigo<img loading=\"lazy\" decoding=\"async\" class=\"size-full wp-image-287 alignright\" src=\"https:\/\/wp.ufpel.edu.br\/ceherb\/files\/2020\/04\/Leandro-Vargas.jpg\" alt=\"\" width=\"269\" height=\"286\" \/><\/a><\/p>\n<p><strong>Bolsista de Produtividade em Pesquisa N\u00edvel 2 (CNPq)<\/strong><\/p>\n<p><strong>E-mail:<\/strong> <a href=\"mailto:leandro.vargas@embrapa.br\">leandro.vargas@embrapa.br<\/a><\/p>\n<p><strong>Educa\u00e7\u00e3o<\/strong><\/p>\n<p>Doutor em Fitotecnia, Universidade Federal de Vi\u00e7osa, 2000.<\/p>\n<p>Mestrado em Fitotecnia, Universidade Federal do Rio Grande do Sul, 1996.<\/p>\n<p>Engenheiro Agr\u00f4nomo, Universidade de Passo Fundo, 1992.<\/p>\n<p><strong>\u00c1rea de Atua\u00e7\u00e3o:<\/strong>\u00a0Tem experi\u00eancia na \u00e1rea de Agronomia\/fitotecnia, com \u00eanfase em Matologia, atuando principalmente nos temas: herbicidas e resist\u00eancia de plantas daninhas.<\/p>\n<\/div>\n<\/div>\n<\/div>\n<\/div>\n<\/div>\n<div id=\"pg-4171-1\" class=\"panel-grid panel-no-style\">\n<div id=\"pgc-4171-1-0\" class=\"panel-grid-cell\">\n<div id=\"panel-4171-1-0-0\" class=\"so-panel widget widget_sow-editor panel-first-child\" data-index=\"3\">\n<div class=\"so-widget-sow-editor so-widget-sow-editor-base\">\n<p class=\"widget-title\"><strong>Linhas de Pesquisa:<\/strong> Manejo e controle de plantas daninhas em culturas anuais e em pomares, resist\u00eancia de plantas daninhas a herbicidas, herbicidas, res\u00edduos e alelopatia.<\/p>\n<p><strong>Orientado do Mestrado:<\/strong> Geovana Facco Barbieri.<\/p>\n<p><strong>Orientado do Doutorado:<\/strong> Marco Fernando Schmitz.<\/p>\n<p><strong>Acesse <a href=\"http:\/\/lattes.cnpq.br\/0824635845404663\">aqui<\/a> o Curr\u00edculo Lattes do Dr\u00ba Leandro Vargas.<\/strong><\/p>\n<\/div>\n<\/div>\n<\/div>\n<\/div>\n","protected":false},"excerpt":{"rendered":"<p>Institui\u00e7\u00e3o: EMBRAPA Trigo Bolsista de Produtividade em Pesquisa N\u00edvel 2 (CNPq) E-mail: leandro.vargas@embrapa.br Educa\u00e7\u00e3o Doutor em Fitotecnia, Universidade Federal de Vi\u00e7osa, 2000. Mestrado em Fitotecnia, Universidade Federal do Rio Grande do Sul, 1996. Engenheiro Agr\u00f4nomo, Universidade de Passo Fundo, 1992. \u00c1rea de Atua\u00e7\u00e3o:\u00a0Tem experi\u00eancia na \u00e1rea de Agronomia\/fitotecnia, com \u00eanfase em Matologia, atuando principalmente nos [&hellip;]<\/p>\n","protected":false},"author":994,"featured_media":0,"parent":0,"menu_order":0,"comment_status":"closed","ping_status":"closed","template":"","meta":{"footnotes":""},"class_list":["post-158","page","type-page","status-publish","hentry","post"],"jetpack_sharing_enabled":true,"jetpack_likes_enabled":true,"_links":{"self":[{"href":"https:\/\/wp.ufpel.edu.br\/ceherb\/wp-json\/wp\/v2\/pages\/158","targetHints":{"allow":["GET"]}}],"collection":[{"href":"https:\/\/wp.ufpel.edu.br\/ceherb\/wp-json\/wp\/v2\/pages"}],"about":[{"href":"https:\/\/wp.ufpel.edu.br\/ceherb\/wp-json\/wp\/v2\/types\/page"}],"author":[{"embeddable":true,"href":"https:\/\/wp.ufpel.edu.br\/ceherb\/wp-json\/wp\/v2\/users\/994"}],"replies":[{"embeddable":true,"href":"https:\/\/wp.ufpel.edu.br\/ceherb\/wp-json\/wp\/v2\/comments?post=158"}],"version-history":[{"count":6,"href":"https:\/\/wp.ufpel.edu.br\/ceherb\/wp-json\/wp\/v2\/pages\/158\/revisions"}],"predecessor-version":[{"id":1013,"href":"https:\/\/wp.ufpel.edu.br\/ceherb\/wp-json\/wp\/v2\/pages\/158\/revisions\/1013"}],"wp:attachment":[{"href":"https:\/\/wp.ufpel.edu.br\/ceherb\/wp-json\/wp\/v2\/media?parent=158"}],"curies":[{"name":"wp","href":"https:\/\/api.w.org\/{rel}","templated":true}]}}