{"id":154,"date":"2020-04-08T01:35:10","date_gmt":"2020-04-08T04:35:10","guid":{"rendered":"https:\/\/wp.ufpel.edu.br\/ceherb\/?page_id=154"},"modified":"2020-05-15T09:13:58","modified_gmt":"2020-05-15T12:13:58","slug":"dra-fabiane-pinto-lamego","status":"publish","type":"page","link":"https:\/\/wp.ufpel.edu.br\/ceherb\/dra-fabiane-pinto-lamego\/","title":{"rendered":"Dra. Fabiane Pinto Lamego"},"content":{"rendered":"<p><img loading=\"lazy\" decoding=\"async\" class=\"size-medium wp-image-156 alignright\" src=\"https:\/\/wp.ufpel.edu.br\/ceherb\/files\/2020\/04\/Profa-Fabi-324x400.jpg\" alt=\"\" width=\"324\" height=\"400\" \/><\/p>\n<p><span style=\"color: #008000\"><strong>Pesquisador da\u00a0<\/strong><a style=\"color: #008000\" href=\"http:\/\/www.embrapa.br\/pecuaria-sul\">EMBRAPA Pecu\u00e1ria Sul<\/a><br \/>\n<\/span><strong>Bolsista de Produtividade em Pesquisa N\u00edvel 2 &#8211; CNPq<\/strong><br \/>\n<strong>E-mail:<\/strong>\u00a0<span lang=\"PT-BR\"><a href=\"mailto:fabiane.lamego@embrapa.br\">fabiane.lamego@embrapa.br<\/a><br \/>\n<\/span><span lang=\"PT-BR\"><strong>Telefone:<\/strong>\u00a0<span lang=\"PT-BR\">(53) 3240-4650<\/span><br \/>\n<\/span><\/p>\n<h2><span style=\"color: #008000\"><strong>Produ\u00e7\u00e3o Cient\u00edfica<\/strong><\/span><\/h2>\n<div id=\"pg-4115-0\" class=\"panel-grid panel-no-style\">\n<div id=\"pgc-4115-0-1\" class=\"panel-grid-cell\">\n<div id=\"panel-4115-0-1-1\" class=\"so-panel widget widget_sow-editor panel-last-child\" data-index=\"2\">\n<div class=\"so-widget-sow-editor so-widget-sow-editor-base\">\n<div class=\"siteorigin-widget-tinymce textwidget\">\n<p><strong><a href=\"http:\/\/lattes.cnpq.br\/1226621982374175\">Curriculum Lattes<\/a><br \/>\n<a href=\"https:\/\/orcid.org\/0000-0002-7316-5610\">ORCID<\/a><br \/>\n<\/strong><\/p>\n<h2><span style=\"color: #008000\"><strong>Forma\u00e7\u00e3o Acad\u00eamica<\/strong><\/span><\/h2>\n<ul>\n<li>Doutorado em Fitotecnia com \u00eanfase Herbologia, Universidade Federal do Rio Grande do Sul, 2008.<\/li>\n<li>Mestrado em Fitotecnia, Universidade Federal do Rio Grande do Sul, 2004.<\/li>\n<li>Engenheira Agr\u00f4noma, Universidade Federal de Pelotas, 2002.<\/li>\n<\/ul>\n<h2><span style=\"color: #008000\"><strong>Linhas de Pesquisa<\/strong><\/span><\/h2>\n<ul>\n<li>Manejo de plantas daninhas em pastagens<\/li>\n<li>Resist\u00eancia de plantas daninhas \u00e0 herbicidas<\/li>\n<\/ul>\n<\/div>\n<\/div>\n<\/div>\n<\/div>\n<\/div>\n<div id=\"pg-4115-1\" class=\"panel-grid panel-no-style\">\n<div id=\"pgc-4115-1-0\" class=\"panel-grid-cell\">\n<div id=\"panel-4115-1-0-0\" class=\"so-panel widget widget_sow-editor panel-first-child\" data-index=\"3\">\n<div class=\"so-widget-sow-editor so-widget-sow-editor-base\">\n<h2><span style=\"color: #008000\">Forma\u00e7\u00e3o de Recursos Humanos<\/span><\/h2>\n<table border=\"0\" width=\"979\" cellspacing=\"0\" cellpadding=\"0\">\n<colgroup>\n<col width=\"221\" \/>\n<col width=\"301\" \/>\n<col width=\"373\" \/>\n<col width=\"84\" \/><\/colgroup>\n<tbody>\n<tr>\n<td class=\"xl67\" style=\"width: 977px\" colspan=\"4\" width=\"979\" height=\"24\">\n<h2><span style=\"color: #008000\">Equipe Atual<\/span><\/h2>\n<\/td>\n<\/tr>\n<tr>\n<td class=\"xl70\" style=\"width: 977px\" colspan=\"4\" height=\"21\"><strong>Alunos PPG Fitossanidade<\/strong><\/td>\n<\/tr>\n<tr>\n<td style=\"width: 221px\" height=\"21\"><strong>Aluno<\/strong><\/td>\n<td style=\"width: 300px\"><strong>N\u00edvel<\/strong><\/td>\n<td style=\"width: 372px\"><strong>Ingresso\u00a0<\/strong><\/td>\n<td style=\"width: 84px\"><strong>Final<\/strong><\/td>\n<\/tr>\n<tr>\n<td style=\"width: 221px\" height=\"21\">Diana Milena Zabala Pardo<\/td>\n<td style=\"width: 300px\">Doutorado<\/td>\n<td style=\"width: 372px\" align=\"right\">2019<\/td>\n<td style=\"width: 84px\" align=\"right\">2023<\/td>\n<\/tr>\n<tr>\n<td style=\"width: 221px\" height=\"21\"><\/td>\n<td style=\"width: 300px\"><\/td>\n<td style=\"width: 372px\"><\/td>\n<td style=\"width: 84px\"><\/td>\n<\/tr>\n<tr>\n<td class=\"xl67\" style=\"width: 977px\" colspan=\"4\" height=\"24\">\n<h2><span style=\"color: #008000\">Egressos<\/span><\/h2>\n<\/td>\n<\/tr>\n<tr>\n<td class=\"xl68\" style=\"width: 977px\" colspan=\"4\" height=\"21\">\n<h3>Mestres Formados<\/h3>\n<\/td>\n<\/tr>\n<tr>\n<td class=\"xl71\" style=\"width: 221px\" height=\"21\"><strong>Nome<\/strong><\/td>\n<td class=\"xl72\" style=\"width: 300px\"><strong>Ano<\/strong><\/td>\n<td class=\"xl72\" style=\"width: 372px\"><strong>Programa<\/strong><\/td>\n<td class=\"xl72\" style=\"width: 84px\"><strong>N\u00edvel<\/strong><\/td>\n<\/tr>\n<tr>\n<td class=\"xl66\" style=\"width: 221px\" height=\"21\">Joice Fernanda Lubke Bonow<\/td>\n<td class=\"xl66\" style=\"width: 300px\" align=\"right\">2016<\/td>\n<td class=\"xl66\" style=\"width: 372px\">Fitossanidade<\/td>\n<td class=\"xl66\" style=\"width: 84px\">Mestrado<\/td>\n<\/tr>\n<tr>\n<td class=\"xl66\" style=\"width: 221px\" height=\"21\">Fernanda Cassiane Caratti<\/td>\n<td class=\"xl66\" style=\"width: 300px\" align=\"right\">2015<\/td>\n<td class=\"xl66\" style=\"width: 372px\">Fitossanidade<\/td>\n<td class=\"xl66\" style=\"width: 84px\">Mestrado<\/td>\n<\/tr>\n<tr>\n<td class=\"xl69\" style=\"width: 221px\" height=\"21\">Marlon Ouriques Bastiani<\/td>\n<td class=\"xl69\" style=\"width: 300px\" align=\"right\">2015<\/td>\n<td class=\"xl69\" style=\"width: 372px\">Fitossanidade<\/td>\n<td class=\"xl69\" style=\"width: 84px\">Mestrado<\/td>\n<\/tr>\n<tr>\n<td class=\"xl73\" style=\"width: 221px\" height=\"21\">Tiago Edu Kaspary<\/td>\n<td class=\"xl74\" style=\"width: 300px\" align=\"right\">2014<\/td>\n<td class=\"xl75\" style=\"width: 372px\">Mestrado em Agronomia &#8211; Agricultura e Ambiente<\/td>\n<td class=\"xl75\" style=\"width: 84px\">Mestrado<\/td>\n<\/tr>\n<tr>\n<td class=\"xl73\" style=\"width: 221px\" height=\"21\">Marcela Reinehr<\/td>\n<td class=\"xl74\" style=\"width: 300px\" align=\"right\">2013<\/td>\n<td class=\"xl75\" style=\"width: 372px\">Mestrado em Agronomia &#8211; Agricultura e Ambiente<\/td>\n<td class=\"xl75\" style=\"width: 84px\">Mestrado<\/td>\n<\/tr>\n<tr>\n<td class=\"xl68\" style=\"width: 977px\" colspan=\"4\" height=\"21\">\n<h3>Doutores Formados<\/h3>\n<\/td>\n<\/tr>\n<tr>\n<td class=\"xl76\" style=\"width: 221px\" height=\"21\"><strong>Nome<\/strong><\/td>\n<td class=\"xl77\" style=\"width: 300px\"><strong>Ano<\/strong><\/td>\n<td class=\"xl77\" style=\"width: 372px\"><strong>Programa<\/strong><\/td>\n<td class=\"xl77\" style=\"width: 84px\"><strong>N\u00edvel<\/strong><\/td>\n<\/tr>\n<tr>\n<td class=\"xl69\" style=\"width: 221px\" height=\"21\">Dalvane Rockenbach<\/td>\n<td class=\"xl69\" style=\"width: 300px\" align=\"right\">2019<\/td>\n<td class=\"xl69\" style=\"width: 372px\">Fitossanidade<\/td>\n<td class=\"xl69\" style=\"width: 84px\">Doutorado<\/td>\n<\/tr>\n<tr>\n<td class=\"xl69\" style=\"width: 221px\" height=\"21\">Fernanda Cassiane Caratti<\/td>\n<td class=\"xl69\" style=\"width: 300px\" align=\"right\">2019<\/td>\n<td class=\"xl69\" style=\"width: 372px\">Fitossanidade<\/td>\n<td class=\"xl69\" style=\"width: 84px\">Doutorado<\/td>\n<\/tr>\n<tr>\n<td class=\"xl69\" style=\"width: 221px\" height=\"21\">Marlon Ouriques Bastiani<\/td>\n<td class=\"xl69\" style=\"width: 300px\" align=\"right\">2019<\/td>\n<td class=\"xl69\" style=\"width: 372px\">Fitossanidade<\/td>\n<td class=\"xl69\" style=\"width: 84px\">Doutorado<\/td>\n<\/tr>\n<\/tbody>\n<\/table>\n<\/div>\n<\/div>\n<\/div>\n<\/div>\n","protected":false},"excerpt":{"rendered":"<p>Pesquisador da\u00a0EMBRAPA Pecu\u00e1ria Sul Bolsista de Produtividade em Pesquisa N\u00edvel 2 &#8211; CNPq E-mail:\u00a0fabiane.lamego@embrapa.br Telefone:\u00a0(53) 3240-4650 Produ\u00e7\u00e3o Cient\u00edfica Curriculum Lattes ORCID Forma\u00e7\u00e3o Acad\u00eamica Doutorado em Fitotecnia com \u00eanfase Herbologia, Universidade Federal do Rio Grande do Sul, 2008. Mestrado em Fitotecnia, Universidade Federal do Rio Grande do Sul, 2004. Engenheira Agr\u00f4noma, Universidade Federal de Pelotas, 2002. [&hellip;]<\/p>\n","protected":false},"author":994,"featured_media":0,"parent":0,"menu_order":0,"comment_status":"closed","ping_status":"closed","template":"","meta":{"footnotes":""},"class_list":["post-154","page","type-page","status-publish","hentry","post"],"jetpack_sharing_enabled":true,"jetpack_likes_enabled":true,"_links":{"self":[{"href":"https:\/\/wp.ufpel.edu.br\/ceherb\/wp-json\/wp\/v2\/pages\/154","targetHints":{"allow":["GET"]}}],"collection":[{"href":"https:\/\/wp.ufpel.edu.br\/ceherb\/wp-json\/wp\/v2\/pages"}],"about":[{"href":"https:\/\/wp.ufpel.edu.br\/ceherb\/wp-json\/wp\/v2\/types\/page"}],"author":[{"embeddable":true,"href":"https:\/\/wp.ufpel.edu.br\/ceherb\/wp-json\/wp\/v2\/users\/994"}],"replies":[{"embeddable":true,"href":"https:\/\/wp.ufpel.edu.br\/ceherb\/wp-json\/wp\/v2\/comments?post=154"}],"version-history":[{"count":11,"href":"https:\/\/wp.ufpel.edu.br\/ceherb\/wp-json\/wp\/v2\/pages\/154\/revisions"}],"predecessor-version":[{"id":1014,"href":"https:\/\/wp.ufpel.edu.br\/ceherb\/wp-json\/wp\/v2\/pages\/154\/revisions\/1014"}],"wp:attachment":[{"href":"https:\/\/wp.ufpel.edu.br\/ceherb\/wp-json\/wp\/v2\/media?parent=154"}],"curies":[{"name":"wp","href":"https:\/\/api.w.org\/{rel}","templated":true}]}}