{"id":150,"date":"2020-04-08T01:31:21","date_gmt":"2020-04-08T04:31:21","guid":{"rendered":"https:\/\/wp.ufpel.edu.br\/ceherb\/?page_id=150"},"modified":"2020-05-22T13:47:56","modified_gmt":"2020-05-22T16:47:56","slug":"dro-andre-andres","status":"publish","type":"page","link":"https:\/\/wp.ufpel.edu.br\/ceherb\/dro-andre-andres\/","title":{"rendered":"Dr. Andr\u00e9 Andres"},"content":{"rendered":"<p><img loading=\"lazy\" decoding=\"async\" class=\"wp-image-152 alignright\" src=\"https:\/\/wp.ufpel.edu.br\/ceherb\/files\/2020\/04\/Prof-Andr\u00e9.png\" alt=\"\" width=\"166\" height=\"221\" \/><\/p>\n<p><strong>Pesquisador da<\/strong>\u00a0<a href=\"https:\/\/www.embrapa.br\/clima-temperado\">EMBRAPA Clima Temperado<\/a><\/p>\n<p><strong>E-mail:<\/strong>\u00a0andre.andres@embrapa.br<\/p>\n<div id=\"pg-4165-0\" class=\"panel-grid panel-no-style\">\n<div id=\"pgc-4165-0-1\" class=\"panel-grid-cell\">\n<div id=\"panel-4165-0-1-1\" class=\"so-panel widget widget_sow-editor panel-last-child\" data-index=\"2\">\n<div class=\"so-widget-sow-editor so-widget-sow-editor-base\">\n<div class=\"siteorigin-widget-tinymce textwidget\">\n<p>&nbsp;<\/p>\n<p><strong>Educa\u00e7\u00e3o<\/strong><\/p>\n<ul>\n<li>Doctor in Agriculture, Forest and Food Sciences, Universit\u00e0 Degli Studi di Torino, 2013.<\/li>\n<li>Mestrado em Fitotecnia, Universidade Federal do Rio Grande do Sul, 1993.<\/li>\n<li>Engenheiro Agr\u00f4nomo, Universidade Federal de Santa Maria, 1989.<\/li>\n<\/ul>\n<p>&nbsp;<\/p>\n<\/div>\n<p><strong>Produ\u00e7\u00e3o Cient\u00edfica:<\/strong><\/p>\n<p><strong>Acesse <a href=\"http:\/\/lattes.cnpq.br\/9703457711761721\">aqui<\/a> o Curr\u00edculo Lattes do Dr\u00ba Andr\u00e9 Andres.<\/strong><\/p>\n<\/div>\n<\/div>\n<p>&nbsp;<\/p>\n<div id=\"panel-4165-0-1-1\" class=\"so-panel widget widget_sow-editor panel-last-child\" data-index=\"2\">\n<div class=\"so-widget-sow-editor so-widget-sow-editor-base\">\n<div class=\"siteorigin-widget-tinymce textwidget\">\n<p><strong>Linhas de Pesquisa<\/strong><\/p>\n<ul>\n<li>Manejo de Plantas Daninhas,<\/li>\n<li>Fisiologia de Plantas Cultivadas<\/li>\n<\/ul>\n<p><strong>Orientados de P\u00f3s-Gradua\u00e7\u00e3o<\/strong><\/p>\n<\/div>\n<\/div>\n<\/div>\n<\/div>\n<\/div>\n<div id=\"pg-4165-1\" class=\"panel-grid panel-no-style\">\n<div id=\"pgc-4165-1-0\" class=\"panel-grid-cell\">\n<div id=\"panel-4165-1-0-0\" class=\"so-panel widget widget_sow-editor panel-first-child\" data-index=\"3\">\n<div class=\"so-widget-sow-editor so-widget-sow-editor-base\"><\/div>\n<table border=\"0\" width=\"348\" cellspacing=\"0\" cellpadding=\"0\">\n<colgroup>\n<col span=\"4\" width=\"87\" \/><\/colgroup>\n<tbody>\n<tr>\n<td class=\"xl65\" width=\"87\" height=\"21\">Aluno<\/td>\n<td class=\"xl66\" width=\"87\">N\u00edvel<\/td>\n<td class=\"xl66\" width=\"87\">Ingresso<\/td>\n<td class=\"xl67\" width=\"87\">Final<\/td>\n<\/tr>\n<tr>\n<td class=\"xl68\" height=\"21\">Matheus Bastos Martins<\/td>\n<td class=\"xl70\">Doutorado<\/td>\n<td class=\"xl69\" align=\"right\">2020<\/td>\n<td class=\"xl69\" align=\"right\">2024<\/td>\n<\/tr>\n<tr>\n<td class=\"xl68\" height=\"21\">Mariane Camponogara Coradini<\/td>\n<td class=\"xl70\">Mestrado<\/td>\n<td class=\"xl69\" align=\"right\">2020<\/td>\n<td class=\"xl69\" align=\"right\">2022<\/td>\n<\/tr>\n<\/tbody>\n<\/table>\n<\/div>\n<\/div>\n<\/div>\n","protected":false},"excerpt":{"rendered":"<p>Pesquisador da\u00a0EMBRAPA Clima Temperado E-mail:\u00a0andre.andres@embrapa.br &nbsp; Educa\u00e7\u00e3o Doctor in Agriculture, Forest and Food Sciences, Universit\u00e0 Degli Studi di Torino, 2013. Mestrado em Fitotecnia, Universidade Federal do Rio Grande do Sul, 1993. Engenheiro Agr\u00f4nomo, Universidade Federal de Santa Maria, 1989. &nbsp; Produ\u00e7\u00e3o Cient\u00edfica: Acesse aqui o Curr\u00edculo Lattes do Dr\u00ba Andr\u00e9 Andres. &nbsp; Linhas de Pesquisa [&hellip;]<\/p>\n","protected":false},"author":994,"featured_media":0,"parent":0,"menu_order":0,"comment_status":"closed","ping_status":"closed","template":"","meta":{"footnotes":""},"class_list":["post-150","page","type-page","status-publish","hentry","post"],"jetpack_sharing_enabled":true,"jetpack_likes_enabled":true,"_links":{"self":[{"href":"https:\/\/wp.ufpel.edu.br\/ceherb\/wp-json\/wp\/v2\/pages\/150","targetHints":{"allow":["GET"]}}],"collection":[{"href":"https:\/\/wp.ufpel.edu.br\/ceherb\/wp-json\/wp\/v2\/pages"}],"about":[{"href":"https:\/\/wp.ufpel.edu.br\/ceherb\/wp-json\/wp\/v2\/types\/page"}],"author":[{"embeddable":true,"href":"https:\/\/wp.ufpel.edu.br\/ceherb\/wp-json\/wp\/v2\/users\/994"}],"replies":[{"embeddable":true,"href":"https:\/\/wp.ufpel.edu.br\/ceherb\/wp-json\/wp\/v2\/comments?post=150"}],"version-history":[{"count":6,"href":"https:\/\/wp.ufpel.edu.br\/ceherb\/wp-json\/wp\/v2\/pages\/150\/revisions"}],"predecessor-version":[{"id":1132,"href":"https:\/\/wp.ufpel.edu.br\/ceherb\/wp-json\/wp\/v2\/pages\/150\/revisions\/1132"}],"wp:attachment":[{"href":"https:\/\/wp.ufpel.edu.br\/ceherb\/wp-json\/wp\/v2\/media?parent=150"}],"curies":[{"name":"wp","href":"https:\/\/api.w.org\/{rel}","templated":true}]}}