{"id":146,"date":"2020-04-08T01:27:26","date_gmt":"2020-04-08T04:27:26","guid":{"rendered":"https:\/\/wp.ufpel.edu.br\/ceherb\/?page_id=146"},"modified":"2020-04-13T07:33:54","modified_gmt":"2020-04-13T10:33:54","slug":"profo-dro-renan-ricardo-zandona","status":"publish","type":"page","link":"https:\/\/wp.ufpel.edu.br\/ceherb\/profo-dro-renan-ricardo-zandona\/","title":{"rendered":"Prof. Dr. Renan Ricardo Zandon\u00e1"},"content":{"rendered":"<p><img loading=\"lazy\" decoding=\"async\" class=\"size-full wp-image-148 alignright\" src=\"https:\/\/wp.ufpel.edu.br\/ceherb\/files\/2020\/04\/Prof-Renan.jpg\" alt=\"\" width=\"225\" height=\"225\" \/><\/p>\n<p><strong>Institui\u00e7\u00e3o:<\/strong> Universidade Federal de Pelotas<\/p>\n<p><strong>E-mail:<\/strong> renan_zandona@hotmail.com<\/p>\n<p><strong>Educa\u00e7\u00e3o:<\/strong> Doutor em Fitossanidade pela Universidade Federal de Pelotas, 2019.<\/p>\n<p><strong>\u00c1rea de atua\u00e7\u00e3o: <\/strong>ci\u00eancia das plantas daninhas, nutri\u00e7\u00e3o de plantas, manejo de \u00e1gua e solo e fruticultura.<\/p>\n<p><strong>Pesquisa:\u00a0<\/strong>ecofisiologia, competi\u00e7\u00e3o, controle integrado de plantas daninhas na cultura do arroz, soja, milho e trigo, mecanismo de a\u00e7\u00e3o de herbicidas e resist\u00eancia de plantas daninhas a herbicidas.<\/p>\n<p><strong>Acesse <a href=\"http:\/\/lattes.cnpq.br\/4471600571331743\">aqui<\/a> o Curr\u00edculo Lattes do Prof\u00ba Dr\u00ba Renan Ricardo Zandon\u00e1.<\/strong><\/p>\n","protected":false},"excerpt":{"rendered":"<p>Institui\u00e7\u00e3o: Universidade Federal de Pelotas E-mail: renan_zandona@hotmail.com Educa\u00e7\u00e3o: Doutor em Fitossanidade pela Universidade Federal de Pelotas, 2019. \u00c1rea de atua\u00e7\u00e3o: ci\u00eancia das plantas daninhas, nutri\u00e7\u00e3o de plantas, manejo de \u00e1gua e solo e fruticultura. Pesquisa:\u00a0ecofisiologia, competi\u00e7\u00e3o, controle integrado de plantas daninhas na cultura do arroz, soja, milho e trigo, mecanismo de a\u00e7\u00e3o de herbicidas e [&hellip;]<\/p>\n","protected":false},"author":994,"featured_media":0,"parent":0,"menu_order":0,"comment_status":"closed","ping_status":"closed","template":"","meta":{"footnotes":""},"class_list":["post-146","page","type-page","status-publish","hentry","post"],"jetpack_sharing_enabled":true,"jetpack_likes_enabled":true,"_links":{"self":[{"href":"https:\/\/wp.ufpel.edu.br\/ceherb\/wp-json\/wp\/v2\/pages\/146","targetHints":{"allow":["GET"]}}],"collection":[{"href":"https:\/\/wp.ufpel.edu.br\/ceherb\/wp-json\/wp\/v2\/pages"}],"about":[{"href":"https:\/\/wp.ufpel.edu.br\/ceherb\/wp-json\/wp\/v2\/types\/page"}],"author":[{"embeddable":true,"href":"https:\/\/wp.ufpel.edu.br\/ceherb\/wp-json\/wp\/v2\/users\/994"}],"replies":[{"embeddable":true,"href":"https:\/\/wp.ufpel.edu.br\/ceherb\/wp-json\/wp\/v2\/comments?post=146"}],"version-history":[{"count":3,"href":"https:\/\/wp.ufpel.edu.br\/ceherb\/wp-json\/wp\/v2\/pages\/146\/revisions"}],"predecessor-version":[{"id":470,"href":"https:\/\/wp.ufpel.edu.br\/ceherb\/wp-json\/wp\/v2\/pages\/146\/revisions\/470"}],"wp:attachment":[{"href":"https:\/\/wp.ufpel.edu.br\/ceherb\/wp-json\/wp\/v2\/media?parent=146"}],"curies":[{"name":"wp","href":"https:\/\/api.w.org\/{rel}","templated":true}]}}