{"id":142,"date":"2020-04-08T01:08:59","date_gmt":"2020-04-08T04:08:59","guid":{"rendered":"https:\/\/wp.ufpel.edu.br\/ceherb\/?page_id=142"},"modified":"2020-05-01T08:13:41","modified_gmt":"2020-05-01T11:13:41","slug":"profo-dro-dirceu-agostinetto","status":"publish","type":"page","link":"https:\/\/wp.ufpel.edu.br\/ceherb\/profo-dro-dirceu-agostinetto\/","title":{"rendered":"Prof. Dr. Dirceu Agostinetto"},"content":{"rendered":"<p><img loading=\"lazy\" decoding=\"async\" class=\" wp-image-144 alignright\" src=\"https:\/\/wp.ufpel.edu.br\/ceherb\/files\/2020\/04\/Prof-Dirceu.jpg\" alt=\"\" width=\"257\" height=\"257\" \/><\/p>\n<p><strong>Professor Associado<br \/>\n<\/strong><strong>Bolsista de Produtividade em Pesquisa n\u00edvel 1D (CNPq)<br \/>\nDiretor da Faculdade de Agronomia Eliseu Maciel<\/strong><\/p>\n<p><strong>Institui\u00e7\u00e3o:\u00a0<\/strong>Universidade Federal de Pelotas<br \/>\n<strong>E-mail:<\/strong>\u00a0agostinetto.d@gmail.com<\/p>\n<h2><span style=\"color: #008000\">Produ\u00e7\u00e3o Cient\u00edfica<\/span><br \/>\n<strong><a href=\"http:\/\/lattes.cnpq.br\/8307084456849136\">Curriculum Lattes<\/a>\u00a0\u00a0<\/strong><\/h2>\n<p><a href=\"https:\/\/orcid.org\/0000-0001-6069-0355\">Link ORCID<\/a><\/p>\n<div id=\"pg-4168-0\" class=\"panel-grid panel-no-style\">\n<div id=\"pgc-4168-0-1\" class=\"panel-grid-cell\">\n<div id=\"panel-4168-0-1-1\" class=\"so-panel widget widget_sow-editor panel-last-child\" data-index=\"2\">\n<div class=\"so-widget-sow-editor so-widget-sow-editor-base\">\n<div class=\"siteorigin-widget-tinymce textwidget\">\n<h2><span style=\"color: #008000\"><strong>Forma\u00e7\u00e3o Acad\u00eamica<\/strong><\/span><\/h2>\n<ul>\n<li>Doutorado em Fitotecnia, Universidade Federal do Rio Grande do Sul, 2003.<\/li>\n<li>Mestrado em Fitotecnia, Universidade Federal do Rio Grande do Sul, 2000.<\/li>\n<li>Engenheiro Agr\u00f4nomo, Universidade Federal de Pelotas, 1998.<\/li>\n<\/ul>\n<\/div>\n<h2><span style=\"color: #008000\"><strong>Linhas de Pesquisa:<\/strong><\/span><\/h2>\n<ul>\n<li>Ecofisiologia e Manejo de Plantas Daninhas<\/li>\n<li>Resist\u00eancia de Plantas Daninhas em Culturas de Sequeiro<\/li>\n<\/ul>\n<\/div>\n<\/div>\n<\/div>\n<\/div>\n<div id=\"pg-4168-1\" class=\"panel-grid panel-no-style\">\n<div id=\"pgc-4168-1-0\" class=\"panel-grid-cell\">\n<div id=\"panel-4168-1-0-0\" class=\"so-panel widget widget_sow-editor panel-first-child\" data-index=\"3\">\n<div class=\"so-widget-sow-editor so-widget-sow-editor-base\">\n<table style=\"height: 1930px\" border=\"0\" width=\"772\" cellspacing=\"0\" cellpadding=\"0\">\n<colgroup>\n<col width=\"357\" \/>\n<col width=\"187\" \/>\n<col width=\"111\" \/>\n<col width=\"117\" \/><\/colgroup>\n<tbody>\n<tr style=\"height: 75px\">\n<td class=\"xl74\" style=\"height: 75px\" colspan=\"4\" width=\"772\" height=\"24\">\n<h2><span style=\"color: #008000\">Equipe Atual<\/span><\/h2>\n<\/td>\n<\/tr>\n<tr style=\"height: 70px\">\n<td class=\"xl75\" style=\"height: 70px\" colspan=\"4\" height=\"21\">\n<h3>Alunos do Programa de P\u00f3s-Gradua\u00e7\u00e3o em Fitossanidade<\/h3>\n<\/td>\n<\/tr>\n<tr style=\"height: 24px\">\n<td class=\"xl71\" style=\"height: 24px\" height=\"21\"><strong>Aluno<\/strong><\/td>\n<td class=\"xl72\" style=\"height: 24px\"><strong>N\u00edvel<\/strong><\/td>\n<td class=\"xl72\" style=\"height: 24px\"><strong>Ingresso\u00a0<\/strong><\/td>\n<td class=\"xl72\" style=\"height: 24px\"><strong>Final<\/strong><\/td>\n<\/tr>\n<tr style=\"height: 24px\">\n<td class=\"xl85\" style=\"height: 24px\" height=\"21\">Adriana Almeida do Amarante<\/td>\n<td class=\"xl70\" style=\"height: 24px\">Doutorado<\/td>\n<td class=\"xl69\" style=\"height: 24px\" align=\"right\">2020<\/td>\n<td class=\"xl86\" style=\"height: 24px\" align=\"right\">2024<\/td>\n<\/tr>\n<tr style=\"height: 24px\">\n<td class=\"xl85\" style=\"height: 24px\" height=\"21\">Jaqueline Schmitt<\/td>\n<td class=\"xl70\" style=\"height: 24px\">Mestrado<\/td>\n<td class=\"xl69\" style=\"height: 24px\" align=\"right\">2019<\/td>\n<td class=\"xl86\" style=\"height: 24px\" align=\"right\">2021<\/td>\n<\/tr>\n<tr style=\"height: 24px\">\n<td class=\"xl87\" style=\"height: 24px\" height=\"21\">Cassiano Salin Pigatto<\/td>\n<td class=\"xl68\" style=\"height: 24px\">Mestrado<\/td>\n<td class=\"xl69\" style=\"height: 24px\" align=\"right\">2020<\/td>\n<td class=\"xl86\" style=\"height: 24px\" align=\"right\">2024<\/td>\n<\/tr>\n<tr style=\"height: 24px\">\n<td class=\"xl76\" style=\"height: 24px\" height=\"21\"><\/td>\n<td class=\"xl77\" style=\"height: 24px\"><\/td>\n<td class=\"xl66\" style=\"height: 24px\"><\/td>\n<td class=\"xl66\" style=\"height: 24px\"><\/td>\n<\/tr>\n<tr style=\"height: 75px\">\n<td class=\"xl75\" style=\"height: 75px\" colspan=\"4\" height=\"21\">\n<h2>Alunos do Programa de Ci\u00eancia e Tecnologia de Sementes<\/h2>\n<\/td>\n<\/tr>\n<tr style=\"height: 24px\">\n<td class=\"xl73\" style=\"height: 24px\" height=\"21\"><strong>Aluno<\/strong><\/td>\n<td class=\"xl67\" style=\"height: 24px\"><strong>N\u00edvel<\/strong><\/td>\n<td class=\"xl67\" style=\"height: 24px\"><strong>Ingresso\u00a0<\/strong><\/td>\n<td class=\"xl67\" style=\"height: 24px\"><strong>Final<\/strong><\/td>\n<\/tr>\n<tr style=\"height: 24px\">\n<td class=\"xl73\" style=\"height: 24px\" height=\"21\">Josiano Graciliano da Silva<\/td>\n<td class=\"xl67\" style=\"height: 24px\">Doutorado<\/td>\n<td class=\"xl67\" style=\"height: 24px\">2020<\/td>\n<td class=\"xl67\" style=\"height: 24px\">2024<\/td>\n<\/tr>\n<tr style=\"height: 75px\">\n<td class=\"xl75\" style=\"height: 75px\" colspan=\"4\" height=\"21\">\n<h2>Bolsistas de Gradua\u00e7\u00e3o<\/h2>\n<\/td>\n<\/tr>\n<tr style=\"height: 24px\">\n<td class=\"xl73\" style=\"height: 24px\" height=\"21\"><strong>Aluno<\/strong><\/td>\n<td class=\"xl67\" style=\"height: 24px\"><strong>N\u00edvel<\/strong><\/td>\n<td class=\"xl67\" style=\"height: 24px\"><strong>Ingresso\u00a0<\/strong><\/td>\n<td class=\"xl67\" style=\"height: 24px\"><strong>Final<\/strong><\/td>\n<\/tr>\n<tr style=\"height: 24px\">\n<td class=\"xl73\" style=\"height: 24px\" height=\"21\"><\/td>\n<td class=\"xl67\" style=\"height: 24px\"><\/td>\n<td class=\"xl67\" style=\"height: 24px\"><\/td>\n<td class=\"xl67\" style=\"height: 24px\"><\/td>\n<\/tr>\n<tr style=\"height: 24px\">\n<td class=\"xl73\" style=\"height: 24px\" height=\"21\"><\/td>\n<td class=\"xl67\" style=\"height: 24px\"><\/td>\n<td class=\"xl67\" style=\"height: 24px\"><\/td>\n<td class=\"xl67\" style=\"height: 24px\"><\/td>\n<\/tr>\n<tr style=\"height: 24px\">\n<td class=\"xl73\" style=\"height: 24px\" height=\"21\"><\/td>\n<td class=\"xl67\" style=\"height: 24px\"><\/td>\n<td class=\"xl67\" style=\"height: 24px\"><\/td>\n<td class=\"xl67\" style=\"height: 24px\"><\/td>\n<\/tr>\n<tr style=\"height: 75px\">\n<td class=\"xl74\" style=\"height: 75px\" colspan=\"4\" height=\"24\">\n<h2><span style=\"color: #008000\">Egressos<\/span><\/h2>\n<\/td>\n<\/tr>\n<tr style=\"height: 24px\">\n<td class=\"xl75\" style=\"height: 24px\" colspan=\"4\" height=\"21\">\n<h3>P\u00f3s-Doutores Supervisionados<\/h3>\n<\/td>\n<\/tr>\n<tr style=\"height: 24px\">\n<td class=\"xl78\" style=\"height: 24px\" height=\"21\"><strong>Nome<\/strong><\/td>\n<td class=\"xl79\" style=\"height: 24px\"><strong>Ano<\/strong><\/td>\n<td class=\"xl78\" style=\"height: 24px\"><strong>Programa<\/strong><\/td>\n<td class=\"xl78\" style=\"height: 24px\"><strong>N\u00edvel<\/strong><\/td>\n<\/tr>\n<tr style=\"height: 24px\">\n<td class=\"xl80\" style=\"height: 24px\" height=\"21\">Elisa Souza Lemes<\/td>\n<td class=\"xl81\" style=\"height: 24px\">2018<\/td>\n<td class=\"xl80\" style=\"height: 24px\">Fitossanidade<\/td>\n<td class=\"xl80\" style=\"height: 24px\">P\u00f3s-Doutorado<\/td>\n<\/tr>\n<tr style=\"height: 24px\">\n<td class=\"xl80\" style=\"height: 24px\" height=\"21\">Daiane de Pinho Benemann<\/td>\n<td class=\"xl81\" style=\"height: 24px\">2016<\/td>\n<td class=\"xl80\" style=\"height: 24px\">Fitossanidade<\/td>\n<td class=\"xl80\" style=\"height: 24px\">P\u00f3s-Doutorado<\/td>\n<\/tr>\n<tr style=\"height: 24px\">\n<td class=\"xl80\" style=\"height: 24px\" height=\"21\">Roberta Manica Berto<\/td>\n<td class=\"xl81\" style=\"height: 24px\">2010-2013<\/td>\n<td class=\"xl80\" style=\"height: 24px\">Fitossanidade<\/td>\n<td class=\"xl80\" style=\"height: 24px\">P\u00f3s-Doutorado<\/td>\n<\/tr>\n<tr style=\"height: 24px\">\n<td class=\"xl82\" style=\"height: 24px\" colspan=\"4\" height=\"21\">\n<h2>Doutores<\/h2>\n<\/td>\n<\/tr>\n<tr style=\"height: 24px\">\n<td class=\"xl78\" style=\"height: 24px\" height=\"21\"><strong>Nome<\/strong><\/td>\n<td class=\"xl79\" style=\"height: 24px\"><strong>Ano<\/strong><\/td>\n<td class=\"xl78\" style=\"height: 24px\"><strong>Programa<\/strong><\/td>\n<td class=\"xl78\" style=\"height: 24px\"><strong>N\u00edvel<\/strong><\/td>\n<\/tr>\n<tr style=\"height: 24px\">\n<td class=\"xl80\" style=\"height: 24px\" height=\"21\">Queli Ruchel<\/td>\n<td class=\"xl81\" style=\"height: 24px\">2018<\/td>\n<td class=\"xl80\" style=\"height: 24px\">Fitossanidade<\/td>\n<td class=\"xl80\" style=\"height: 24px\">Doutorado<\/td>\n<\/tr>\n<tr style=\"height: 24px\">\n<td class=\"xl80\" style=\"height: 24px\" height=\"21\">Claudia de Oliveira<\/td>\n<td class=\"xl81\" style=\"height: 24px\">2017<\/td>\n<td class=\"xl80\" style=\"height: 24px\">Fitossanidade<\/td>\n<td class=\"xl80\" style=\"height: 24px\">Doutorado<\/td>\n<\/tr>\n<tr style=\"height: 24px\">\n<td class=\"xl80\" style=\"height: 24px\" height=\"21\">Andr\u00e9s Antonio Monge Vargas<\/td>\n<td class=\"xl81\" style=\"height: 24px\">2016<\/td>\n<td class=\"xl80\" style=\"height: 24px\">CT Sementes<\/td>\n<td class=\"xl80\" style=\"height: 24px\">Doutorado<\/td>\n<\/tr>\n<tr style=\"height: 24px\">\n<td class=\"xl80\" style=\"height: 24px\" height=\"21\">Diego Severo Franga<\/td>\n<td class=\"xl81\" style=\"height: 24px\">2016<\/td>\n<td class=\"xl80\" style=\"height: 24px\">Fitossanidade<\/td>\n<td class=\"xl80\" style=\"height: 24px\">Doutorado<\/td>\n<\/tr>\n<tr style=\"height: 24px\">\n<td class=\"xl80\" style=\"height: 24px\" height=\"21\">Lais Tessari Perboni<\/td>\n<td class=\"xl81\" style=\"height: 24px\">2016<\/td>\n<td class=\"xl80\" style=\"height: 24px\">Fitossanidade<\/td>\n<td class=\"xl80\" style=\"height: 24px\">Doutorado<\/td>\n<\/tr>\n<tr style=\"height: 24px\">\n<td class=\"xl80\" style=\"height: 24px\" height=\"21\">Renan Ricardo Zandon\u00e1<\/td>\n<td class=\"xl81\" style=\"height: 24px\">2016<\/td>\n<td class=\"xl80\" style=\"height: 24px\">Fitossanidade<\/td>\n<td class=\"xl80\" style=\"height: 24px\">Doutorado<\/td>\n<\/tr>\n<tr style=\"height: 24px\">\n<td class=\"xl80\" style=\"height: 24px\" height=\"21\">Lizandro Ciciliano Tavares<\/td>\n<td class=\"xl81\" style=\"height: 24px\">2015<\/td>\n<td class=\"xl80\" style=\"height: 24px\">CT Sementes<\/td>\n<td class=\"xl80\" style=\"height: 24px\">Doutorado<\/td>\n<\/tr>\n<tr style=\"height: 24px\">\n<td class=\"xl80\" style=\"height: 24px\" height=\"21\">Camila Peligrinotti Tarouco<\/td>\n<td class=\"xl81\" style=\"height: 24px\">2014<\/td>\n<td class=\"xl80\" style=\"height: 24px\">Fitossanidade<\/td>\n<td class=\"xl80\" style=\"height: 24px\">Doutorado<\/td>\n<\/tr>\n<tr style=\"height: 24px\">\n<td class=\"xl80\" style=\"height: 24px\" height=\"21\">Marcos Andr\u00e9 Nohatto<\/td>\n<td class=\"xl81\" style=\"height: 24px\">2014<\/td>\n<td class=\"xl80\" style=\"height: 24px\">Fitossanidade<\/td>\n<td class=\"xl80\" style=\"height: 24px\">Doutorado<\/td>\n<\/tr>\n<tr style=\"height: 24px\">\n<td class=\"xl80\" style=\"height: 24px\" height=\"21\">Andr\u00e9 da Rosa Ulguim<\/td>\n<td class=\"xl81\" style=\"height: 24px\">2012<\/td>\n<td class=\"xl80\" style=\"height: 24px\">Fitossanidade<\/td>\n<td class=\"xl80\" style=\"height: 24px\">Doutorado<\/td>\n<\/tr>\n<tr style=\"height: 24px\">\n<td class=\"xl80\" style=\"height: 24px\" height=\"21\">Diecson Ruy Orsolin da Silva<\/td>\n<td class=\"xl81\" style=\"height: 24px\">2012<\/td>\n<td class=\"xl80\" style=\"height: 24px\">Fitossanidade<\/td>\n<td class=\"xl80\" style=\"height: 24px\">Doutorado<\/td>\n<\/tr>\n<tr style=\"height: 24px\">\n<td class=\"xl80\" style=\"height: 24px\" height=\"21\">Lisiane Camponogara Fontana<\/td>\n<td class=\"xl81\" style=\"height: 24px\">2011<\/td>\n<td class=\"xl80\" style=\"height: 24px\">Fitossanidade<\/td>\n<td class=\"xl80\" style=\"height: 24px\">Doutorado<\/td>\n<\/tr>\n<tr style=\"height: 24px\">\n<td class=\"xl80\" style=\"height: 24px\" height=\"21\">Ta\u00edsa Dal Magro<\/td>\n<td class=\"xl81\" style=\"height: 24px\">2009<\/td>\n<td class=\"xl80\" style=\"height: 24px\">Fitossanidade<\/td>\n<td class=\"xl80\" style=\"height: 24px\">Doutorado<\/td>\n<\/tr>\n<tr style=\"height: 24px\">\n<td class=\"xl80\" style=\"height: 24px\" height=\"21\">Pedro Val\u00e9rio Dutra de Moraes<\/td>\n<td class=\"xl81\" style=\"height: 24px\">2008<\/td>\n<td class=\"xl80\" style=\"height: 24px\">Fitossanidade<\/td>\n<td class=\"xl80\" style=\"height: 24px\">Doutorado<\/td>\n<\/tr>\n<tr style=\"height: 24px\">\n<td class=\"xl75\" style=\"height: 24px\" colspan=\"4\" height=\"21\">\n<h3>Mestres<\/h3>\n<\/td>\n<\/tr>\n<tr style=\"height: 24px\">\n<td class=\"xl78\" style=\"height: 24px\" height=\"21\"><strong>Nome<\/strong><\/td>\n<td class=\"xl79\" style=\"height: 24px\"><strong>Ano<\/strong><\/td>\n<td class=\"xl78\" style=\"height: 24px\"><strong>Programa<\/strong><\/td>\n<td class=\"xl78\" style=\"height: 24px\"><strong>N\u00edvel<\/strong><\/td>\n<\/tr>\n<tr style=\"height: 24px\">\n<td class=\"xl80\" style=\"height: 24px\" height=\"21\">Adriana Almeida do Amarante<\/td>\n<td class=\"xl81\" style=\"height: 24px\">2018<\/td>\n<td class=\"xl80\" style=\"height: 24px\">Fitossanidade<\/td>\n<td class=\"xl80\" style=\"height: 24px\">Mestrado<\/td>\n<\/tr>\n<tr style=\"height: 24px\">\n<td class=\"xl80\" style=\"height: 24px\" height=\"21\">Daniela Tessaro<\/td>\n<td class=\"xl81\" style=\"height: 24px\">2018<\/td>\n<td class=\"xl80\" style=\"height: 24px\">Fitossanidade<\/td>\n<td class=\"xl80\" style=\"height: 24px\">Mestrado<\/td>\n<\/tr>\n<tr style=\"height: 24px\">\n<td class=\"xl80\" style=\"height: 24px\" height=\"21\">J\u00e9ssica Rodrigues Garcia<\/td>\n<td class=\"xl81\" style=\"height: 24px\">2018<\/td>\n<td class=\"xl80\" style=\"height: 24px\">Fitossanidade<\/td>\n<td class=\"xl80\" style=\"height: 24px\">Mestrado<\/td>\n<\/tr>\n<tr style=\"height: 24px\">\n<td class=\"xl80\" style=\"height: 24px\" height=\"21\">Alcimar Mazon<\/td>\n<td class=\"xl81\" style=\"height: 24px\">2017<\/td>\n<td class=\"xl80\" style=\"height: 24px\">CT Sementes<\/td>\n<td class=\"xl80\" style=\"height: 24px\">Mestrado<\/td>\n<\/tr>\n<tr style=\"height: 24px\">\n<td class=\"xl80\" style=\"height: 24px\" height=\"21\">Edna Almeida de Souza<\/td>\n<td class=\"xl81\" style=\"height: 24px\">2017<\/td>\n<td class=\"xl80\" style=\"height: 24px\">Fitossanidade<\/td>\n<td class=\"xl80\" style=\"height: 24px\">Mestrado<\/td>\n<\/tr>\n<tr style=\"height: 24px\">\n<td class=\"xl80\" style=\"height: 24px\" height=\"21\">Juliano Gazola<\/td>\n<td class=\"xl81\" style=\"height: 24px\">2017<\/td>\n<td class=\"xl80\" style=\"height: 24px\">Fitossanidade<\/td>\n<td class=\"xl80\" style=\"height: 24px\">Mestrado<\/td>\n<\/tr>\n<tr style=\"height: 24px\">\n<td class=\"xl80\" style=\"height: 24px\" height=\"21\">Bruno Moncks da Silva<\/td>\n<td class=\"xl81\" style=\"height: 24px\">2016<\/td>\n<td class=\"xl80\" style=\"height: 24px\">CT Sementes<\/td>\n<td class=\"xl80\" style=\"height: 24px\">Mestrado<\/td>\n<\/tr>\n<tr style=\"height: 24px\">\n<td class=\"xl80\" style=\"height: 24px\" height=\"21\">Renan Ricardo Zandon\u00e1<\/td>\n<td class=\"xl81\" style=\"height: 24px\">2016<\/td>\n<td class=\"xl80\" style=\"height: 24px\">Fitossanidade<\/td>\n<td class=\"xl80\" style=\"height: 24px\">Mestrado<\/td>\n<\/tr>\n<tr style=\"height: 24px\">\n<td class=\"xl80\" style=\"height: 24px\" height=\"21\">Ana Claudia Langaro<\/td>\n<td class=\"xl81\" style=\"height: 24px\">2015<\/td>\n<td class=\"xl80\" style=\"height: 24px\">Fitossanidade<\/td>\n<td class=\"xl80\" style=\"height: 24px\">Mestrado<\/td>\n<\/tr>\n<tr style=\"height: 24px\">\n<td class=\"xl80\" style=\"height: 24px\" height=\"21\">Andr\u00e9s Antonio Monge Vargas<\/td>\n<td class=\"xl81\" style=\"height: 24px\">2015<\/td>\n<td class=\"xl80\" style=\"height: 24px\">CT Sementes<\/td>\n<td class=\"xl80\" style=\"height: 24px\">Mestrado<\/td>\n<\/tr>\n<tr style=\"height: 24px\">\n<td class=\"xl80\" style=\"height: 24px\" height=\"21\">Geison Rodrigo Aisenberg<\/td>\n<td class=\"xl81\" style=\"height: 24px\">2015<\/td>\n<td class=\"xl80\" style=\"height: 24px\">CT Sementes<\/td>\n<td class=\"xl80\" style=\"height: 24px\">Mestrado<\/td>\n<\/tr>\n<tr style=\"height: 24px\">\n<td class=\"xl80\" style=\"height: 24px\" height=\"21\">Jader Job Franco<\/td>\n<td class=\"xl81\" style=\"height: 24px\">2014<\/td>\n<td class=\"xl80\" style=\"height: 24px\">Fitossanidade<\/td>\n<td class=\"xl80\" style=\"height: 24px\">Mestrado<\/td>\n<\/tr>\n<tr style=\"height: 24px\">\n<td class=\"xl80\" style=\"height: 24px\" height=\"21\">Lais Tessari Perboni<\/td>\n<td class=\"xl81\" style=\"height: 24px\">2014<\/td>\n<td class=\"xl80\" style=\"height: 24px\">Fitossanidade<\/td>\n<td class=\"xl80\" style=\"height: 24px\">Mestrado<\/td>\n<\/tr>\n<tr style=\"height: 24px\">\n<td class=\"xl80\" style=\"height: 24px\" height=\"21\">Andr\u00e9 O. de Mendon\u00e7a<\/td>\n<td class=\"xl81\" style=\"height: 24px\">2013<\/td>\n<td class=\"xl80\" style=\"height: 24px\">CT Sementes<\/td>\n<td class=\"xl80\" style=\"height: 24px\">Mestrado<\/td>\n<\/tr>\n<tr style=\"height: 24px\">\n<td class=\"xl80\" style=\"height: 24px\" height=\"21\">Claudia de Oliveira<\/td>\n<td class=\"xl81\" style=\"height: 24px\">2013<\/td>\n<td class=\"xl80\" style=\"height: 24px\">Fitossanidade<\/td>\n<td class=\"xl80\" style=\"height: 24px\">Mestrado<\/td>\n<\/tr>\n<tr style=\"height: 24px\">\n<td class=\"xl80\" style=\"height: 24px\" height=\"21\">Rafael Salles Rubin<\/td>\n<td class=\"xl81\" style=\"height: 24px\">2013<\/td>\n<td class=\"xl80\" style=\"height: 24px\">Fitossanidade<\/td>\n<td class=\"xl80\" style=\"height: 24px\">Mestrado<\/td>\n<\/tr>\n<tr style=\"height: 24px\">\n<td class=\"xl80\" style=\"height: 24px\" height=\"21\">Andr\u00e9 Pich Brunes<\/td>\n<td class=\"xl81\" style=\"height: 24px\">2012<\/td>\n<td class=\"xl80\" style=\"height: 24px\">CT Sementes<\/td>\n<td class=\"xl80\" style=\"height: 24px\">Mestrado<\/td>\n<\/tr>\n<tr style=\"height: 24px\">\n<td class=\"xl80\" style=\"height: 24px\" height=\"21\">Nixon da Rosa Westendorff<\/td>\n<td class=\"xl81\" style=\"height: 24px\">2012<\/td>\n<td class=\"xl80\" style=\"height: 24px\">Fitossanidade<\/td>\n<td class=\"xl80\" style=\"height: 24px\">Mestrado<\/td>\n<\/tr>\n<tr style=\"height: 24px\">\n<td class=\"xl80\" style=\"height: 24px\" height=\"21\">M\u00e1rcia Janice Costa<\/td>\n<td class=\"xl81\" style=\"height: 24px\">2009<\/td>\n<td class=\"xl80\" style=\"height: 24px\">Fitossanidade<\/td>\n<td class=\"xl80\" style=\"height: 24px\">Mestrado<\/td>\n<\/tr>\n<tr style=\"height: 24px\">\n<td class=\"xl80\" style=\"height: 24px\" height=\"21\">Camila Peligrinotti Tarouco<\/td>\n<td class=\"xl81\" style=\"height: 24px\">2008<\/td>\n<td class=\"xl80\" style=\"height: 24px\">Fitossanidade<\/td>\n<td class=\"xl80\" style=\"height: 24px\">Mestrado<\/td>\n<\/tr>\n<tr style=\"height: 24px\">\n<td class=\"xl80\" style=\"height: 24px\" height=\"21\">Lu\u00eds Eduardo Panozzo<\/td>\n<td class=\"xl81\" style=\"height: 24px\">2008<\/td>\n<td class=\"xl80\" style=\"height: 24px\">Fitossanidade<\/td>\n<td class=\"xl80\" style=\"height: 24px\">Mestrado<\/td>\n<\/tr>\n<tr style=\"height: 24px\">\n<td class=\"xl80\" style=\"height: 24px\" height=\"21\">Leandro Galon<\/td>\n<td class=\"xl81\" style=\"height: 24px\">2007<\/td>\n<td class=\"xl80\" style=\"height: 24px\">Fitossanidade<\/td>\n<td class=\"xl80\" style=\"height: 24px\">Mestrado<\/td>\n<\/tr>\n<tr style=\"height: 24px\">\n<td class=\"xl80\" style=\"height: 24px\" height=\"21\">Lisiane Camponogara Fontana<\/td>\n<td class=\"xl81\" style=\"height: 24px\">2007<\/td>\n<td class=\"xl80\" style=\"height: 24px\">Fitossanidade<\/td>\n<td class=\"xl80\" style=\"height: 24px\">Mestrado<\/td>\n<\/tr>\n<tr style=\"height: 24px\">\n<td class=\"xl80\" style=\"height: 24px\" height=\"21\">Rubia Piesanti Rigoli<\/td>\n<td class=\"xl81\" style=\"height: 24px\">2007<\/td>\n<td class=\"xl80\" style=\"height: 24px\">Fitossanidade<\/td>\n<td class=\"xl80\" style=\"height: 24px\">Mestrado<\/td>\n<\/tr>\n<tr style=\"height: 24px\">\n<td class=\"xl80\" style=\"height: 24px\" height=\"21\">Ta\u00edsa Dal Magro<\/td>\n<td class=\"xl81\" style=\"height: 24px\">2006<\/td>\n<td class=\"xl80\" style=\"height: 24px\">Agronomia<\/td>\n<td class=\"xl80\" style=\"height: 24px\">Mestrado<\/td>\n<\/tr>\n<\/tbody>\n<\/table>\n<\/div>\n<\/div>\n<\/div>\n<\/div>\n","protected":false},"excerpt":{"rendered":"<p>Professor Associado Bolsista de Produtividade em Pesquisa n\u00edvel 1D (CNPq) Diretor da Faculdade de Agronomia Eliseu Maciel Institui\u00e7\u00e3o:\u00a0Universidade Federal de Pelotas E-mail:\u00a0agostinetto.d@gmail.com Produ\u00e7\u00e3o Cient\u00edfica Curriculum Lattes\u00a0\u00a0 Link ORCID Forma\u00e7\u00e3o Acad\u00eamica Doutorado em Fitotecnia, Universidade Federal do Rio Grande do Sul, 2003. Mestrado em Fitotecnia, Universidade Federal do Rio Grande do Sul, 2000. Engenheiro Agr\u00f4nomo, Universidade [&hellip;]<\/p>\n","protected":false},"author":994,"featured_media":0,"parent":0,"menu_order":0,"comment_status":"closed","ping_status":"closed","template":"","meta":{"footnotes":""},"class_list":["post-142","page","type-page","status-publish","hentry","post"],"jetpack_sharing_enabled":true,"jetpack_likes_enabled":true,"_links":{"self":[{"href":"https:\/\/wp.ufpel.edu.br\/ceherb\/wp-json\/wp\/v2\/pages\/142","targetHints":{"allow":["GET"]}}],"collection":[{"href":"https:\/\/wp.ufpel.edu.br\/ceherb\/wp-json\/wp\/v2\/pages"}],"about":[{"href":"https:\/\/wp.ufpel.edu.br\/ceherb\/wp-json\/wp\/v2\/types\/page"}],"author":[{"embeddable":true,"href":"https:\/\/wp.ufpel.edu.br\/ceherb\/wp-json\/wp\/v2\/users\/994"}],"replies":[{"embeddable":true,"href":"https:\/\/wp.ufpel.edu.br\/ceherb\/wp-json\/wp\/v2\/comments?post=142"}],"version-history":[{"count":14,"href":"https:\/\/wp.ufpel.edu.br\/ceherb\/wp-json\/wp\/v2\/pages\/142\/revisions"}],"predecessor-version":[{"id":806,"href":"https:\/\/wp.ufpel.edu.br\/ceherb\/wp-json\/wp\/v2\/pages\/142\/revisions\/806"}],"wp:attachment":[{"href":"https:\/\/wp.ufpel.edu.br\/ceherb\/wp-json\/wp\/v2\/media?parent=142"}],"curies":[{"name":"wp","href":"https:\/\/api.w.org\/{rel}","templated":true}]}}