{"id":110,"date":"2020-04-08T00:02:12","date_gmt":"2020-04-08T03:02:12","guid":{"rendered":"https:\/\/wp.ufpel.edu.br\/ceherb\/?page_id=110"},"modified":"2020-05-12T16:57:00","modified_gmt":"2020-05-12T19:57:00","slug":"eventos","status":"publish","type":"page","link":"https:\/\/wp.ufpel.edu.br\/ceherb\/eventos\/","title":{"rendered":"Eventos Futuros"},"content":{"rendered":"<p>Est\u00e3o previstos os seguintes eventos com participa\u00e7\u00e3o de docentes do ceherb:<\/p>\n<p><a href=\"https:\/\/www.iwsc2020.com\" target=\"_blank\" rel=\"noopener noreferrer\"><strong>8th International Weed Science Congress<\/strong><\/a><\/p>\n<ul>\n<li><strong>Local:<\/strong> Bangkok, Thailand<\/li>\n<li><strong>Data:<\/strong> 07 a 12 de dezembro de 2020<\/li>\n<li><strong>Contribui\u00e7\u00e3o do CEHERB:<\/strong>\n<ul>\n<li>Prof\u00ba Dr\u00ba Luis Antonio de Avila (presidente do comit\u00ea cient\u00edfico);<\/li>\n<li>Prof\u00ba Dr\u00ba Edinalvo Rabaioli Camargo (Organizador de t\u00f3pico principal)<\/li>\n<\/ul>\n<\/li>\n<\/ul>\n<p><strong>\u00a05th International Weed Science Seminar<\/strong><\/p>\n<ul>\n<li><strong>Local:<\/strong> Botucatu, SP<\/li>\n<li><strong>Data:<\/strong> 2021 (a confirmar)<\/li>\n<\/ul>\n","protected":false},"excerpt":{"rendered":"<p>Est\u00e3o previstos os seguintes eventos com participa\u00e7\u00e3o de docentes do ceherb: 8th International Weed Science Congress Local: Bangkok, Thailand Data: 07 a 12 de dezembro de 2020 Contribui\u00e7\u00e3o do CEHERB: Prof\u00ba Dr\u00ba Luis Antonio de Avila (presidente do comit\u00ea cient\u00edfico); Prof\u00ba Dr\u00ba Edinalvo Rabaioli Camargo (Organizador de t\u00f3pico principal) \u00a05th International Weed Science Seminar Local: [&hellip;]<\/p>\n","protected":false},"author":994,"featured_media":0,"parent":0,"menu_order":0,"comment_status":"closed","ping_status":"closed","template":"","meta":{"footnotes":""},"class_list":["post-110","page","type-page","status-publish","hentry","post"],"jetpack_sharing_enabled":true,"jetpack_likes_enabled":true,"_links":{"self":[{"href":"https:\/\/wp.ufpel.edu.br\/ceherb\/wp-json\/wp\/v2\/pages\/110","targetHints":{"allow":["GET"]}}],"collection":[{"href":"https:\/\/wp.ufpel.edu.br\/ceherb\/wp-json\/wp\/v2\/pages"}],"about":[{"href":"https:\/\/wp.ufpel.edu.br\/ceherb\/wp-json\/wp\/v2\/types\/page"}],"author":[{"embeddable":true,"href":"https:\/\/wp.ufpel.edu.br\/ceherb\/wp-json\/wp\/v2\/users\/994"}],"replies":[{"embeddable":true,"href":"https:\/\/wp.ufpel.edu.br\/ceherb\/wp-json\/wp\/v2\/comments?post=110"}],"version-history":[{"count":6,"href":"https:\/\/wp.ufpel.edu.br\/ceherb\/wp-json\/wp\/v2\/pages\/110\/revisions"}],"predecessor-version":[{"id":979,"href":"https:\/\/wp.ufpel.edu.br\/ceherb\/wp-json\/wp\/v2\/pages\/110\/revisions\/979"}],"wp:attachment":[{"href":"https:\/\/wp.ufpel.edu.br\/ceherb\/wp-json\/wp\/v2\/media?parent=110"}],"curies":[{"name":"wp","href":"https:\/\/api.w.org\/{rel}","templated":true}]}}