{"id":956,"date":"2025-10-01T18:00:55","date_gmt":"2025-10-01T21:00:55","guid":{"rendered":"https:\/\/wp.ufpel.edu.br\/ceg\/?page_id=956"},"modified":"2025-10-01T19:36:48","modified_gmt":"2025-10-01T22:36:48","slug":"programacao","status":"publish","type":"page","link":"https:\/\/wp.ufpel.edu.br\/ceg\/programacao\/","title":{"rendered":"Programa\u00e7\u00e3o"},"content":{"rendered":"<p style=\"text-align: justify;\">Acesse aqui a\u00a0<span style=\"color: #0000ff;\"><a style=\"color: #0000ff;\" href=\"https:\/\/docs.google.com\/spreadsheets\/d\/e\/2PACX-1vQJkhPPexrd5YTe33hZEGndTzyRUdej6qBPLfAumHz4QquNUxcw0VGFFSTm56cg4ncNLJSxdlqUJXeL\/pubhtml?gid=0&amp;single=true\"><strong>PROGRAMA\u00c7\u00c3O DE APRESENTA\u00c7\u00d5ES DO XI CEG<\/strong><\/a><\/span>!<\/p>\n<p style=\"text-align: justify;\"><strong>Aten\u00e7\u00e3o<\/strong>: o cronograma de apresenta\u00e7\u00f5es ainda poder\u00e1 sofrer altera\u00e7\u00f5es, por isso recomendamos que verifique novamente o dia e hor\u00e1rio de sua apresenta\u00e7\u00e3o em data mais pr\u00f3xima ao evento.<\/p>\n<p style=\"text-align: justify;\">As apresenta\u00e7\u00f5es do CEG ocorrer\u00e3o todas no<strong> Bloco A, do <\/strong><span style=\"color: #0000ff;\"><b><a style=\"color: #0000ff;\" title=\"Localize no mapa\" href=\"http:\/\/goo.gl\/Boi7lb\">CAMPUS PORTO \/ ANGLO<\/a><\/b><\/span>\u00a0(Rua Gomes Carneiro, n\u00ba 1 \u2013 Centro \u2013 CEP\u00a096010-610).<\/p>\n<p style=\"text-align: justify;\">\u00c9\u00a0 recomendado que a apresenta\u00e7\u00e3o esteja gravada em pendrive, em formato PDF, conforme indicado no Regulamento.<\/p>\n<p style=\"text-align: justify;\">D\u00favidas? Entre em contato conosco atrav\u00e9s do e-mail:\u00a0<strong>ceg.ufpel@gmail.com<\/strong><\/p>\n","protected":false},"excerpt":{"rendered":"<p>Acesse aqui a\u00a0PROGRAMA\u00c7\u00c3O DE APRESENTA\u00c7\u00d5ES DO XI CEG! Aten\u00e7\u00e3o: o cronograma de apresenta\u00e7\u00f5es ainda poder\u00e1 sofrer altera\u00e7\u00f5es, por isso recomendamos que verifique novamente o dia e hor\u00e1rio de sua apresenta\u00e7\u00e3o em data mais pr\u00f3xima ao evento. As apresenta\u00e7\u00f5es do CEG ocorrer\u00e3o todas no Bloco A, do CAMPUS PORTO \/ ANGLO\u00a0(Rua Gomes Carneiro, n\u00ba 1 \u2013 &hellip; <a href=\"https:\/\/wp.ufpel.edu.br\/ceg\/programacao\/\" class=\"more-link\">Continue lendo <span class=\"screen-reader-text\">Programa\u00e7\u00e3o<\/span> <span class=\"meta-nav\">&rarr;<\/span><\/a><\/p>\n","protected":false},"author":20,"featured_media":0,"parent":0,"menu_order":0,"comment_status":"closed","ping_status":"closed","template":"","meta":{"jetpack_post_was_ever_published":false,"footnotes":"","_links_to":"","_links_to_target":""},"class_list":["post-956","page","type-page","status-publish","hentry"],"jetpack_sharing_enabled":true,"_links":{"self":[{"href":"https:\/\/wp.ufpel.edu.br\/ceg\/wp-json\/wp\/v2\/pages\/956","targetHints":{"allow":["GET"]}}],"collection":[{"href":"https:\/\/wp.ufpel.edu.br\/ceg\/wp-json\/wp\/v2\/pages"}],"about":[{"href":"https:\/\/wp.ufpel.edu.br\/ceg\/wp-json\/wp\/v2\/types\/page"}],"author":[{"embeddable":true,"href":"https:\/\/wp.ufpel.edu.br\/ceg\/wp-json\/wp\/v2\/users\/20"}],"replies":[{"embeddable":true,"href":"https:\/\/wp.ufpel.edu.br\/ceg\/wp-json\/wp\/v2\/comments?post=956"}],"version-history":[{"count":3,"href":"https:\/\/wp.ufpel.edu.br\/ceg\/wp-json\/wp\/v2\/pages\/956\/revisions"}],"predecessor-version":[{"id":1348,"href":"https:\/\/wp.ufpel.edu.br\/ceg\/wp-json\/wp\/v2\/pages\/956\/revisions\/1348"}],"wp:attachment":[{"href":"https:\/\/wp.ufpel.edu.br\/ceg\/wp-json\/wp\/v2\/media?parent=956"}],"curies":[{"name":"wp","href":"https:\/\/api.w.org\/{rel}","templated":true}]}}