{"id":560,"date":"2018-06-11T09:39:15","date_gmt":"2018-06-11T12:39:15","guid":{"rendered":"https:\/\/wp.ufpel.edu.br\/ceg\/?page_id=560"},"modified":"2018-06-11T09:40:40","modified_gmt":"2018-06-11T12:40:40","slug":"iii-ceg-2017","status":"publish","type":"page","link":"https:\/\/wp.ufpel.edu.br\/ceg\/edicoes-anteriores\/iii-ceg-2017\/","title":{"rendered":"III CEG (2017)"},"content":{"rendered":"<p style=\"text-align: center;\"><img loading=\"lazy\" decoding=\"async\" class=\"alignnone size-large wp-image-394\" src=\"https:\/\/wp.ufpel.edu.br\/ceg\/files\/2017\/08\/CEG-984x220.png\" alt=\"\" width=\"604\" height=\"135\" \/>De 20 a 24\/11\/2017 no Campus Anglo e no Campus II<\/p>\n<ul>\n<li><a href=\"https:\/\/wp.ufpel.edu.br\/ceg\/anais\/anais-2017\/\">Anais 2017<\/a><\/li>\n<li><a href=\"http:\/\/wp.ufpel.edu.br\/ceg\/files\/2017\/09\/Regulamento-III-SIIEPE-2017-final.pdf\">Regulamento 3\u00aa Semana Integrada<\/a><\/li>\n<li><a href=\"https:\/\/wp.ufpel.edu.br\/ceg\/category\/noticias\/2017\/\">Not\u00edcias<\/a><\/li>\n<\/ul>\n<hr \/>\n<h3>Programa\u00e7\u00e3o<\/h3>\n<p><a href=\"https:\/\/wp.ufpel.edu.br\/ceg\/2017\/11\/10\/divulgado-o-cronograma-de-apresentacoes-do-congresso-de-ensino-de-graduacao-ceg-2017\/\">Cronograma de Apresenta\u00e7\u00f5es III CEG<\/a><\/p>\n<p><a href=\"https:\/\/wp.ufpel.edu.br\/ceg\/files\/2015\/04\/OFICINAS-2.pdf\">Cronograma Oficinas CEG<\/a><\/p>\n<hr \/>\n<h3>Comit\u00ea Executivo III CEG<\/h3>\n<ul>\n<li>Carine Dahl Corcini (presidente)<\/li>\n<li>Aline Nunes da Cunha de Mederiros<\/li>\n<li>Christian Ferreira Mackedanz<\/li>\n<li>Cinthia Pinto Rodrigues Pereira<\/li>\n<li>Cl\u00e1udia Fernanda Lemons e Silva<\/li>\n<li>Cristiano da Silva Wives<\/li>\n<li>Daniela da Silva Pieper<\/li>\n<li>Dionlei Alves Decker<\/li>\n<li>Eduardo Ferreira das Neves Filho<\/li>\n<li>Eleonora Campos da Motta Santos<\/li>\n<li>Eliane de Souza Sabatini<\/li>\n<li>Emileni Tessmer<\/li>\n<li>Fabiane Borelli Grecco<\/li>\n<li>Fernando da Silva Camargo<\/li>\n<li>Isac Vergara Jansen<\/li>\n<li>Jeronimo Medina Madruga<\/li>\n<li>Larissa Patron Chaves Spieker<\/li>\n<li>Leticia Demari Antunes<\/li>\n<li>Lincon Marques Barroco<\/li>\n<li>Maira Ferreira<\/li>\n<li>Marcia Rosales Ribeiro Simch<\/li>\n<li>Maria Luiza Menna de Oliveira<\/li>\n<li>Rodrigo Padilha Silveira<\/li>\n<li>Tania Marisa Rocha Bachilli<\/li>\n<\/ul>\n<p>&nbsp;<\/p>\n<p>&nbsp;<\/p>\n","protected":false},"excerpt":{"rendered":"<p>De 20 a 24\/11\/2017 no Campus Anglo e no Campus II Anais 2017 Regulamento 3\u00aa Semana Integrada Not\u00edcias Programa\u00e7\u00e3o Cronograma de Apresenta\u00e7\u00f5es III CEG Cronograma Oficinas CEG Comit\u00ea Executivo III CEG Carine Dahl Corcini (presidente) Aline Nunes da Cunha de Mederiros Christian Ferreira Mackedanz Cinthia Pinto Rodrigues Pereira Cl\u00e1udia Fernanda Lemons e Silva Cristiano da &hellip; <a href=\"https:\/\/wp.ufpel.edu.br\/ceg\/edicoes-anteriores\/iii-ceg-2017\/\" class=\"more-link\">Continue lendo <span class=\"screen-reader-text\">III CEG (2017)<\/span> <span class=\"meta-nav\">&rarr;<\/span><\/a><\/p>\n","protected":false},"author":20,"featured_media":0,"parent":411,"menu_order":0,"comment_status":"closed","ping_status":"closed","template":"","meta":{"jetpack_post_was_ever_published":false,"footnotes":"","_links_to":"","_links_to_target":""},"class_list":["post-560","page","type-page","status-publish","hentry"],"jetpack_sharing_enabled":true,"_links":{"self":[{"href":"https:\/\/wp.ufpel.edu.br\/ceg\/wp-json\/wp\/v2\/pages\/560","targetHints":{"allow":["GET"]}}],"collection":[{"href":"https:\/\/wp.ufpel.edu.br\/ceg\/wp-json\/wp\/v2\/pages"}],"about":[{"href":"https:\/\/wp.ufpel.edu.br\/ceg\/wp-json\/wp\/v2\/types\/page"}],"author":[{"embeddable":true,"href":"https:\/\/wp.ufpel.edu.br\/ceg\/wp-json\/wp\/v2\/users\/20"}],"replies":[{"embeddable":true,"href":"https:\/\/wp.ufpel.edu.br\/ceg\/wp-json\/wp\/v2\/comments?post=560"}],"version-history":[{"count":3,"href":"https:\/\/wp.ufpel.edu.br\/ceg\/wp-json\/wp\/v2\/pages\/560\/revisions"}],"predecessor-version":[{"id":566,"href":"https:\/\/wp.ufpel.edu.br\/ceg\/wp-json\/wp\/v2\/pages\/560\/revisions\/566"}],"up":[{"embeddable":true,"href":"https:\/\/wp.ufpel.edu.br\/ceg\/wp-json\/wp\/v2\/pages\/411"}],"wp:attachment":[{"href":"https:\/\/wp.ufpel.edu.br\/ceg\/wp-json\/wp\/v2\/media?parent=560"}],"curies":[{"name":"wp","href":"https:\/\/api.w.org\/{rel}","templated":true}]}}